{"id":191,"date":"2026-03-10T08:45:18","date_gmt":"2026-03-10T08:45:18","guid":{"rendered":"https:\/\/taphoaok.click\/?page_id=191"},"modified":"2026-03-17T09:04:16","modified_gmt":"2026-03-17T09:04:16","slug":"chinh-sach-quyen-loi-khi-mua-hang-tai-tap-hoa-ok","status":"publish","type":"page","link":"https:\/\/taphoaok.click\/index.php\/chinh-sach-quyen-loi-khi-mua-hang-tai-tap-hoa-ok\/","title":{"rendered":"Ch\u00ednh S\u00e1ch &amp; Quy\u1ec1n L\u1ee3i Khi Mua H\u00e0ng"},"content":{"rendered":"\t\t<div data-elementor-type=\"wp-page\" data-elementor-id=\"191\" class=\"elementor elementor-191\">\n\t\t\t\t<div class=\"elementor-element elementor-element-715237da e-con-full e-flex e-con e-parent\" data-id=\"715237da\" data-element_type=\"container\" data-e-type=\"container\">\n\t\t\t\t<div class=\"elementor-element elementor-element-44104a0e elementor-widget__width-initial elementor-widget elementor-widget-text-editor\" data-id=\"44104a0e\" data-element_type=\"widget\" data-e-type=\"widget\" data-widget_type=\"text-editor.default\">\n\t\t\t\t\t\t\t\t\t<h1 data-section-id=\"zfd8wo\" data-start=\"122\" data-end=\"183\">\ud83d\uded2 Ch\u00ednh S\u00e1ch V\u00e0 Quy\u1ec1n L\u1ee3i Khi Mua H\u00e0ng T\u1ea1i Website T\u1ea1p H\u00f3a<\/h1>\n<h2 data-section-id=\"1sq39fz\" data-start=\"185\" data-end=\"201\">\ud83d\udccc Gi\u1edbi thi\u1ec7u<\/h2>\n<p data-start=\"202\" data-end=\"434\">Khi mua s\u1eafm online, kh\u00e1ch h\u00e0ng lu\u00f4n quan t\u00e2m \u0111\u1ebfn quy\u1ec1n l\u1ee3i v\u00e0 s\u1ef1 \u0111\u1ea3m b\u1ea3o t\u1eeb c\u1eeda h\u00e0ng. T\u1ea1i website t\u1ea1p h\u00f3a c\u1ee7a ch\u00fang t\u00f4i, m\u1ecdi ch\u00ednh s\u00e1ch \u0111\u1ec1u \u0111\u01b0\u1ee3c x\u00e2y d\u1ef1ng minh b\u1ea1ch nh\u1eb1m mang l\u1ea1i tr\u1ea3i nghi\u1ec7m mua s\u1eafm an to\u00e0n, ti\u1ec7n l\u1ee3i v\u00e0 \u0111\u00e1ng tin c\u1eady.<\/p>\n<hr data-start=\"436\" data-end=\"439\" \/>\n<h2 data-section-id=\"1redebv\" data-start=\"441\" data-end=\"483\">\u2705 Quy\u1ec1n l\u1ee3i c\u1ee7a kh\u00e1ch h\u00e0ng khi mua h\u00e0ng<\/h2>\n<h3 data-section-id=\"ox9k7r\" data-start=\"485\" data-end=\"522\">\ud83d\udd12 1. Cam k\u1ebft s\u1ea3n ph\u1ea9m ch\u1ea5t l\u01b0\u1ee3ng<\/h3>\n<p data-start=\"523\" data-end=\"541\">Ch\u00fang t\u00f4i \u0111\u1ea3m b\u1ea3o:<\/p>\n<ul data-start=\"542\" data-end=\"645\">\n<li data-section-id=\"1vfj5ef\" data-start=\"542\" data-end=\"581\">\n<p data-start=\"544\" data-end=\"581\">S\u1ea3n ph\u1ea9m <strong data-start=\"553\" data-end=\"581\">ch\u00ednh h\u00e3ng, r\u00f5 ngu\u1ed3n g\u1ed1c<\/strong><\/p>\n<\/li>\n<li data-section-id=\"1ldkuk3\" data-start=\"582\" data-end=\"616\">\n<p data-start=\"584\" data-end=\"616\">H\u1ea1n s\u1eed d\u1ee5ng d\u00e0i, \u0111\u1ea3m b\u1ea3o an to\u00e0n<\/p>\n<\/li>\n<li data-section-id=\"zbo1n9\" data-start=\"617\" data-end=\"645\">\n<p data-start=\"619\" data-end=\"645\">Ki\u1ec3m tra k\u1ef9 tr\u01b0\u1edbc khi giao<\/p>\n<\/li>\n<\/ul>\n<hr data-start=\"647\" data-end=\"650\" \/>\n<h3 data-section-id=\"1nonhyt\" data-start=\"652\" data-end=\"694\">\ud83d\ude9a 2. Ch\u00ednh s\u00e1ch giao h\u00e0ng nhanh ch\u00f3ng<\/h3>\n<ul data-start=\"695\" data-end=\"835\">\n<li data-section-id=\"13qvv5l\" data-start=\"695\" data-end=\"754\">\n<p data-start=\"697\" data-end=\"754\">Giao h\u00e0ng trong th\u1eddi gian t\u1eeb <strong data-start=\"726\" data-end=\"738\">1\u20133 ng\u00e0y<\/strong> (t\u00f9y khu v\u1ef1c)<\/p>\n<\/li>\n<li data-section-id=\"1fe3tue\" data-start=\"755\" data-end=\"796\">\n<p data-start=\"757\" data-end=\"796\">H\u1ed7 tr\u1ee3 giao nhanh trong ng\u00e0y (n\u1ebfu c\u00f3)<\/p>\n<\/li>\n<li data-section-id=\"1dlp43t\" data-start=\"797\" data-end=\"835\">\n<p data-start=\"799\" data-end=\"835\">Ki\u1ec3m tra h\u00e0ng tr\u01b0\u1edbc khi thanh to\u00e1n<\/p>\n<\/li>\n<\/ul>\n<h3 data-section-id=\"p9it36\" data-start=\"842\" data-end=\"880\">\ud83d\udd04 3. Ch\u00ednh s\u00e1ch \u0111\u1ed5i tr\u1ea3 linh ho\u1ea1t<\/h3>\n<p data-start=\"881\" data-end=\"909\">Kh\u00e1ch h\u00e0ng \u0111\u01b0\u1ee3c \u0111\u1ed5i\/tr\u1ea3 khi:<\/p>\n<ul data-start=\"910\" data-end=\"994\">\n<li data-section-id=\"1ozrw7o\" data-start=\"910\" data-end=\"942\">\n<p data-start=\"912\" data-end=\"942\">S\u1ea3n ph\u1ea9m b\u1ecb l\u1ed7i ho\u1eb7c h\u01b0 h\u1ecfng<\/p>\n<\/li>\n<li data-section-id=\"19imtpt\" data-start=\"943\" data-end=\"964\">\n<p data-start=\"945\" data-end=\"964\">Giao sai s\u1ea3n ph\u1ea9m<\/p>\n<\/li>\n<li data-section-id=\"1bbe0mw\" data-start=\"965\" data-end=\"994\">\n<p data-start=\"967\" data-end=\"994\">S\u1ea3n ph\u1ea9m kh\u00f4ng \u0111\u00fang m\u00f4 t\u1ea3<\/p>\n<\/li>\n<\/ul>\n<p data-start=\"996\" data-end=\"1048\">\ud83d\udc49 Th\u1eddi gian h\u1ed7 tr\u1ee3 \u0111\u1ed5i tr\u1ea3: <strong data-start=\"1025\" data-end=\"1048\">trong v\u00f2ng 3\u20137 ng\u00e0y<\/strong><\/p>\n<hr data-start=\"1050\" data-end=\"1053\" \/>\n<h3 data-section-id=\"14wp7j4\" data-start=\"1055\" data-end=\"1084\">\ud83d\udcb0 4. Ho\u00e0n ti\u1ec1n minh b\u1ea1ch<\/h3>\n<ul data-start=\"1085\" data-end=\"1207\">\n<li data-section-id=\"19s1u3k\" data-start=\"1085\" data-end=\"1123\">\n<p data-start=\"1087\" data-end=\"1123\">Ho\u00e0n ti\u1ec1n 100% n\u1ebfu l\u1ed7i t\u1eeb c\u1eeda h\u00e0ng<\/p>\n<\/li>\n<li data-section-id=\"kv5wxp\" data-start=\"1124\" data-end=\"1176\">\n<p data-start=\"1126\" data-end=\"1176\">X\u1eed l\u00fd nhanh ch\u00f3ng qua chuy\u1ec3n kho\u1ea3n ho\u1eb7c ti\u1ec1n m\u1eb7t<\/p>\n<\/li>\n<li data-section-id=\"17mwmjb\" data-start=\"1177\" data-end=\"1207\">\n<p data-start=\"1179\" data-end=\"1207\">Kh\u00f4ng ph\u00e1t sinh chi ph\u00ed \u1ea9n<\/p>\n<\/li>\n<\/ul>\n<hr data-start=\"1209\" data-end=\"1212\" \/>\n<h3 data-section-id=\"zpwqmd\" data-start=\"1214\" data-end=\"1250\">\ud83d\udcde 5. H\u1ed7 tr\u1ee3 kh\u00e1ch h\u00e0ng t\u1eadn t\u00ecnh<\/h3>\n<ul>\n<li data-section-id=\"w7ly89\" data-start=\"1251\" data-end=\"1278\">\n<p data-start=\"1253\" data-end=\"1278\">T\u01b0 v\u1ea5n s\u1ea3n ph\u1ea9m ph\u00f9 h\u1ee3p<\/p>\n<\/li>\n<li data-section-id=\"1ahk759\" data-start=\"1279\" data-end=\"1312\">\n<p data-start=\"1281\" data-end=\"1312\">Gi\u1ea3i \u0111\u00e1p th\u1eafc m\u1eafc nhanh ch\u00f3ng<\/p>\n<\/li>\n<li data-start=\"1315\" data-end=\"1352\">H\u1ed7 tr\u1ee3 qua hotline, chat ho\u1eb7c email<\/li>\n<\/ul>\n<h2 data-section-id=\"9lh315\" data-start=\"1359\" data-end=\"1393\">\ud83d\udd10 Ch\u00ednh s\u00e1ch b\u1ea3o m\u1eadt th\u00f4ng tin<\/h2>\n<p data-start=\"1394\" data-end=\"1412\">Ch\u00fang t\u00f4i cam k\u1ebft:<\/p>\n<ul data-start=\"1413\" data-end=\"1547\">\n<li data-section-id=\"10f0djj\" data-start=\"1413\" data-end=\"1451\">\n<p data-start=\"1415\" data-end=\"1451\">B\u1ea3o v\u1ec7 tuy\u1ec7t \u0111\u1ed1i th\u00f4ng tin c\u00e1 nh\u00e2n<\/p>\n<\/li>\n<li data-section-id=\"1ubvrsl\" data-start=\"1452\" data-end=\"1492\">\n<p data-start=\"1454\" data-end=\"1492\">Kh\u00f4ng chia s\u1ebb d\u1eef li\u1ec7u cho b\u00ean th\u1ee9 ba<\/p>\n<\/li>\n<li data-section-id=\"1pwx2qb\" data-start=\"1493\" data-end=\"1547\">\n<p data-start=\"1495\" data-end=\"1547\">S\u1eed d\u1ee5ng th\u00f4ng tin ch\u1ec9 nh\u1eb1m m\u1ee5c \u0111\u00edch x\u1eed l\u00fd \u0111\u01a1n h\u00e0ng<\/p>\n<\/li>\n<\/ul>\n<hr data-start=\"1549\" data-end=\"1552\" \/>\n<h2 data-section-id=\"e8degp\" data-start=\"1554\" data-end=\"1599\">\ud83c\udfaf V\u00ec sao n\u00ean ch\u1ecdn mua h\u00e0ng t\u1ea1i ch\u00fang t\u00f4i?<\/h2>\n<ul data-start=\"1600\" data-end=\"1714\">\n<li data-section-id=\"1o1oaz3\" data-start=\"1600\" data-end=\"1623\">\n<p data-start=\"1602\" data-end=\"1623\">Uy t\u00edn v\u00e0 minh b\u1ea1ch<\/p>\n<\/li>\n<li data-section-id=\"1tdxqul\" data-start=\"1624\" data-end=\"1641\">\n<p data-start=\"1626\" data-end=\"1641\">Gi\u00e1 c\u1ea3 h\u1ee3p l\u00fd<\/p>\n<\/li>\n<li data-section-id=\"1cc5kjn\" data-start=\"1642\" data-end=\"1667\">\n<p data-start=\"1644\" data-end=\"1667\">D\u1ecbch v\u1ee5 chuy\u00ean nghi\u1ec7p<\/p>\n<\/li>\n<li data-section-id=\"etylsf\" data-start=\"1668\" data-end=\"1714\">\n<p data-start=\"1670\" data-end=\"1714\">Lu\u00f4n \u0111\u1eb7t quy\u1ec1n l\u1ee3i kh\u00e1ch h\u00e0ng l\u00ean h\u00e0ng \u0111\u1ea7u<\/p>\n<\/li>\n<\/ul>\n<hr data-start=\"1716\" data-end=\"1719\" \/>\n<h2 data-section-id=\"an0pxg\" data-start=\"1721\" data-end=\"1735\">\ud83d\udce6 K\u1ebft lu\u1eadn<\/h2>\n<p data-start=\"1736\" data-end=\"1924\">Ch\u00ednh s\u00e1ch v\u00e0 quy\u1ec1n l\u1ee3i r\u00f5 r\u00e0ng l\u00e0 y\u1ebfu t\u1ed1 quan tr\u1ecdng gi\u00fap kh\u00e1ch h\u00e0ng y\u00ean t\u00e2m khi mua s\u1eafm. Ch\u00fang t\u00f4i lu\u00f4n n\u1ed7 l\u1ef1c mang \u0111\u1ebfn d\u1ecbch v\u1ee5 t\u1ed1t nh\u1ea5t \u0111\u1ec3 b\u1ea1n c\u00f3 tr\u1ea3i nghi\u1ec7m mua s\u1eafm ti\u1ec7n l\u1ee3i v\u00e0 an to\u00e0n.<\/p>\n<p data-start=\"1926\" data-end=\"1996\">\ud83d\udc49 <strong data-start=\"1929\" data-end=\"1996\">H\u00e3y \u0111\u1eb7t h\u00e0ng ngay h\u00f4m nay \u0111\u1ec3 tr\u1ea3i nghi\u1ec7m d\u1ecbch v\u1ee5 c\u1ee7a ch\u00fang t\u00f4i!<\/strong><\/p>\n<hr data-start=\"1354\" data-end=\"1357\" \/>\t\t\t\t\t\t\t\t<\/div>\n\t\t\t\t<\/div>\n\t\t\t\t<\/div>\n\t\t","protected":false},"excerpt":{"rendered":"<p>\ud83d\uded2 Ch\u00ednh S\u00e1ch V\u00e0 Quy\u1ec1n L\u1ee3i Khi Mua H\u00e0ng T\u1ea1i Website T\u1ea1p H\u00f3a \ud83d\udccc Gi\u1edbi thi\u1ec7u Khi mua s\u1eafm online, kh\u00e1ch h\u00e0ng lu\u00f4n quan t\u00e2m \u0111\u1ebfn quy\u1ec1n l\u1ee3i v\u00e0 s\u1ef1 \u0111\u1ea3m b\u1ea3o t\u1eeb c\u1eeda h\u00e0ng. T\u1ea1i website t\u1ea1p h\u00f3a c\u1ee7a ch\u00fang t\u00f4i, m\u1ecdi ch\u00ednh s\u00e1ch \u0111\u1ec1u \u0111\u01b0\u1ee3c x\u00e2y d\u1ef1ng minh b\u1ea1ch nh\u1eb1m mang l\u1ea1i tr\u1ea3i [&hellip;]<\/p>\n","protected":false},"author":5,"featured_media":199,"parent":0,"menu_order":0,"comment_status":"closed","ping_status":"closed","template":"","meta":{"footnotes":""},"class_list":["post-191","page","type-page","status-publish","has-post-thumbnail","hentry"],"yoast_head":"<!-- This site is optimized with the Yoast SEO plugin v27.4 - https:\/\/yoast.com\/product\/yoast-seo-wordpress\/ -->\n<title>Ch\u00ednh S\u00e1ch &amp; Quy\u1ec1n L\u1ee3i Khi Mua H\u00e0ng -<\/title>\n<meta name=\"robots\" content=\"index, follow, max-snippet:-1, max-image-preview:large, max-video-preview:-1\" \/>\n<link rel=\"canonical\" href=\"https:\/\/taphoaok.click\/index.php\/chinh-sach-quyen-loi-khi-mua-hang-tai-tap-hoa-ok\/\" \/>\n<meta property=\"og:locale\" content=\"vi_VN\" \/>\n<meta property=\"og:type\" content=\"article\" \/>\n<meta property=\"og:title\" content=\"Ch\u00ednh S\u00e1ch &amp; Quy\u1ec1n L\u1ee3i Khi Mua H\u00e0ng -\" \/>\n<meta property=\"og:description\" content=\"\ud83d\uded2 Ch\u00ednh S\u00e1ch V\u00e0 Quy\u1ec1n L\u1ee3i Khi Mua H\u00e0ng T\u1ea1i Website T\u1ea1p H\u00f3a \ud83d\udccc Gi\u1edbi thi\u1ec7u Khi mua s\u1eafm online, kh\u00e1ch h\u00e0ng lu\u00f4n quan t\u00e2m \u0111\u1ebfn quy\u1ec1n l\u1ee3i v\u00e0 s\u1ef1 \u0111\u1ea3m b\u1ea3o t\u1eeb c\u1eeda h\u00e0ng. T\u1ea1i website t\u1ea1p h\u00f3a c\u1ee7a ch\u00fang t\u00f4i, m\u1ecdi ch\u00ednh s\u00e1ch \u0111\u1ec1u \u0111\u01b0\u1ee3c x\u00e2y d\u1ef1ng minh b\u1ea1ch nh\u1eb1m mang l\u1ea1i tr\u1ea3i [&hellip;]\" \/>\n<meta property=\"og:url\" content=\"https:\/\/taphoaok.click\/index.php\/chinh-sach-quyen-loi-khi-mua-hang-tai-tap-hoa-ok\/\" \/>\n<meta property=\"article:modified_time\" content=\"2026-03-17T09:04:16+00:00\" \/>\n<meta property=\"og:image\" content=\"https:\/\/taphoaok.click\/wp-content\/uploads\/2026\/03\/tai-xuong.jpg\" \/>\n\t<meta property=\"og:image:width\" content=\"284\" \/>\n\t<meta property=\"og:image:height\" content=\"177\" \/>\n\t<meta property=\"og:image:type\" content=\"image\/jpeg\" \/>\n<meta name=\"twitter:card\" content=\"summary_large_image\" \/>\n<meta name=\"twitter:label1\" content=\"\u01af\u1edbc t\u00ednh th\u1eddi gian \u0111\u1ecdc\" \/>\n\t<meta name=\"twitter:data1\" content=\"5 ph\u00fat\" \/>\n<script type=\"application\/ld+json\" class=\"yoast-schema-graph\">{\"@context\":\"https:\\\/\\\/schema.org\",\"@graph\":[{\"@type\":\"WebPage\",\"@id\":\"https:\\\/\\\/taphoaok.click\\\/index.php\\\/chinh-sach-quyen-loi-khi-mua-hang-tai-tap-hoa-ok\\\/\",\"url\":\"https:\\\/\\\/taphoaok.click\\\/index.php\\\/chinh-sach-quyen-loi-khi-mua-hang-tai-tap-hoa-ok\\\/\",\"name\":\"Ch\u00ednh S\u00e1ch &amp; Quy\u1ec1n L\u1ee3i Khi Mua H\u00e0ng -\",\"isPartOf\":{\"@id\":\"https:\\\/\\\/taphoaok.click\\\/#website\"},\"primaryImageOfPage\":{\"@id\":\"https:\\\/\\\/taphoaok.click\\\/index.php\\\/chinh-sach-quyen-loi-khi-mua-hang-tai-tap-hoa-ok\\\/#primaryimage\"},\"image\":{\"@id\":\"https:\\\/\\\/taphoaok.click\\\/index.php\\\/chinh-sach-quyen-loi-khi-mua-hang-tai-tap-hoa-ok\\\/#primaryimage\"},\"thumbnailUrl\":\"https:\\\/\\\/taphoaok.click\\\/wp-content\\\/uploads\\\/2026\\\/03\\\/tai-xuong.jpg\",\"datePublished\":\"2026-03-10T08:45:18+00:00\",\"dateModified\":\"2026-03-17T09:04:16+00:00\",\"breadcrumb\":{\"@id\":\"https:\\\/\\\/taphoaok.click\\\/index.php\\\/chinh-sach-quyen-loi-khi-mua-hang-tai-tap-hoa-ok\\\/#breadcrumb\"},\"inLanguage\":\"vi\",\"potentialAction\":[{\"@type\":\"ReadAction\",\"target\":[\"https:\\\/\\\/taphoaok.click\\\/index.php\\\/chinh-sach-quyen-loi-khi-mua-hang-tai-tap-hoa-ok\\\/\"]}]},{\"@type\":\"ImageObject\",\"inLanguage\":\"vi\",\"@id\":\"https:\\\/\\\/taphoaok.click\\\/index.php\\\/chinh-sach-quyen-loi-khi-mua-hang-tai-tap-hoa-ok\\\/#primaryimage\",\"url\":\"https:\\\/\\\/taphoaok.click\\\/wp-content\\\/uploads\\\/2026\\\/03\\\/tai-xuong.jpg\",\"contentUrl\":\"https:\\\/\\\/taphoaok.click\\\/wp-content\\\/uploads\\\/2026\\\/03\\\/tai-xuong.jpg\",\"width\":284,\"height\":177},{\"@type\":\"BreadcrumbList\",\"@id\":\"https:\\\/\\\/taphoaok.click\\\/index.php\\\/chinh-sach-quyen-loi-khi-mua-hang-tai-tap-hoa-ok\\\/#breadcrumb\",\"itemListElement\":[{\"@type\":\"ListItem\",\"position\":1,\"name\":\"Trang ch\u1ee7\",\"item\":\"https:\\\/\\\/taphoaok.click\\\/\"},{\"@type\":\"ListItem\",\"position\":2,\"name\":\"Ch\u00ednh S\u00e1ch &amp; Quy\u1ec1n L\u1ee3i Khi Mua H\u00e0ng\"}]},{\"@type\":\"WebSite\",\"@id\":\"https:\\\/\\\/taphoaok.click\\\/#website\",\"url\":\"https:\\\/\\\/taphoaok.click\\\/\",\"name\":\"\",\"description\":\"\",\"potentialAction\":[{\"@type\":\"SearchAction\",\"target\":{\"@type\":\"EntryPoint\",\"urlTemplate\":\"https:\\\/\\\/taphoaok.click\\\/?s={search_term_string}\"},\"query-input\":{\"@type\":\"PropertyValueSpecification\",\"valueRequired\":true,\"valueName\":\"search_term_string\"}}],\"inLanguage\":\"vi\"}]}<\/script>\n<!-- \/ Yoast SEO plugin. -->","yoast_head_json":{"title":"Ch\u00ednh S\u00e1ch &amp; Quy\u1ec1n L\u1ee3i Khi Mua H\u00e0ng -","robots":{"index":"index","follow":"follow","max-snippet":"max-snippet:-1","max-image-preview":"max-image-preview:large","max-video-preview":"max-video-preview:-1"},"canonical":"https:\/\/taphoaok.click\/index.php\/chinh-sach-quyen-loi-khi-mua-hang-tai-tap-hoa-ok\/","og_locale":"vi_VN","og_type":"article","og_title":"Ch\u00ednh S\u00e1ch &amp; Quy\u1ec1n L\u1ee3i Khi Mua H\u00e0ng -","og_description":"\ud83d\uded2 Ch\u00ednh S\u00e1ch V\u00e0 Quy\u1ec1n L\u1ee3i Khi Mua H\u00e0ng T\u1ea1i Website T\u1ea1p H\u00f3a \ud83d\udccc Gi\u1edbi thi\u1ec7u Khi mua s\u1eafm online, kh\u00e1ch h\u00e0ng lu\u00f4n quan t\u00e2m \u0111\u1ebfn quy\u1ec1n l\u1ee3i v\u00e0 s\u1ef1 \u0111\u1ea3m b\u1ea3o t\u1eeb c\u1eeda h\u00e0ng. T\u1ea1i website t\u1ea1p h\u00f3a c\u1ee7a ch\u00fang t\u00f4i, m\u1ecdi ch\u00ednh s\u00e1ch \u0111\u1ec1u \u0111\u01b0\u1ee3c x\u00e2y d\u1ef1ng minh b\u1ea1ch nh\u1eb1m mang l\u1ea1i tr\u1ea3i [&hellip;]","og_url":"https:\/\/taphoaok.click\/index.php\/chinh-sach-quyen-loi-khi-mua-hang-tai-tap-hoa-ok\/","article_modified_time":"2026-03-17T09:04:16+00:00","og_image":[{"width":284,"height":177,"url":"https:\/\/taphoaok.click\/wp-content\/uploads\/2026\/03\/tai-xuong.jpg","type":"image\/jpeg"}],"twitter_card":"summary_large_image","twitter_misc":{"\u01af\u1edbc t\u00ednh th\u1eddi gian \u0111\u1ecdc":"5 ph\u00fat"},"schema":{"@context":"https:\/\/schema.org","@graph":[{"@type":"WebPage","@id":"https:\/\/taphoaok.click\/index.php\/chinh-sach-quyen-loi-khi-mua-hang-tai-tap-hoa-ok\/","url":"https:\/\/taphoaok.click\/index.php\/chinh-sach-quyen-loi-khi-mua-hang-tai-tap-hoa-ok\/","name":"Ch\u00ednh S\u00e1ch &amp; Quy\u1ec1n L\u1ee3i Khi Mua H\u00e0ng -","isPartOf":{"@id":"https:\/\/taphoaok.click\/#website"},"primaryImageOfPage":{"@id":"https:\/\/taphoaok.click\/index.php\/chinh-sach-quyen-loi-khi-mua-hang-tai-tap-hoa-ok\/#primaryimage"},"image":{"@id":"https:\/\/taphoaok.click\/index.php\/chinh-sach-quyen-loi-khi-mua-hang-tai-tap-hoa-ok\/#primaryimage"},"thumbnailUrl":"https:\/\/taphoaok.click\/wp-content\/uploads\/2026\/03\/tai-xuong.jpg","datePublished":"2026-03-10T08:45:18+00:00","dateModified":"2026-03-17T09:04:16+00:00","breadcrumb":{"@id":"https:\/\/taphoaok.click\/index.php\/chinh-sach-quyen-loi-khi-mua-hang-tai-tap-hoa-ok\/#breadcrumb"},"inLanguage":"vi","potentialAction":[{"@type":"ReadAction","target":["https:\/\/taphoaok.click\/index.php\/chinh-sach-quyen-loi-khi-mua-hang-tai-tap-hoa-ok\/"]}]},{"@type":"ImageObject","inLanguage":"vi","@id":"https:\/\/taphoaok.click\/index.php\/chinh-sach-quyen-loi-khi-mua-hang-tai-tap-hoa-ok\/#primaryimage","url":"https:\/\/taphoaok.click\/wp-content\/uploads\/2026\/03\/tai-xuong.jpg","contentUrl":"https:\/\/taphoaok.click\/wp-content\/uploads\/2026\/03\/tai-xuong.jpg","width":284,"height":177},{"@type":"BreadcrumbList","@id":"https:\/\/taphoaok.click\/index.php\/chinh-sach-quyen-loi-khi-mua-hang-tai-tap-hoa-ok\/#breadcrumb","itemListElement":[{"@type":"ListItem","position":1,"name":"Trang ch\u1ee7","item":"https:\/\/taphoaok.click\/"},{"@type":"ListItem","position":2,"name":"Ch\u00ednh S\u00e1ch &amp; Quy\u1ec1n L\u1ee3i Khi Mua H\u00e0ng"}]},{"@type":"WebSite","@id":"https:\/\/taphoaok.click\/#website","url":"https:\/\/taphoaok.click\/","name":"","description":"","potentialAction":[{"@type":"SearchAction","target":{"@type":"EntryPoint","urlTemplate":"https:\/\/taphoaok.click\/?s={search_term_string}"},"query-input":{"@type":"PropertyValueSpecification","valueRequired":true,"valueName":"search_term_string"}}],"inLanguage":"vi"}]}},"jetpack_sharing_enabled":true,"_links":{"self":[{"href":"https:\/\/taphoaok.click\/index.php\/wp-json\/wp\/v2\/pages\/191","targetHints":{"allow":["GET"]}}],"collection":[{"href":"https:\/\/taphoaok.click\/index.php\/wp-json\/wp\/v2\/pages"}],"about":[{"href":"https:\/\/taphoaok.click\/index.php\/wp-json\/wp\/v2\/types\/page"}],"author":[{"embeddable":true,"href":"https:\/\/taphoaok.click\/index.php\/wp-json\/wp\/v2\/users\/5"}],"replies":[{"embeddable":true,"href":"https:\/\/taphoaok.click\/index.php\/wp-json\/wp\/v2\/comments?post=191"}],"version-history":[{"count":6,"href":"https:\/\/taphoaok.click\/index.php\/wp-json\/wp\/v2\/pages\/191\/revisions"}],"predecessor-version":[{"id":381,"href":"https:\/\/taphoaok.click\/index.php\/wp-json\/wp\/v2\/pages\/191\/revisions\/381"}],"wp:featuredmedia":[{"embeddable":true,"href":"https:\/\/taphoaok.click\/index.php\/wp-json\/wp\/v2\/media\/199"}],"wp:attachment":[{"href":"https:\/\/taphoaok.click\/index.php\/wp-json\/wp\/v2\/media?parent=191"}],"curies":[{"name":"wp","href":"https:\/\/api.w.org\/{rel}","templated":true}]}}