{"id":102,"date":"2026-03-09T13:54:25","date_gmt":"2026-03-09T13:54:25","guid":{"rendered":"https:\/\/taphoaok.click\/?post_type=product&#038;p=102"},"modified":"2026-03-09T13:59:07","modified_gmt":"2026-03-09T13:59:07","slug":"dau-goi-nuoc-hoa-x-men-sport-wood-380g","status":"publish","type":"product","link":"https:\/\/taphoaok.click\/index.php\/san-pham\/dau-goi-nuoc-hoa-x-men-sport-wood-380g\/","title":{"rendered":"D\u1ea7u g\u1ed9i n\u01b0\u1edbc hoa X-Men Sport Wood 380g"},"content":{"rendered":"<p class=\"QN2lPu\">D\u1ea7u g\u1ed9i n\u01b0\u1edbc hoa X-Men Sport Wood 380g<\/p>\n<p class=\"QN2lPu\">Th\u01b0\u01a1ng hi\u1ec7u : XMen<\/p>\n<p class=\"QN2lPu\">Xu\u1ea5t x\u1ee9 : Vi\u1ec7t Nam<\/p>\n<p class=\"QN2lPu\">Tr\u1ecdng l\u01b0\u1ee3ng : 380g<\/p>\n<p class=\"QN2lPu\">H\u01b0\u01a1ng th\u01a1m n\u1ed3ng n\u00e0n, ph\u00f3ng kho\u00e1ng t\u1eeb x\u1ea1 h\u01b0\u01a1ng v\u00e0 g\u1ed7 tuy\u1ebft t\u00f9ng mang l\u1ea1i c\u1ea3m gi\u00e1c t\u01b0\u01a1i m\u1edbi t\u00edch c\u1ef1c su\u1ed1t ng\u00e0y d\u00e0i, \u0111\u1ec3 b\u1ea1n t\u1ef1 do kh\u00e1m ph\u00e1 m\u1ecdi tr\u1ea3i nghi\u1ec7m.<\/p>\n<p class=\"QN2lPu\">C\u00f4ng th\u1ee9c \u0111\u1ed9c \u0111\u00e1o, \u0111\u1ed9t ph\u00e1 cho b\u1ea1n m\u1ed9t m\u00e1i t\u00f3c m\u1ec1m m\u1ea1i, kh\u1ecfe m\u1ea1nh v\u1edbi h\u01b0\u01a1ng n\u01b0\u1edbc hoa t\u1ef1 nhi\u00ean, l\u1ecbch l\u00e3m, c\u00f2n gi\u00fap l\u00e0m cho t\u00f3c b\u1ea1n s\u1ea1ch s\u1ebd v\u00e0 kh\u00f4ng b\u1ecb g\u00e0u.<\/p>\n<p class=\"QN2lPu\">\u0110\u00f3ng chai nh\u1ecf g\u1ecdn, ti\u1ec7n l\u1ee3i trong vi\u1ec7c s\u1eed d\u1ee5ng c\u0169ng nh\u01b0 b\u1ea3o qu\u1ea3n v\u00e0 thu\u1eadn ti\u1ec7n mang \u0111i b\u1ea5t k\u1ef3 \u0111\u00e2u.<\/p>\n<p class=\"QN2lPu\">H\u01b0\u1edbng d\u1eabn s\u1eed d\u1ee5ng v\u00e0 b\u1ea3o qu\u1ea3n:<\/p>\n<p class=\"QN2lPu\">L\u00e0m \u01b0\u1edbt t\u00f3c.<\/p>\n<p class=\"QN2lPu\">L\u1ea5y m\u1ed9t l\u01b0\u1ee3ng d\u1ea7u g\u1ed9i n\u01b0\u1edbc hoa X-Men Sport Wood v\u1eeba \u0111\u1ee7 v\u00e0o l\u00f2ng b\u00e0n tay, t\u1ea1o b\u1ecdt v\u00e0 massage nh\u1eb9 nh\u00e0ng l\u00ean t\u00f3c sau \u0111\u00f3 x\u1ea3 s\u1ea1ch v\u1edbi n\u01b0\u1edbc.<\/p>\n<p class=\"QN2lPu\">B\u1ea3o qu\u1ea3n \u1edf n\u01a1i kh\u00f4 r\u00e1o, tho\u00e1ng m\u00e1t, tr\u00e1nh \u00e1nh n\u1eafng tr\u1ef1c ti\u1ebfp.<\/p>\n<p class=\"QN2lPu\">#daugoihuongnuochoa #daugoixmen #daugoiduongtoc #daugoinam #daugoinuochoaxmen<\/p>\n","protected":false},"excerpt":{"rendered":"<p>D\u1ea7u g\u1ed9i n\u01b0\u1edbc hoa X-Men Sport Wood 380g Th\u01b0\u01a1ng hi\u1ec7u : XMen Xu\u1ea5t x\u1ee9 : Vi\u1ec7t Nam Tr\u1ecdng l\u01b0\u1ee3ng : 380g H\u01b0\u01a1ng th\u01a1m n\u1ed3ng n\u00e0n, ph\u00f3ng kho\u00e1ng t\u1eeb x\u1ea1 h\u01b0\u01a1ng v\u00e0 g\u1ed7 tuy\u1ebft t\u00f9ng mang l\u1ea1i c\u1ea3m gi\u00e1c t\u01b0\u01a1i m\u1edbi t\u00edch c\u1ef1c su\u1ed1t ng\u00e0y d\u00e0i, \u0111\u1ec3 b\u1ea1n t\u1ef1 do kh\u00e1m ph\u00e1 m\u1ecdi tr\u1ea3i nghi\u1ec7m. C\u00f4ng [&hellip;]<\/p>\n","protected":false},"featured_media":103,"comment_status":"open","ping_status":"closed","template":"","meta":[],"product_brand":[],"product_cat":[22],"product_tag":[],"class_list":{"0":"post-102","1":"product","2":"type-product","3":"status-publish","4":"has-post-thumbnail","6":"product_cat-dau-goi","8":"first","9":"instock","10":"shipping-taxable","11":"purchasable","12":"product-type-simple"},"yoast_head":"<!-- This site is optimized with the Yoast SEO plugin v27.4 - https:\/\/yoast.com\/product\/yoast-seo-wordpress\/ -->\n<title>D\u1ea7u g\u1ed9i n\u01b0\u1edbc hoa X-Men Sport Wood 380g -<\/title>\n<meta name=\"robots\" content=\"index, follow, max-snippet:-1, max-image-preview:large, max-video-preview:-1\" \/>\n<link rel=\"canonical\" href=\"https:\/\/taphoaok.click\/index.php\/san-pham\/dau-goi-nuoc-hoa-x-men-sport-wood-380g\/\" \/>\n<meta property=\"og:locale\" content=\"vi_VN\" \/>\n<meta property=\"og:type\" content=\"article\" \/>\n<meta property=\"og:title\" content=\"D\u1ea7u g\u1ed9i n\u01b0\u1edbc hoa X-Men Sport Wood 380g -\" \/>\n<meta property=\"og:description\" content=\"D\u1ea7u g\u1ed9i n\u01b0\u1edbc hoa X-Men Sport Wood 380g Th\u01b0\u01a1ng hi\u1ec7u : XMen Xu\u1ea5t x\u1ee9 : Vi\u1ec7t Nam Tr\u1ecdng l\u01b0\u1ee3ng : 380g H\u01b0\u01a1ng th\u01a1m n\u1ed3ng n\u00e0n, ph\u00f3ng kho\u00e1ng t\u1eeb x\u1ea1 h\u01b0\u01a1ng v\u00e0 g\u1ed7 tuy\u1ebft t\u00f9ng mang l\u1ea1i c\u1ea3m gi\u00e1c t\u01b0\u01a1i m\u1edbi t\u00edch c\u1ef1c su\u1ed1t ng\u00e0y d\u00e0i, \u0111\u1ec3 b\u1ea1n t\u1ef1 do kh\u00e1m ph\u00e1 m\u1ecdi tr\u1ea3i nghi\u1ec7m. C\u00f4ng [&hellip;]\" \/>\n<meta property=\"og:url\" content=\"https:\/\/taphoaok.click\/index.php\/san-pham\/dau-goi-nuoc-hoa-x-men-sport-wood-380g\/\" \/>\n<meta property=\"article:modified_time\" content=\"2026-03-09T13:59:07+00:00\" \/>\n<meta property=\"og:image\" content=\"https:\/\/taphoaok.click\/wp-content\/uploads\/2026\/03\/77876affd9d79e05283e14964c017d65@resize_w900_nl.webp\" \/>\n\t<meta property=\"og:image:width\" content=\"826\" \/>\n\t<meta property=\"og:image:height\" content=\"826\" \/>\n\t<meta property=\"og:image:type\" content=\"image\/webp\" \/>\n<meta name=\"twitter:card\" content=\"summary_large_image\" \/>\n<meta name=\"twitter:label1\" content=\"\u01af\u1edbc t\u00ednh th\u1eddi gian \u0111\u1ecdc\" \/>\n\t<meta name=\"twitter:data1\" content=\"2 ph\u00fat\" \/>\n<script type=\"application\/ld+json\" class=\"yoast-schema-graph\">{\"@context\":\"https:\\\/\\\/schema.org\",\"@graph\":[{\"@type\":\"WebPage\",\"@id\":\"https:\\\/\\\/taphoaok.click\\\/index.php\\\/san-pham\\\/dau-goi-nuoc-hoa-x-men-sport-wood-380g\\\/\",\"url\":\"https:\\\/\\\/taphoaok.click\\\/index.php\\\/san-pham\\\/dau-goi-nuoc-hoa-x-men-sport-wood-380g\\\/\",\"name\":\"D\u1ea7u g\u1ed9i n\u01b0\u1edbc hoa X-Men Sport Wood 380g -\",\"isPartOf\":{\"@id\":\"https:\\\/\\\/taphoaok.click\\\/#website\"},\"primaryImageOfPage\":{\"@id\":\"https:\\\/\\\/taphoaok.click\\\/index.php\\\/san-pham\\\/dau-goi-nuoc-hoa-x-men-sport-wood-380g\\\/#primaryimage\"},\"image\":{\"@id\":\"https:\\\/\\\/taphoaok.click\\\/index.php\\\/san-pham\\\/dau-goi-nuoc-hoa-x-men-sport-wood-380g\\\/#primaryimage\"},\"thumbnailUrl\":\"https:\\\/\\\/taphoaok.click\\\/wp-content\\\/uploads\\\/2026\\\/03\\\/77876affd9d79e05283e14964c017d65@resize_w900_nl.webp\",\"datePublished\":\"2026-03-09T13:54:25+00:00\",\"dateModified\":\"2026-03-09T13:59:07+00:00\",\"breadcrumb\":{\"@id\":\"https:\\\/\\\/taphoaok.click\\\/index.php\\\/san-pham\\\/dau-goi-nuoc-hoa-x-men-sport-wood-380g\\\/#breadcrumb\"},\"inLanguage\":\"vi\",\"potentialAction\":[{\"@type\":\"ReadAction\",\"target\":[\"https:\\\/\\\/taphoaok.click\\\/index.php\\\/san-pham\\\/dau-goi-nuoc-hoa-x-men-sport-wood-380g\\\/\"]}]},{\"@type\":\"ImageObject\",\"inLanguage\":\"vi\",\"@id\":\"https:\\\/\\\/taphoaok.click\\\/index.php\\\/san-pham\\\/dau-goi-nuoc-hoa-x-men-sport-wood-380g\\\/#primaryimage\",\"url\":\"https:\\\/\\\/taphoaok.click\\\/wp-content\\\/uploads\\\/2026\\\/03\\\/77876affd9d79e05283e14964c017d65@resize_w900_nl.webp\",\"contentUrl\":\"https:\\\/\\\/taphoaok.click\\\/wp-content\\\/uploads\\\/2026\\\/03\\\/77876affd9d79e05283e14964c017d65@resize_w900_nl.webp\",\"width\":826,\"height\":826},{\"@type\":\"BreadcrumbList\",\"@id\":\"https:\\\/\\\/taphoaok.click\\\/index.php\\\/san-pham\\\/dau-goi-nuoc-hoa-x-men-sport-wood-380g\\\/#breadcrumb\",\"itemListElement\":[{\"@type\":\"ListItem\",\"position\":1,\"name\":\"Trang ch\u1ee7\",\"item\":\"https:\\\/\\\/taphoaok.click\\\/\"},{\"@type\":\"ListItem\",\"position\":2,\"name\":\"C\u1eeda h\u00e0ng\",\"item\":\"https:\\\/\\\/taphoaok.click\\\/index.php\\\/cua-hang\\\/\"},{\"@type\":\"ListItem\",\"position\":3,\"name\":\"D\u1ea7u g\u1ed9i n\u01b0\u1edbc hoa X-Men Sport Wood 380g\"}]},{\"@type\":\"WebSite\",\"@id\":\"https:\\\/\\\/taphoaok.click\\\/#website\",\"url\":\"https:\\\/\\\/taphoaok.click\\\/\",\"name\":\"\",\"description\":\"\",\"potentialAction\":[{\"@type\":\"SearchAction\",\"target\":{\"@type\":\"EntryPoint\",\"urlTemplate\":\"https:\\\/\\\/taphoaok.click\\\/?s={search_term_string}\"},\"query-input\":{\"@type\":\"PropertyValueSpecification\",\"valueRequired\":true,\"valueName\":\"search_term_string\"}}],\"inLanguage\":\"vi\"}]}<\/script>\n<!-- \/ Yoast SEO plugin. -->","yoast_head_json":{"title":"D\u1ea7u g\u1ed9i n\u01b0\u1edbc hoa X-Men Sport Wood 380g -","robots":{"index":"index","follow":"follow","max-snippet":"max-snippet:-1","max-image-preview":"max-image-preview:large","max-video-preview":"max-video-preview:-1"},"canonical":"https:\/\/taphoaok.click\/index.php\/san-pham\/dau-goi-nuoc-hoa-x-men-sport-wood-380g\/","og_locale":"vi_VN","og_type":"article","og_title":"D\u1ea7u g\u1ed9i n\u01b0\u1edbc hoa X-Men Sport Wood 380g -","og_description":"D\u1ea7u g\u1ed9i n\u01b0\u1edbc hoa X-Men Sport Wood 380g Th\u01b0\u01a1ng hi\u1ec7u : XMen Xu\u1ea5t x\u1ee9 : Vi\u1ec7t Nam Tr\u1ecdng l\u01b0\u1ee3ng : 380g H\u01b0\u01a1ng th\u01a1m n\u1ed3ng n\u00e0n, ph\u00f3ng kho\u00e1ng t\u1eeb x\u1ea1 h\u01b0\u01a1ng v\u00e0 g\u1ed7 tuy\u1ebft t\u00f9ng mang l\u1ea1i c\u1ea3m gi\u00e1c t\u01b0\u01a1i m\u1edbi t\u00edch c\u1ef1c su\u1ed1t ng\u00e0y d\u00e0i, \u0111\u1ec3 b\u1ea1n t\u1ef1 do kh\u00e1m ph\u00e1 m\u1ecdi tr\u1ea3i nghi\u1ec7m. C\u00f4ng [&hellip;]","og_url":"https:\/\/taphoaok.click\/index.php\/san-pham\/dau-goi-nuoc-hoa-x-men-sport-wood-380g\/","article_modified_time":"2026-03-09T13:59:07+00:00","og_image":[{"width":826,"height":826,"url":"https:\/\/taphoaok.click\/wp-content\/uploads\/2026\/03\/77876affd9d79e05283e14964c017d65@resize_w900_nl.webp","type":"image\/webp"}],"twitter_card":"summary_large_image","twitter_misc":{"\u01af\u1edbc t\u00ednh th\u1eddi gian \u0111\u1ecdc":"2 ph\u00fat"},"schema":{"@context":"https:\/\/schema.org","@graph":[{"@type":"WebPage","@id":"https:\/\/taphoaok.click\/index.php\/san-pham\/dau-goi-nuoc-hoa-x-men-sport-wood-380g\/","url":"https:\/\/taphoaok.click\/index.php\/san-pham\/dau-goi-nuoc-hoa-x-men-sport-wood-380g\/","name":"D\u1ea7u g\u1ed9i n\u01b0\u1edbc hoa X-Men Sport Wood 380g -","isPartOf":{"@id":"https:\/\/taphoaok.click\/#website"},"primaryImageOfPage":{"@id":"https:\/\/taphoaok.click\/index.php\/san-pham\/dau-goi-nuoc-hoa-x-men-sport-wood-380g\/#primaryimage"},"image":{"@id":"https:\/\/taphoaok.click\/index.php\/san-pham\/dau-goi-nuoc-hoa-x-men-sport-wood-380g\/#primaryimage"},"thumbnailUrl":"https:\/\/taphoaok.click\/wp-content\/uploads\/2026\/03\/77876affd9d79e05283e14964c017d65@resize_w900_nl.webp","datePublished":"2026-03-09T13:54:25+00:00","dateModified":"2026-03-09T13:59:07+00:00","breadcrumb":{"@id":"https:\/\/taphoaok.click\/index.php\/san-pham\/dau-goi-nuoc-hoa-x-men-sport-wood-380g\/#breadcrumb"},"inLanguage":"vi","potentialAction":[{"@type":"ReadAction","target":["https:\/\/taphoaok.click\/index.php\/san-pham\/dau-goi-nuoc-hoa-x-men-sport-wood-380g\/"]}]},{"@type":"ImageObject","inLanguage":"vi","@id":"https:\/\/taphoaok.click\/index.php\/san-pham\/dau-goi-nuoc-hoa-x-men-sport-wood-380g\/#primaryimage","url":"https:\/\/taphoaok.click\/wp-content\/uploads\/2026\/03\/77876affd9d79e05283e14964c017d65@resize_w900_nl.webp","contentUrl":"https:\/\/taphoaok.click\/wp-content\/uploads\/2026\/03\/77876affd9d79e05283e14964c017d65@resize_w900_nl.webp","width":826,"height":826},{"@type":"BreadcrumbList","@id":"https:\/\/taphoaok.click\/index.php\/san-pham\/dau-goi-nuoc-hoa-x-men-sport-wood-380g\/#breadcrumb","itemListElement":[{"@type":"ListItem","position":1,"name":"Trang ch\u1ee7","item":"https:\/\/taphoaok.click\/"},{"@type":"ListItem","position":2,"name":"C\u1eeda h\u00e0ng","item":"https:\/\/taphoaok.click\/index.php\/cua-hang\/"},{"@type":"ListItem","position":3,"name":"D\u1ea7u g\u1ed9i n\u01b0\u1edbc hoa X-Men Sport Wood 380g"}]},{"@type":"WebSite","@id":"https:\/\/taphoaok.click\/#website","url":"https:\/\/taphoaok.click\/","name":"","description":"","potentialAction":[{"@type":"SearchAction","target":{"@type":"EntryPoint","urlTemplate":"https:\/\/taphoaok.click\/?s={search_term_string}"},"query-input":{"@type":"PropertyValueSpecification","valueRequired":true,"valueName":"search_term_string"}}],"inLanguage":"vi"}]}},"jetpack_sharing_enabled":true,"_links":{"self":[{"href":"https:\/\/taphoaok.click\/index.php\/wp-json\/wp\/v2\/product\/102","targetHints":{"allow":["GET"]}}],"collection":[{"href":"https:\/\/taphoaok.click\/index.php\/wp-json\/wp\/v2\/product"}],"about":[{"href":"https:\/\/taphoaok.click\/index.php\/wp-json\/wp\/v2\/types\/product"}],"replies":[{"embeddable":true,"href":"https:\/\/taphoaok.click\/index.php\/wp-json\/wp\/v2\/comments?post=102"}],"wp:featuredmedia":[{"embeddable":true,"href":"https:\/\/taphoaok.click\/index.php\/wp-json\/wp\/v2\/media\/103"}],"wp:attachment":[{"href":"https:\/\/taphoaok.click\/index.php\/wp-json\/wp\/v2\/media?parent=102"}],"wp:term":[{"taxonomy":"product_brand","embeddable":true,"href":"https:\/\/taphoaok.click\/index.php\/wp-json\/wp\/v2\/product_brand?post=102"},{"taxonomy":"product_cat","embeddable":true,"href":"https:\/\/taphoaok.click\/index.php\/wp-json\/wp\/v2\/product_cat?post=102"},{"taxonomy":"product_tag","embeddable":true,"href":"https:\/\/taphoaok.click\/index.php\/wp-json\/wp\/v2\/product_tag?post=102"}],"curies":[{"name":"wp","href":"https:\/\/api.w.org\/{rel}","templated":true}]}}