{"id":104,"date":"2026-03-09T13:57:52","date_gmt":"2026-03-09T13:57:52","guid":{"rendered":"https:\/\/taphoaok.click\/?post_type=product&#038;p=104"},"modified":"2026-03-09T13:57:52","modified_gmt":"2026-03-09T13:57:52","slug":"dau-goi-buoi-cocoon-bigsize-giup-giam-gay-rung-va-lam-mem-toc-500ml-hunoxa","status":"publish","type":"product","link":"https:\/\/taphoaok.click\/index.php\/san-pham\/dau-goi-buoi-cocoon-bigsize-giup-giam-gay-rung-va-lam-mem-toc-500ml-hunoxa\/","title":{"rendered":"D\u1ea7u g\u1ed9i b\u01b0\u1edfi Cocoon BIGSIZE gi\u00fap gi\u1ea3m g\u00e3y r\u1ee5ng v\u00e0 l\u00e0m m\u1ec1m t\u00f3c 500ml &#8211; HUNOXA"},"content":{"rendered":"<p class=\"QN2lPu\">D\u1ea7u g\u1ed9i b\u01b0\u1edfi Cocoon BIGSIZE gi\u00fap gi\u1ea3m g\u00e3y r\u1ee5ng v\u00e0 l\u00e0m m\u1ec1m t\u00f3c 500ml &#8211; HUNOXA<\/p>\n<p class=\"QN2lPu\">\n<p class=\"QN2lPu\">T\u1eeb tinh d\u1ea7u v\u1ecf b\u01b0\u1edfi Vi\u1ec7t Nam truy\u1ec1n th\u1ed1ng k\u1ebft h\u1ee3p v\u1edbi vitamin B5, ho\u1ea1t ch\u1ea5t d\u01b0\u1ee1ng \u1ea9m Xylishine\u2122 c\u00f9ng c\u00f4ng th\u1ee9c d\u1ecbu nh\u1eb9 kh\u00f4ng ch\u1ee9a sulfate, d\u1ea7u g\u1ed9i b\u01b0\u1edfi gi\u00fap l\u00e0m s\u1ea1ch t\u00f3c v\u00e0 gi\u1ea3m g\u00e3y r\u1ee5ng, mang l\u1ea1i m\u00e1i t\u00f3c \u0111en d\u00e0y, ch\u1eafc kho\u1ebb v\u00e0 m\u01b0\u1ee3t m\u00e0<\/p>\n<p class=\"QN2lPu\">\n<p class=\"QN2lPu\">C\u00f4ng d\u1ee5ng<\/p>\n<p class=\"QN2lPu\">\u2022 L\u00e0m s\u1ea1ch t\u00f3c v\u1edbi c\u00f4ng th\u1ee9c d\u1ecbu nh\u1eb9 kh\u00f4ng sulfate, kh\u00f4ng l\u00e0m t\u1ed5n th\u01b0\u01a1ng da \u0111\u1ea7u<\/p>\n<p class=\"QN2lPu\">\u2022 Gi\u1ea3i ph\u00e1p gi\u1ea3m g\u00e3y r\u1ee5ng v\u00e0 l\u00e0m m\u1ec1m m\u00e1i t\u00f3c<\/p>\n<p class=\"QN2lPu\">\u2022 H\u1ed7 tr\u1ee3 s\u1ef1 ph\u00e1t tri\u1ec3n c\u1ee7a t\u00f3c, mang l\u1ea1i m\u00e1i t\u00f3c \u0111en d\u00e0y v\u00e0 m\u1ec1m m\u1ea1i<\/p>\n<p class=\"QN2lPu\">\n<p class=\"QN2lPu\">Th\u00e0nh ph\u1ea7n ch\u00ednh<\/p>\n<p class=\"QN2lPu\">Tinh d\u1ea7u v\u1ecf b\u01b0\u1edfi c\u1ea3i thi\u1ec7n r\u00f5 r\u1ec7t t\u00ecnh tr\u1ea1ng g\u00e3y r\u1ee5ng t\u00f3c.<\/p>\n<p class=\"QN2lPu\">Xylishine\u2122: \u0111\u01b0\u1ee3c chi\u1ebft xu\u1ea5t t\u1eeb t\u1ea3o n\u00e2u, Pelvetia canaliculata v\u00e0 c\u00e1c lo\u1ea1i \u0111\u01b0\u1eddng t\u1ef1 nhi\u00ean c\u00f3 trong g\u1ed7. Xylishine \u2122 l\u00e0 ch\u1ea5t d\u01b0\u1ee1ng \u1ea9m v\u00e0 ph\u1ee5c h\u1ed3i t\u00f3c, gi\u00fap t\u0103ng c\u01b0\u1eddng \u0111\u1ed9 b\u00f3ng c\u1ee7a t\u00f3c<\/p>\n<p class=\"QN2lPu\">Vitamin B5 (D-panthenol): Ch\u1ee9c n\u0103ng nh\u01b0 m\u1ed9t t\u00e1c nh\u00e2n d\u01b0\u1ee1ng t\u00f3c \u0111\u1ec3 cung c\u1ea5p \u0111\u1ed9 \u1ea9m l\u00e2u d\u00e0i cho t\u00f3c, ng\u0103n ng\u1eeba h\u01b0 t\u1ed5n, l\u00e0m d\u00e0y t\u00f3c v\u00e0 c\u1ea3i thi\u1ec7n \u0111\u1ed9 b\u00f3ng kh\u1ecfe c\u1ee7a m\u00e1i t\u00f3c.<\/p>\n<p class=\"QN2lPu\">Ax\u00edt amin: c\u00f3 t\u00e1c d\u1ee5ng d\u01b0\u1ee1ng \u1ea9m, c\u1ee7ng c\u1ed1 c\u1ea5u tr\u00fac, b\u1ea3o v\u1ec7 m\u00e0u s\u1eafc v\u00e0 s\u1eeda ch\u1eefa c\u00e1c h\u01b0 h\u1ecfng b\u1ec1 m\u1eb7t c\u1ee7a t\u00f3c.<\/p>\n<p class=\"QN2lPu\">\n<p class=\"QN2lPu\">L\u00fd t\u01b0\u1edfng cho<\/p>\n<p class=\"QN2lPu\">\u2022 T\u00f3c m\u1ecfng d\u1ec5 g\u00e3y r\u1ee5ng.<\/p>\n<p class=\"QN2lPu\">\u2022 T\u00f3c c\u1ea7n \u0111\u01b0\u1ee3c nu\u00f4i d\u01b0\u1ee1ng \u0111\u1ec3 m\u1ecdc d\u00e0y v\u00e0 ch\u1eafc kh\u1ecfe tr\u1edf l\u1ea1i.<\/p>\n<p class=\"QN2lPu\">Th\u00e0nh ph\u1ea7n \u0111\u1ea7y \u0111\u1ee7<\/p>\n<p class=\"QN2lPu\">Aqua\/Water, Sodium Cocoyl Isethionate, Sodium Laurylglucosides Hydroxypropylsulfonate, Glycerin, Disodium Laureth Sulfosuccinate, Cocamidopropyl Betaine, PEG-12 Dimethicone, PEG-7 Glyceryl Cocoate, Dimethicone, Citrus Grandis Peel Oil, Panthenol, Amodimethicone, Epilobium Angustifolium Flower\/Leaf\/Stem Extract, Thymus Vulgaris (Thyme) Extract, Triticum Vulgare (Wheat) Seed Extract, Cocoyl Methyl Glucamide, Calcium Pantothenate, Pyridoxine Hcl, Sodium PCA, Sodium Lactate, Arginine, Aspartic Acid, PCA, Glycine, Alanine, Serine, Valine, Proline, Threonine, Isoleucine, Histidine, Phenylalanine, Xylitylglucoside, Anhydroxylitol, Maltitol, Xylitol, Pelvetia Canaliculata Extract, Propanediol, Bis-(Isostearoyl\/Oleoyl Isopropyl) Dimonium Methosulfate, Trisodium Ethylenediamine Disuccinate, Acrylates\/C10-30 Alkyl Acrylate Crosspolymer, Cocamide MEA, Parfum, Polysorbate-20, Xanthan Gum, PEG-120 Methyl Glucose Dioleate, PEG-45M, Laureth-23, Polyquaternium-10, Laureth-4, Trideceth-10, Sodium Hydroxide, Phenoxyethanol, Ethylhexylglycerin.<\/p>\n<p class=\"QN2lPu\">\n<p class=\"QN2lPu\">Xu\u1ea5t x\u1ee9: Vi\u1ec7t Nam<\/p>\n<p class=\"QN2lPu\">Dung t\u00edch: 500ml<\/p>\n<p class=\"QN2lPu\">H\u1ea1n s\u1eed d\u1ee5ng: 3 n\u0103m k\u1ec3 t\u1eeb NSX<\/p>\n<p class=\"QN2lPu\">\n<p class=\"QN2lPu\">HUNOXA CAM K\u1ebeT<\/p>\n<p class=\"QN2lPu\">&#8211; H\u00e0ng c\u00f3 s\u1eb5n, giao h\u00e0ng ngay khi nh\u1eadn \u0111\u01b0\u1ee3c \u0111\u01a1n<\/p>\n<p class=\"QN2lPu\">&#8211; Ho\u00e0n ti\u1ec1n n\u1ebfu s\u1ea3n ph\u1ea9m kh\u00f4ng gi\u1ed1ng v\u1edbi m\u00f4 t\u1ea3<\/p>\n<p class=\"QN2lPu\">&#8211; Ch\u1ea5p nh\u1eadn \u0111\u1ed5i h\u00e0ng khi h\u00e0ng kh\u00f4ng nh\u01b0 h\u00ecnh<\/p>\n<p class=\"QN2lPu\">&#8211; Giao h\u00e0ng tr\u00ean to\u00e0n qu\u1ed1c, nh\u1eadn h\u00e0ng tr\u1ea3 ti\u1ec1n<\/p>\n<p class=\"QN2lPu\">\n<p class=\"QN2lPu\">QUY \u0110\u1ecaNH B\u1ea2O H\u00c0NH, \u0110\u1ed4I TR\u1ea2<\/p>\n<p class=\"QN2lPu\">1. \u0110i\u1ec1u ki\u1ec7n \u00e1p d\u1ee5ng (trong v\u00f2ng 03 ng\u00e0y k\u1ec3 t\u1eeb khi nh\u1eadn s\u1ea3n ph\u1ea9m)<\/p>\n<p class=\"QN2lPu\">&#8211; H\u00e0ng ho\u00e1 v\u1eabn c\u00f2n m\u1edbi, ch\u01b0a qua s\u1eed d\u1ee5ng<\/p>\n<p class=\"QN2lPu\">&#8211; H\u00e0ng ho\u00e1 b\u1ecb l\u1ed7i ho\u1eb7c h\u01b0 h\u1ecfng do v\u1eadn chuy\u1ec3n ho\u1eb7c do nh\u00e0 s\u1ea3n xu\u1ea5t<\/p>\n<p class=\"QN2lPu\">2. Tr\u01b0\u1eddng h\u1ee3p \u0111\u01b0\u1ee3c ch\u1ea5p nh\u1eadn:<\/p>\n<p class=\"QN2lPu\">&#8211; H\u00e0ng kh\u00f4ng \u0111\u00fang ph\u00e2n lo\u1ea1i, ki\u1ec3u d\u00e1ng nh\u01b0 qu\u00fd kh\u00e1ch \u0111\u1eb7t h\u00e0ng<\/p>\n<p class=\"QN2lPu\">&#8211; Kh\u00f4ng \u0111\u1ee7 s\u1ed1 l\u01b0\u1ee3ng nh\u01b0 trong \u0111\u01a1n h\u00e0ng<\/p>\n<p class=\"QN2lPu\">\n<p class=\"QN2lPu\">#dau #goi #buoi #pomelo #Cocoon #buoi #500ml #thuan #chay #hunoxa<\/p>\n","protected":false},"excerpt":{"rendered":"<p>D\u1ea7u g\u1ed9i b\u01b0\u1edfi Cocoon BIGSIZE gi\u00fap gi\u1ea3m g\u00e3y r\u1ee5ng v\u00e0 l\u00e0m m\u1ec1m t\u00f3c 500ml &#8211; HUNOXA T\u1eeb tinh d\u1ea7u v\u1ecf b\u01b0\u1edfi Vi\u1ec7t Nam truy\u1ec1n th\u1ed1ng k\u1ebft h\u1ee3p v\u1edbi vitamin B5, ho\u1ea1t ch\u1ea5t d\u01b0\u1ee1ng \u1ea9m Xylishine\u2122 c\u00f9ng c\u00f4ng th\u1ee9c d\u1ecbu nh\u1eb9 kh\u00f4ng ch\u1ee9a sulfate, d\u1ea7u g\u1ed9i b\u01b0\u1edfi gi\u00fap l\u00e0m s\u1ea1ch t\u00f3c v\u00e0 gi\u1ea3m g\u00e3y r\u1ee5ng, mang [&hellip;]<\/p>\n","protected":false},"featured_media":105,"comment_status":"open","ping_status":"closed","template":"","meta":[],"product_brand":[],"product_cat":[22],"product_tag":[],"class_list":{"0":"post-104","1":"product","2":"type-product","3":"status-publish","4":"has-post-thumbnail","6":"product_cat-dau-goi","8":"first","9":"instock","10":"sale","11":"shipping-taxable","12":"purchasable","13":"product-type-simple"},"yoast_head":"<!-- This site is optimized with the Yoast SEO plugin v27.4 - https:\/\/yoast.com\/product\/yoast-seo-wordpress\/ -->\n<title>D\u1ea7u g\u1ed9i b\u01b0\u1edfi Cocoon BIGSIZE gi\u00fap gi\u1ea3m g\u00e3y r\u1ee5ng v\u00e0 l\u00e0m m\u1ec1m t\u00f3c 500ml - HUNOXA -<\/title>\n<meta name=\"robots\" content=\"index, follow, max-snippet:-1, max-image-preview:large, max-video-preview:-1\" \/>\n<link rel=\"canonical\" href=\"https:\/\/taphoaok.click\/index.php\/san-pham\/dau-goi-buoi-cocoon-bigsize-giup-giam-gay-rung-va-lam-mem-toc-500ml-hunoxa\/\" \/>\n<meta property=\"og:locale\" content=\"vi_VN\" \/>\n<meta property=\"og:type\" content=\"article\" \/>\n<meta property=\"og:title\" content=\"D\u1ea7u g\u1ed9i b\u01b0\u1edfi Cocoon BIGSIZE gi\u00fap gi\u1ea3m g\u00e3y r\u1ee5ng v\u00e0 l\u00e0m m\u1ec1m t\u00f3c 500ml - HUNOXA -\" \/>\n<meta property=\"og:description\" content=\"D\u1ea7u g\u1ed9i b\u01b0\u1edfi Cocoon BIGSIZE gi\u00fap gi\u1ea3m g\u00e3y r\u1ee5ng v\u00e0 l\u00e0m m\u1ec1m t\u00f3c 500ml &#8211; HUNOXA T\u1eeb tinh d\u1ea7u v\u1ecf b\u01b0\u1edfi Vi\u1ec7t Nam truy\u1ec1n th\u1ed1ng k\u1ebft h\u1ee3p v\u1edbi vitamin B5, ho\u1ea1t ch\u1ea5t d\u01b0\u1ee1ng \u1ea9m Xylishine\u2122 c\u00f9ng c\u00f4ng th\u1ee9c d\u1ecbu nh\u1eb9 kh\u00f4ng ch\u1ee9a sulfate, d\u1ea7u g\u1ed9i b\u01b0\u1edfi gi\u00fap l\u00e0m s\u1ea1ch t\u00f3c v\u00e0 gi\u1ea3m g\u00e3y r\u1ee5ng, mang [&hellip;]\" \/>\n<meta property=\"og:url\" content=\"https:\/\/taphoaok.click\/index.php\/san-pham\/dau-goi-buoi-cocoon-bigsize-giup-giam-gay-rung-va-lam-mem-toc-500ml-hunoxa\/\" \/>\n<meta property=\"og:image\" content=\"https:\/\/taphoaok.click\/wp-content\/uploads\/2026\/03\/vn-11134207-7qukw-li5t64c1jksscd.webp\" \/>\n\t<meta property=\"og:image:width\" content=\"1024\" \/>\n\t<meta property=\"og:image:height\" content=\"1024\" \/>\n\t<meta property=\"og:image:type\" content=\"image\/webp\" \/>\n<meta name=\"twitter:card\" content=\"summary_large_image\" \/>\n<meta name=\"twitter:label1\" content=\"\u01af\u1edbc t\u00ednh th\u1eddi gian \u0111\u1ecdc\" \/>\n\t<meta name=\"twitter:data1\" content=\"3 ph\u00fat\" \/>\n<script type=\"application\/ld+json\" class=\"yoast-schema-graph\">{\"@context\":\"https:\\\/\\\/schema.org\",\"@graph\":[{\"@type\":\"WebPage\",\"@id\":\"https:\\\/\\\/taphoaok.click\\\/index.php\\\/san-pham\\\/dau-goi-buoi-cocoon-bigsize-giup-giam-gay-rung-va-lam-mem-toc-500ml-hunoxa\\\/\",\"url\":\"https:\\\/\\\/taphoaok.click\\\/index.php\\\/san-pham\\\/dau-goi-buoi-cocoon-bigsize-giup-giam-gay-rung-va-lam-mem-toc-500ml-hunoxa\\\/\",\"name\":\"D\u1ea7u g\u1ed9i b\u01b0\u1edfi Cocoon BIGSIZE gi\u00fap gi\u1ea3m g\u00e3y r\u1ee5ng v\u00e0 l\u00e0m m\u1ec1m t\u00f3c 500ml - HUNOXA -\",\"isPartOf\":{\"@id\":\"https:\\\/\\\/taphoaok.click\\\/#website\"},\"primaryImageOfPage\":{\"@id\":\"https:\\\/\\\/taphoaok.click\\\/index.php\\\/san-pham\\\/dau-goi-buoi-cocoon-bigsize-giup-giam-gay-rung-va-lam-mem-toc-500ml-hunoxa\\\/#primaryimage\"},\"image\":{\"@id\":\"https:\\\/\\\/taphoaok.click\\\/index.php\\\/san-pham\\\/dau-goi-buoi-cocoon-bigsize-giup-giam-gay-rung-va-lam-mem-toc-500ml-hunoxa\\\/#primaryimage\"},\"thumbnailUrl\":\"https:\\\/\\\/taphoaok.click\\\/wp-content\\\/uploads\\\/2026\\\/03\\\/vn-11134207-7qukw-li5t64c1jksscd.webp\",\"datePublished\":\"2026-03-09T13:57:52+00:00\",\"breadcrumb\":{\"@id\":\"https:\\\/\\\/taphoaok.click\\\/index.php\\\/san-pham\\\/dau-goi-buoi-cocoon-bigsize-giup-giam-gay-rung-va-lam-mem-toc-500ml-hunoxa\\\/#breadcrumb\"},\"inLanguage\":\"vi\",\"potentialAction\":[{\"@type\":\"ReadAction\",\"target\":[\"https:\\\/\\\/taphoaok.click\\\/index.php\\\/san-pham\\\/dau-goi-buoi-cocoon-bigsize-giup-giam-gay-rung-va-lam-mem-toc-500ml-hunoxa\\\/\"]}]},{\"@type\":\"ImageObject\",\"inLanguage\":\"vi\",\"@id\":\"https:\\\/\\\/taphoaok.click\\\/index.php\\\/san-pham\\\/dau-goi-buoi-cocoon-bigsize-giup-giam-gay-rung-va-lam-mem-toc-500ml-hunoxa\\\/#primaryimage\",\"url\":\"https:\\\/\\\/taphoaok.click\\\/wp-content\\\/uploads\\\/2026\\\/03\\\/vn-11134207-7qukw-li5t64c1jksscd.webp\",\"contentUrl\":\"https:\\\/\\\/taphoaok.click\\\/wp-content\\\/uploads\\\/2026\\\/03\\\/vn-11134207-7qukw-li5t64c1jksscd.webp\",\"width\":1024,\"height\":1024},{\"@type\":\"BreadcrumbList\",\"@id\":\"https:\\\/\\\/taphoaok.click\\\/index.php\\\/san-pham\\\/dau-goi-buoi-cocoon-bigsize-giup-giam-gay-rung-va-lam-mem-toc-500ml-hunoxa\\\/#breadcrumb\",\"itemListElement\":[{\"@type\":\"ListItem\",\"position\":1,\"name\":\"Trang ch\u1ee7\",\"item\":\"https:\\\/\\\/taphoaok.click\\\/\"},{\"@type\":\"ListItem\",\"position\":2,\"name\":\"C\u1eeda h\u00e0ng\",\"item\":\"https:\\\/\\\/taphoaok.click\\\/index.php\\\/cua-hang\\\/\"},{\"@type\":\"ListItem\",\"position\":3,\"name\":\"D\u1ea7u g\u1ed9i b\u01b0\u1edfi Cocoon BIGSIZE gi\u00fap gi\u1ea3m g\u00e3y r\u1ee5ng v\u00e0 l\u00e0m m\u1ec1m t\u00f3c 500ml &#8211; HUNOXA\"}]},{\"@type\":\"WebSite\",\"@id\":\"https:\\\/\\\/taphoaok.click\\\/#website\",\"url\":\"https:\\\/\\\/taphoaok.click\\\/\",\"name\":\"\",\"description\":\"\",\"potentialAction\":[{\"@type\":\"SearchAction\",\"target\":{\"@type\":\"EntryPoint\",\"urlTemplate\":\"https:\\\/\\\/taphoaok.click\\\/?s={search_term_string}\"},\"query-input\":{\"@type\":\"PropertyValueSpecification\",\"valueRequired\":true,\"valueName\":\"search_term_string\"}}],\"inLanguage\":\"vi\"}]}<\/script>\n<!-- \/ Yoast SEO plugin. -->","yoast_head_json":{"title":"D\u1ea7u g\u1ed9i b\u01b0\u1edfi Cocoon BIGSIZE gi\u00fap gi\u1ea3m g\u00e3y r\u1ee5ng v\u00e0 l\u00e0m m\u1ec1m t\u00f3c 500ml - HUNOXA -","robots":{"index":"index","follow":"follow","max-snippet":"max-snippet:-1","max-image-preview":"max-image-preview:large","max-video-preview":"max-video-preview:-1"},"canonical":"https:\/\/taphoaok.click\/index.php\/san-pham\/dau-goi-buoi-cocoon-bigsize-giup-giam-gay-rung-va-lam-mem-toc-500ml-hunoxa\/","og_locale":"vi_VN","og_type":"article","og_title":"D\u1ea7u g\u1ed9i b\u01b0\u1edfi Cocoon BIGSIZE gi\u00fap gi\u1ea3m g\u00e3y r\u1ee5ng v\u00e0 l\u00e0m m\u1ec1m t\u00f3c 500ml - HUNOXA -","og_description":"D\u1ea7u g\u1ed9i b\u01b0\u1edfi Cocoon BIGSIZE gi\u00fap gi\u1ea3m g\u00e3y r\u1ee5ng v\u00e0 l\u00e0m m\u1ec1m t\u00f3c 500ml &#8211; HUNOXA T\u1eeb tinh d\u1ea7u v\u1ecf b\u01b0\u1edfi Vi\u1ec7t Nam truy\u1ec1n th\u1ed1ng k\u1ebft h\u1ee3p v\u1edbi vitamin B5, ho\u1ea1t ch\u1ea5t d\u01b0\u1ee1ng \u1ea9m Xylishine\u2122 c\u00f9ng c\u00f4ng th\u1ee9c d\u1ecbu nh\u1eb9 kh\u00f4ng ch\u1ee9a sulfate, d\u1ea7u g\u1ed9i b\u01b0\u1edfi gi\u00fap l\u00e0m s\u1ea1ch t\u00f3c v\u00e0 gi\u1ea3m g\u00e3y r\u1ee5ng, mang [&hellip;]","og_url":"https:\/\/taphoaok.click\/index.php\/san-pham\/dau-goi-buoi-cocoon-bigsize-giup-giam-gay-rung-va-lam-mem-toc-500ml-hunoxa\/","og_image":[{"width":1024,"height":1024,"url":"https:\/\/taphoaok.click\/wp-content\/uploads\/2026\/03\/vn-11134207-7qukw-li5t64c1jksscd.webp","type":"image\/webp"}],"twitter_card":"summary_large_image","twitter_misc":{"\u01af\u1edbc t\u00ednh th\u1eddi gian \u0111\u1ecdc":"3 ph\u00fat"},"schema":{"@context":"https:\/\/schema.org","@graph":[{"@type":"WebPage","@id":"https:\/\/taphoaok.click\/index.php\/san-pham\/dau-goi-buoi-cocoon-bigsize-giup-giam-gay-rung-va-lam-mem-toc-500ml-hunoxa\/","url":"https:\/\/taphoaok.click\/index.php\/san-pham\/dau-goi-buoi-cocoon-bigsize-giup-giam-gay-rung-va-lam-mem-toc-500ml-hunoxa\/","name":"D\u1ea7u g\u1ed9i b\u01b0\u1edfi Cocoon BIGSIZE gi\u00fap gi\u1ea3m g\u00e3y r\u1ee5ng v\u00e0 l\u00e0m m\u1ec1m t\u00f3c 500ml - HUNOXA -","isPartOf":{"@id":"https:\/\/taphoaok.click\/#website"},"primaryImageOfPage":{"@id":"https:\/\/taphoaok.click\/index.php\/san-pham\/dau-goi-buoi-cocoon-bigsize-giup-giam-gay-rung-va-lam-mem-toc-500ml-hunoxa\/#primaryimage"},"image":{"@id":"https:\/\/taphoaok.click\/index.php\/san-pham\/dau-goi-buoi-cocoon-bigsize-giup-giam-gay-rung-va-lam-mem-toc-500ml-hunoxa\/#primaryimage"},"thumbnailUrl":"https:\/\/taphoaok.click\/wp-content\/uploads\/2026\/03\/vn-11134207-7qukw-li5t64c1jksscd.webp","datePublished":"2026-03-09T13:57:52+00:00","breadcrumb":{"@id":"https:\/\/taphoaok.click\/index.php\/san-pham\/dau-goi-buoi-cocoon-bigsize-giup-giam-gay-rung-va-lam-mem-toc-500ml-hunoxa\/#breadcrumb"},"inLanguage":"vi","potentialAction":[{"@type":"ReadAction","target":["https:\/\/taphoaok.click\/index.php\/san-pham\/dau-goi-buoi-cocoon-bigsize-giup-giam-gay-rung-va-lam-mem-toc-500ml-hunoxa\/"]}]},{"@type":"ImageObject","inLanguage":"vi","@id":"https:\/\/taphoaok.click\/index.php\/san-pham\/dau-goi-buoi-cocoon-bigsize-giup-giam-gay-rung-va-lam-mem-toc-500ml-hunoxa\/#primaryimage","url":"https:\/\/taphoaok.click\/wp-content\/uploads\/2026\/03\/vn-11134207-7qukw-li5t64c1jksscd.webp","contentUrl":"https:\/\/taphoaok.click\/wp-content\/uploads\/2026\/03\/vn-11134207-7qukw-li5t64c1jksscd.webp","width":1024,"height":1024},{"@type":"BreadcrumbList","@id":"https:\/\/taphoaok.click\/index.php\/san-pham\/dau-goi-buoi-cocoon-bigsize-giup-giam-gay-rung-va-lam-mem-toc-500ml-hunoxa\/#breadcrumb","itemListElement":[{"@type":"ListItem","position":1,"name":"Trang ch\u1ee7","item":"https:\/\/taphoaok.click\/"},{"@type":"ListItem","position":2,"name":"C\u1eeda h\u00e0ng","item":"https:\/\/taphoaok.click\/index.php\/cua-hang\/"},{"@type":"ListItem","position":3,"name":"D\u1ea7u g\u1ed9i b\u01b0\u1edfi Cocoon BIGSIZE gi\u00fap gi\u1ea3m g\u00e3y r\u1ee5ng v\u00e0 l\u00e0m m\u1ec1m t\u00f3c 500ml &#8211; HUNOXA"}]},{"@type":"WebSite","@id":"https:\/\/taphoaok.click\/#website","url":"https:\/\/taphoaok.click\/","name":"","description":"","potentialAction":[{"@type":"SearchAction","target":{"@type":"EntryPoint","urlTemplate":"https:\/\/taphoaok.click\/?s={search_term_string}"},"query-input":{"@type":"PropertyValueSpecification","valueRequired":true,"valueName":"search_term_string"}}],"inLanguage":"vi"}]}},"jetpack_sharing_enabled":true,"_links":{"self":[{"href":"https:\/\/taphoaok.click\/index.php\/wp-json\/wp\/v2\/product\/104","targetHints":{"allow":["GET"]}}],"collection":[{"href":"https:\/\/taphoaok.click\/index.php\/wp-json\/wp\/v2\/product"}],"about":[{"href":"https:\/\/taphoaok.click\/index.php\/wp-json\/wp\/v2\/types\/product"}],"replies":[{"embeddable":true,"href":"https:\/\/taphoaok.click\/index.php\/wp-json\/wp\/v2\/comments?post=104"}],"wp:featuredmedia":[{"embeddable":true,"href":"https:\/\/taphoaok.click\/index.php\/wp-json\/wp\/v2\/media\/105"}],"wp:attachment":[{"href":"https:\/\/taphoaok.click\/index.php\/wp-json\/wp\/v2\/media?parent=104"}],"wp:term":[{"taxonomy":"product_brand","embeddable":true,"href":"https:\/\/taphoaok.click\/index.php\/wp-json\/wp\/v2\/product_brand?post=104"},{"taxonomy":"product_cat","embeddable":true,"href":"https:\/\/taphoaok.click\/index.php\/wp-json\/wp\/v2\/product_cat?post=104"},{"taxonomy":"product_tag","embeddable":true,"href":"https:\/\/taphoaok.click\/index.php\/wp-json\/wp\/v2\/product_tag?post=104"}],"curies":[{"name":"wp","href":"https:\/\/api.w.org\/{rel}","templated":true}]}}