{"id":110,"date":"2026-03-09T14:09:14","date_gmt":"2026-03-09T14:09:14","guid":{"rendered":"https:\/\/taphoaok.click\/?post_type=product&#038;p=110"},"modified":"2026-03-09T14:09:14","modified_gmt":"2026-03-09T14:09:14","slug":"dau-goi-duoc-lieu-nguyen-xuan-sach-gau-450ml-tang-them-50ml-gia-khong-doi","status":"publish","type":"product","link":"https:\/\/taphoaok.click\/index.php\/san-pham\/dau-goi-duoc-lieu-nguyen-xuan-sach-gau-450ml-tang-them-50ml-gia-khong-doi\/","title":{"rendered":"D\u1ea7u g\u1ed9i D\u01b0\u1ee3c li\u1ec7u Nguy\u00ean Xu\u00e2n S\u1ea1ch G\u00e0u 450ml &#8211; T\u1eb7ng th\u00eam 50ml gi\u00e1 kh\u00f4ng \u0111\u1ed5i"},"content":{"rendered":"<p class=\"QN2lPu\">D\u1ea7u g\u1ed9i D\u01b0\u1ee3c li\u1ec7u Nguy\u00ean Xu\u00e2n S\u1ea1ch g\u00e0u \u0111\u01b0\u1ee3c b\u1ed5 sung ho\u1ea1t ch\u1ea5t s\u1ea1ch g\u00e0u t\u1eeb t\u1ef1 nhi\u00ean Dandrilys (Chi\u1ebft xu\u1ea5t t\u1eeb c\u00e2y T\u00e1o \u0111\u1ecf) cho m\u00e1i t\u00f3c s\u1ea1ch g\u00e0u, h\u1ebft ng\u1ee9a m\u00e0 v\u1eabn m\u1ec1m m\u1ea1i, su\u00f4n m\u01b0\u1ee3t, b\u1ed3ng b\u1ec1nh.<\/p>\n<p class=\"QN2lPu\">H\u01b0\u01a1ng th\u1ea3o m\u1ed9c thi\u00ean nhi\u00ean mang l\u1ea1i c\u1ea3m gi\u00e1c s\u1ea3ng kho\u00e1i, th\u01b0 gi\u00e3n khi g\u1ed9i \u0111\u1ea7u.<\/p>\n<p class=\"QN2lPu\">L\u00e0 d\u1ea7u g\u1ed9i \u0111\u01b0\u1ee3c nghi\u00ean c\u1ee9u \u00a0d\u1ef1a tr\u00ean kinh nghi\u1ec7m d\u00e2n gian, k\u1ebft h\u1ee3p v\u1edbi nh\u1eefng nghi\u00ean c\u1ee9u m\u1edbi c\u1ee7a khoa h\u1ecdc hi\u1ec7n \u0111\u1ea1i. Nguy\u00ean Xu\u00e2n k\u1ebft h\u1ee3p t\u00ednh hoa 13 v\u1ecb D\u01b0\u1ee3c li\u1ec7u C\u1ed5 truy\u1ec1n nh\u01b0 b\u1ea1ch qu\u1ea3, H\u00e0 th\u1ee7 \u00f4, B\u1ed3 k\u1ebft, M\u1ea7n tr\u1ea7u, Ho\u1eafc h\u01b0\u01a1ng\u2026\u0111\u1eb7c bi\u1ec7t b\u1ed5 sung c\u00e1c th\u00e0nh ph\u1ea7n d\u01b0\u1ee1ng t\u00f3c chuy\u00ean bi\u1ec7t.<\/p>\n<p class=\"QN2lPu\">C\u00d4NG D\u1ee4NG:<\/p>\n<p class=\"QN2lPu\">Gi\u00fap d\u01b0\u1ee1ng da \u0111\u1ea7u v\u00e0 d\u01b0\u1ee1ng t\u00f3c t\u1eeb g\u1ed1c, ph\u1ee5c h\u1ed3i t\u00f3c h\u01b0 t\u1ed5n, gi\u1ea3m t\u00f3c g\u00e3y r\u1ee5ng, th\u00fac \u0111\u1ea9y qu\u00e1 tr\u00ecnh m\u1ecdc t\u00f3c thay th\u1ebf. T\u1eeb \u0111\u00f3, gi\u00fap gi\u1ea3m c\u00e1c v\u1ea5n \u0111\u1ec1 v\u1ec1 t\u00f3c: r\u1ee5ng t\u00f3c, t\u00f3c kh\u00f4 v\u00e0 x\u01a1, da \u0111\u1ea7u ng\u1ee9a v\u00e0 nhi\u1ec1u g\u00e0u.<\/p>\n<p class=\"QN2lPu\">B\u1ed5 sung th\u00eam c\u00e1c th\u00e0nh ph\u1ea7n: Vitamin E, d\u1ea7u olive, \u2026. gi\u00fap t\u00f3c m\u1ec1m m\u1ea1i, su\u00f4n m\u01b0\u1ee3t. Nguy\u00ean Xu\u00e2n th\u00edch h\u1ee3p cho ng\u01b0\u1eddi c\u00f3 m\u00e1i t\u00f3c kh\u00f4, x\u01a1 ch\u1ebb ng\u1ecdn, t\u00f3c b\u1ecb h\u01b0 t\u1ed5n do h\u00f3a ch\u1ea5t u\u1ed1n, \u00e9p, nhu\u1ed9m\u2026<\/p>\n<p class=\"QN2lPu\">\u0110\u1ed0I T\u01af\u1ee2NG S\u1eec D\u1ee4NG:<\/p>\n<p class=\"QN2lPu\">D\u00f9ng cho m\u1ecdi ng\u01b0\u1eddi \u0111\u1ec3 c\u00f3 m\u00e1i t\u00f3c d\u00e0y, m\u1ec1m m\u1ea1i, su\u00f4n m\u01b0\u1ee3t. \u0110\u1eb7c bi\u1ec7t l\u00e0 :<\/p>\n<p class=\"QN2lPu\">Ng\u01b0\u1eddi c\u00f3 nguy c\u01a1 ho\u1eb7c bi\u1ec3u hi\u1ec7n r\u1ee5ng t\u00f3c: ng\u01b0\u1eddi m\u1edbi \u1ed1m d\u1eady, ph\u1ee5 n\u1eef mang thai v\u00e0 sau sinh; ng\u01b0\u1eddi s\u1eed d\u1ee5ng h\u00f3a ch\u1ea5t u\u1ed1n, \u00e9p, nhu\u1ed9m t\u00f3c.<\/p>\n<p class=\"QN2lPu\">Ng\u01b0\u1eddi hay b\u1ecb ng\u1ee9a da \u0111\u1ea7u, nhi\u1ec1u g\u00e0u.<\/p>\n<p class=\"QN2lPu\">TH\u00c0NH PH\u1ea6N T\u00c1C D\u1ee4NG<\/p>\n<p class=\"QN2lPu\">Tinh ch\u1ea5t c\u00e1c d\u01b0\u1ee3c li\u1ec7u: B\u1ea1ch qu\u1ea3 (ginkgo billoba), H\u00e0 Th\u1ee7 \u00f4, B\u1ed3 k\u1ebft, c\u1ecf M\u1ea7n tr\u1ea7u, H\u01b0\u01a1ng nhu, c\u1ecf Ng\u0169 s\u1eafc, N\u00fac n\u00e1c, L\u00f4 h\u1ed9i, D\u00e2u t\u1eb1m, \u00a0tinh d\u1ea7u V\u1ecf B\u01b0\u1edfi, tinh d\u1ea7u S\u1ea3 chanh, Ho\u1eafc h\u01b0\u01a1ng, \u00a0d\u1ea7u Olive, Vitamin E, c\u00e1c th\u00e0nh ph\u1ea7n kh\u00e1c v\u1eeba \u0111\u1ee7.<\/p>\n<p class=\"QN2lPu\">C\u00d4NG D\u1ee4NG<\/p>\n<p class=\"QN2lPu\">V\u1edbi c\u00e1c th\u00e0nh ph\u1ea7n d\u01b0\u1ee3c li\u1ec7u nh\u01b0 b\u1ed3 k\u1ebft, h\u00e0 th\u1ee7 \u00f4, h\u01b0\u01a1ng nhu, c\u1ecf m\u1ea7n tr\u1ea7u v\u1ecf qu\u1ea3 b\u01b0\u1edfi, s\u1ea3 chanh, n\u00fac n\u00e1c, d\u00e2u t\u1eb1m, c\u1ecf ng\u0169 s\u1eafc, b\u1ea1ch qu\u1ea3\u2026 d\u1ea7u g\u1ed9i D\u01b0\u1ee3c li\u1ec7u Nguy\u00ean Xu\u00e2n gi\u00fap d\u01b0\u1ee1ng da \u0111\u1ea7u v\u00e0 d\u01b0\u1ee1ng t\u00f3c t\u1eeb g\u1ed1c, gi\u1ea3m t\u00f3c g\u00e3y r\u1ee5ng, th\u00fac \u0111\u1ea9y qu\u00e1 tr\u00ecnh m\u1ecdc t\u00f3c thay th\u1ebf. T\u1eeb \u0111\u00f3, gi\u00fap gi\u1ea3m c\u00e1c v\u1ea5n \u0111\u1ec1 v\u1ec1 t\u00f3c: r\u1ee5ng t\u00f3c, t\u00f3c kh\u00f4 v\u00e0 x\u01a1, da \u0111\u1ea7u ng\u1ee9a v\u00e0 nhi\u1ec1u g\u00e0u. D\u1ea7u g\u1ed9i D\u01b0\u1ee3c li\u1ec7u Nguy\u00ean Xu\u00e2n c\u00f2n \u0111\u01b0\u1ee3c b\u1ed5 sung th\u00eam c\u00e1c th\u00e0nh ph\u1ea7n: Vitamin E, d\u1ea7u olive\u2026.gi\u00fap t\u00f3c m\u1ec1m m\u1ea1i, su\u00f4n m\u01b0\u1ee3t. Nguy\u00ean Xu\u00e2n th\u00edch h\u1ee3p cho ng\u01b0\u1eddi c\u00f3 m\u00e1i t\u00f3c kh\u00f4 , x\u01a1 ch\u1ebb ng\u1ecdn, t\u00f3c b\u1ecb h\u01b0 t\u1ed5n do h\u00f3a ch\u1ea5t u\u1ed1n, \u00e9p, nhu\u1ed9m\u2026<\/p>\n<p class=\"QN2lPu\">C\u00c1CH S\u1eec D\u1ee4NG<\/p>\n<p class=\"QN2lPu\">L\u00e0m \u01b0\u1edbt t\u00f3c v\u00e0 da \u0111\u1ea7u. L\u1ea5y kho\u1ea3ng 3-5 ml d\u1ea7u g\u1ed9i thoa \u0111\u1ec1u v\u00e0 g\u1ed9i nh\u1eb9 nh\u00e0ng r\u1ed3i x\u1ea3 k\u1ef9 b\u1eb1ng n\u01b0\u1edbc s\u1ea1ch. C\u00f3 th\u1ec3 g\u1ed9i l\u1ea7n th\u1ee9 2 gi\u00fap t\u00f3c m\u1ec1m m\u01b0\u1ee3t h\u01a1n.<\/p>\n<p class=\"QN2lPu\">B\u1ea3o qu\u1ea3n: N\u01a1i tho\u00e1ng m\u00e1t, tr\u00e1nh \u00e1nh s\u00e1ng tr\u1ef1c ti\u1ebfp.<\/p>\n<p class=\"QN2lPu\">Ti\u00eau chu\u1ea9n: TCCS<\/p>\n<p class=\"QN2lPu\">H\u1ea1n d\u00f9ng: 36 th\u00e1ng<\/p>\n<p class=\"QN2lPu\">Gian h\u00e0ng shop \u0111\u00e3 c\u00f3 t\u1ea1i khu v\u1ef1c mi\u1ec1n Nam n\u00ean qu\u00fd kh\u00e1ch h\u00e0ng thu\u1ed9c khu v\u1ef1c vui l\u00f2ng \u0111\u1eb7t h\u00e0ng qua link gian h\u00e0ng shopee mall mi\u1ec1n Nam: https:\/\/shope.ee\/AqiEdgjGD<\/p>\n<p class=\"QN2lPu\">#nguyenxuan #nguy\u00eanxu\u00e2n #daugoiduoclieu #d\u1ea7u_g\u1ed9i_th\u1ea3o_d\u01b0\u1ee3c_nguy\u00ean_xu\u00e2n #d\u1ea7u_g\u1ed9i_th\u1ea3o_d\u01b0\u1ee3c #d\u1ea7u_g\u1ed9i_nguy\u00ean_xu\u00e2n #d\u1ea7ug\u1ed9id\u01b0\u1ee1ngt\u00f3cm\u1ec1mm\u01b0\u1ee3t #d\u1ea7ug\u1ed9im\u1ec1mm\u01b0\u1ee3tt\u00f3c #d\u1ea7ug\u1ed9ichot\u00f3ckh\u00f4x\u01a1 #d\u1ea7ug\u1ed9iph\u1ee5ch\u1ed3it\u00f3c #tocbongmuot #duongtoc #d\u1ea7ug\u1ed9ithi\u00eannhi\u00ean #d\u1ea7ug\u1ed9i #d\u01b0\u1ee1ngt\u00f3c #daugoi #d\u1ea7ug\u1ed9it\u00f3cnhu\u1ed9m #d\u1ea7ug\u1ed9im\u1ec1mt\u00f3c #d\u1ea7ug\u1ed9im\u1ec1mm\u01b0\u1ee3tt\u00f3c #d\u1ea7ug\u1ed9i\u0111\u1ea7u #daugoidau #t\u1eebthi\u00eannhi\u00ean #thi\u00eannhi\u00ean #sachgau #s\u1ea1chg\u00e0u #Gi\u1ea3mng\u1ee9a #Gi\u1ea3mr\u1ee5ngt\u00f3c #H\u1ed7tr\u1ee3m\u1ecdct\u00f3c #d\u1ea7ug\u1ed9id\u01b0\u1ee3cli\u1ec7unguy\u00eanxu\u00e2n #d\u1ea7ug\u1ed9id\u01b0\u1ee1ng\u1ea9m #d\u1ea7ug\u1ed9id\u01b0\u1ee1ngt\u00f3cnhu\u1ed9m<\/p>\n","protected":false},"excerpt":{"rendered":"<p>D\u1ea7u g\u1ed9i D\u01b0\u1ee3c li\u1ec7u Nguy\u00ean Xu\u00e2n S\u1ea1ch g\u00e0u \u0111\u01b0\u1ee3c b\u1ed5 sung ho\u1ea1t ch\u1ea5t s\u1ea1ch g\u00e0u t\u1eeb t\u1ef1 nhi\u00ean Dandrilys (Chi\u1ebft xu\u1ea5t t\u1eeb c\u00e2y T\u00e1o \u0111\u1ecf) cho m\u00e1i t\u00f3c s\u1ea1ch g\u00e0u, h\u1ebft ng\u1ee9a m\u00e0 v\u1eabn m\u1ec1m m\u1ea1i, su\u00f4n m\u01b0\u1ee3t, b\u1ed3ng b\u1ec1nh. H\u01b0\u01a1ng th\u1ea3o m\u1ed9c thi\u00ean nhi\u00ean mang l\u1ea1i c\u1ea3m gi\u00e1c s\u1ea3ng kho\u00e1i, th\u01b0 gi\u00e3n khi g\u1ed9i [&hellip;]<\/p>\n","protected":false},"featured_media":111,"comment_status":"open","ping_status":"closed","template":"","meta":[],"product_brand":[],"product_cat":[22],"product_tag":[],"class_list":{"0":"post-110","1":"product","2":"type-product","3":"status-publish","4":"has-post-thumbnail","6":"product_cat-dau-goi","8":"first","9":"instock","10":"sale","11":"shipping-taxable","12":"purchasable","13":"product-type-simple"},"yoast_head":"<!-- This site is optimized with the Yoast SEO plugin v27.4 - https:\/\/yoast.com\/product\/yoast-seo-wordpress\/ -->\n<title>D\u1ea7u g\u1ed9i D\u01b0\u1ee3c li\u1ec7u Nguy\u00ean Xu\u00e2n S\u1ea1ch G\u00e0u 450ml - T\u1eb7ng th\u00eam 50ml gi\u00e1 kh\u00f4ng \u0111\u1ed5i -<\/title>\n<meta name=\"robots\" content=\"index, follow, max-snippet:-1, max-image-preview:large, max-video-preview:-1\" \/>\n<link rel=\"canonical\" href=\"https:\/\/taphoaok.click\/index.php\/san-pham\/dau-goi-duoc-lieu-nguyen-xuan-sach-gau-450ml-tang-them-50ml-gia-khong-doi\/\" \/>\n<meta property=\"og:locale\" content=\"vi_VN\" \/>\n<meta property=\"og:type\" content=\"article\" \/>\n<meta property=\"og:title\" content=\"D\u1ea7u g\u1ed9i D\u01b0\u1ee3c li\u1ec7u Nguy\u00ean Xu\u00e2n S\u1ea1ch G\u00e0u 450ml - T\u1eb7ng th\u00eam 50ml gi\u00e1 kh\u00f4ng \u0111\u1ed5i -\" \/>\n<meta property=\"og:description\" content=\"D\u1ea7u g\u1ed9i D\u01b0\u1ee3c li\u1ec7u Nguy\u00ean Xu\u00e2n S\u1ea1ch g\u00e0u \u0111\u01b0\u1ee3c b\u1ed5 sung ho\u1ea1t ch\u1ea5t s\u1ea1ch g\u00e0u t\u1eeb t\u1ef1 nhi\u00ean Dandrilys (Chi\u1ebft xu\u1ea5t t\u1eeb c\u00e2y T\u00e1o \u0111\u1ecf) cho m\u00e1i t\u00f3c s\u1ea1ch g\u00e0u, h\u1ebft ng\u1ee9a m\u00e0 v\u1eabn m\u1ec1m m\u1ea1i, su\u00f4n m\u01b0\u1ee3t, b\u1ed3ng b\u1ec1nh. H\u01b0\u01a1ng th\u1ea3o m\u1ed9c thi\u00ean nhi\u00ean mang l\u1ea1i c\u1ea3m gi\u00e1c s\u1ea3ng kho\u00e1i, th\u01b0 gi\u00e3n khi g\u1ed9i [&hellip;]\" \/>\n<meta property=\"og:url\" content=\"https:\/\/taphoaok.click\/index.php\/san-pham\/dau-goi-duoc-lieu-nguyen-xuan-sach-gau-450ml-tang-them-50ml-gia-khong-doi\/\" \/>\n<meta property=\"og:image\" content=\"https:\/\/taphoaok.click\/wp-content\/uploads\/2026\/03\/sg-11134201-7rcdu-lrvrer734u3z19@resize_w900_nl.webp\" \/>\n\t<meta property=\"og:image:width\" content=\"900\" \/>\n\t<meta property=\"og:image:height\" content=\"900\" \/>\n\t<meta property=\"og:image:type\" content=\"image\/webp\" \/>\n<meta name=\"twitter:card\" content=\"summary_large_image\" \/>\n<meta name=\"twitter:label1\" content=\"\u01af\u1edbc t\u00ednh th\u1eddi gian \u0111\u1ecdc\" \/>\n\t<meta name=\"twitter:data1\" content=\"4 ph\u00fat\" \/>\n<script type=\"application\/ld+json\" class=\"yoast-schema-graph\">{\"@context\":\"https:\\\/\\\/schema.org\",\"@graph\":[{\"@type\":\"WebPage\",\"@id\":\"https:\\\/\\\/taphoaok.click\\\/index.php\\\/san-pham\\\/dau-goi-duoc-lieu-nguyen-xuan-sach-gau-450ml-tang-them-50ml-gia-khong-doi\\\/\",\"url\":\"https:\\\/\\\/taphoaok.click\\\/index.php\\\/san-pham\\\/dau-goi-duoc-lieu-nguyen-xuan-sach-gau-450ml-tang-them-50ml-gia-khong-doi\\\/\",\"name\":\"D\u1ea7u g\u1ed9i D\u01b0\u1ee3c li\u1ec7u Nguy\u00ean Xu\u00e2n S\u1ea1ch G\u00e0u 450ml - T\u1eb7ng th\u00eam 50ml gi\u00e1 kh\u00f4ng \u0111\u1ed5i -\",\"isPartOf\":{\"@id\":\"https:\\\/\\\/taphoaok.click\\\/#website\"},\"primaryImageOfPage\":{\"@id\":\"https:\\\/\\\/taphoaok.click\\\/index.php\\\/san-pham\\\/dau-goi-duoc-lieu-nguyen-xuan-sach-gau-450ml-tang-them-50ml-gia-khong-doi\\\/#primaryimage\"},\"image\":{\"@id\":\"https:\\\/\\\/taphoaok.click\\\/index.php\\\/san-pham\\\/dau-goi-duoc-lieu-nguyen-xuan-sach-gau-450ml-tang-them-50ml-gia-khong-doi\\\/#primaryimage\"},\"thumbnailUrl\":\"https:\\\/\\\/taphoaok.click\\\/wp-content\\\/uploads\\\/2026\\\/03\\\/sg-11134201-7rcdu-lrvrer734u3z19@resize_w900_nl.webp\",\"datePublished\":\"2026-03-09T14:09:14+00:00\",\"breadcrumb\":{\"@id\":\"https:\\\/\\\/taphoaok.click\\\/index.php\\\/san-pham\\\/dau-goi-duoc-lieu-nguyen-xuan-sach-gau-450ml-tang-them-50ml-gia-khong-doi\\\/#breadcrumb\"},\"inLanguage\":\"vi\",\"potentialAction\":[{\"@type\":\"ReadAction\",\"target\":[\"https:\\\/\\\/taphoaok.click\\\/index.php\\\/san-pham\\\/dau-goi-duoc-lieu-nguyen-xuan-sach-gau-450ml-tang-them-50ml-gia-khong-doi\\\/\"]}]},{\"@type\":\"ImageObject\",\"inLanguage\":\"vi\",\"@id\":\"https:\\\/\\\/taphoaok.click\\\/index.php\\\/san-pham\\\/dau-goi-duoc-lieu-nguyen-xuan-sach-gau-450ml-tang-them-50ml-gia-khong-doi\\\/#primaryimage\",\"url\":\"https:\\\/\\\/taphoaok.click\\\/wp-content\\\/uploads\\\/2026\\\/03\\\/sg-11134201-7rcdu-lrvrer734u3z19@resize_w900_nl.webp\",\"contentUrl\":\"https:\\\/\\\/taphoaok.click\\\/wp-content\\\/uploads\\\/2026\\\/03\\\/sg-11134201-7rcdu-lrvrer734u3z19@resize_w900_nl.webp\",\"width\":900,\"height\":900},{\"@type\":\"BreadcrumbList\",\"@id\":\"https:\\\/\\\/taphoaok.click\\\/index.php\\\/san-pham\\\/dau-goi-duoc-lieu-nguyen-xuan-sach-gau-450ml-tang-them-50ml-gia-khong-doi\\\/#breadcrumb\",\"itemListElement\":[{\"@type\":\"ListItem\",\"position\":1,\"name\":\"Trang ch\u1ee7\",\"item\":\"https:\\\/\\\/taphoaok.click\\\/\"},{\"@type\":\"ListItem\",\"position\":2,\"name\":\"C\u1eeda h\u00e0ng\",\"item\":\"https:\\\/\\\/taphoaok.click\\\/index.php\\\/cua-hang\\\/\"},{\"@type\":\"ListItem\",\"position\":3,\"name\":\"D\u1ea7u g\u1ed9i D\u01b0\u1ee3c li\u1ec7u Nguy\u00ean Xu\u00e2n S\u1ea1ch G\u00e0u 450ml &#8211; T\u1eb7ng th\u00eam 50ml gi\u00e1 kh\u00f4ng \u0111\u1ed5i\"}]},{\"@type\":\"WebSite\",\"@id\":\"https:\\\/\\\/taphoaok.click\\\/#website\",\"url\":\"https:\\\/\\\/taphoaok.click\\\/\",\"name\":\"\",\"description\":\"\",\"potentialAction\":[{\"@type\":\"SearchAction\",\"target\":{\"@type\":\"EntryPoint\",\"urlTemplate\":\"https:\\\/\\\/taphoaok.click\\\/?s={search_term_string}\"},\"query-input\":{\"@type\":\"PropertyValueSpecification\",\"valueRequired\":true,\"valueName\":\"search_term_string\"}}],\"inLanguage\":\"vi\"}]}<\/script>\n<!-- \/ Yoast SEO plugin. -->","yoast_head_json":{"title":"D\u1ea7u g\u1ed9i D\u01b0\u1ee3c li\u1ec7u Nguy\u00ean Xu\u00e2n S\u1ea1ch G\u00e0u 450ml - T\u1eb7ng th\u00eam 50ml gi\u00e1 kh\u00f4ng \u0111\u1ed5i -","robots":{"index":"index","follow":"follow","max-snippet":"max-snippet:-1","max-image-preview":"max-image-preview:large","max-video-preview":"max-video-preview:-1"},"canonical":"https:\/\/taphoaok.click\/index.php\/san-pham\/dau-goi-duoc-lieu-nguyen-xuan-sach-gau-450ml-tang-them-50ml-gia-khong-doi\/","og_locale":"vi_VN","og_type":"article","og_title":"D\u1ea7u g\u1ed9i D\u01b0\u1ee3c li\u1ec7u Nguy\u00ean Xu\u00e2n S\u1ea1ch G\u00e0u 450ml - T\u1eb7ng th\u00eam 50ml gi\u00e1 kh\u00f4ng \u0111\u1ed5i -","og_description":"D\u1ea7u g\u1ed9i D\u01b0\u1ee3c li\u1ec7u Nguy\u00ean Xu\u00e2n S\u1ea1ch g\u00e0u \u0111\u01b0\u1ee3c b\u1ed5 sung ho\u1ea1t ch\u1ea5t s\u1ea1ch g\u00e0u t\u1eeb t\u1ef1 nhi\u00ean Dandrilys (Chi\u1ebft xu\u1ea5t t\u1eeb c\u00e2y T\u00e1o \u0111\u1ecf) cho m\u00e1i t\u00f3c s\u1ea1ch g\u00e0u, h\u1ebft ng\u1ee9a m\u00e0 v\u1eabn m\u1ec1m m\u1ea1i, su\u00f4n m\u01b0\u1ee3t, b\u1ed3ng b\u1ec1nh. H\u01b0\u01a1ng th\u1ea3o m\u1ed9c thi\u00ean nhi\u00ean mang l\u1ea1i c\u1ea3m gi\u00e1c s\u1ea3ng kho\u00e1i, th\u01b0 gi\u00e3n khi g\u1ed9i [&hellip;]","og_url":"https:\/\/taphoaok.click\/index.php\/san-pham\/dau-goi-duoc-lieu-nguyen-xuan-sach-gau-450ml-tang-them-50ml-gia-khong-doi\/","og_image":[{"width":900,"height":900,"url":"https:\/\/taphoaok.click\/wp-content\/uploads\/2026\/03\/sg-11134201-7rcdu-lrvrer734u3z19@resize_w900_nl.webp","type":"image\/webp"}],"twitter_card":"summary_large_image","twitter_misc":{"\u01af\u1edbc t\u00ednh th\u1eddi gian \u0111\u1ecdc":"4 ph\u00fat"},"schema":{"@context":"https:\/\/schema.org","@graph":[{"@type":"WebPage","@id":"https:\/\/taphoaok.click\/index.php\/san-pham\/dau-goi-duoc-lieu-nguyen-xuan-sach-gau-450ml-tang-them-50ml-gia-khong-doi\/","url":"https:\/\/taphoaok.click\/index.php\/san-pham\/dau-goi-duoc-lieu-nguyen-xuan-sach-gau-450ml-tang-them-50ml-gia-khong-doi\/","name":"D\u1ea7u g\u1ed9i D\u01b0\u1ee3c li\u1ec7u Nguy\u00ean Xu\u00e2n S\u1ea1ch G\u00e0u 450ml - T\u1eb7ng th\u00eam 50ml gi\u00e1 kh\u00f4ng \u0111\u1ed5i -","isPartOf":{"@id":"https:\/\/taphoaok.click\/#website"},"primaryImageOfPage":{"@id":"https:\/\/taphoaok.click\/index.php\/san-pham\/dau-goi-duoc-lieu-nguyen-xuan-sach-gau-450ml-tang-them-50ml-gia-khong-doi\/#primaryimage"},"image":{"@id":"https:\/\/taphoaok.click\/index.php\/san-pham\/dau-goi-duoc-lieu-nguyen-xuan-sach-gau-450ml-tang-them-50ml-gia-khong-doi\/#primaryimage"},"thumbnailUrl":"https:\/\/taphoaok.click\/wp-content\/uploads\/2026\/03\/sg-11134201-7rcdu-lrvrer734u3z19@resize_w900_nl.webp","datePublished":"2026-03-09T14:09:14+00:00","breadcrumb":{"@id":"https:\/\/taphoaok.click\/index.php\/san-pham\/dau-goi-duoc-lieu-nguyen-xuan-sach-gau-450ml-tang-them-50ml-gia-khong-doi\/#breadcrumb"},"inLanguage":"vi","potentialAction":[{"@type":"ReadAction","target":["https:\/\/taphoaok.click\/index.php\/san-pham\/dau-goi-duoc-lieu-nguyen-xuan-sach-gau-450ml-tang-them-50ml-gia-khong-doi\/"]}]},{"@type":"ImageObject","inLanguage":"vi","@id":"https:\/\/taphoaok.click\/index.php\/san-pham\/dau-goi-duoc-lieu-nguyen-xuan-sach-gau-450ml-tang-them-50ml-gia-khong-doi\/#primaryimage","url":"https:\/\/taphoaok.click\/wp-content\/uploads\/2026\/03\/sg-11134201-7rcdu-lrvrer734u3z19@resize_w900_nl.webp","contentUrl":"https:\/\/taphoaok.click\/wp-content\/uploads\/2026\/03\/sg-11134201-7rcdu-lrvrer734u3z19@resize_w900_nl.webp","width":900,"height":900},{"@type":"BreadcrumbList","@id":"https:\/\/taphoaok.click\/index.php\/san-pham\/dau-goi-duoc-lieu-nguyen-xuan-sach-gau-450ml-tang-them-50ml-gia-khong-doi\/#breadcrumb","itemListElement":[{"@type":"ListItem","position":1,"name":"Trang ch\u1ee7","item":"https:\/\/taphoaok.click\/"},{"@type":"ListItem","position":2,"name":"C\u1eeda h\u00e0ng","item":"https:\/\/taphoaok.click\/index.php\/cua-hang\/"},{"@type":"ListItem","position":3,"name":"D\u1ea7u g\u1ed9i D\u01b0\u1ee3c li\u1ec7u Nguy\u00ean Xu\u00e2n S\u1ea1ch G\u00e0u 450ml &#8211; T\u1eb7ng th\u00eam 50ml gi\u00e1 kh\u00f4ng \u0111\u1ed5i"}]},{"@type":"WebSite","@id":"https:\/\/taphoaok.click\/#website","url":"https:\/\/taphoaok.click\/","name":"","description":"","potentialAction":[{"@type":"SearchAction","target":{"@type":"EntryPoint","urlTemplate":"https:\/\/taphoaok.click\/?s={search_term_string}"},"query-input":{"@type":"PropertyValueSpecification","valueRequired":true,"valueName":"search_term_string"}}],"inLanguage":"vi"}]}},"jetpack_sharing_enabled":true,"_links":{"self":[{"href":"https:\/\/taphoaok.click\/index.php\/wp-json\/wp\/v2\/product\/110","targetHints":{"allow":["GET"]}}],"collection":[{"href":"https:\/\/taphoaok.click\/index.php\/wp-json\/wp\/v2\/product"}],"about":[{"href":"https:\/\/taphoaok.click\/index.php\/wp-json\/wp\/v2\/types\/product"}],"replies":[{"embeddable":true,"href":"https:\/\/taphoaok.click\/index.php\/wp-json\/wp\/v2\/comments?post=110"}],"wp:featuredmedia":[{"embeddable":true,"href":"https:\/\/taphoaok.click\/index.php\/wp-json\/wp\/v2\/media\/111"}],"wp:attachment":[{"href":"https:\/\/taphoaok.click\/index.php\/wp-json\/wp\/v2\/media?parent=110"}],"wp:term":[{"taxonomy":"product_brand","embeddable":true,"href":"https:\/\/taphoaok.click\/index.php\/wp-json\/wp\/v2\/product_brand?post=110"},{"taxonomy":"product_cat","embeddable":true,"href":"https:\/\/taphoaok.click\/index.php\/wp-json\/wp\/v2\/product_cat?post=110"},{"taxonomy":"product_tag","embeddable":true,"href":"https:\/\/taphoaok.click\/index.php\/wp-json\/wp\/v2\/product_tag?post=110"}],"curies":[{"name":"wp","href":"https:\/\/api.w.org\/{rel}","templated":true}]}}