{"id":112,"date":"2026-03-09T14:10:29","date_gmt":"2026-03-09T14:10:29","guid":{"rendered":"https:\/\/taphoaok.click\/?post_type=product&#038;p=112"},"modified":"2026-03-09T14:10:29","modified_gmt":"2026-03-09T14:10:29","slug":"dau-goi-head-shoulders-bac-ha-mat-lanh-cool-menthol-hasaki-san-pham-chinh-hang","status":"publish","type":"product","link":"https:\/\/taphoaok.click\/index.php\/san-pham\/dau-goi-head-shoulders-bac-ha-mat-lanh-cool-menthol-hasaki-san-pham-chinh-hang\/","title":{"rendered":"D\u1ea7u G\u1ed9i Head &#038; Shoulders B\u1ea1c H\u00e0 M\u00e1t L\u1ea1nh Cool Menthol Hasaki S\u1ea3n Ph\u1ea9m Ch\u00ednh H\u00e3ng"},"content":{"rendered":"<p class=\"QN2lPu\">D\u1ea7u G\u1ed9i Head &amp; Shoulders B\u1ea1c H\u00e0 M\u00e1t L\u1ea1nh Cool Menthol v\u1edbi c\u00f4ng th\u1ee9c ch\u1ee9a b\u1ea1c h\u00e0 l\u00e0m m\u00e1t l\u1ea1nh v\u00e0 nu\u00f4i d\u01b0\u1ee1ng da \u0111\u1ea7u, mang l\u1ea1i cho b\u1ea1n c\u1ea3m gi\u00e1c m\u00e1t m\u1ebb s\u1ea3ng kho\u00e1i v\u00e0 m\u00e1i t\u00f3c s\u1ea1ch g\u00e0u, m\u1ec1m m\u01b0\u1ee3t d\u1ec5 ch\u1ea3i.<\/p>\n<p class=\"QN2lPu\">625ml<\/p>\n<p class=\"QN2lPu\">C\u00d4NG D\u1ee4NG<\/p>\n<p class=\"QN2lPu\">Gi\u00fap l\u00e0m s\u1ea1ch g\u00e0u v\u00e0 ng\u0103n g\u00e0u tr\u1edf l\u1ea1i<\/p>\n<p class=\"QN2lPu\">Gi\u00fap g\u00f4i s\u1ea1ch, l\u00e0m m\u00e1t l\u1ea1nh t\u00f3c v\u00e0 da \u0111\u1ea7u cho b\u1ea1n c\u1ea3m gi\u00e1c m\u1ea1nh th\u1eadt s\u1ea3ng kho\u00e1i<\/p>\n<p class=\"QN2lPu\">H\u01af\u1edaNG D\u1eaaN S\u1eec D\u1ee4NG:<\/p>\n<p class=\"QN2lPu\">L\u1eafc tr\u01b0\u1edbc khi s\u1eed d\u1ee5ng<\/p>\n<p class=\"QN2lPu\">L\u00e0m \u01b0\u1edbt t\u00f3c, xoa d\u1ea7u g\u1ed9i nh\u1eb9 nh\u00e0ng tr\u00ean da \u0111\u1ea7u v\u00e0 t\u00f3c, sau \u0111\u00f3 x\u1ea3 th\u1eadt s\u1ea1ch<\/p>\n<p class=\"QN2lPu\">G\u1ed9i th\u00eam l\u1ea7n n\u1eefa n\u1ebfu mu\u1ed1n<\/p>\n<p class=\"QN2lPu\">KHUY\u00caN D\u00d9NG:<\/p>\n<p class=\"QN2lPu\">Tr\u00e1nh s\u1ea3n ph\u1ea9m d\u00ednh v\u00e0o m\u1eaft. N\u1ebfu s\u1ea3n ph\u1ea9m d\u00ednh v\u00e0o m\u1eaft, r\u1eeda s\u1ea1ch v\u1edbi n\u01b0\u1edbc<\/p>\n<p class=\"QN2lPu\">Lu\u00f4n \u0111\u1ecdc k\u1ef9 th\u00f4ng tin in tr\u00ean bao b\u00ec. S\u1eed d\u1ee5ng theo h\u01b0\u1edbng d\u1eabn.<\/p>\n<p class=\"QN2lPu\">&#8211;<\/p>\n","protected":false},"excerpt":{"rendered":"<p>D\u1ea7u G\u1ed9i Head &amp; Shoulders B\u1ea1c H\u00e0 M\u00e1t L\u1ea1nh Cool Menthol v\u1edbi c\u00f4ng th\u1ee9c ch\u1ee9a b\u1ea1c h\u00e0 l\u00e0m m\u00e1t l\u1ea1nh v\u00e0 nu\u00f4i d\u01b0\u1ee1ng da \u0111\u1ea7u, mang l\u1ea1i cho b\u1ea1n c\u1ea3m gi\u00e1c m\u00e1t m\u1ebb s\u1ea3ng kho\u00e1i v\u00e0 m\u00e1i t\u00f3c s\u1ea1ch g\u00e0u, m\u1ec1m m\u01b0\u1ee3t d\u1ec5 ch\u1ea3i. 625ml C\u00d4NG D\u1ee4NG Gi\u00fap l\u00e0m s\u1ea1ch g\u00e0u v\u00e0 ng\u0103n g\u00e0u tr\u1edf [&hellip;]<\/p>\n","protected":false},"featured_media":113,"comment_status":"open","ping_status":"closed","template":"","meta":[],"product_brand":[],"product_cat":[22],"product_tag":[],"class_list":{"0":"post-112","1":"product","2":"type-product","3":"status-publish","4":"has-post-thumbnail","6":"product_cat-dau-goi","8":"first","9":"instock","10":"shipping-taxable","11":"purchasable","12":"product-type-simple"},"yoast_head":"<!-- This site is optimized with the Yoast SEO plugin v27.4 - https:\/\/yoast.com\/product\/yoast-seo-wordpress\/ -->\n<title>D\u1ea7u G\u1ed9i Head &amp; Shoulders B\u1ea1c H\u00e0 M\u00e1t L\u1ea1nh Cool Menthol Hasaki S\u1ea3n Ph\u1ea9m Ch\u00ednh H\u00e3ng -<\/title>\n<meta name=\"robots\" content=\"index, follow, max-snippet:-1, max-image-preview:large, max-video-preview:-1\" \/>\n<link rel=\"canonical\" href=\"https:\/\/taphoaok.click\/index.php\/san-pham\/dau-goi-head-shoulders-bac-ha-mat-lanh-cool-menthol-hasaki-san-pham-chinh-hang\/\" \/>\n<meta property=\"og:locale\" content=\"vi_VN\" \/>\n<meta property=\"og:type\" content=\"article\" \/>\n<meta property=\"og:title\" content=\"D\u1ea7u G\u1ed9i Head &amp; Shoulders B\u1ea1c H\u00e0 M\u00e1t L\u1ea1nh Cool Menthol Hasaki S\u1ea3n Ph\u1ea9m Ch\u00ednh H\u00e3ng -\" \/>\n<meta property=\"og:description\" content=\"D\u1ea7u G\u1ed9i Head &amp; Shoulders B\u1ea1c H\u00e0 M\u00e1t L\u1ea1nh Cool Menthol v\u1edbi c\u00f4ng th\u1ee9c ch\u1ee9a b\u1ea1c h\u00e0 l\u00e0m m\u00e1t l\u1ea1nh v\u00e0 nu\u00f4i d\u01b0\u1ee1ng da \u0111\u1ea7u, mang l\u1ea1i cho b\u1ea1n c\u1ea3m gi\u00e1c m\u00e1t m\u1ebb s\u1ea3ng kho\u00e1i v\u00e0 m\u00e1i t\u00f3c s\u1ea1ch g\u00e0u, m\u1ec1m m\u01b0\u1ee3t d\u1ec5 ch\u1ea3i. 625ml C\u00d4NG D\u1ee4NG Gi\u00fap l\u00e0m s\u1ea1ch g\u00e0u v\u00e0 ng\u0103n g\u00e0u tr\u1edf [&hellip;]\" \/>\n<meta property=\"og:url\" content=\"https:\/\/taphoaok.click\/index.php\/san-pham\/dau-goi-head-shoulders-bac-ha-mat-lanh-cool-menthol-hasaki-san-pham-chinh-hang\/\" \/>\n<meta property=\"og:image\" content=\"https:\/\/taphoaok.click\/wp-content\/uploads\/2026\/03\/sg-11134201-82629-mjqd11mibmdjc7.webp\" \/>\n\t<meta property=\"og:image:width\" content=\"1024\" \/>\n\t<meta property=\"og:image:height\" content=\"1024\" \/>\n\t<meta property=\"og:image:type\" content=\"image\/webp\" \/>\n<meta name=\"twitter:card\" content=\"summary_large_image\" \/>\n<meta name=\"twitter:label1\" content=\"\u01af\u1edbc t\u00ednh th\u1eddi gian \u0111\u1ecdc\" \/>\n\t<meta name=\"twitter:data1\" content=\"1 ph\u00fat\" \/>\n<script type=\"application\/ld+json\" class=\"yoast-schema-graph\">{\"@context\":\"https:\\\/\\\/schema.org\",\"@graph\":[{\"@type\":\"WebPage\",\"@id\":\"https:\\\/\\\/taphoaok.click\\\/index.php\\\/san-pham\\\/dau-goi-head-shoulders-bac-ha-mat-lanh-cool-menthol-hasaki-san-pham-chinh-hang\\\/\",\"url\":\"https:\\\/\\\/taphoaok.click\\\/index.php\\\/san-pham\\\/dau-goi-head-shoulders-bac-ha-mat-lanh-cool-menthol-hasaki-san-pham-chinh-hang\\\/\",\"name\":\"D\u1ea7u G\u1ed9i Head & Shoulders B\u1ea1c H\u00e0 M\u00e1t L\u1ea1nh Cool Menthol Hasaki S\u1ea3n Ph\u1ea9m Ch\u00ednh H\u00e3ng -\",\"isPartOf\":{\"@id\":\"https:\\\/\\\/taphoaok.click\\\/#website\"},\"primaryImageOfPage\":{\"@id\":\"https:\\\/\\\/taphoaok.click\\\/index.php\\\/san-pham\\\/dau-goi-head-shoulders-bac-ha-mat-lanh-cool-menthol-hasaki-san-pham-chinh-hang\\\/#primaryimage\"},\"image\":{\"@id\":\"https:\\\/\\\/taphoaok.click\\\/index.php\\\/san-pham\\\/dau-goi-head-shoulders-bac-ha-mat-lanh-cool-menthol-hasaki-san-pham-chinh-hang\\\/#primaryimage\"},\"thumbnailUrl\":\"https:\\\/\\\/taphoaok.click\\\/wp-content\\\/uploads\\\/2026\\\/03\\\/sg-11134201-82629-mjqd11mibmdjc7.webp\",\"datePublished\":\"2026-03-09T14:10:29+00:00\",\"breadcrumb\":{\"@id\":\"https:\\\/\\\/taphoaok.click\\\/index.php\\\/san-pham\\\/dau-goi-head-shoulders-bac-ha-mat-lanh-cool-menthol-hasaki-san-pham-chinh-hang\\\/#breadcrumb\"},\"inLanguage\":\"vi\",\"potentialAction\":[{\"@type\":\"ReadAction\",\"target\":[\"https:\\\/\\\/taphoaok.click\\\/index.php\\\/san-pham\\\/dau-goi-head-shoulders-bac-ha-mat-lanh-cool-menthol-hasaki-san-pham-chinh-hang\\\/\"]}]},{\"@type\":\"ImageObject\",\"inLanguage\":\"vi\",\"@id\":\"https:\\\/\\\/taphoaok.click\\\/index.php\\\/san-pham\\\/dau-goi-head-shoulders-bac-ha-mat-lanh-cool-menthol-hasaki-san-pham-chinh-hang\\\/#primaryimage\",\"url\":\"https:\\\/\\\/taphoaok.click\\\/wp-content\\\/uploads\\\/2026\\\/03\\\/sg-11134201-82629-mjqd11mibmdjc7.webp\",\"contentUrl\":\"https:\\\/\\\/taphoaok.click\\\/wp-content\\\/uploads\\\/2026\\\/03\\\/sg-11134201-82629-mjqd11mibmdjc7.webp\",\"width\":1024,\"height\":1024},{\"@type\":\"BreadcrumbList\",\"@id\":\"https:\\\/\\\/taphoaok.click\\\/index.php\\\/san-pham\\\/dau-goi-head-shoulders-bac-ha-mat-lanh-cool-menthol-hasaki-san-pham-chinh-hang\\\/#breadcrumb\",\"itemListElement\":[{\"@type\":\"ListItem\",\"position\":1,\"name\":\"Trang ch\u1ee7\",\"item\":\"https:\\\/\\\/taphoaok.click\\\/\"},{\"@type\":\"ListItem\",\"position\":2,\"name\":\"C\u1eeda h\u00e0ng\",\"item\":\"https:\\\/\\\/taphoaok.click\\\/index.php\\\/cua-hang\\\/\"},{\"@type\":\"ListItem\",\"position\":3,\"name\":\"D\u1ea7u G\u1ed9i Head &#038; Shoulders B\u1ea1c H\u00e0 M\u00e1t L\u1ea1nh Cool Menthol Hasaki S\u1ea3n Ph\u1ea9m Ch\u00ednh H\u00e3ng\"}]},{\"@type\":\"WebSite\",\"@id\":\"https:\\\/\\\/taphoaok.click\\\/#website\",\"url\":\"https:\\\/\\\/taphoaok.click\\\/\",\"name\":\"\",\"description\":\"\",\"potentialAction\":[{\"@type\":\"SearchAction\",\"target\":{\"@type\":\"EntryPoint\",\"urlTemplate\":\"https:\\\/\\\/taphoaok.click\\\/?s={search_term_string}\"},\"query-input\":{\"@type\":\"PropertyValueSpecification\",\"valueRequired\":true,\"valueName\":\"search_term_string\"}}],\"inLanguage\":\"vi\"}]}<\/script>\n<!-- \/ Yoast SEO plugin. -->","yoast_head_json":{"title":"D\u1ea7u G\u1ed9i Head & Shoulders B\u1ea1c H\u00e0 M\u00e1t L\u1ea1nh Cool Menthol Hasaki S\u1ea3n Ph\u1ea9m Ch\u00ednh H\u00e3ng -","robots":{"index":"index","follow":"follow","max-snippet":"max-snippet:-1","max-image-preview":"max-image-preview:large","max-video-preview":"max-video-preview:-1"},"canonical":"https:\/\/taphoaok.click\/index.php\/san-pham\/dau-goi-head-shoulders-bac-ha-mat-lanh-cool-menthol-hasaki-san-pham-chinh-hang\/","og_locale":"vi_VN","og_type":"article","og_title":"D\u1ea7u G\u1ed9i Head & Shoulders B\u1ea1c H\u00e0 M\u00e1t L\u1ea1nh Cool Menthol Hasaki S\u1ea3n Ph\u1ea9m Ch\u00ednh H\u00e3ng -","og_description":"D\u1ea7u G\u1ed9i Head &amp; Shoulders B\u1ea1c H\u00e0 M\u00e1t L\u1ea1nh Cool Menthol v\u1edbi c\u00f4ng th\u1ee9c ch\u1ee9a b\u1ea1c h\u00e0 l\u00e0m m\u00e1t l\u1ea1nh v\u00e0 nu\u00f4i d\u01b0\u1ee1ng da \u0111\u1ea7u, mang l\u1ea1i cho b\u1ea1n c\u1ea3m gi\u00e1c m\u00e1t m\u1ebb s\u1ea3ng kho\u00e1i v\u00e0 m\u00e1i t\u00f3c s\u1ea1ch g\u00e0u, m\u1ec1m m\u01b0\u1ee3t d\u1ec5 ch\u1ea3i. 625ml C\u00d4NG D\u1ee4NG Gi\u00fap l\u00e0m s\u1ea1ch g\u00e0u v\u00e0 ng\u0103n g\u00e0u tr\u1edf [&hellip;]","og_url":"https:\/\/taphoaok.click\/index.php\/san-pham\/dau-goi-head-shoulders-bac-ha-mat-lanh-cool-menthol-hasaki-san-pham-chinh-hang\/","og_image":[{"width":1024,"height":1024,"url":"https:\/\/taphoaok.click\/wp-content\/uploads\/2026\/03\/sg-11134201-82629-mjqd11mibmdjc7.webp","type":"image\/webp"}],"twitter_card":"summary_large_image","twitter_misc":{"\u01af\u1edbc t\u00ednh th\u1eddi gian \u0111\u1ecdc":"1 ph\u00fat"},"schema":{"@context":"https:\/\/schema.org","@graph":[{"@type":"WebPage","@id":"https:\/\/taphoaok.click\/index.php\/san-pham\/dau-goi-head-shoulders-bac-ha-mat-lanh-cool-menthol-hasaki-san-pham-chinh-hang\/","url":"https:\/\/taphoaok.click\/index.php\/san-pham\/dau-goi-head-shoulders-bac-ha-mat-lanh-cool-menthol-hasaki-san-pham-chinh-hang\/","name":"D\u1ea7u G\u1ed9i Head & Shoulders B\u1ea1c H\u00e0 M\u00e1t L\u1ea1nh Cool Menthol Hasaki S\u1ea3n Ph\u1ea9m Ch\u00ednh H\u00e3ng -","isPartOf":{"@id":"https:\/\/taphoaok.click\/#website"},"primaryImageOfPage":{"@id":"https:\/\/taphoaok.click\/index.php\/san-pham\/dau-goi-head-shoulders-bac-ha-mat-lanh-cool-menthol-hasaki-san-pham-chinh-hang\/#primaryimage"},"image":{"@id":"https:\/\/taphoaok.click\/index.php\/san-pham\/dau-goi-head-shoulders-bac-ha-mat-lanh-cool-menthol-hasaki-san-pham-chinh-hang\/#primaryimage"},"thumbnailUrl":"https:\/\/taphoaok.click\/wp-content\/uploads\/2026\/03\/sg-11134201-82629-mjqd11mibmdjc7.webp","datePublished":"2026-03-09T14:10:29+00:00","breadcrumb":{"@id":"https:\/\/taphoaok.click\/index.php\/san-pham\/dau-goi-head-shoulders-bac-ha-mat-lanh-cool-menthol-hasaki-san-pham-chinh-hang\/#breadcrumb"},"inLanguage":"vi","potentialAction":[{"@type":"ReadAction","target":["https:\/\/taphoaok.click\/index.php\/san-pham\/dau-goi-head-shoulders-bac-ha-mat-lanh-cool-menthol-hasaki-san-pham-chinh-hang\/"]}]},{"@type":"ImageObject","inLanguage":"vi","@id":"https:\/\/taphoaok.click\/index.php\/san-pham\/dau-goi-head-shoulders-bac-ha-mat-lanh-cool-menthol-hasaki-san-pham-chinh-hang\/#primaryimage","url":"https:\/\/taphoaok.click\/wp-content\/uploads\/2026\/03\/sg-11134201-82629-mjqd11mibmdjc7.webp","contentUrl":"https:\/\/taphoaok.click\/wp-content\/uploads\/2026\/03\/sg-11134201-82629-mjqd11mibmdjc7.webp","width":1024,"height":1024},{"@type":"BreadcrumbList","@id":"https:\/\/taphoaok.click\/index.php\/san-pham\/dau-goi-head-shoulders-bac-ha-mat-lanh-cool-menthol-hasaki-san-pham-chinh-hang\/#breadcrumb","itemListElement":[{"@type":"ListItem","position":1,"name":"Trang ch\u1ee7","item":"https:\/\/taphoaok.click\/"},{"@type":"ListItem","position":2,"name":"C\u1eeda h\u00e0ng","item":"https:\/\/taphoaok.click\/index.php\/cua-hang\/"},{"@type":"ListItem","position":3,"name":"D\u1ea7u G\u1ed9i Head &#038; Shoulders B\u1ea1c H\u00e0 M\u00e1t L\u1ea1nh Cool Menthol Hasaki S\u1ea3n Ph\u1ea9m Ch\u00ednh H\u00e3ng"}]},{"@type":"WebSite","@id":"https:\/\/taphoaok.click\/#website","url":"https:\/\/taphoaok.click\/","name":"","description":"","potentialAction":[{"@type":"SearchAction","target":{"@type":"EntryPoint","urlTemplate":"https:\/\/taphoaok.click\/?s={search_term_string}"},"query-input":{"@type":"PropertyValueSpecification","valueRequired":true,"valueName":"search_term_string"}}],"inLanguage":"vi"}]}},"jetpack_sharing_enabled":true,"_links":{"self":[{"href":"https:\/\/taphoaok.click\/index.php\/wp-json\/wp\/v2\/product\/112","targetHints":{"allow":["GET"]}}],"collection":[{"href":"https:\/\/taphoaok.click\/index.php\/wp-json\/wp\/v2\/product"}],"about":[{"href":"https:\/\/taphoaok.click\/index.php\/wp-json\/wp\/v2\/types\/product"}],"replies":[{"embeddable":true,"href":"https:\/\/taphoaok.click\/index.php\/wp-json\/wp\/v2\/comments?post=112"}],"wp:featuredmedia":[{"embeddable":true,"href":"https:\/\/taphoaok.click\/index.php\/wp-json\/wp\/v2\/media\/113"}],"wp:attachment":[{"href":"https:\/\/taphoaok.click\/index.php\/wp-json\/wp\/v2\/media?parent=112"}],"wp:term":[{"taxonomy":"product_brand","embeddable":true,"href":"https:\/\/taphoaok.click\/index.php\/wp-json\/wp\/v2\/product_brand?post=112"},{"taxonomy":"product_cat","embeddable":true,"href":"https:\/\/taphoaok.click\/index.php\/wp-json\/wp\/v2\/product_cat?post=112"},{"taxonomy":"product_tag","embeddable":true,"href":"https:\/\/taphoaok.click\/index.php\/wp-json\/wp\/v2\/product_tag?post=112"}],"curies":[{"name":"wp","href":"https:\/\/api.w.org\/{rel}","templated":true}]}}