{"id":114,"date":"2026-03-09T14:12:25","date_gmt":"2026-03-09T14:12:25","guid":{"rendered":"https:\/\/taphoaok.click\/?post_type=product&#038;p=114"},"modified":"2026-03-09T14:12:25","modified_gmt":"2026-03-09T14:12:25","slug":"dau-goi-xa-old-spice-2in1-bearglove-650ml","status":"publish","type":"product","link":"https:\/\/taphoaok.click\/index.php\/san-pham\/dau-goi-xa-old-spice-2in1-bearglove-650ml\/","title":{"rendered":"D\u1ea7u G\u1ed9i X\u1ea3 Old Spice 2in1 Bearglove 650Ml"},"content":{"rendered":"<p class=\"QN2lPu\">T\u00ean sa\u0309n ph\u00e2\u0309m: D\u1ea7u G\u1ed9i X\u1ea3 Old Spice 2in1 Bearglove 650Ml<\/p>\n<p class=\"QN2lPu\">Kh\u1ed1i l\u01b0\u1ee3ng t\u1ecbnh \/ Th\u1ec3 t\u00edch th\u1ef1c \/ K\u00edch th\u01b0\u1edbc: 650Ml<\/p>\n<p class=\"QN2lPu\">M\u00e0u s\u1eafc:<\/p>\n<p class=\"QN2lPu\">Xu\u1ea5t x\u1ee9: M\u1ef9<\/p>\n<p class=\"QN2lPu\">Th\u00e0nh ph\u1ea7n: Tham kh\u1ea3o tr\u00ean bao b\u00ec<\/p>\n<p class=\"QN2lPu\">H\u01b0\u1edbng d\u1eabn s\u1eed d\u1ee5ng: L\u00e0m \u01b0\u1edbt t\u00f3c. Cho m\u1ed9t l\u01b0\u1ee3ng v\u1eeba ph\u1ea3i d\u1ea7u G\u1ed9i \u2013 X\u1ea3 Old Spices v\u00e0 xoa \u0111\u1ec1u trong l\u00f2ng b\u00e0n tay, thoa l\u00ean v\u00e0 massage t\u00f3c. X\u1ea3 s\u1ea1ch l\u1ea1i d\u1ea7u g\u1ed9i tr\u00ean t\u00f3c v\u1edbi n\u01b0\u1edbc<\/p>\n<p class=\"QN2lPu\">H\u01b0\u1edbng d\u1eabn b\u1ea3o qu\u1ea3n: B\u1ea3o qu\u1ea3n n\u01a1i kh\u00f4 r\u00e1o, tho\u00e1ng m\u00e1t, tr\u00e1nh \u00e1nh n\u1eafng tr\u1ef1c ti\u1ebfp v\u00e0 nhi\u1ec7t \u0111\u1ed9 cao<\/p>\n","protected":false},"excerpt":{"rendered":"<p>T\u00ean sa\u0309n ph\u00e2\u0309m: D\u1ea7u G\u1ed9i X\u1ea3 Old Spice 2in1 Bearglove 650Ml Kh\u1ed1i l\u01b0\u1ee3ng t\u1ecbnh \/ Th\u1ec3 t\u00edch th\u1ef1c \/ K\u00edch th\u01b0\u1edbc: 650Ml M\u00e0u s\u1eafc: Xu\u1ea5t x\u1ee9: M\u1ef9 Th\u00e0nh ph\u1ea7n: Tham kh\u1ea3o tr\u00ean bao b\u00ec H\u01b0\u1edbng d\u1eabn s\u1eed d\u1ee5ng: L\u00e0m \u01b0\u1edbt t\u00f3c. Cho m\u1ed9t l\u01b0\u1ee3ng v\u1eeba ph\u1ea3i d\u1ea7u G\u1ed9i \u2013 X\u1ea3 Old Spices v\u00e0 xoa \u0111\u1ec1u [&hellip;]<\/p>\n","protected":false},"featured_media":115,"comment_status":"open","ping_status":"closed","template":"","meta":[],"product_brand":[],"product_cat":[22],"product_tag":[],"class_list":{"0":"post-114","1":"product","2":"type-product","3":"status-publish","4":"has-post-thumbnail","6":"product_cat-dau-goi","8":"first","9":"instock","10":"sale","11":"shipping-taxable","12":"purchasable","13":"product-type-simple"},"yoast_head":"<!-- This site is optimized with the Yoast SEO plugin v27.4 - https:\/\/yoast.com\/product\/yoast-seo-wordpress\/ -->\n<title>D\u1ea7u G\u1ed9i X\u1ea3 Old Spice 2in1 Bearglove 650Ml -<\/title>\n<meta name=\"robots\" content=\"index, follow, max-snippet:-1, max-image-preview:large, max-video-preview:-1\" \/>\n<link rel=\"canonical\" href=\"https:\/\/taphoaok.click\/index.php\/san-pham\/dau-goi-xa-old-spice-2in1-bearglove-650ml\/\" \/>\n<meta property=\"og:locale\" content=\"vi_VN\" \/>\n<meta property=\"og:type\" content=\"article\" \/>\n<meta property=\"og:title\" content=\"D\u1ea7u G\u1ed9i X\u1ea3 Old Spice 2in1 Bearglove 650Ml -\" \/>\n<meta property=\"og:description\" content=\"T\u00ean sa\u0309n ph\u00e2\u0309m: D\u1ea7u G\u1ed9i X\u1ea3 Old Spice 2in1 Bearglove 650Ml Kh\u1ed1i l\u01b0\u1ee3ng t\u1ecbnh \/ Th\u1ec3 t\u00edch th\u1ef1c \/ K\u00edch th\u01b0\u1edbc: 650Ml M\u00e0u s\u1eafc: Xu\u1ea5t x\u1ee9: M\u1ef9 Th\u00e0nh ph\u1ea7n: Tham kh\u1ea3o tr\u00ean bao b\u00ec H\u01b0\u1edbng d\u1eabn s\u1eed d\u1ee5ng: L\u00e0m \u01b0\u1edbt t\u00f3c. Cho m\u1ed9t l\u01b0\u1ee3ng v\u1eeba ph\u1ea3i d\u1ea7u G\u1ed9i \u2013 X\u1ea3 Old Spices v\u00e0 xoa \u0111\u1ec1u [&hellip;]\" \/>\n<meta property=\"og:url\" content=\"https:\/\/taphoaok.click\/index.php\/san-pham\/dau-goi-xa-old-spice-2in1-bearglove-650ml\/\" \/>\n<meta property=\"og:image\" content=\"https:\/\/taphoaok.click\/wp-content\/uploads\/2026\/03\/vn-11134207-820l4-mf75r7l1t4b2ee@resize_w900_nl.webp\" \/>\n\t<meta property=\"og:image:width\" content=\"600\" \/>\n\t<meta property=\"og:image:height\" content=\"600\" \/>\n\t<meta property=\"og:image:type\" content=\"image\/webp\" \/>\n<meta name=\"twitter:card\" content=\"summary_large_image\" \/>\n<meta name=\"twitter:label1\" content=\"\u01af\u1edbc t\u00ednh th\u1eddi gian \u0111\u1ecdc\" \/>\n\t<meta name=\"twitter:data1\" content=\"1 ph\u00fat\" \/>\n<script type=\"application\/ld+json\" class=\"yoast-schema-graph\">{\"@context\":\"https:\\\/\\\/schema.org\",\"@graph\":[{\"@type\":\"WebPage\",\"@id\":\"https:\\\/\\\/taphoaok.click\\\/index.php\\\/san-pham\\\/dau-goi-xa-old-spice-2in1-bearglove-650ml\\\/\",\"url\":\"https:\\\/\\\/taphoaok.click\\\/index.php\\\/san-pham\\\/dau-goi-xa-old-spice-2in1-bearglove-650ml\\\/\",\"name\":\"D\u1ea7u G\u1ed9i X\u1ea3 Old Spice 2in1 Bearglove 650Ml -\",\"isPartOf\":{\"@id\":\"https:\\\/\\\/taphoaok.click\\\/#website\"},\"primaryImageOfPage\":{\"@id\":\"https:\\\/\\\/taphoaok.click\\\/index.php\\\/san-pham\\\/dau-goi-xa-old-spice-2in1-bearglove-650ml\\\/#primaryimage\"},\"image\":{\"@id\":\"https:\\\/\\\/taphoaok.click\\\/index.php\\\/san-pham\\\/dau-goi-xa-old-spice-2in1-bearglove-650ml\\\/#primaryimage\"},\"thumbnailUrl\":\"https:\\\/\\\/taphoaok.click\\\/wp-content\\\/uploads\\\/2026\\\/03\\\/vn-11134207-820l4-mf75r7l1t4b2ee@resize_w900_nl.webp\",\"datePublished\":\"2026-03-09T14:12:25+00:00\",\"breadcrumb\":{\"@id\":\"https:\\\/\\\/taphoaok.click\\\/index.php\\\/san-pham\\\/dau-goi-xa-old-spice-2in1-bearglove-650ml\\\/#breadcrumb\"},\"inLanguage\":\"vi\",\"potentialAction\":[{\"@type\":\"ReadAction\",\"target\":[\"https:\\\/\\\/taphoaok.click\\\/index.php\\\/san-pham\\\/dau-goi-xa-old-spice-2in1-bearglove-650ml\\\/\"]}]},{\"@type\":\"ImageObject\",\"inLanguage\":\"vi\",\"@id\":\"https:\\\/\\\/taphoaok.click\\\/index.php\\\/san-pham\\\/dau-goi-xa-old-spice-2in1-bearglove-650ml\\\/#primaryimage\",\"url\":\"https:\\\/\\\/taphoaok.click\\\/wp-content\\\/uploads\\\/2026\\\/03\\\/vn-11134207-820l4-mf75r7l1t4b2ee@resize_w900_nl.webp\",\"contentUrl\":\"https:\\\/\\\/taphoaok.click\\\/wp-content\\\/uploads\\\/2026\\\/03\\\/vn-11134207-820l4-mf75r7l1t4b2ee@resize_w900_nl.webp\",\"width\":600,\"height\":600},{\"@type\":\"BreadcrumbList\",\"@id\":\"https:\\\/\\\/taphoaok.click\\\/index.php\\\/san-pham\\\/dau-goi-xa-old-spice-2in1-bearglove-650ml\\\/#breadcrumb\",\"itemListElement\":[{\"@type\":\"ListItem\",\"position\":1,\"name\":\"Trang ch\u1ee7\",\"item\":\"https:\\\/\\\/taphoaok.click\\\/\"},{\"@type\":\"ListItem\",\"position\":2,\"name\":\"C\u1eeda h\u00e0ng\",\"item\":\"https:\\\/\\\/taphoaok.click\\\/index.php\\\/cua-hang\\\/\"},{\"@type\":\"ListItem\",\"position\":3,\"name\":\"D\u1ea7u G\u1ed9i X\u1ea3 Old Spice 2in1 Bearglove 650Ml\"}]},{\"@type\":\"WebSite\",\"@id\":\"https:\\\/\\\/taphoaok.click\\\/#website\",\"url\":\"https:\\\/\\\/taphoaok.click\\\/\",\"name\":\"\",\"description\":\"\",\"potentialAction\":[{\"@type\":\"SearchAction\",\"target\":{\"@type\":\"EntryPoint\",\"urlTemplate\":\"https:\\\/\\\/taphoaok.click\\\/?s={search_term_string}\"},\"query-input\":{\"@type\":\"PropertyValueSpecification\",\"valueRequired\":true,\"valueName\":\"search_term_string\"}}],\"inLanguage\":\"vi\"}]}<\/script>\n<!-- \/ Yoast SEO plugin. -->","yoast_head_json":{"title":"D\u1ea7u G\u1ed9i X\u1ea3 Old Spice 2in1 Bearglove 650Ml -","robots":{"index":"index","follow":"follow","max-snippet":"max-snippet:-1","max-image-preview":"max-image-preview:large","max-video-preview":"max-video-preview:-1"},"canonical":"https:\/\/taphoaok.click\/index.php\/san-pham\/dau-goi-xa-old-spice-2in1-bearglove-650ml\/","og_locale":"vi_VN","og_type":"article","og_title":"D\u1ea7u G\u1ed9i X\u1ea3 Old Spice 2in1 Bearglove 650Ml -","og_description":"T\u00ean sa\u0309n ph\u00e2\u0309m: D\u1ea7u G\u1ed9i X\u1ea3 Old Spice 2in1 Bearglove 650Ml Kh\u1ed1i l\u01b0\u1ee3ng t\u1ecbnh \/ Th\u1ec3 t\u00edch th\u1ef1c \/ K\u00edch th\u01b0\u1edbc: 650Ml M\u00e0u s\u1eafc: Xu\u1ea5t x\u1ee9: M\u1ef9 Th\u00e0nh ph\u1ea7n: Tham kh\u1ea3o tr\u00ean bao b\u00ec H\u01b0\u1edbng d\u1eabn s\u1eed d\u1ee5ng: L\u00e0m \u01b0\u1edbt t\u00f3c. Cho m\u1ed9t l\u01b0\u1ee3ng v\u1eeba ph\u1ea3i d\u1ea7u G\u1ed9i \u2013 X\u1ea3 Old Spices v\u00e0 xoa \u0111\u1ec1u [&hellip;]","og_url":"https:\/\/taphoaok.click\/index.php\/san-pham\/dau-goi-xa-old-spice-2in1-bearglove-650ml\/","og_image":[{"width":600,"height":600,"url":"https:\/\/taphoaok.click\/wp-content\/uploads\/2026\/03\/vn-11134207-820l4-mf75r7l1t4b2ee@resize_w900_nl.webp","type":"image\/webp"}],"twitter_card":"summary_large_image","twitter_misc":{"\u01af\u1edbc t\u00ednh th\u1eddi gian \u0111\u1ecdc":"1 ph\u00fat"},"schema":{"@context":"https:\/\/schema.org","@graph":[{"@type":"WebPage","@id":"https:\/\/taphoaok.click\/index.php\/san-pham\/dau-goi-xa-old-spice-2in1-bearglove-650ml\/","url":"https:\/\/taphoaok.click\/index.php\/san-pham\/dau-goi-xa-old-spice-2in1-bearglove-650ml\/","name":"D\u1ea7u G\u1ed9i X\u1ea3 Old Spice 2in1 Bearglove 650Ml -","isPartOf":{"@id":"https:\/\/taphoaok.click\/#website"},"primaryImageOfPage":{"@id":"https:\/\/taphoaok.click\/index.php\/san-pham\/dau-goi-xa-old-spice-2in1-bearglove-650ml\/#primaryimage"},"image":{"@id":"https:\/\/taphoaok.click\/index.php\/san-pham\/dau-goi-xa-old-spice-2in1-bearglove-650ml\/#primaryimage"},"thumbnailUrl":"https:\/\/taphoaok.click\/wp-content\/uploads\/2026\/03\/vn-11134207-820l4-mf75r7l1t4b2ee@resize_w900_nl.webp","datePublished":"2026-03-09T14:12:25+00:00","breadcrumb":{"@id":"https:\/\/taphoaok.click\/index.php\/san-pham\/dau-goi-xa-old-spice-2in1-bearglove-650ml\/#breadcrumb"},"inLanguage":"vi","potentialAction":[{"@type":"ReadAction","target":["https:\/\/taphoaok.click\/index.php\/san-pham\/dau-goi-xa-old-spice-2in1-bearglove-650ml\/"]}]},{"@type":"ImageObject","inLanguage":"vi","@id":"https:\/\/taphoaok.click\/index.php\/san-pham\/dau-goi-xa-old-spice-2in1-bearglove-650ml\/#primaryimage","url":"https:\/\/taphoaok.click\/wp-content\/uploads\/2026\/03\/vn-11134207-820l4-mf75r7l1t4b2ee@resize_w900_nl.webp","contentUrl":"https:\/\/taphoaok.click\/wp-content\/uploads\/2026\/03\/vn-11134207-820l4-mf75r7l1t4b2ee@resize_w900_nl.webp","width":600,"height":600},{"@type":"BreadcrumbList","@id":"https:\/\/taphoaok.click\/index.php\/san-pham\/dau-goi-xa-old-spice-2in1-bearglove-650ml\/#breadcrumb","itemListElement":[{"@type":"ListItem","position":1,"name":"Trang ch\u1ee7","item":"https:\/\/taphoaok.click\/"},{"@type":"ListItem","position":2,"name":"C\u1eeda h\u00e0ng","item":"https:\/\/taphoaok.click\/index.php\/cua-hang\/"},{"@type":"ListItem","position":3,"name":"D\u1ea7u G\u1ed9i X\u1ea3 Old Spice 2in1 Bearglove 650Ml"}]},{"@type":"WebSite","@id":"https:\/\/taphoaok.click\/#website","url":"https:\/\/taphoaok.click\/","name":"","description":"","potentialAction":[{"@type":"SearchAction","target":{"@type":"EntryPoint","urlTemplate":"https:\/\/taphoaok.click\/?s={search_term_string}"},"query-input":{"@type":"PropertyValueSpecification","valueRequired":true,"valueName":"search_term_string"}}],"inLanguage":"vi"}]}},"jetpack_sharing_enabled":true,"_links":{"self":[{"href":"https:\/\/taphoaok.click\/index.php\/wp-json\/wp\/v2\/product\/114","targetHints":{"allow":["GET"]}}],"collection":[{"href":"https:\/\/taphoaok.click\/index.php\/wp-json\/wp\/v2\/product"}],"about":[{"href":"https:\/\/taphoaok.click\/index.php\/wp-json\/wp\/v2\/types\/product"}],"replies":[{"embeddable":true,"href":"https:\/\/taphoaok.click\/index.php\/wp-json\/wp\/v2\/comments?post=114"}],"wp:featuredmedia":[{"embeddable":true,"href":"https:\/\/taphoaok.click\/index.php\/wp-json\/wp\/v2\/media\/115"}],"wp:attachment":[{"href":"https:\/\/taphoaok.click\/index.php\/wp-json\/wp\/v2\/media?parent=114"}],"wp:term":[{"taxonomy":"product_brand","embeddable":true,"href":"https:\/\/taphoaok.click\/index.php\/wp-json\/wp\/v2\/product_brand?post=114"},{"taxonomy":"product_cat","embeddable":true,"href":"https:\/\/taphoaok.click\/index.php\/wp-json\/wp\/v2\/product_cat?post=114"},{"taxonomy":"product_tag","embeddable":true,"href":"https:\/\/taphoaok.click\/index.php\/wp-json\/wp\/v2\/product_tag?post=114"}],"curies":[{"name":"wp","href":"https:\/\/api.w.org\/{rel}","templated":true}]}}