{"id":124,"date":"2026-03-09T14:22:00","date_gmt":"2026-03-09T14:22:00","guid":{"rendered":"https:\/\/taphoaok.click\/?post_type=product&#038;p=124"},"modified":"2026-03-09T14:22:00","modified_gmt":"2026-03-09T14:22:00","slug":"nuoc-tang-luc-sting-huong-dau-tay-do-330ml","status":"publish","type":"product","link":"https:\/\/taphoaok.click\/index.php\/san-pham\/nuoc-tang-luc-sting-huong-dau-tay-do-330ml\/","title":{"rendered":"N\u01b0\u1edbc t\u0103ng l\u1ef1c Sting h\u01b0\u01a1ng d\u00e2u t\u00e2y \u0111\u1ecf 330ml"},"content":{"rendered":"","protected":false},"excerpt":{"rendered":"","protected":false},"featured_media":125,"comment_status":"open","ping_status":"closed","template":"","meta":[],"product_brand":[],"product_cat":[23],"product_tag":[],"class_list":{"0":"post-124","1":"product","2":"type-product","3":"status-publish","4":"has-post-thumbnail","6":"product_cat-nuoc-ngot","8":"first","9":"instock","10":"shipping-taxable","11":"purchasable","12":"product-type-simple"},"yoast_head":"<!-- This site is optimized with the Yoast SEO plugin v27.4 - https:\/\/yoast.com\/product\/yoast-seo-wordpress\/ -->\n<title>N\u01b0\u1edbc t\u0103ng l\u1ef1c Sting h\u01b0\u01a1ng d\u00e2u t\u00e2y \u0111\u1ecf 330ml -<\/title>\n<meta name=\"robots\" content=\"index, follow, max-snippet:-1, max-image-preview:large, max-video-preview:-1\" \/>\n<link rel=\"canonical\" href=\"https:\/\/taphoaok.click\/index.php\/san-pham\/nuoc-tang-luc-sting-huong-dau-tay-do-330ml\/\" \/>\n<meta property=\"og:locale\" content=\"vi_VN\" \/>\n<meta property=\"og:type\" content=\"article\" \/>\n<meta property=\"og:title\" content=\"N\u01b0\u1edbc t\u0103ng l\u1ef1c Sting h\u01b0\u01a1ng d\u00e2u t\u00e2y \u0111\u1ecf 330ml -\" \/>\n<meta property=\"og:url\" content=\"https:\/\/taphoaok.click\/index.php\/san-pham\/nuoc-tang-luc-sting-huong-dau-tay-do-330ml\/\" \/>\n<meta property=\"og:image\" content=\"https:\/\/taphoaok.click\/wp-content\/uploads\/2026\/03\/vn-11134207-7qukw-lkj0krjsg7u02c@resize_w900_nl.webp\" \/>\n\t<meta property=\"og:image:width\" content=\"872\" \/>\n\t<meta property=\"og:image:height\" content=\"872\" \/>\n\t<meta property=\"og:image:type\" content=\"image\/webp\" \/>\n<meta name=\"twitter:card\" content=\"summary_large_image\" \/>\n<meta name=\"twitter:label1\" content=\"\u01af\u1edbc t\u00ednh th\u1eddi gian \u0111\u1ecdc\" \/>\n\t<meta name=\"twitter:data1\" content=\"1 ph\u00fat\" \/>\n<script type=\"application\/ld+json\" class=\"yoast-schema-graph\">{\"@context\":\"https:\\\/\\\/schema.org\",\"@graph\":[{\"@type\":\"WebPage\",\"@id\":\"https:\\\/\\\/taphoaok.click\\\/index.php\\\/san-pham\\\/nuoc-tang-luc-sting-huong-dau-tay-do-330ml\\\/\",\"url\":\"https:\\\/\\\/taphoaok.click\\\/index.php\\\/san-pham\\\/nuoc-tang-luc-sting-huong-dau-tay-do-330ml\\\/\",\"name\":\"N\u01b0\u1edbc t\u0103ng l\u1ef1c Sting h\u01b0\u01a1ng d\u00e2u t\u00e2y \u0111\u1ecf 330ml -\",\"isPartOf\":{\"@id\":\"https:\\\/\\\/taphoaok.click\\\/#website\"},\"primaryImageOfPage\":{\"@id\":\"https:\\\/\\\/taphoaok.click\\\/index.php\\\/san-pham\\\/nuoc-tang-luc-sting-huong-dau-tay-do-330ml\\\/#primaryimage\"},\"image\":{\"@id\":\"https:\\\/\\\/taphoaok.click\\\/index.php\\\/san-pham\\\/nuoc-tang-luc-sting-huong-dau-tay-do-330ml\\\/#primaryimage\"},\"thumbnailUrl\":\"https:\\\/\\\/taphoaok.click\\\/wp-content\\\/uploads\\\/2026\\\/03\\\/vn-11134207-7qukw-lkj0krjsg7u02c@resize_w900_nl.webp\",\"datePublished\":\"2026-03-09T14:22:00+00:00\",\"breadcrumb\":{\"@id\":\"https:\\\/\\\/taphoaok.click\\\/index.php\\\/san-pham\\\/nuoc-tang-luc-sting-huong-dau-tay-do-330ml\\\/#breadcrumb\"},\"inLanguage\":\"vi\",\"potentialAction\":[{\"@type\":\"ReadAction\",\"target\":[\"https:\\\/\\\/taphoaok.click\\\/index.php\\\/san-pham\\\/nuoc-tang-luc-sting-huong-dau-tay-do-330ml\\\/\"]}]},{\"@type\":\"ImageObject\",\"inLanguage\":\"vi\",\"@id\":\"https:\\\/\\\/taphoaok.click\\\/index.php\\\/san-pham\\\/nuoc-tang-luc-sting-huong-dau-tay-do-330ml\\\/#primaryimage\",\"url\":\"https:\\\/\\\/taphoaok.click\\\/wp-content\\\/uploads\\\/2026\\\/03\\\/vn-11134207-7qukw-lkj0krjsg7u02c@resize_w900_nl.webp\",\"contentUrl\":\"https:\\\/\\\/taphoaok.click\\\/wp-content\\\/uploads\\\/2026\\\/03\\\/vn-11134207-7qukw-lkj0krjsg7u02c@resize_w900_nl.webp\",\"width\":872,\"height\":872},{\"@type\":\"BreadcrumbList\",\"@id\":\"https:\\\/\\\/taphoaok.click\\\/index.php\\\/san-pham\\\/nuoc-tang-luc-sting-huong-dau-tay-do-330ml\\\/#breadcrumb\",\"itemListElement\":[{\"@type\":\"ListItem\",\"position\":1,\"name\":\"Trang ch\u1ee7\",\"item\":\"https:\\\/\\\/taphoaok.click\\\/\"},{\"@type\":\"ListItem\",\"position\":2,\"name\":\"C\u1eeda h\u00e0ng\",\"item\":\"https:\\\/\\\/taphoaok.click\\\/index.php\\\/cua-hang\\\/\"},{\"@type\":\"ListItem\",\"position\":3,\"name\":\"N\u01b0\u1edbc t\u0103ng l\u1ef1c Sting h\u01b0\u01a1ng d\u00e2u t\u00e2y \u0111\u1ecf 330ml\"}]},{\"@type\":\"WebSite\",\"@id\":\"https:\\\/\\\/taphoaok.click\\\/#website\",\"url\":\"https:\\\/\\\/taphoaok.click\\\/\",\"name\":\"\",\"description\":\"\",\"potentialAction\":[{\"@type\":\"SearchAction\",\"target\":{\"@type\":\"EntryPoint\",\"urlTemplate\":\"https:\\\/\\\/taphoaok.click\\\/?s={search_term_string}\"},\"query-input\":{\"@type\":\"PropertyValueSpecification\",\"valueRequired\":true,\"valueName\":\"search_term_string\"}}],\"inLanguage\":\"vi\"}]}<\/script>\n<!-- \/ Yoast SEO plugin. -->","yoast_head_json":{"title":"N\u01b0\u1edbc t\u0103ng l\u1ef1c Sting h\u01b0\u01a1ng d\u00e2u t\u00e2y \u0111\u1ecf 330ml -","robots":{"index":"index","follow":"follow","max-snippet":"max-snippet:-1","max-image-preview":"max-image-preview:large","max-video-preview":"max-video-preview:-1"},"canonical":"https:\/\/taphoaok.click\/index.php\/san-pham\/nuoc-tang-luc-sting-huong-dau-tay-do-330ml\/","og_locale":"vi_VN","og_type":"article","og_title":"N\u01b0\u1edbc t\u0103ng l\u1ef1c Sting h\u01b0\u01a1ng d\u00e2u t\u00e2y \u0111\u1ecf 330ml -","og_url":"https:\/\/taphoaok.click\/index.php\/san-pham\/nuoc-tang-luc-sting-huong-dau-tay-do-330ml\/","og_image":[{"width":872,"height":872,"url":"https:\/\/taphoaok.click\/wp-content\/uploads\/2026\/03\/vn-11134207-7qukw-lkj0krjsg7u02c@resize_w900_nl.webp","type":"image\/webp"}],"twitter_card":"summary_large_image","twitter_misc":{"\u01af\u1edbc t\u00ednh th\u1eddi gian \u0111\u1ecdc":"1 ph\u00fat"},"schema":{"@context":"https:\/\/schema.org","@graph":[{"@type":"WebPage","@id":"https:\/\/taphoaok.click\/index.php\/san-pham\/nuoc-tang-luc-sting-huong-dau-tay-do-330ml\/","url":"https:\/\/taphoaok.click\/index.php\/san-pham\/nuoc-tang-luc-sting-huong-dau-tay-do-330ml\/","name":"N\u01b0\u1edbc t\u0103ng l\u1ef1c Sting h\u01b0\u01a1ng d\u00e2u t\u00e2y \u0111\u1ecf 330ml -","isPartOf":{"@id":"https:\/\/taphoaok.click\/#website"},"primaryImageOfPage":{"@id":"https:\/\/taphoaok.click\/index.php\/san-pham\/nuoc-tang-luc-sting-huong-dau-tay-do-330ml\/#primaryimage"},"image":{"@id":"https:\/\/taphoaok.click\/index.php\/san-pham\/nuoc-tang-luc-sting-huong-dau-tay-do-330ml\/#primaryimage"},"thumbnailUrl":"https:\/\/taphoaok.click\/wp-content\/uploads\/2026\/03\/vn-11134207-7qukw-lkj0krjsg7u02c@resize_w900_nl.webp","datePublished":"2026-03-09T14:22:00+00:00","breadcrumb":{"@id":"https:\/\/taphoaok.click\/index.php\/san-pham\/nuoc-tang-luc-sting-huong-dau-tay-do-330ml\/#breadcrumb"},"inLanguage":"vi","potentialAction":[{"@type":"ReadAction","target":["https:\/\/taphoaok.click\/index.php\/san-pham\/nuoc-tang-luc-sting-huong-dau-tay-do-330ml\/"]}]},{"@type":"ImageObject","inLanguage":"vi","@id":"https:\/\/taphoaok.click\/index.php\/san-pham\/nuoc-tang-luc-sting-huong-dau-tay-do-330ml\/#primaryimage","url":"https:\/\/taphoaok.click\/wp-content\/uploads\/2026\/03\/vn-11134207-7qukw-lkj0krjsg7u02c@resize_w900_nl.webp","contentUrl":"https:\/\/taphoaok.click\/wp-content\/uploads\/2026\/03\/vn-11134207-7qukw-lkj0krjsg7u02c@resize_w900_nl.webp","width":872,"height":872},{"@type":"BreadcrumbList","@id":"https:\/\/taphoaok.click\/index.php\/san-pham\/nuoc-tang-luc-sting-huong-dau-tay-do-330ml\/#breadcrumb","itemListElement":[{"@type":"ListItem","position":1,"name":"Trang ch\u1ee7","item":"https:\/\/taphoaok.click\/"},{"@type":"ListItem","position":2,"name":"C\u1eeda h\u00e0ng","item":"https:\/\/taphoaok.click\/index.php\/cua-hang\/"},{"@type":"ListItem","position":3,"name":"N\u01b0\u1edbc t\u0103ng l\u1ef1c Sting h\u01b0\u01a1ng d\u00e2u t\u00e2y \u0111\u1ecf 330ml"}]},{"@type":"WebSite","@id":"https:\/\/taphoaok.click\/#website","url":"https:\/\/taphoaok.click\/","name":"","description":"","potentialAction":[{"@type":"SearchAction","target":{"@type":"EntryPoint","urlTemplate":"https:\/\/taphoaok.click\/?s={search_term_string}"},"query-input":{"@type":"PropertyValueSpecification","valueRequired":true,"valueName":"search_term_string"}}],"inLanguage":"vi"}]}},"jetpack_sharing_enabled":true,"_links":{"self":[{"href":"https:\/\/taphoaok.click\/index.php\/wp-json\/wp\/v2\/product\/124","targetHints":{"allow":["GET"]}}],"collection":[{"href":"https:\/\/taphoaok.click\/index.php\/wp-json\/wp\/v2\/product"}],"about":[{"href":"https:\/\/taphoaok.click\/index.php\/wp-json\/wp\/v2\/types\/product"}],"replies":[{"embeddable":true,"href":"https:\/\/taphoaok.click\/index.php\/wp-json\/wp\/v2\/comments?post=124"}],"wp:featuredmedia":[{"embeddable":true,"href":"https:\/\/taphoaok.click\/index.php\/wp-json\/wp\/v2\/media\/125"}],"wp:attachment":[{"href":"https:\/\/taphoaok.click\/index.php\/wp-json\/wp\/v2\/media?parent=124"}],"wp:term":[{"taxonomy":"product_brand","embeddable":true,"href":"https:\/\/taphoaok.click\/index.php\/wp-json\/wp\/v2\/product_brand?post=124"},{"taxonomy":"product_cat","embeddable":true,"href":"https:\/\/taphoaok.click\/index.php\/wp-json\/wp\/v2\/product_cat?post=124"},{"taxonomy":"product_tag","embeddable":true,"href":"https:\/\/taphoaok.click\/index.php\/wp-json\/wp\/v2\/product_tag?post=124"}],"curies":[{"name":"wp","href":"https:\/\/api.w.org\/{rel}","templated":true}]}}