{"id":130,"date":"2026-03-09T14:32:03","date_gmt":"2026-03-09T14:32:03","guid":{"rendered":"https:\/\/taphoaok.click\/?post_type=product&#038;p=130"},"modified":"2026-03-09T14:32:03","modified_gmt":"2026-03-09T14:32:03","slug":"nuoc-tang-luc-sting-sleek-huong-viet-quat-lon-320ml","status":"publish","type":"product","link":"https:\/\/taphoaok.click\/index.php\/san-pham\/nuoc-tang-luc-sting-sleek-huong-viet-quat-lon-320ml\/","title":{"rendered":"N\u01b0\u1edbc t\u0103ng l\u1ef1c Sting Sleek h\u01b0\u01a1ng vi\u1ec7t qu\u1ea5t lon 320ml"},"content":{"rendered":"<p class=\"QN2lPu\">&#8211; N\u01b0\u1edbc t\u0103ng l\u1ef1c Sting Sleek h\u01b0\u01a1ng vi\u1ec7t qu\u1ea5t lon 320ml<\/p>\n<p class=\"QN2lPu\">&#8211; Th\u00e0nh ph\u1ea7n: N\u01b0\u1edbc b\u00e3o h\u00f2a CO2, ch\u1ea5t \u0111i\u1ec1u ch\u1ec9nh \u0111\u1ed9 acid, ch\u1ea5t \u1ed5n \u0111\u1ecbnh, h\u1ed7n h\u1ee3p premix, vitamin B3, B6, h\u1ed7n h\u1ee3p h\u01b0\u01a1ng li\u1ec7u vi\u1ec7t qu\u1ea5t gi\u1ed1ng t\u1ef1 nhi\u00ean, chi\u1ebft xu\u1ea5t nh\u00e2n s\u00e2m, ch\u1ea5t b\u1ea3o qu\u1ea3n, ch\u1ea5t t\u1ea1o ng\u1ecdt t\u1ed5ng h\u1ee3p,&#8230;<\/p>\n<p class=\"QN2lPu\">&#8211; H\u01b0\u1edbng d\u1eabn s\u1eed d\u1ee5ng: L\u1eafc nh\u1eb9 tr\u01b0\u1edbc khi u\u1ed1ng, d\u00f9ng ngay sau khi m\u1edf n\u1eafp. Ngon h\u01a1n khi u\u1ed1ng l\u1ea1nh.<\/p>\n<p class=\"QN2lPu\">&#8211; B\u1ea3o qu\u1ea3n: \u0110\u1ec3 n\u01a1i kh\u00f4 r\u00e1o, tho\u00e1ng m\u00e1t, tr\u00e1nh \u00e1nh s\u00e1ng tr\u1ef1c ti\u1ebfp ho\u1eb7c n\u01a1i c\u00f3 nhi\u1ec7t \u0111\u1ed9 cao.<\/p>\n","protected":false},"excerpt":{"rendered":"<p>&#8211; N\u01b0\u1edbc t\u0103ng l\u1ef1c Sting Sleek h\u01b0\u01a1ng vi\u1ec7t qu\u1ea5t lon 320ml &#8211; Th\u00e0nh ph\u1ea7n: N\u01b0\u1edbc b\u00e3o h\u00f2a CO2, ch\u1ea5t \u0111i\u1ec1u ch\u1ec9nh \u0111\u1ed9 acid, ch\u1ea5t \u1ed5n \u0111\u1ecbnh, h\u1ed7n h\u1ee3p premix, vitamin B3, B6, h\u1ed7n h\u1ee3p h\u01b0\u01a1ng li\u1ec7u vi\u1ec7t qu\u1ea5t gi\u1ed1ng t\u1ef1 nhi\u00ean, chi\u1ebft xu\u1ea5t nh\u00e2n s\u00e2m, ch\u1ea5t b\u1ea3o qu\u1ea3n, ch\u1ea5t t\u1ea1o ng\u1ecdt t\u1ed5ng h\u1ee3p,&#8230; &#8211; H\u01b0\u1edbng [&hellip;]<\/p>\n","protected":false},"featured_media":131,"comment_status":"open","ping_status":"closed","template":"","meta":[],"product_brand":[],"product_cat":[23],"product_tag":[],"class_list":{"0":"post-130","1":"product","2":"type-product","3":"status-publish","4":"has-post-thumbnail","6":"product_cat-nuoc-ngot","8":"first","9":"instock","10":"shipping-taxable","11":"purchasable","12":"product-type-simple"},"yoast_head":"<!-- This site is optimized with the Yoast SEO plugin v27.4 - https:\/\/yoast.com\/product\/yoast-seo-wordpress\/ -->\n<title>N\u01b0\u1edbc t\u0103ng l\u1ef1c Sting Sleek h\u01b0\u01a1ng vi\u1ec7t qu\u1ea5t lon 320ml -<\/title>\n<meta name=\"robots\" content=\"index, follow, max-snippet:-1, max-image-preview:large, max-video-preview:-1\" \/>\n<link rel=\"canonical\" href=\"https:\/\/taphoaok.click\/index.php\/san-pham\/nuoc-tang-luc-sting-sleek-huong-viet-quat-lon-320ml\/\" \/>\n<meta property=\"og:locale\" content=\"vi_VN\" \/>\n<meta property=\"og:type\" content=\"article\" \/>\n<meta property=\"og:title\" content=\"N\u01b0\u1edbc t\u0103ng l\u1ef1c Sting Sleek h\u01b0\u01a1ng vi\u1ec7t qu\u1ea5t lon 320ml -\" \/>\n<meta property=\"og:description\" content=\"&#8211; N\u01b0\u1edbc t\u0103ng l\u1ef1c Sting Sleek h\u01b0\u01a1ng vi\u1ec7t qu\u1ea5t lon 320ml &#8211; Th\u00e0nh ph\u1ea7n: N\u01b0\u1edbc b\u00e3o h\u00f2a CO2, ch\u1ea5t \u0111i\u1ec1u ch\u1ec9nh \u0111\u1ed9 acid, ch\u1ea5t \u1ed5n \u0111\u1ecbnh, h\u1ed7n h\u1ee3p premix, vitamin B3, B6, h\u1ed7n h\u1ee3p h\u01b0\u01a1ng li\u1ec7u vi\u1ec7t qu\u1ea5t gi\u1ed1ng t\u1ef1 nhi\u00ean, chi\u1ebft xu\u1ea5t nh\u00e2n s\u00e2m, ch\u1ea5t b\u1ea3o qu\u1ea3n, ch\u1ea5t t\u1ea1o ng\u1ecdt t\u1ed5ng h\u1ee3p,&#8230; &#8211; H\u01b0\u1edbng [&hellip;]\" \/>\n<meta property=\"og:url\" content=\"https:\/\/taphoaok.click\/index.php\/san-pham\/nuoc-tang-luc-sting-sleek-huong-viet-quat-lon-320ml\/\" \/>\n<meta property=\"og:image\" content=\"https:\/\/taphoaok.click\/wp-content\/uploads\/2026\/03\/vn-11134207-7ra0g-m8su626v5q2s97@resize_w900_nl.webp\" \/>\n\t<meta property=\"og:image:width\" content=\"900\" \/>\n\t<meta property=\"og:image:height\" content=\"900\" \/>\n\t<meta property=\"og:image:type\" content=\"image\/webp\" \/>\n<meta name=\"twitter:card\" content=\"summary_large_image\" \/>\n<meta name=\"twitter:label1\" content=\"\u01af\u1edbc t\u00ednh th\u1eddi gian \u0111\u1ecdc\" \/>\n\t<meta name=\"twitter:data1\" content=\"1 ph\u00fat\" \/>\n<script type=\"application\/ld+json\" class=\"yoast-schema-graph\">{\"@context\":\"https:\\\/\\\/schema.org\",\"@graph\":[{\"@type\":\"WebPage\",\"@id\":\"https:\\\/\\\/taphoaok.click\\\/index.php\\\/san-pham\\\/nuoc-tang-luc-sting-sleek-huong-viet-quat-lon-320ml\\\/\",\"url\":\"https:\\\/\\\/taphoaok.click\\\/index.php\\\/san-pham\\\/nuoc-tang-luc-sting-sleek-huong-viet-quat-lon-320ml\\\/\",\"name\":\"N\u01b0\u1edbc t\u0103ng l\u1ef1c Sting Sleek h\u01b0\u01a1ng vi\u1ec7t qu\u1ea5t lon 320ml -\",\"isPartOf\":{\"@id\":\"https:\\\/\\\/taphoaok.click\\\/#website\"},\"primaryImageOfPage\":{\"@id\":\"https:\\\/\\\/taphoaok.click\\\/index.php\\\/san-pham\\\/nuoc-tang-luc-sting-sleek-huong-viet-quat-lon-320ml\\\/#primaryimage\"},\"image\":{\"@id\":\"https:\\\/\\\/taphoaok.click\\\/index.php\\\/san-pham\\\/nuoc-tang-luc-sting-sleek-huong-viet-quat-lon-320ml\\\/#primaryimage\"},\"thumbnailUrl\":\"https:\\\/\\\/taphoaok.click\\\/wp-content\\\/uploads\\\/2026\\\/03\\\/vn-11134207-7ra0g-m8su626v5q2s97@resize_w900_nl.webp\",\"datePublished\":\"2026-03-09T14:32:03+00:00\",\"breadcrumb\":{\"@id\":\"https:\\\/\\\/taphoaok.click\\\/index.php\\\/san-pham\\\/nuoc-tang-luc-sting-sleek-huong-viet-quat-lon-320ml\\\/#breadcrumb\"},\"inLanguage\":\"vi\",\"potentialAction\":[{\"@type\":\"ReadAction\",\"target\":[\"https:\\\/\\\/taphoaok.click\\\/index.php\\\/san-pham\\\/nuoc-tang-luc-sting-sleek-huong-viet-quat-lon-320ml\\\/\"]}]},{\"@type\":\"ImageObject\",\"inLanguage\":\"vi\",\"@id\":\"https:\\\/\\\/taphoaok.click\\\/index.php\\\/san-pham\\\/nuoc-tang-luc-sting-sleek-huong-viet-quat-lon-320ml\\\/#primaryimage\",\"url\":\"https:\\\/\\\/taphoaok.click\\\/wp-content\\\/uploads\\\/2026\\\/03\\\/vn-11134207-7ra0g-m8su626v5q2s97@resize_w900_nl.webp\",\"contentUrl\":\"https:\\\/\\\/taphoaok.click\\\/wp-content\\\/uploads\\\/2026\\\/03\\\/vn-11134207-7ra0g-m8su626v5q2s97@resize_w900_nl.webp\",\"width\":900,\"height\":900},{\"@type\":\"BreadcrumbList\",\"@id\":\"https:\\\/\\\/taphoaok.click\\\/index.php\\\/san-pham\\\/nuoc-tang-luc-sting-sleek-huong-viet-quat-lon-320ml\\\/#breadcrumb\",\"itemListElement\":[{\"@type\":\"ListItem\",\"position\":1,\"name\":\"Trang ch\u1ee7\",\"item\":\"https:\\\/\\\/taphoaok.click\\\/\"},{\"@type\":\"ListItem\",\"position\":2,\"name\":\"C\u1eeda h\u00e0ng\",\"item\":\"https:\\\/\\\/taphoaok.click\\\/index.php\\\/cua-hang\\\/\"},{\"@type\":\"ListItem\",\"position\":3,\"name\":\"N\u01b0\u1edbc t\u0103ng l\u1ef1c Sting Sleek h\u01b0\u01a1ng vi\u1ec7t qu\u1ea5t lon 320ml\"}]},{\"@type\":\"WebSite\",\"@id\":\"https:\\\/\\\/taphoaok.click\\\/#website\",\"url\":\"https:\\\/\\\/taphoaok.click\\\/\",\"name\":\"\",\"description\":\"\",\"potentialAction\":[{\"@type\":\"SearchAction\",\"target\":{\"@type\":\"EntryPoint\",\"urlTemplate\":\"https:\\\/\\\/taphoaok.click\\\/?s={search_term_string}\"},\"query-input\":{\"@type\":\"PropertyValueSpecification\",\"valueRequired\":true,\"valueName\":\"search_term_string\"}}],\"inLanguage\":\"vi\"}]}<\/script>\n<!-- \/ Yoast SEO plugin. -->","yoast_head_json":{"title":"N\u01b0\u1edbc t\u0103ng l\u1ef1c Sting Sleek h\u01b0\u01a1ng vi\u1ec7t qu\u1ea5t lon 320ml -","robots":{"index":"index","follow":"follow","max-snippet":"max-snippet:-1","max-image-preview":"max-image-preview:large","max-video-preview":"max-video-preview:-1"},"canonical":"https:\/\/taphoaok.click\/index.php\/san-pham\/nuoc-tang-luc-sting-sleek-huong-viet-quat-lon-320ml\/","og_locale":"vi_VN","og_type":"article","og_title":"N\u01b0\u1edbc t\u0103ng l\u1ef1c Sting Sleek h\u01b0\u01a1ng vi\u1ec7t qu\u1ea5t lon 320ml -","og_description":"&#8211; N\u01b0\u1edbc t\u0103ng l\u1ef1c Sting Sleek h\u01b0\u01a1ng vi\u1ec7t qu\u1ea5t lon 320ml &#8211; Th\u00e0nh ph\u1ea7n: N\u01b0\u1edbc b\u00e3o h\u00f2a CO2, ch\u1ea5t \u0111i\u1ec1u ch\u1ec9nh \u0111\u1ed9 acid, ch\u1ea5t \u1ed5n \u0111\u1ecbnh, h\u1ed7n h\u1ee3p premix, vitamin B3, B6, h\u1ed7n h\u1ee3p h\u01b0\u01a1ng li\u1ec7u vi\u1ec7t qu\u1ea5t gi\u1ed1ng t\u1ef1 nhi\u00ean, chi\u1ebft xu\u1ea5t nh\u00e2n s\u00e2m, ch\u1ea5t b\u1ea3o qu\u1ea3n, ch\u1ea5t t\u1ea1o ng\u1ecdt t\u1ed5ng h\u1ee3p,&#8230; &#8211; H\u01b0\u1edbng [&hellip;]","og_url":"https:\/\/taphoaok.click\/index.php\/san-pham\/nuoc-tang-luc-sting-sleek-huong-viet-quat-lon-320ml\/","og_image":[{"width":900,"height":900,"url":"https:\/\/taphoaok.click\/wp-content\/uploads\/2026\/03\/vn-11134207-7ra0g-m8su626v5q2s97@resize_w900_nl.webp","type":"image\/webp"}],"twitter_card":"summary_large_image","twitter_misc":{"\u01af\u1edbc t\u00ednh th\u1eddi gian \u0111\u1ecdc":"1 ph\u00fat"},"schema":{"@context":"https:\/\/schema.org","@graph":[{"@type":"WebPage","@id":"https:\/\/taphoaok.click\/index.php\/san-pham\/nuoc-tang-luc-sting-sleek-huong-viet-quat-lon-320ml\/","url":"https:\/\/taphoaok.click\/index.php\/san-pham\/nuoc-tang-luc-sting-sleek-huong-viet-quat-lon-320ml\/","name":"N\u01b0\u1edbc t\u0103ng l\u1ef1c Sting Sleek h\u01b0\u01a1ng vi\u1ec7t qu\u1ea5t lon 320ml -","isPartOf":{"@id":"https:\/\/taphoaok.click\/#website"},"primaryImageOfPage":{"@id":"https:\/\/taphoaok.click\/index.php\/san-pham\/nuoc-tang-luc-sting-sleek-huong-viet-quat-lon-320ml\/#primaryimage"},"image":{"@id":"https:\/\/taphoaok.click\/index.php\/san-pham\/nuoc-tang-luc-sting-sleek-huong-viet-quat-lon-320ml\/#primaryimage"},"thumbnailUrl":"https:\/\/taphoaok.click\/wp-content\/uploads\/2026\/03\/vn-11134207-7ra0g-m8su626v5q2s97@resize_w900_nl.webp","datePublished":"2026-03-09T14:32:03+00:00","breadcrumb":{"@id":"https:\/\/taphoaok.click\/index.php\/san-pham\/nuoc-tang-luc-sting-sleek-huong-viet-quat-lon-320ml\/#breadcrumb"},"inLanguage":"vi","potentialAction":[{"@type":"ReadAction","target":["https:\/\/taphoaok.click\/index.php\/san-pham\/nuoc-tang-luc-sting-sleek-huong-viet-quat-lon-320ml\/"]}]},{"@type":"ImageObject","inLanguage":"vi","@id":"https:\/\/taphoaok.click\/index.php\/san-pham\/nuoc-tang-luc-sting-sleek-huong-viet-quat-lon-320ml\/#primaryimage","url":"https:\/\/taphoaok.click\/wp-content\/uploads\/2026\/03\/vn-11134207-7ra0g-m8su626v5q2s97@resize_w900_nl.webp","contentUrl":"https:\/\/taphoaok.click\/wp-content\/uploads\/2026\/03\/vn-11134207-7ra0g-m8su626v5q2s97@resize_w900_nl.webp","width":900,"height":900},{"@type":"BreadcrumbList","@id":"https:\/\/taphoaok.click\/index.php\/san-pham\/nuoc-tang-luc-sting-sleek-huong-viet-quat-lon-320ml\/#breadcrumb","itemListElement":[{"@type":"ListItem","position":1,"name":"Trang ch\u1ee7","item":"https:\/\/taphoaok.click\/"},{"@type":"ListItem","position":2,"name":"C\u1eeda h\u00e0ng","item":"https:\/\/taphoaok.click\/index.php\/cua-hang\/"},{"@type":"ListItem","position":3,"name":"N\u01b0\u1edbc t\u0103ng l\u1ef1c Sting Sleek h\u01b0\u01a1ng vi\u1ec7t qu\u1ea5t lon 320ml"}]},{"@type":"WebSite","@id":"https:\/\/taphoaok.click\/#website","url":"https:\/\/taphoaok.click\/","name":"","description":"","potentialAction":[{"@type":"SearchAction","target":{"@type":"EntryPoint","urlTemplate":"https:\/\/taphoaok.click\/?s={search_term_string}"},"query-input":{"@type":"PropertyValueSpecification","valueRequired":true,"valueName":"search_term_string"}}],"inLanguage":"vi"}]}},"jetpack_sharing_enabled":true,"_links":{"self":[{"href":"https:\/\/taphoaok.click\/index.php\/wp-json\/wp\/v2\/product\/130","targetHints":{"allow":["GET"]}}],"collection":[{"href":"https:\/\/taphoaok.click\/index.php\/wp-json\/wp\/v2\/product"}],"about":[{"href":"https:\/\/taphoaok.click\/index.php\/wp-json\/wp\/v2\/types\/product"}],"replies":[{"embeddable":true,"href":"https:\/\/taphoaok.click\/index.php\/wp-json\/wp\/v2\/comments?post=130"}],"wp:featuredmedia":[{"embeddable":true,"href":"https:\/\/taphoaok.click\/index.php\/wp-json\/wp\/v2\/media\/131"}],"wp:attachment":[{"href":"https:\/\/taphoaok.click\/index.php\/wp-json\/wp\/v2\/media?parent=130"}],"wp:term":[{"taxonomy":"product_brand","embeddable":true,"href":"https:\/\/taphoaok.click\/index.php\/wp-json\/wp\/v2\/product_brand?post=130"},{"taxonomy":"product_cat","embeddable":true,"href":"https:\/\/taphoaok.click\/index.php\/wp-json\/wp\/v2\/product_cat?post=130"},{"taxonomy":"product_tag","embeddable":true,"href":"https:\/\/taphoaok.click\/index.php\/wp-json\/wp\/v2\/product_tag?post=130"}],"curies":[{"name":"wp","href":"https:\/\/api.w.org\/{rel}","templated":true}]}}