{"id":138,"date":"2026-03-09T14:37:00","date_gmt":"2026-03-09T14:37:00","guid":{"rendered":"https:\/\/taphoaok.click\/?post_type=product&#038;p=138"},"modified":"2026-03-09T14:37:01","modified_gmt":"2026-03-09T14:37:01","slug":"banh-que-cong-goi-50g-do-thai-lan-vi-truyen-thong-stick-biscuit-original-dorkbua-brand-goi-50g-do","status":"publish","type":"product","link":"https:\/\/taphoaok.click\/index.php\/san-pham\/banh-que-cong-goi-50g-do-thai-lan-vi-truyen-thong-stick-biscuit-original-dorkbua-brand-goi-50g-do\/","title":{"rendered":"B\u00e1nh Que C\u1ecdng (G\u00f3i 50g) \u0110\u1ecf Th\u00e1i Lan V\u1ecb Truy\u1ec1n Th\u1ed1ng Stick Biscuit Original Dorkbua Brand (G\u00f3i 50g &#8211; \u0110\u1ecf)"},"content":{"rendered":"<p class=\"QN2lPu\">B\u00e1nh Que C\u1ecdng (G\u00f3i 50g) \u0110\u1ecf Th\u00e1i Lan V\u1ecb Truy\u00ea\u0300n Th\u00f4\u0301ng Stick Biscuit Original Dorkbua Brand (Go\u0301i 50g &#8211; \u0110o\u0309) l\u00e0 m\u1ed9t lo\u1ea1i b\u00e1nh snack ph\u1ed5 bi\u1ebfn, \u0111\u01b0\u1ee3c bi\u1ebft \u0111\u1ebfn v\u1edbi h\u01b0\u01a1ng v\u1ecb \u0111\u1eadm \u0111\u00e0 v\u00e0 \u0111\u1ed9 gi\u00f2n s\u1ef1 k\u00edch th\u00edch. B\u00e1nh que \u0103n gi\u00f2n, nhai nhi\u1ec1u s\u1ebd th\u1ea5y ngon, \u0111\u1eadm v\u1ecb v\u00e0 c\u00f3 m\u00f9i t\u00f4m th\u01a1m th\u01a1m k\u00edch th\u00edch v\u1ecb gi\u00e1c. B\u00e1nh que Dorkbua v\u1ecb t\u00f4m 20g ti\u1ec7n l\u1ee3i, v\u1eeba xem phim v\u1eeba \u0111\u1ecdc s\u00e1ch c\u0169ng r\u1ea5t th\u00fa v\u1ecb v\u00e0 th\u01b0 gi\u00e3n.<\/p>\n<p class=\"QN2lPu\">Tha\u0300nh ph\u00e2\u0300n: B\u1ed9t l\u00faa m\u00ec, \u0111\u01b0\u1eddng, tinh b\u1ed9t s\u1eafn, d\u1ea7u c\u1ecd, n\u01b0\u1edbc m\u1eafm, mu\u1ed1i i-\u1ed1t, t\u1ecfi, ti\u00eau, b\u1ed9t \u1edbt,&#8230;<\/p>\n<p class=\"QN2lPu\">Quy c\u00e1ch: Go\u0301i 50g<\/p>\n<p class=\"QN2lPu\">H\u1ea1n s\u1eed d\u1ee5ng: 12 th\u00e1ng<\/p>\n","protected":false},"excerpt":{"rendered":"<p>B\u00e1nh Que C\u1ecdng (G\u00f3i 50g) \u0110\u1ecf Th\u00e1i Lan V\u1ecb Truy\u00ea\u0300n Th\u00f4\u0301ng Stick Biscuit Original Dorkbua Brand (Go\u0301i 50g &#8211; \u0110o\u0309) l\u00e0 m\u1ed9t lo\u1ea1i b\u00e1nh snack ph\u1ed5 bi\u1ebfn, \u0111\u01b0\u1ee3c bi\u1ebft \u0111\u1ebfn v\u1edbi h\u01b0\u01a1ng v\u1ecb \u0111\u1eadm \u0111\u00e0 v\u00e0 \u0111\u1ed9 gi\u00f2n s\u1ef1 k\u00edch th\u00edch. B\u00e1nh que \u0103n gi\u00f2n, nhai nhi\u1ec1u s\u1ebd th\u1ea5y ngon, \u0111\u1eadm v\u1ecb v\u00e0 c\u00f3 m\u00f9i [&hellip;]<\/p>\n","protected":false},"featured_media":139,"comment_status":"open","ping_status":"closed","template":"","meta":[],"product_brand":[],"product_cat":[24],"product_tag":[],"class_list":{"0":"post-138","1":"product","2":"type-product","3":"status-publish","4":"has-post-thumbnail","6":"product_cat-snacks","8":"first","9":"instock","10":"shipping-taxable","11":"purchasable","12":"product-type-simple"},"yoast_head":"<!-- This site is optimized with the Yoast SEO plugin v27.4 - https:\/\/yoast.com\/product\/yoast-seo-wordpress\/ -->\n<title>B\u00e1nh Que C\u1ecdng (G\u00f3i 50g) \u0110\u1ecf Th\u00e1i Lan V\u1ecb Truy\u1ec1n Th\u1ed1ng Stick Biscuit Original Dorkbua Brand (G\u00f3i 50g - \u0110\u1ecf) -<\/title>\n<meta name=\"robots\" content=\"index, follow, max-snippet:-1, max-image-preview:large, max-video-preview:-1\" \/>\n<link rel=\"canonical\" href=\"https:\/\/taphoaok.click\/index.php\/san-pham\/banh-que-cong-goi-50g-do-thai-lan-vi-truyen-thong-stick-biscuit-original-dorkbua-brand-goi-50g-do\/\" \/>\n<meta property=\"og:locale\" content=\"vi_VN\" \/>\n<meta property=\"og:type\" content=\"article\" \/>\n<meta property=\"og:title\" content=\"B\u00e1nh Que C\u1ecdng (G\u00f3i 50g) \u0110\u1ecf Th\u00e1i Lan V\u1ecb Truy\u1ec1n Th\u1ed1ng Stick Biscuit Original Dorkbua Brand (G\u00f3i 50g - \u0110\u1ecf) -\" \/>\n<meta property=\"og:description\" content=\"B\u00e1nh Que C\u1ecdng (G\u00f3i 50g) \u0110\u1ecf Th\u00e1i Lan V\u1ecb Truy\u00ea\u0300n Th\u00f4\u0301ng Stick Biscuit Original Dorkbua Brand (Go\u0301i 50g &#8211; \u0110o\u0309) l\u00e0 m\u1ed9t lo\u1ea1i b\u00e1nh snack ph\u1ed5 bi\u1ebfn, \u0111\u01b0\u1ee3c bi\u1ebft \u0111\u1ebfn v\u1edbi h\u01b0\u01a1ng v\u1ecb \u0111\u1eadm \u0111\u00e0 v\u00e0 \u0111\u1ed9 gi\u00f2n s\u1ef1 k\u00edch th\u00edch. B\u00e1nh que \u0103n gi\u00f2n, nhai nhi\u1ec1u s\u1ebd th\u1ea5y ngon, \u0111\u1eadm v\u1ecb v\u00e0 c\u00f3 m\u00f9i [&hellip;]\" \/>\n<meta property=\"og:url\" content=\"https:\/\/taphoaok.click\/index.php\/san-pham\/banh-que-cong-goi-50g-do-thai-lan-vi-truyen-thong-stick-biscuit-original-dorkbua-brand-goi-50g-do\/\" \/>\n<meta property=\"article:modified_time\" content=\"2026-03-09T14:37:01+00:00\" \/>\n<meta property=\"og:image\" content=\"https:\/\/taphoaok.click\/wp-content\/uploads\/2026\/03\/vn-11134207-7r98o-lulq76hp8snmf3.webp\" \/>\n\t<meta property=\"og:image:width\" content=\"1024\" \/>\n\t<meta property=\"og:image:height\" content=\"1024\" \/>\n\t<meta property=\"og:image:type\" content=\"image\/webp\" \/>\n<meta name=\"twitter:card\" content=\"summary_large_image\" \/>\n<meta name=\"twitter:label1\" content=\"\u01af\u1edbc t\u00ednh th\u1eddi gian \u0111\u1ecdc\" \/>\n\t<meta name=\"twitter:data1\" content=\"1 ph\u00fat\" \/>\n<script type=\"application\/ld+json\" class=\"yoast-schema-graph\">{\"@context\":\"https:\\\/\\\/schema.org\",\"@graph\":[{\"@type\":\"WebPage\",\"@id\":\"https:\\\/\\\/taphoaok.click\\\/index.php\\\/san-pham\\\/banh-que-cong-goi-50g-do-thai-lan-vi-truyen-thong-stick-biscuit-original-dorkbua-brand-goi-50g-do\\\/\",\"url\":\"https:\\\/\\\/taphoaok.click\\\/index.php\\\/san-pham\\\/banh-que-cong-goi-50g-do-thai-lan-vi-truyen-thong-stick-biscuit-original-dorkbua-brand-goi-50g-do\\\/\",\"name\":\"B\u00e1nh Que C\u1ecdng (G\u00f3i 50g) \u0110\u1ecf Th\u00e1i Lan V\u1ecb Truy\u1ec1n Th\u1ed1ng Stick Biscuit Original Dorkbua Brand (G\u00f3i 50g - \u0110\u1ecf) -\",\"isPartOf\":{\"@id\":\"https:\\\/\\\/taphoaok.click\\\/#website\"},\"primaryImageOfPage\":{\"@id\":\"https:\\\/\\\/taphoaok.click\\\/index.php\\\/san-pham\\\/banh-que-cong-goi-50g-do-thai-lan-vi-truyen-thong-stick-biscuit-original-dorkbua-brand-goi-50g-do\\\/#primaryimage\"},\"image\":{\"@id\":\"https:\\\/\\\/taphoaok.click\\\/index.php\\\/san-pham\\\/banh-que-cong-goi-50g-do-thai-lan-vi-truyen-thong-stick-biscuit-original-dorkbua-brand-goi-50g-do\\\/#primaryimage\"},\"thumbnailUrl\":\"https:\\\/\\\/taphoaok.click\\\/wp-content\\\/uploads\\\/2026\\\/03\\\/vn-11134207-7r98o-lulq76hp8snmf3.webp\",\"datePublished\":\"2026-03-09T14:37:00+00:00\",\"dateModified\":\"2026-03-09T14:37:01+00:00\",\"breadcrumb\":{\"@id\":\"https:\\\/\\\/taphoaok.click\\\/index.php\\\/san-pham\\\/banh-que-cong-goi-50g-do-thai-lan-vi-truyen-thong-stick-biscuit-original-dorkbua-brand-goi-50g-do\\\/#breadcrumb\"},\"inLanguage\":\"vi\",\"potentialAction\":[{\"@type\":\"ReadAction\",\"target\":[\"https:\\\/\\\/taphoaok.click\\\/index.php\\\/san-pham\\\/banh-que-cong-goi-50g-do-thai-lan-vi-truyen-thong-stick-biscuit-original-dorkbua-brand-goi-50g-do\\\/\"]}]},{\"@type\":\"ImageObject\",\"inLanguage\":\"vi\",\"@id\":\"https:\\\/\\\/taphoaok.click\\\/index.php\\\/san-pham\\\/banh-que-cong-goi-50g-do-thai-lan-vi-truyen-thong-stick-biscuit-original-dorkbua-brand-goi-50g-do\\\/#primaryimage\",\"url\":\"https:\\\/\\\/taphoaok.click\\\/wp-content\\\/uploads\\\/2026\\\/03\\\/vn-11134207-7r98o-lulq76hp8snmf3.webp\",\"contentUrl\":\"https:\\\/\\\/taphoaok.click\\\/wp-content\\\/uploads\\\/2026\\\/03\\\/vn-11134207-7r98o-lulq76hp8snmf3.webp\",\"width\":1024,\"height\":1024},{\"@type\":\"BreadcrumbList\",\"@id\":\"https:\\\/\\\/taphoaok.click\\\/index.php\\\/san-pham\\\/banh-que-cong-goi-50g-do-thai-lan-vi-truyen-thong-stick-biscuit-original-dorkbua-brand-goi-50g-do\\\/#breadcrumb\",\"itemListElement\":[{\"@type\":\"ListItem\",\"position\":1,\"name\":\"Trang ch\u1ee7\",\"item\":\"https:\\\/\\\/taphoaok.click\\\/\"},{\"@type\":\"ListItem\",\"position\":2,\"name\":\"C\u1eeda h\u00e0ng\",\"item\":\"https:\\\/\\\/taphoaok.click\\\/index.php\\\/cua-hang\\\/\"},{\"@type\":\"ListItem\",\"position\":3,\"name\":\"B\u00e1nh Que C\u1ecdng (G\u00f3i 50g) \u0110\u1ecf Th\u00e1i Lan V\u1ecb Truy\u1ec1n Th\u1ed1ng Stick Biscuit Original Dorkbua Brand (G\u00f3i 50g &#8211; \u0110\u1ecf)\"}]},{\"@type\":\"WebSite\",\"@id\":\"https:\\\/\\\/taphoaok.click\\\/#website\",\"url\":\"https:\\\/\\\/taphoaok.click\\\/\",\"name\":\"\",\"description\":\"\",\"potentialAction\":[{\"@type\":\"SearchAction\",\"target\":{\"@type\":\"EntryPoint\",\"urlTemplate\":\"https:\\\/\\\/taphoaok.click\\\/?s={search_term_string}\"},\"query-input\":{\"@type\":\"PropertyValueSpecification\",\"valueRequired\":true,\"valueName\":\"search_term_string\"}}],\"inLanguage\":\"vi\"}]}<\/script>\n<!-- \/ Yoast SEO plugin. -->","yoast_head_json":{"title":"B\u00e1nh Que C\u1ecdng (G\u00f3i 50g) \u0110\u1ecf Th\u00e1i Lan V\u1ecb Truy\u1ec1n Th\u1ed1ng Stick Biscuit Original Dorkbua Brand (G\u00f3i 50g - \u0110\u1ecf) -","robots":{"index":"index","follow":"follow","max-snippet":"max-snippet:-1","max-image-preview":"max-image-preview:large","max-video-preview":"max-video-preview:-1"},"canonical":"https:\/\/taphoaok.click\/index.php\/san-pham\/banh-que-cong-goi-50g-do-thai-lan-vi-truyen-thong-stick-biscuit-original-dorkbua-brand-goi-50g-do\/","og_locale":"vi_VN","og_type":"article","og_title":"B\u00e1nh Que C\u1ecdng (G\u00f3i 50g) \u0110\u1ecf Th\u00e1i Lan V\u1ecb Truy\u1ec1n Th\u1ed1ng Stick Biscuit Original Dorkbua Brand (G\u00f3i 50g - \u0110\u1ecf) -","og_description":"B\u00e1nh Que C\u1ecdng (G\u00f3i 50g) \u0110\u1ecf Th\u00e1i Lan V\u1ecb Truy\u00ea\u0300n Th\u00f4\u0301ng Stick Biscuit Original Dorkbua Brand (Go\u0301i 50g &#8211; \u0110o\u0309) l\u00e0 m\u1ed9t lo\u1ea1i b\u00e1nh snack ph\u1ed5 bi\u1ebfn, \u0111\u01b0\u1ee3c bi\u1ebft \u0111\u1ebfn v\u1edbi h\u01b0\u01a1ng v\u1ecb \u0111\u1eadm \u0111\u00e0 v\u00e0 \u0111\u1ed9 gi\u00f2n s\u1ef1 k\u00edch th\u00edch. B\u00e1nh que \u0103n gi\u00f2n, nhai nhi\u1ec1u s\u1ebd th\u1ea5y ngon, \u0111\u1eadm v\u1ecb v\u00e0 c\u00f3 m\u00f9i [&hellip;]","og_url":"https:\/\/taphoaok.click\/index.php\/san-pham\/banh-que-cong-goi-50g-do-thai-lan-vi-truyen-thong-stick-biscuit-original-dorkbua-brand-goi-50g-do\/","article_modified_time":"2026-03-09T14:37:01+00:00","og_image":[{"width":1024,"height":1024,"url":"https:\/\/taphoaok.click\/wp-content\/uploads\/2026\/03\/vn-11134207-7r98o-lulq76hp8snmf3.webp","type":"image\/webp"}],"twitter_card":"summary_large_image","twitter_misc":{"\u01af\u1edbc t\u00ednh th\u1eddi gian \u0111\u1ecdc":"1 ph\u00fat"},"schema":{"@context":"https:\/\/schema.org","@graph":[{"@type":"WebPage","@id":"https:\/\/taphoaok.click\/index.php\/san-pham\/banh-que-cong-goi-50g-do-thai-lan-vi-truyen-thong-stick-biscuit-original-dorkbua-brand-goi-50g-do\/","url":"https:\/\/taphoaok.click\/index.php\/san-pham\/banh-que-cong-goi-50g-do-thai-lan-vi-truyen-thong-stick-biscuit-original-dorkbua-brand-goi-50g-do\/","name":"B\u00e1nh Que C\u1ecdng (G\u00f3i 50g) \u0110\u1ecf Th\u00e1i Lan V\u1ecb Truy\u1ec1n Th\u1ed1ng Stick Biscuit Original Dorkbua Brand (G\u00f3i 50g - \u0110\u1ecf) -","isPartOf":{"@id":"https:\/\/taphoaok.click\/#website"},"primaryImageOfPage":{"@id":"https:\/\/taphoaok.click\/index.php\/san-pham\/banh-que-cong-goi-50g-do-thai-lan-vi-truyen-thong-stick-biscuit-original-dorkbua-brand-goi-50g-do\/#primaryimage"},"image":{"@id":"https:\/\/taphoaok.click\/index.php\/san-pham\/banh-que-cong-goi-50g-do-thai-lan-vi-truyen-thong-stick-biscuit-original-dorkbua-brand-goi-50g-do\/#primaryimage"},"thumbnailUrl":"https:\/\/taphoaok.click\/wp-content\/uploads\/2026\/03\/vn-11134207-7r98o-lulq76hp8snmf3.webp","datePublished":"2026-03-09T14:37:00+00:00","dateModified":"2026-03-09T14:37:01+00:00","breadcrumb":{"@id":"https:\/\/taphoaok.click\/index.php\/san-pham\/banh-que-cong-goi-50g-do-thai-lan-vi-truyen-thong-stick-biscuit-original-dorkbua-brand-goi-50g-do\/#breadcrumb"},"inLanguage":"vi","potentialAction":[{"@type":"ReadAction","target":["https:\/\/taphoaok.click\/index.php\/san-pham\/banh-que-cong-goi-50g-do-thai-lan-vi-truyen-thong-stick-biscuit-original-dorkbua-brand-goi-50g-do\/"]}]},{"@type":"ImageObject","inLanguage":"vi","@id":"https:\/\/taphoaok.click\/index.php\/san-pham\/banh-que-cong-goi-50g-do-thai-lan-vi-truyen-thong-stick-biscuit-original-dorkbua-brand-goi-50g-do\/#primaryimage","url":"https:\/\/taphoaok.click\/wp-content\/uploads\/2026\/03\/vn-11134207-7r98o-lulq76hp8snmf3.webp","contentUrl":"https:\/\/taphoaok.click\/wp-content\/uploads\/2026\/03\/vn-11134207-7r98o-lulq76hp8snmf3.webp","width":1024,"height":1024},{"@type":"BreadcrumbList","@id":"https:\/\/taphoaok.click\/index.php\/san-pham\/banh-que-cong-goi-50g-do-thai-lan-vi-truyen-thong-stick-biscuit-original-dorkbua-brand-goi-50g-do\/#breadcrumb","itemListElement":[{"@type":"ListItem","position":1,"name":"Trang ch\u1ee7","item":"https:\/\/taphoaok.click\/"},{"@type":"ListItem","position":2,"name":"C\u1eeda h\u00e0ng","item":"https:\/\/taphoaok.click\/index.php\/cua-hang\/"},{"@type":"ListItem","position":3,"name":"B\u00e1nh Que C\u1ecdng (G\u00f3i 50g) \u0110\u1ecf Th\u00e1i Lan V\u1ecb Truy\u1ec1n Th\u1ed1ng Stick Biscuit Original Dorkbua Brand (G\u00f3i 50g &#8211; \u0110\u1ecf)"}]},{"@type":"WebSite","@id":"https:\/\/taphoaok.click\/#website","url":"https:\/\/taphoaok.click\/","name":"","description":"","potentialAction":[{"@type":"SearchAction","target":{"@type":"EntryPoint","urlTemplate":"https:\/\/taphoaok.click\/?s={search_term_string}"},"query-input":{"@type":"PropertyValueSpecification","valueRequired":true,"valueName":"search_term_string"}}],"inLanguage":"vi"}]}},"jetpack_sharing_enabled":true,"_links":{"self":[{"href":"https:\/\/taphoaok.click\/index.php\/wp-json\/wp\/v2\/product\/138","targetHints":{"allow":["GET"]}}],"collection":[{"href":"https:\/\/taphoaok.click\/index.php\/wp-json\/wp\/v2\/product"}],"about":[{"href":"https:\/\/taphoaok.click\/index.php\/wp-json\/wp\/v2\/types\/product"}],"replies":[{"embeddable":true,"href":"https:\/\/taphoaok.click\/index.php\/wp-json\/wp\/v2\/comments?post=138"}],"wp:featuredmedia":[{"embeddable":true,"href":"https:\/\/taphoaok.click\/index.php\/wp-json\/wp\/v2\/media\/139"}],"wp:attachment":[{"href":"https:\/\/taphoaok.click\/index.php\/wp-json\/wp\/v2\/media?parent=138"}],"wp:term":[{"taxonomy":"product_brand","embeddable":true,"href":"https:\/\/taphoaok.click\/index.php\/wp-json\/wp\/v2\/product_brand?post=138"},{"taxonomy":"product_cat","embeddable":true,"href":"https:\/\/taphoaok.click\/index.php\/wp-json\/wp\/v2\/product_cat?post=138"},{"taxonomy":"product_tag","embeddable":true,"href":"https:\/\/taphoaok.click\/index.php\/wp-json\/wp\/v2\/product_tag?post=138"}],"curies":[{"name":"wp","href":"https:\/\/api.w.org\/{rel}","templated":true}]}}