{"id":149,"date":"2026-03-09T14:46:13","date_gmt":"2026-03-09T14:46:13","guid":{"rendered":"https:\/\/taphoaok.click\/?post_type=product&#038;p=149"},"modified":"2026-03-09T14:46:13","modified_gmt":"2026-03-09T14:46:13","slug":"hoa-toc-thung-24-chai-soda-water-schweppes-330ml","status":"publish","type":"product","link":"https:\/\/taphoaok.click\/index.php\/san-pham\/hoa-toc-thung-24-chai-soda-water-schweppes-330ml\/","title":{"rendered":"[Ho\u1ea3 T\u1ed1c] Th\u00f9ng 24 chai Soda Water Schweppes 330ml"},"content":{"rendered":"<p class=\"QN2lPu\">Th\u00f4ng tin s\u1ea3n ph\u1ea9m<\/p>\n<p class=\"QN2lPu\">Th\u01b0\u01a1ng hi\u1ec7u Schweppes (Vi\u1ec7t Nam)<\/p>\n<p class=\"QN2lPu\">L\u01b0\u1ee3ng ga C\u00f3 ga<\/p>\n<p class=\"QN2lPu\">L\u01b0\u1ee3ng \u0111\u01b0\u1eddng Kh\u00f4ng \u0111\u01b0\u1eddng<\/p>\n<p class=\"QN2lPu\">Th\u1ec3 t\u00edch 330ml<\/p>\n<p class=\"QN2lPu\">S\u1ea3n xu\u1ea5t t\u1ea1i Vi\u1ec7t Nam<\/p>\n<p class=\"QN2lPu\">S\u1eed d\u1ee5ng Ngon h\u01a1n khi u\u1ed1ng l\u1ea1nh<\/p>\n<p class=\"QN2lPu\">\n<p class=\"QN2lPu\">Th\u00e0nh ph\u1ea7n:<\/p>\n<p class=\"QN2lPu\">N\u01b0\u1edbc b\u00e3o h\u00f2a CO2, ch\u1ea5t \u0111i\u1ec1u ch\u1ec9nh \u0111\u1ed9 axit (500ii).<\/p>\n<p class=\"QN2lPu\">\n<p class=\"QN2lPu\">H\u01b0\u1edbng d\u1eabn s\u1eed d\u1ee5ng:<\/p>\n<p class=\"QN2lPu\">D\u00f9ng khi c\u01a1 th\u1ec3 m\u1ec7t m\u1ecfi v\u00e0 kh\u00e1t, th\u00edch h\u1ee3p khi ch\u01a1i th\u1ec3 thao, \u0111i h\u1ecdc,&#8230;<\/p>\n<p class=\"QN2lPu\">C\u00f3 th\u1ec3 pha c\u00f9ng v\u1edbi c\u00e1c lo\u1ea1i siro ho\u1eb7c v\u1eaft chanh khi s\u1eed d\u1ee5ng<\/p>\n<p class=\"QN2lPu\">\n<p class=\"QN2lPu\">B\u1ea3o qu\u1ea3n:<\/p>\n<p class=\"QN2lPu\">B\u1ea3o qu\u1ea3n n\u01a1i kh\u00f4 tho\u00e1ng s\u1ea1ch s\u1ebd, tr\u00e1nh \u00e1nh n\u1eb1ng tr\u1ef1c ti\u1ebfp.<\/p>\n<p class=\"QN2lPu\">\n<p class=\"QN2lPu\">Ngon h\u01a1n khi u\u1ed1ng l\u1ea1nh.<\/p>\n","protected":false},"excerpt":{"rendered":"<p>Th\u00f4ng tin s\u1ea3n ph\u1ea9m Th\u01b0\u01a1ng hi\u1ec7u Schweppes (Vi\u1ec7t Nam) L\u01b0\u1ee3ng ga C\u00f3 ga L\u01b0\u1ee3ng \u0111\u01b0\u1eddng Kh\u00f4ng \u0111\u01b0\u1eddng Th\u1ec3 t\u00edch 330ml S\u1ea3n xu\u1ea5t t\u1ea1i Vi\u1ec7t Nam S\u1eed d\u1ee5ng Ngon h\u01a1n khi u\u1ed1ng l\u1ea1nh Th\u00e0nh ph\u1ea7n: N\u01b0\u1edbc b\u00e3o h\u00f2a CO2, ch\u1ea5t \u0111i\u1ec1u ch\u1ec9nh \u0111\u1ed9 axit (500ii). H\u01b0\u1edbng d\u1eabn s\u1eed d\u1ee5ng: D\u00f9ng khi c\u01a1 th\u1ec3 m\u1ec7t m\u1ecfi v\u00e0 [&hellip;]<\/p>\n","protected":false},"featured_media":150,"comment_status":"open","ping_status":"closed","template":"","meta":[],"product_brand":[],"product_cat":[23,20],"product_tag":[],"class_list":{"0":"post-149","1":"product","2":"type-product","3":"status-publish","4":"has-post-thumbnail","6":"product_cat-nuoc-ngot","7":"product_cat-nuoc-suoi","9":"first","10":"instock","11":"shipping-taxable","12":"purchasable","13":"product-type-simple"},"yoast_head":"<!-- This site is optimized with the Yoast SEO plugin v27.4 - https:\/\/yoast.com\/product\/yoast-seo-wordpress\/ -->\n<title>[Ho\u1ea3 T\u1ed1c] Th\u00f9ng 24 chai Soda Water Schweppes 330ml -<\/title>\n<meta name=\"robots\" content=\"index, follow, max-snippet:-1, max-image-preview:large, max-video-preview:-1\" \/>\n<link rel=\"canonical\" href=\"https:\/\/taphoaok.click\/index.php\/san-pham\/hoa-toc-thung-24-chai-soda-water-schweppes-330ml\/\" \/>\n<meta property=\"og:locale\" content=\"vi_VN\" \/>\n<meta property=\"og:type\" content=\"article\" \/>\n<meta property=\"og:title\" content=\"[Ho\u1ea3 T\u1ed1c] Th\u00f9ng 24 chai Soda Water Schweppes 330ml -\" \/>\n<meta property=\"og:description\" content=\"Th\u00f4ng tin s\u1ea3n ph\u1ea9m Th\u01b0\u01a1ng hi\u1ec7u Schweppes (Vi\u1ec7t Nam) L\u01b0\u1ee3ng ga C\u00f3 ga L\u01b0\u1ee3ng \u0111\u01b0\u1eddng Kh\u00f4ng \u0111\u01b0\u1eddng Th\u1ec3 t\u00edch 330ml S\u1ea3n xu\u1ea5t t\u1ea1i Vi\u1ec7t Nam S\u1eed d\u1ee5ng Ngon h\u01a1n khi u\u1ed1ng l\u1ea1nh Th\u00e0nh ph\u1ea7n: N\u01b0\u1edbc b\u00e3o h\u00f2a CO2, ch\u1ea5t \u0111i\u1ec1u ch\u1ec9nh \u0111\u1ed9 axit (500ii). H\u01b0\u1edbng d\u1eabn s\u1eed d\u1ee5ng: D\u00f9ng khi c\u01a1 th\u1ec3 m\u1ec7t m\u1ecfi v\u00e0 [&hellip;]\" \/>\n<meta property=\"og:url\" content=\"https:\/\/taphoaok.click\/index.php\/san-pham\/hoa-toc-thung-24-chai-soda-water-schweppes-330ml\/\" \/>\n<meta property=\"og:image\" content=\"https:\/\/taphoaok.click\/wp-content\/uploads\/2026\/03\/vn-11134207-7ras8-m1xujeohd2s357.webp\" \/>\n\t<meta property=\"og:image:width\" content=\"800\" \/>\n\t<meta property=\"og:image:height\" content=\"800\" \/>\n\t<meta property=\"og:image:type\" content=\"image\/webp\" \/>\n<meta name=\"twitter:card\" content=\"summary_large_image\" \/>\n<meta name=\"twitter:label1\" content=\"\u01af\u1edbc t\u00ednh th\u1eddi gian \u0111\u1ecdc\" \/>\n\t<meta name=\"twitter:data1\" content=\"1 ph\u00fat\" \/>\n<script type=\"application\/ld+json\" class=\"yoast-schema-graph\">{\"@context\":\"https:\\\/\\\/schema.org\",\"@graph\":[{\"@type\":\"WebPage\",\"@id\":\"https:\\\/\\\/taphoaok.click\\\/index.php\\\/san-pham\\\/hoa-toc-thung-24-chai-soda-water-schweppes-330ml\\\/\",\"url\":\"https:\\\/\\\/taphoaok.click\\\/index.php\\\/san-pham\\\/hoa-toc-thung-24-chai-soda-water-schweppes-330ml\\\/\",\"name\":\"[Ho\u1ea3 T\u1ed1c] Th\u00f9ng 24 chai Soda Water Schweppes 330ml -\",\"isPartOf\":{\"@id\":\"https:\\\/\\\/taphoaok.click\\\/#website\"},\"primaryImageOfPage\":{\"@id\":\"https:\\\/\\\/taphoaok.click\\\/index.php\\\/san-pham\\\/hoa-toc-thung-24-chai-soda-water-schweppes-330ml\\\/#primaryimage\"},\"image\":{\"@id\":\"https:\\\/\\\/taphoaok.click\\\/index.php\\\/san-pham\\\/hoa-toc-thung-24-chai-soda-water-schweppes-330ml\\\/#primaryimage\"},\"thumbnailUrl\":\"https:\\\/\\\/taphoaok.click\\\/wp-content\\\/uploads\\\/2026\\\/03\\\/vn-11134207-7ras8-m1xujeohd2s357.webp\",\"datePublished\":\"2026-03-09T14:46:13+00:00\",\"breadcrumb\":{\"@id\":\"https:\\\/\\\/taphoaok.click\\\/index.php\\\/san-pham\\\/hoa-toc-thung-24-chai-soda-water-schweppes-330ml\\\/#breadcrumb\"},\"inLanguage\":\"vi\",\"potentialAction\":[{\"@type\":\"ReadAction\",\"target\":[\"https:\\\/\\\/taphoaok.click\\\/index.php\\\/san-pham\\\/hoa-toc-thung-24-chai-soda-water-schweppes-330ml\\\/\"]}]},{\"@type\":\"ImageObject\",\"inLanguage\":\"vi\",\"@id\":\"https:\\\/\\\/taphoaok.click\\\/index.php\\\/san-pham\\\/hoa-toc-thung-24-chai-soda-water-schweppes-330ml\\\/#primaryimage\",\"url\":\"https:\\\/\\\/taphoaok.click\\\/wp-content\\\/uploads\\\/2026\\\/03\\\/vn-11134207-7ras8-m1xujeohd2s357.webp\",\"contentUrl\":\"https:\\\/\\\/taphoaok.click\\\/wp-content\\\/uploads\\\/2026\\\/03\\\/vn-11134207-7ras8-m1xujeohd2s357.webp\",\"width\":800,\"height\":800},{\"@type\":\"BreadcrumbList\",\"@id\":\"https:\\\/\\\/taphoaok.click\\\/index.php\\\/san-pham\\\/hoa-toc-thung-24-chai-soda-water-schweppes-330ml\\\/#breadcrumb\",\"itemListElement\":[{\"@type\":\"ListItem\",\"position\":1,\"name\":\"Trang ch\u1ee7\",\"item\":\"https:\\\/\\\/taphoaok.click\\\/\"},{\"@type\":\"ListItem\",\"position\":2,\"name\":\"C\u1eeda h\u00e0ng\",\"item\":\"https:\\\/\\\/taphoaok.click\\\/index.php\\\/cua-hang\\\/\"},{\"@type\":\"ListItem\",\"position\":3,\"name\":\"[Ho\u1ea3 T\u1ed1c] Th\u00f9ng 24 chai Soda Water Schweppes 330ml\"}]},{\"@type\":\"WebSite\",\"@id\":\"https:\\\/\\\/taphoaok.click\\\/#website\",\"url\":\"https:\\\/\\\/taphoaok.click\\\/\",\"name\":\"\",\"description\":\"\",\"potentialAction\":[{\"@type\":\"SearchAction\",\"target\":{\"@type\":\"EntryPoint\",\"urlTemplate\":\"https:\\\/\\\/taphoaok.click\\\/?s={search_term_string}\"},\"query-input\":{\"@type\":\"PropertyValueSpecification\",\"valueRequired\":true,\"valueName\":\"search_term_string\"}}],\"inLanguage\":\"vi\"}]}<\/script>\n<!-- \/ Yoast SEO plugin. -->","yoast_head_json":{"title":"[Ho\u1ea3 T\u1ed1c] Th\u00f9ng 24 chai Soda Water Schweppes 330ml -","robots":{"index":"index","follow":"follow","max-snippet":"max-snippet:-1","max-image-preview":"max-image-preview:large","max-video-preview":"max-video-preview:-1"},"canonical":"https:\/\/taphoaok.click\/index.php\/san-pham\/hoa-toc-thung-24-chai-soda-water-schweppes-330ml\/","og_locale":"vi_VN","og_type":"article","og_title":"[Ho\u1ea3 T\u1ed1c] Th\u00f9ng 24 chai Soda Water Schweppes 330ml -","og_description":"Th\u00f4ng tin s\u1ea3n ph\u1ea9m Th\u01b0\u01a1ng hi\u1ec7u Schweppes (Vi\u1ec7t Nam) L\u01b0\u1ee3ng ga C\u00f3 ga L\u01b0\u1ee3ng \u0111\u01b0\u1eddng Kh\u00f4ng \u0111\u01b0\u1eddng Th\u1ec3 t\u00edch 330ml S\u1ea3n xu\u1ea5t t\u1ea1i Vi\u1ec7t Nam S\u1eed d\u1ee5ng Ngon h\u01a1n khi u\u1ed1ng l\u1ea1nh Th\u00e0nh ph\u1ea7n: N\u01b0\u1edbc b\u00e3o h\u00f2a CO2, ch\u1ea5t \u0111i\u1ec1u ch\u1ec9nh \u0111\u1ed9 axit (500ii). H\u01b0\u1edbng d\u1eabn s\u1eed d\u1ee5ng: D\u00f9ng khi c\u01a1 th\u1ec3 m\u1ec7t m\u1ecfi v\u00e0 [&hellip;]","og_url":"https:\/\/taphoaok.click\/index.php\/san-pham\/hoa-toc-thung-24-chai-soda-water-schweppes-330ml\/","og_image":[{"width":800,"height":800,"url":"https:\/\/taphoaok.click\/wp-content\/uploads\/2026\/03\/vn-11134207-7ras8-m1xujeohd2s357.webp","type":"image\/webp"}],"twitter_card":"summary_large_image","twitter_misc":{"\u01af\u1edbc t\u00ednh th\u1eddi gian \u0111\u1ecdc":"1 ph\u00fat"},"schema":{"@context":"https:\/\/schema.org","@graph":[{"@type":"WebPage","@id":"https:\/\/taphoaok.click\/index.php\/san-pham\/hoa-toc-thung-24-chai-soda-water-schweppes-330ml\/","url":"https:\/\/taphoaok.click\/index.php\/san-pham\/hoa-toc-thung-24-chai-soda-water-schweppes-330ml\/","name":"[Ho\u1ea3 T\u1ed1c] Th\u00f9ng 24 chai Soda Water Schweppes 330ml -","isPartOf":{"@id":"https:\/\/taphoaok.click\/#website"},"primaryImageOfPage":{"@id":"https:\/\/taphoaok.click\/index.php\/san-pham\/hoa-toc-thung-24-chai-soda-water-schweppes-330ml\/#primaryimage"},"image":{"@id":"https:\/\/taphoaok.click\/index.php\/san-pham\/hoa-toc-thung-24-chai-soda-water-schweppes-330ml\/#primaryimage"},"thumbnailUrl":"https:\/\/taphoaok.click\/wp-content\/uploads\/2026\/03\/vn-11134207-7ras8-m1xujeohd2s357.webp","datePublished":"2026-03-09T14:46:13+00:00","breadcrumb":{"@id":"https:\/\/taphoaok.click\/index.php\/san-pham\/hoa-toc-thung-24-chai-soda-water-schweppes-330ml\/#breadcrumb"},"inLanguage":"vi","potentialAction":[{"@type":"ReadAction","target":["https:\/\/taphoaok.click\/index.php\/san-pham\/hoa-toc-thung-24-chai-soda-water-schweppes-330ml\/"]}]},{"@type":"ImageObject","inLanguage":"vi","@id":"https:\/\/taphoaok.click\/index.php\/san-pham\/hoa-toc-thung-24-chai-soda-water-schweppes-330ml\/#primaryimage","url":"https:\/\/taphoaok.click\/wp-content\/uploads\/2026\/03\/vn-11134207-7ras8-m1xujeohd2s357.webp","contentUrl":"https:\/\/taphoaok.click\/wp-content\/uploads\/2026\/03\/vn-11134207-7ras8-m1xujeohd2s357.webp","width":800,"height":800},{"@type":"BreadcrumbList","@id":"https:\/\/taphoaok.click\/index.php\/san-pham\/hoa-toc-thung-24-chai-soda-water-schweppes-330ml\/#breadcrumb","itemListElement":[{"@type":"ListItem","position":1,"name":"Trang ch\u1ee7","item":"https:\/\/taphoaok.click\/"},{"@type":"ListItem","position":2,"name":"C\u1eeda h\u00e0ng","item":"https:\/\/taphoaok.click\/index.php\/cua-hang\/"},{"@type":"ListItem","position":3,"name":"[Ho\u1ea3 T\u1ed1c] Th\u00f9ng 24 chai Soda Water Schweppes 330ml"}]},{"@type":"WebSite","@id":"https:\/\/taphoaok.click\/#website","url":"https:\/\/taphoaok.click\/","name":"","description":"","potentialAction":[{"@type":"SearchAction","target":{"@type":"EntryPoint","urlTemplate":"https:\/\/taphoaok.click\/?s={search_term_string}"},"query-input":{"@type":"PropertyValueSpecification","valueRequired":true,"valueName":"search_term_string"}}],"inLanguage":"vi"}]}},"jetpack_sharing_enabled":true,"_links":{"self":[{"href":"https:\/\/taphoaok.click\/index.php\/wp-json\/wp\/v2\/product\/149","targetHints":{"allow":["GET"]}}],"collection":[{"href":"https:\/\/taphoaok.click\/index.php\/wp-json\/wp\/v2\/product"}],"about":[{"href":"https:\/\/taphoaok.click\/index.php\/wp-json\/wp\/v2\/types\/product"}],"replies":[{"embeddable":true,"href":"https:\/\/taphoaok.click\/index.php\/wp-json\/wp\/v2\/comments?post=149"}],"wp:featuredmedia":[{"embeddable":true,"href":"https:\/\/taphoaok.click\/index.php\/wp-json\/wp\/v2\/media\/150"}],"wp:attachment":[{"href":"https:\/\/taphoaok.click\/index.php\/wp-json\/wp\/v2\/media?parent=149"}],"wp:term":[{"taxonomy":"product_brand","embeddable":true,"href":"https:\/\/taphoaok.click\/index.php\/wp-json\/wp\/v2\/product_brand?post=149"},{"taxonomy":"product_cat","embeddable":true,"href":"https:\/\/taphoaok.click\/index.php\/wp-json\/wp\/v2\/product_cat?post=149"},{"taxonomy":"product_tag","embeddable":true,"href":"https:\/\/taphoaok.click\/index.php\/wp-json\/wp\/v2\/product_tag?post=149"}],"curies":[{"name":"wp","href":"https:\/\/api.w.org\/{rel}","templated":true}]}}