{"id":162,"date":"2026-03-09T14:53:35","date_gmt":"2026-03-09T14:53:35","guid":{"rendered":"https:\/\/taphoaok.click\/?post_type=product&#038;p=162"},"modified":"2026-03-09T14:55:14","modified_gmt":"2026-03-09T14:55:14","slug":"thanh-phan-nuoc-loc-tinh-khiet-the-tich-thuc-500ml-chai-dong-goi-24-chai-thung-han-su-dung-24-thang-ke-tu-ngay-san-xuat-satori-chai-500ml-la-san-pham-ap-dung-cong-nghe-xu-ly-nuoc-tien-tie","status":"publish","type":"product","link":"https:\/\/taphoaok.click\/index.php\/san-pham\/thanh-phan-nuoc-loc-tinh-khiet-the-tich-thuc-500ml-chai-dong-goi-24-chai-thung-han-su-dung-24-thang-ke-tu-ngay-san-xuat-satori-chai-500ml-la-san-pham-ap-dung-cong-nghe-xu-ly-nuoc-tien-tie\/","title":{"rendered":"N\u01b0\u1edbc Soda Schweppes Lon 320ml"},"content":{"rendered":"<p class=\"QN2lPu\">Th\u00e0nh ph\u1ea7n: N\u01b0\u1edbc b\u00e3o h\u00f2a CO2,<\/p>\n<p class=\"QN2lPu\">H\u01b0\u1edbng d\u1eabn s\u1eed d\u1ee5ng: U\u1ed1ng tr\u1ef1c ti\u1ebfp ho\u1eb7c pha v\u1edbi chanh, \u0111\u01b0\u1eddng.<\/p>\n<p class=\"QN2lPu\">B\u1ea3o qu\u1ea3n: N\u01a1i kh\u00f4 r\u00e1o, tho\u00e1ng m\u00e1t, tr\u00e1nh \u00e1nh n\u1eafng tr\u1ef1c ti\u1ebfp.<\/p>\n<p class=\"QN2lPu\">Xu\u1ea5t x\u1ee9: Vi\u1ec7t Nam.<\/p>\n","protected":false},"excerpt":{"rendered":"<p>Th\u00e0nh ph\u1ea7n: N\u01b0\u1edbc b\u00e3o h\u00f2a CO2, H\u01b0\u1edbng d\u1eabn s\u1eed d\u1ee5ng: U\u1ed1ng tr\u1ef1c ti\u1ebfp ho\u1eb7c pha v\u1edbi chanh, \u0111\u01b0\u1eddng. B\u1ea3o qu\u1ea3n: N\u01a1i kh\u00f4 r\u00e1o, tho\u00e1ng m\u00e1t, tr\u00e1nh \u00e1nh n\u1eafng tr\u1ef1c ti\u1ebfp. Xu\u1ea5t x\u1ee9: Vi\u1ec7t Nam.<\/p>\n","protected":false},"featured_media":163,"comment_status":"open","ping_status":"closed","template":"","meta":[],"product_brand":[],"product_cat":[20],"product_tag":[],"class_list":{"0":"post-162","1":"product","2":"type-product","3":"status-publish","4":"has-post-thumbnail","6":"product_cat-nuoc-suoi","8":"first","9":"instock","10":"shipping-taxable","11":"purchasable","12":"product-type-simple"},"yoast_head":"<!-- This site is optimized with the Yoast SEO plugin v27.4 - https:\/\/yoast.com\/product\/yoast-seo-wordpress\/ -->\n<title>N\u01b0\u1edbc Soda Schweppes Lon 320ml -<\/title>\n<meta name=\"robots\" content=\"index, follow, max-snippet:-1, max-image-preview:large, max-video-preview:-1\" \/>\n<link rel=\"canonical\" href=\"https:\/\/taphoaok.click\/index.php\/san-pham\/thanh-phan-nuoc-loc-tinh-khiet-the-tich-thuc-500ml-chai-dong-goi-24-chai-thung-han-su-dung-24-thang-ke-tu-ngay-san-xuat-satori-chai-500ml-la-san-pham-ap-dung-cong-nghe-xu-ly-nuoc-tien-tie\/\" \/>\n<meta property=\"og:locale\" content=\"vi_VN\" \/>\n<meta property=\"og:type\" content=\"article\" \/>\n<meta property=\"og:title\" content=\"N\u01b0\u1edbc Soda Schweppes Lon 320ml -\" \/>\n<meta property=\"og:description\" content=\"Th\u00e0nh ph\u1ea7n: N\u01b0\u1edbc b\u00e3o h\u00f2a CO2, H\u01b0\u1edbng d\u1eabn s\u1eed d\u1ee5ng: U\u1ed1ng tr\u1ef1c ti\u1ebfp ho\u1eb7c pha v\u1edbi chanh, \u0111\u01b0\u1eddng. B\u1ea3o qu\u1ea3n: N\u01a1i kh\u00f4 r\u00e1o, tho\u00e1ng m\u00e1t, tr\u00e1nh \u00e1nh n\u1eafng tr\u1ef1c ti\u1ebfp. Xu\u1ea5t x\u1ee9: Vi\u1ec7t Nam.\" \/>\n<meta property=\"og:url\" content=\"https:\/\/taphoaok.click\/index.php\/san-pham\/thanh-phan-nuoc-loc-tinh-khiet-the-tich-thuc-500ml-chai-dong-goi-24-chai-thung-han-su-dung-24-thang-ke-tu-ngay-san-xuat-satori-chai-500ml-la-san-pham-ap-dung-cong-nghe-xu-ly-nuoc-tien-tie\/\" \/>\n<meta property=\"article:modified_time\" content=\"2026-03-09T14:55:14+00:00\" \/>\n<meta property=\"og:image\" content=\"https:\/\/taphoaok.click\/wp-content\/uploads\/2026\/03\/vn-11134207-7r98o-ll1nf2oyekzv6f.webp\" \/>\n\t<meta property=\"og:image:width\" content=\"407\" \/>\n\t<meta property=\"og:image:height\" content=\"407\" \/>\n\t<meta property=\"og:image:type\" content=\"image\/webp\" \/>\n<meta name=\"twitter:card\" content=\"summary_large_image\" \/>\n<meta name=\"twitter:label1\" content=\"\u01af\u1edbc t\u00ednh th\u1eddi gian \u0111\u1ecdc\" \/>\n\t<meta name=\"twitter:data1\" content=\"1 ph\u00fat\" \/>\n<script type=\"application\/ld+json\" class=\"yoast-schema-graph\">{\"@context\":\"https:\\\/\\\/schema.org\",\"@graph\":[{\"@type\":\"WebPage\",\"@id\":\"https:\\\/\\\/taphoaok.click\\\/index.php\\\/san-pham\\\/thanh-phan-nuoc-loc-tinh-khiet-the-tich-thuc-500ml-chai-dong-goi-24-chai-thung-han-su-dung-24-thang-ke-tu-ngay-san-xuat-satori-chai-500ml-la-san-pham-ap-dung-cong-nghe-xu-ly-nuoc-tien-tie\\\/\",\"url\":\"https:\\\/\\\/taphoaok.click\\\/index.php\\\/san-pham\\\/thanh-phan-nuoc-loc-tinh-khiet-the-tich-thuc-500ml-chai-dong-goi-24-chai-thung-han-su-dung-24-thang-ke-tu-ngay-san-xuat-satori-chai-500ml-la-san-pham-ap-dung-cong-nghe-xu-ly-nuoc-tien-tie\\\/\",\"name\":\"N\u01b0\u1edbc Soda Schweppes Lon 320ml -\",\"isPartOf\":{\"@id\":\"https:\\\/\\\/taphoaok.click\\\/#website\"},\"primaryImageOfPage\":{\"@id\":\"https:\\\/\\\/taphoaok.click\\\/index.php\\\/san-pham\\\/thanh-phan-nuoc-loc-tinh-khiet-the-tich-thuc-500ml-chai-dong-goi-24-chai-thung-han-su-dung-24-thang-ke-tu-ngay-san-xuat-satori-chai-500ml-la-san-pham-ap-dung-cong-nghe-xu-ly-nuoc-tien-tie\\\/#primaryimage\"},\"image\":{\"@id\":\"https:\\\/\\\/taphoaok.click\\\/index.php\\\/san-pham\\\/thanh-phan-nuoc-loc-tinh-khiet-the-tich-thuc-500ml-chai-dong-goi-24-chai-thung-han-su-dung-24-thang-ke-tu-ngay-san-xuat-satori-chai-500ml-la-san-pham-ap-dung-cong-nghe-xu-ly-nuoc-tien-tie\\\/#primaryimage\"},\"thumbnailUrl\":\"https:\\\/\\\/taphoaok.click\\\/wp-content\\\/uploads\\\/2026\\\/03\\\/vn-11134207-7r98o-ll1nf2oyekzv6f.webp\",\"datePublished\":\"2026-03-09T14:53:35+00:00\",\"dateModified\":\"2026-03-09T14:55:14+00:00\",\"breadcrumb\":{\"@id\":\"https:\\\/\\\/taphoaok.click\\\/index.php\\\/san-pham\\\/thanh-phan-nuoc-loc-tinh-khiet-the-tich-thuc-500ml-chai-dong-goi-24-chai-thung-han-su-dung-24-thang-ke-tu-ngay-san-xuat-satori-chai-500ml-la-san-pham-ap-dung-cong-nghe-xu-ly-nuoc-tien-tie\\\/#breadcrumb\"},\"inLanguage\":\"vi\",\"potentialAction\":[{\"@type\":\"ReadAction\",\"target\":[\"https:\\\/\\\/taphoaok.click\\\/index.php\\\/san-pham\\\/thanh-phan-nuoc-loc-tinh-khiet-the-tich-thuc-500ml-chai-dong-goi-24-chai-thung-han-su-dung-24-thang-ke-tu-ngay-san-xuat-satori-chai-500ml-la-san-pham-ap-dung-cong-nghe-xu-ly-nuoc-tien-tie\\\/\"]}]},{\"@type\":\"ImageObject\",\"inLanguage\":\"vi\",\"@id\":\"https:\\\/\\\/taphoaok.click\\\/index.php\\\/san-pham\\\/thanh-phan-nuoc-loc-tinh-khiet-the-tich-thuc-500ml-chai-dong-goi-24-chai-thung-han-su-dung-24-thang-ke-tu-ngay-san-xuat-satori-chai-500ml-la-san-pham-ap-dung-cong-nghe-xu-ly-nuoc-tien-tie\\\/#primaryimage\",\"url\":\"https:\\\/\\\/taphoaok.click\\\/wp-content\\\/uploads\\\/2026\\\/03\\\/vn-11134207-7r98o-ll1nf2oyekzv6f.webp\",\"contentUrl\":\"https:\\\/\\\/taphoaok.click\\\/wp-content\\\/uploads\\\/2026\\\/03\\\/vn-11134207-7r98o-ll1nf2oyekzv6f.webp\",\"width\":407,\"height\":407},{\"@type\":\"BreadcrumbList\",\"@id\":\"https:\\\/\\\/taphoaok.click\\\/index.php\\\/san-pham\\\/thanh-phan-nuoc-loc-tinh-khiet-the-tich-thuc-500ml-chai-dong-goi-24-chai-thung-han-su-dung-24-thang-ke-tu-ngay-san-xuat-satori-chai-500ml-la-san-pham-ap-dung-cong-nghe-xu-ly-nuoc-tien-tie\\\/#breadcrumb\",\"itemListElement\":[{\"@type\":\"ListItem\",\"position\":1,\"name\":\"Trang ch\u1ee7\",\"item\":\"https:\\\/\\\/taphoaok.click\\\/\"},{\"@type\":\"ListItem\",\"position\":2,\"name\":\"C\u1eeda h\u00e0ng\",\"item\":\"https:\\\/\\\/taphoaok.click\\\/index.php\\\/cua-hang\\\/\"},{\"@type\":\"ListItem\",\"position\":3,\"name\":\"N\u01b0\u1edbc Soda Schweppes Lon 320ml\"}]},{\"@type\":\"WebSite\",\"@id\":\"https:\\\/\\\/taphoaok.click\\\/#website\",\"url\":\"https:\\\/\\\/taphoaok.click\\\/\",\"name\":\"\",\"description\":\"\",\"potentialAction\":[{\"@type\":\"SearchAction\",\"target\":{\"@type\":\"EntryPoint\",\"urlTemplate\":\"https:\\\/\\\/taphoaok.click\\\/?s={search_term_string}\"},\"query-input\":{\"@type\":\"PropertyValueSpecification\",\"valueRequired\":true,\"valueName\":\"search_term_string\"}}],\"inLanguage\":\"vi\"}]}<\/script>\n<!-- \/ Yoast SEO plugin. -->","yoast_head_json":{"title":"N\u01b0\u1edbc Soda Schweppes Lon 320ml -","robots":{"index":"index","follow":"follow","max-snippet":"max-snippet:-1","max-image-preview":"max-image-preview:large","max-video-preview":"max-video-preview:-1"},"canonical":"https:\/\/taphoaok.click\/index.php\/san-pham\/thanh-phan-nuoc-loc-tinh-khiet-the-tich-thuc-500ml-chai-dong-goi-24-chai-thung-han-su-dung-24-thang-ke-tu-ngay-san-xuat-satori-chai-500ml-la-san-pham-ap-dung-cong-nghe-xu-ly-nuoc-tien-tie\/","og_locale":"vi_VN","og_type":"article","og_title":"N\u01b0\u1edbc Soda Schweppes Lon 320ml -","og_description":"Th\u00e0nh ph\u1ea7n: N\u01b0\u1edbc b\u00e3o h\u00f2a CO2, H\u01b0\u1edbng d\u1eabn s\u1eed d\u1ee5ng: U\u1ed1ng tr\u1ef1c ti\u1ebfp ho\u1eb7c pha v\u1edbi chanh, \u0111\u01b0\u1eddng. B\u1ea3o qu\u1ea3n: N\u01a1i kh\u00f4 r\u00e1o, tho\u00e1ng m\u00e1t, tr\u00e1nh \u00e1nh n\u1eafng tr\u1ef1c ti\u1ebfp. Xu\u1ea5t x\u1ee9: Vi\u1ec7t Nam.","og_url":"https:\/\/taphoaok.click\/index.php\/san-pham\/thanh-phan-nuoc-loc-tinh-khiet-the-tich-thuc-500ml-chai-dong-goi-24-chai-thung-han-su-dung-24-thang-ke-tu-ngay-san-xuat-satori-chai-500ml-la-san-pham-ap-dung-cong-nghe-xu-ly-nuoc-tien-tie\/","article_modified_time":"2026-03-09T14:55:14+00:00","og_image":[{"width":407,"height":407,"url":"https:\/\/taphoaok.click\/wp-content\/uploads\/2026\/03\/vn-11134207-7r98o-ll1nf2oyekzv6f.webp","type":"image\/webp"}],"twitter_card":"summary_large_image","twitter_misc":{"\u01af\u1edbc t\u00ednh th\u1eddi gian \u0111\u1ecdc":"1 ph\u00fat"},"schema":{"@context":"https:\/\/schema.org","@graph":[{"@type":"WebPage","@id":"https:\/\/taphoaok.click\/index.php\/san-pham\/thanh-phan-nuoc-loc-tinh-khiet-the-tich-thuc-500ml-chai-dong-goi-24-chai-thung-han-su-dung-24-thang-ke-tu-ngay-san-xuat-satori-chai-500ml-la-san-pham-ap-dung-cong-nghe-xu-ly-nuoc-tien-tie\/","url":"https:\/\/taphoaok.click\/index.php\/san-pham\/thanh-phan-nuoc-loc-tinh-khiet-the-tich-thuc-500ml-chai-dong-goi-24-chai-thung-han-su-dung-24-thang-ke-tu-ngay-san-xuat-satori-chai-500ml-la-san-pham-ap-dung-cong-nghe-xu-ly-nuoc-tien-tie\/","name":"N\u01b0\u1edbc Soda Schweppes Lon 320ml -","isPartOf":{"@id":"https:\/\/taphoaok.click\/#website"},"primaryImageOfPage":{"@id":"https:\/\/taphoaok.click\/index.php\/san-pham\/thanh-phan-nuoc-loc-tinh-khiet-the-tich-thuc-500ml-chai-dong-goi-24-chai-thung-han-su-dung-24-thang-ke-tu-ngay-san-xuat-satori-chai-500ml-la-san-pham-ap-dung-cong-nghe-xu-ly-nuoc-tien-tie\/#primaryimage"},"image":{"@id":"https:\/\/taphoaok.click\/index.php\/san-pham\/thanh-phan-nuoc-loc-tinh-khiet-the-tich-thuc-500ml-chai-dong-goi-24-chai-thung-han-su-dung-24-thang-ke-tu-ngay-san-xuat-satori-chai-500ml-la-san-pham-ap-dung-cong-nghe-xu-ly-nuoc-tien-tie\/#primaryimage"},"thumbnailUrl":"https:\/\/taphoaok.click\/wp-content\/uploads\/2026\/03\/vn-11134207-7r98o-ll1nf2oyekzv6f.webp","datePublished":"2026-03-09T14:53:35+00:00","dateModified":"2026-03-09T14:55:14+00:00","breadcrumb":{"@id":"https:\/\/taphoaok.click\/index.php\/san-pham\/thanh-phan-nuoc-loc-tinh-khiet-the-tich-thuc-500ml-chai-dong-goi-24-chai-thung-han-su-dung-24-thang-ke-tu-ngay-san-xuat-satori-chai-500ml-la-san-pham-ap-dung-cong-nghe-xu-ly-nuoc-tien-tie\/#breadcrumb"},"inLanguage":"vi","potentialAction":[{"@type":"ReadAction","target":["https:\/\/taphoaok.click\/index.php\/san-pham\/thanh-phan-nuoc-loc-tinh-khiet-the-tich-thuc-500ml-chai-dong-goi-24-chai-thung-han-su-dung-24-thang-ke-tu-ngay-san-xuat-satori-chai-500ml-la-san-pham-ap-dung-cong-nghe-xu-ly-nuoc-tien-tie\/"]}]},{"@type":"ImageObject","inLanguage":"vi","@id":"https:\/\/taphoaok.click\/index.php\/san-pham\/thanh-phan-nuoc-loc-tinh-khiet-the-tich-thuc-500ml-chai-dong-goi-24-chai-thung-han-su-dung-24-thang-ke-tu-ngay-san-xuat-satori-chai-500ml-la-san-pham-ap-dung-cong-nghe-xu-ly-nuoc-tien-tie\/#primaryimage","url":"https:\/\/taphoaok.click\/wp-content\/uploads\/2026\/03\/vn-11134207-7r98o-ll1nf2oyekzv6f.webp","contentUrl":"https:\/\/taphoaok.click\/wp-content\/uploads\/2026\/03\/vn-11134207-7r98o-ll1nf2oyekzv6f.webp","width":407,"height":407},{"@type":"BreadcrumbList","@id":"https:\/\/taphoaok.click\/index.php\/san-pham\/thanh-phan-nuoc-loc-tinh-khiet-the-tich-thuc-500ml-chai-dong-goi-24-chai-thung-han-su-dung-24-thang-ke-tu-ngay-san-xuat-satori-chai-500ml-la-san-pham-ap-dung-cong-nghe-xu-ly-nuoc-tien-tie\/#breadcrumb","itemListElement":[{"@type":"ListItem","position":1,"name":"Trang ch\u1ee7","item":"https:\/\/taphoaok.click\/"},{"@type":"ListItem","position":2,"name":"C\u1eeda h\u00e0ng","item":"https:\/\/taphoaok.click\/index.php\/cua-hang\/"},{"@type":"ListItem","position":3,"name":"N\u01b0\u1edbc Soda Schweppes Lon 320ml"}]},{"@type":"WebSite","@id":"https:\/\/taphoaok.click\/#website","url":"https:\/\/taphoaok.click\/","name":"","description":"","potentialAction":[{"@type":"SearchAction","target":{"@type":"EntryPoint","urlTemplate":"https:\/\/taphoaok.click\/?s={search_term_string}"},"query-input":{"@type":"PropertyValueSpecification","valueRequired":true,"valueName":"search_term_string"}}],"inLanguage":"vi"}]}},"jetpack_sharing_enabled":true,"_links":{"self":[{"href":"https:\/\/taphoaok.click\/index.php\/wp-json\/wp\/v2\/product\/162","targetHints":{"allow":["GET"]}}],"collection":[{"href":"https:\/\/taphoaok.click\/index.php\/wp-json\/wp\/v2\/product"}],"about":[{"href":"https:\/\/taphoaok.click\/index.php\/wp-json\/wp\/v2\/types\/product"}],"replies":[{"embeddable":true,"href":"https:\/\/taphoaok.click\/index.php\/wp-json\/wp\/v2\/comments?post=162"}],"wp:featuredmedia":[{"embeddable":true,"href":"https:\/\/taphoaok.click\/index.php\/wp-json\/wp\/v2\/media\/163"}],"wp:attachment":[{"href":"https:\/\/taphoaok.click\/index.php\/wp-json\/wp\/v2\/media?parent=162"}],"wp:term":[{"taxonomy":"product_brand","embeddable":true,"href":"https:\/\/taphoaok.click\/index.php\/wp-json\/wp\/v2\/product_brand?post=162"},{"taxonomy":"product_cat","embeddable":true,"href":"https:\/\/taphoaok.click\/index.php\/wp-json\/wp\/v2\/product_cat?post=162"},{"taxonomy":"product_tag","embeddable":true,"href":"https:\/\/taphoaok.click\/index.php\/wp-json\/wp\/v2\/product_tag?post=162"}],"curies":[{"name":"wp","href":"https:\/\/api.w.org\/{rel}","templated":true}]}}