{"id":21,"date":"2026-03-07T09:09:02","date_gmt":"2026-03-07T09:09:02","guid":{"rendered":"https:\/\/taphoaok.click\/?post_type=product&#038;p=21"},"modified":"2026-03-09T13:50:57","modified_gmt":"2026-03-09T13:50:57","slug":"mi-hao-hao","status":"publish","type":"product","link":"https:\/\/taphoaok.click\/index.php\/san-pham\/mi-hao-hao\/","title":{"rendered":"M\u00ec H\u1ea3o H\u1ea3o"},"content":{"rendered":"<h2><\/h2>\n<div id=\"sdh_U-uraeeaO_it4-EP5dTZgAE_1\">\n<ul>\n<li class=\"dF3vjf\" data-sfc-cb=\"\" data-hveid=\"CAEIARAA\"><span class=\"T286Pc\" data-sfc-cp=\"\" data-sfc-cb=\"\"><strong class=\"Yjhzub\" data-sfc-cb=\"\">H\u01b0\u01a1ng v\u1ecb ph\u1ed5 bi\u1ebfn nh\u1ea5t:<\/strong> T\u00f4m chua cay (g\u00f3i 75g), t\u00f4m chanh \u1edbt, m\u00ec x\u00e0o t\u00f4m x\u00e0o chua ng\u1ecdt, s\u01b0\u1eddn heo t\u1ecfi phi, sa t\u1ebf h\u00e0nh t\u00edm, l\u1ea9u kim chi H\u00e0n Qu\u1ed1c, v\u00e0 m\u00ec chay rau n\u1ea5m.<\/span><\/li>\n<li class=\"dF3vjf\" data-sfc-cb=\"\" data-hveid=\"CAEIARAB\"><span class=\"T286Pc\" data-sfc-cp=\"\" data-sfc-cb=\"\"><strong class=\"Yjhzub\" data-sfc-cb=\"\">D\u00f2ng s\u1ea3n ph\u1ea9m m\u1edbi:<\/strong> M\u00ec H\u1ea3o H\u1ea3o BIG 100g (nhi\u1ec1u h\u01a1n 30% m\u00ec) v\u00e0 m\u00ec ly Handy H\u1ea3o H\u1ea3o ti\u1ec7n l\u1ee3i.<\/span><\/li>\n<li class=\"dF3vjf\" data-sfc-cb=\"\" data-hveid=\"CAEIARAC\"><span class=\"T286Pc\" data-sfc-cp=\"\" data-sfc-cb=\"\"><strong class=\"Yjhzub\" data-sfc-cb=\"\">\u0110\u1eb7c \u0111i\u1ec3m:<\/strong> S\u1ee3i m\u00ec dai, n\u01b0\u1edbc s\u00fap \u0111\u1eadm \u0111\u00e0, cung c\u1ea5p 333 mg canxi.<\/span><\/li>\n<li class=\"dF3vjf\" data-sfc-cb=\"\" data-hveid=\"CAEIARAD\"><span class=\"T286Pc\" data-sfc-cp=\"\" data-sfc-cb=\"\"><strong class=\"Yjhzub\" data-sfc-cb=\"\">Gi\u00e1 c\u1ea3:<\/strong> R\u1ea5t b\u00ecnh d\u00e2n, kho\u1ea3ng t\u1eeb 4.000\u0111 &#8211; 5.000\u0111\/g\u00f3i ho\u1eb7c h\u01a1n 100.000\u0111\/th\u00f9ng.<\/span><span class=\"uJ19be notranslate\" data-wiz-uids=\"FVDtAc_4z,FVDtAc_50\" data-sfc-cb=\"\"><span class=\"vKEkVd\" data-animation-atomic=\"\" data-wiz-attrbind=\"class=FVDtAc_4y\/TKHnVd\"><span aria-hidden=\"true\">\u00a0<\/span><button class=\"rBl3me IWyTpf pjvauc\" tabindex=\"0\" data-amic=\"true\" data-icl-uuid=\"389155c1-bb7e-4c6d-9774-7f0d98561d63\" aria-label=\"Acecook (+7) \u2013 Xem c\u00e1c \u0111\u01b0\u1eddng li\u00ean k\u1ebft c\u00f3 li\u00ean quan\" data-wiz-attrbind=\"disabled=FVDtAc_4y\/C5gNJc;aria-label=FVDtAc_4y\/bOjMyf;class=FVDtAc_4y\/UpSNec\" data-ved=\"2ahUKEwin3L28uI2TAxV9yzgGHfLLCR4Qye0OegYIAQgBEAQ\" data-hveid=\"CAEIARAE\"><\/button><\/span><\/span>\n<div class=\"Fwa2Od\" data-animation-skip=\"\" data-sfc-cb=\"\" data-ved=\"2ahUKEwin3L28uI2TAxV9yzgGHfLLCR4Q3s0SegYIAQgBEAU\"><img decoding=\"async\" id=\"img-U-uraefmMP2W4-EP8pen8AE_63\" class=\"lXbsme\" src=\"https:\/\/encrypted-tbn0.gstatic.com\/faviconV2?url=https:\/\/acecookvietnam.vn&amp;client=AIM&amp;size=128&amp;type=FAVICON&amp;fallback_opts=TYPE,SIZE,URL\" alt=\"Acecook\" data-src=\"https:\/\/encrypted-tbn0.gstatic.com\/faviconV2?url=https:\/\/acecookvietnam.vn&amp;client=AIM&amp;size=128&amp;type=FAVICON&amp;fallback_opts=TYPE,SIZE,URL\" data-sfc-pl=\"|[&quot;https:\/\/encrypted-tbn0.gstatic.com\/faviconV2?url\\u003dhttps:\/\/acecookvietnam.vn\\u0026client\\u003dAIM\\u0026size\\u003d128\\u0026type\\u003dFAVICON\\u0026fallback_opts\\u003dTYPE,SIZE,URL&quot;]\" data-sfc-cb=\"\" data-ilt=\"1772874674931\" \/><span class=\"wJwe6c\"><span class=\"iFMVXd\">Acecook<\/span><span class=\"IjM6od\">\u00a0+7<\/span><\/span><\/div>\n<\/li>\n<\/ul>\n<\/div>\n<div id=\"sdh_U-uraeeaO_it4-EP5dTZgAE_2\">\n<div class=\"Y3BBE\" data-sfc-cp=\"\" data-sfc-cb=\"\" data-hveid=\"CAEIAhAA\">\n<p>M\u00ec H\u1ea3o H\u1ea3o kh\u00f4ng ch\u1ec9 ph\u1ed5 bi\u1ebfn \u1edf Vi\u1ec7t Nam m\u00e0 c\u00f2n \u0111\u01b0\u1ee3c xu\u1ea5t kh\u1ea9u ra nhi\u1ec1u qu\u1ed1c gia.<span class=\"uJ19be notranslate\" data-wiz-uids=\"FVDtAc_55,FVDtAc_56\" data-sfc-cb=\"\"><span class=\"vKEkVd\" data-animation-atomic=\"\" data-wiz-attrbind=\"class=FVDtAc_54\/TKHnVd\"><span aria-hidden=\"true\">\u00a0<\/span><button class=\"rBl3me IWyTpf pjvauc\" tabindex=\"0\" data-amic=\"true\" data-icl-uuid=\"bf8626f8-adb8-4487-a433-f6e2dcdcadcc\" aria-label=\"Acecook \u2013 Xem c\u00e1c \u0111\u01b0\u1eddng li\u00ean k\u1ebft c\u00f3 li\u00ean quan\" data-wiz-attrbind=\"disabled=FVDtAc_54\/C5gNJc;aria-label=FVDtAc_54\/bOjMyf;class=FVDtAc_54\/UpSNec\" data-ved=\"2ahUKEwin3L28uI2TAxV9yzgGHfLLCR4Qye0OegYIAQgCEAE\" data-hveid=\"CAEIAhAB\"><\/button><\/span><\/span><\/p>\n<div class=\"Fwa2Od\" data-animation-skip=\"\" data-sfc-cb=\"\" data-ved=\"2ahUKEwin3L28uI2TAxV9yzgGHfLLCR4Q3s0SegYIAQgCEAI\"><img decoding=\"async\" id=\"img-U-uraefmMP2W4-EP8pen8AE_64\" class=\"lXbsme\" src=\"https:\/\/encrypted-tbn0.gstatic.com\/faviconV2?url=https:\/\/acecookvietnam.vn&amp;client=AIM&amp;size=128&amp;type=FAVICON&amp;fallback_opts=TYPE,SIZE,URL\" alt=\"Acecook\" data-src=\"https:\/\/encrypted-tbn0.gstatic.com\/faviconV2?url=https:\/\/acecookvietnam.vn&amp;client=AIM&amp;size=128&amp;type=FAVICON&amp;fallback_opts=TYPE,SIZE,URL\" data-sfc-pl=\"|[&quot;https:\/\/encrypted-tbn0.gstatic.com\/faviconV2?url\\u003dhttps:\/\/acecookvietnam.vn\\u0026client\\u003dAIM\\u0026size\\u003d128\\u0026type\\u003dFAVICON\\u0026fallback_opts\\u003dTYPE,SIZE,URL&quot;]\" data-sfc-cb=\"\" data-ilt=\"1772874674931\" \/><span class=\"wJwe6c\"><span class=\"iFMVXd\">Acecook<\/span><\/span><\/div>\n<\/div>\n<\/div>\n","protected":false},"excerpt":{"rendered":"<p>H\u01b0\u01a1ng v\u1ecb ph\u1ed5 bi\u1ebfn nh\u1ea5t: T\u00f4m chua cay (g\u00f3i 75g), t\u00f4m chanh \u1edbt, m\u00ec x\u00e0o t\u00f4m x\u00e0o chua ng\u1ecdt, s\u01b0\u1eddn heo t\u1ecfi phi, sa t\u1ebf h\u00e0nh t\u00edm, l\u1ea9u kim chi H\u00e0n Qu\u1ed1c, v\u00e0 m\u00ec chay rau n\u1ea5m. D\u00f2ng s\u1ea3n ph\u1ea9m m\u1edbi: M\u00ec H\u1ea3o H\u1ea3o BIG 100g (nhi\u1ec1u h\u01a1n 30% m\u00ec) v\u00e0 m\u00ec ly Handy H\u1ea3o [&hellip;]<\/p>\n","protected":false},"featured_media":25,"comment_status":"open","ping_status":"closed","template":"","meta":[],"product_brand":[],"product_cat":[21],"product_tag":[],"class_list":{"0":"post-21","1":"product","2":"type-product","3":"status-publish","4":"has-post-thumbnail","6":"product_cat-mi-goi","8":"first","9":"instock","10":"sale","11":"shipping-taxable","12":"purchasable","13":"product-type-simple"},"yoast_head":"<!-- This site is optimized with the Yoast SEO plugin v27.4 - https:\/\/yoast.com\/product\/yoast-seo-wordpress\/ -->\n<title>M\u00ec H\u1ea3o H\u1ea3o -<\/title>\n<meta name=\"robots\" content=\"index, follow, max-snippet:-1, max-image-preview:large, max-video-preview:-1\" \/>\n<link rel=\"canonical\" href=\"https:\/\/taphoaok.click\/index.php\/san-pham\/mi-hao-hao\/\" \/>\n<meta property=\"og:locale\" content=\"vi_VN\" \/>\n<meta property=\"og:type\" content=\"article\" \/>\n<meta property=\"og:title\" content=\"M\u00ec H\u1ea3o H\u1ea3o -\" \/>\n<meta property=\"og:description\" content=\"H\u01b0\u01a1ng v\u1ecb ph\u1ed5 bi\u1ebfn nh\u1ea5t: T\u00f4m chua cay (g\u00f3i 75g), t\u00f4m chanh \u1edbt, m\u00ec x\u00e0o t\u00f4m x\u00e0o chua ng\u1ecdt, s\u01b0\u1eddn heo t\u1ecfi phi, sa t\u1ebf h\u00e0nh t\u00edm, l\u1ea9u kim chi H\u00e0n Qu\u1ed1c, v\u00e0 m\u00ec chay rau n\u1ea5m. D\u00f2ng s\u1ea3n ph\u1ea9m m\u1edbi: M\u00ec H\u1ea3o H\u1ea3o BIG 100g (nhi\u1ec1u h\u01a1n 30% m\u00ec) v\u00e0 m\u00ec ly Handy H\u1ea3o [&hellip;]\" \/>\n<meta property=\"og:url\" content=\"https:\/\/taphoaok.click\/index.php\/san-pham\/mi-hao-hao\/\" \/>\n<meta property=\"article:modified_time\" content=\"2026-03-09T13:50:57+00:00\" \/>\n<meta property=\"og:image\" content=\"https:\/\/taphoaok.click\/wp-content\/uploads\/2026\/03\/3D-CANXI-2025-TCC-768x598-1-e1773058813280.webp\" \/>\n\t<meta property=\"og:image:width\" content=\"700\" \/>\n\t<meta property=\"og:image:height\" content=\"545\" \/>\n\t<meta property=\"og:image:type\" content=\"image\/webp\" \/>\n<meta name=\"twitter:card\" content=\"summary_large_image\" \/>\n<meta name=\"twitter:label1\" content=\"\u01af\u1edbc t\u00ednh th\u1eddi gian \u0111\u1ecdc\" \/>\n\t<meta name=\"twitter:data1\" content=\"2 ph\u00fat\" \/>\n<script type=\"application\/ld+json\" class=\"yoast-schema-graph\">{\"@context\":\"https:\\\/\\\/schema.org\",\"@graph\":[{\"@type\":\"WebPage\",\"@id\":\"https:\\\/\\\/taphoaok.click\\\/index.php\\\/san-pham\\\/mi-hao-hao\\\/\",\"url\":\"https:\\\/\\\/taphoaok.click\\\/index.php\\\/san-pham\\\/mi-hao-hao\\\/\",\"name\":\"M\u00ec H\u1ea3o H\u1ea3o -\",\"isPartOf\":{\"@id\":\"https:\\\/\\\/taphoaok.click\\\/#website\"},\"primaryImageOfPage\":{\"@id\":\"https:\\\/\\\/taphoaok.click\\\/index.php\\\/san-pham\\\/mi-hao-hao\\\/#primaryimage\"},\"image\":{\"@id\":\"https:\\\/\\\/taphoaok.click\\\/index.php\\\/san-pham\\\/mi-hao-hao\\\/#primaryimage\"},\"thumbnailUrl\":\"https:\\\/\\\/taphoaok.click\\\/wp-content\\\/uploads\\\/2026\\\/03\\\/3D-CANXI-2025-TCC-768x598-1-e1773058813280.webp\",\"datePublished\":\"2026-03-07T09:09:02+00:00\",\"dateModified\":\"2026-03-09T13:50:57+00:00\",\"breadcrumb\":{\"@id\":\"https:\\\/\\\/taphoaok.click\\\/index.php\\\/san-pham\\\/mi-hao-hao\\\/#breadcrumb\"},\"inLanguage\":\"vi\",\"potentialAction\":[{\"@type\":\"ReadAction\",\"target\":[\"https:\\\/\\\/taphoaok.click\\\/index.php\\\/san-pham\\\/mi-hao-hao\\\/\"]}]},{\"@type\":\"ImageObject\",\"inLanguage\":\"vi\",\"@id\":\"https:\\\/\\\/taphoaok.click\\\/index.php\\\/san-pham\\\/mi-hao-hao\\\/#primaryimage\",\"url\":\"https:\\\/\\\/taphoaok.click\\\/wp-content\\\/uploads\\\/2026\\\/03\\\/3D-CANXI-2025-TCC-768x598-1-e1773058813280.webp\",\"contentUrl\":\"https:\\\/\\\/taphoaok.click\\\/wp-content\\\/uploads\\\/2026\\\/03\\\/3D-CANXI-2025-TCC-768x598-1-e1773058813280.webp\",\"width\":700,\"height\":545},{\"@type\":\"BreadcrumbList\",\"@id\":\"https:\\\/\\\/taphoaok.click\\\/index.php\\\/san-pham\\\/mi-hao-hao\\\/#breadcrumb\",\"itemListElement\":[{\"@type\":\"ListItem\",\"position\":1,\"name\":\"Trang ch\u1ee7\",\"item\":\"https:\\\/\\\/taphoaok.click\\\/\"},{\"@type\":\"ListItem\",\"position\":2,\"name\":\"C\u1eeda h\u00e0ng\",\"item\":\"https:\\\/\\\/taphoaok.click\\\/index.php\\\/cua-hang\\\/\"},{\"@type\":\"ListItem\",\"position\":3,\"name\":\"M\u00ec H\u1ea3o H\u1ea3o\"}]},{\"@type\":\"WebSite\",\"@id\":\"https:\\\/\\\/taphoaok.click\\\/#website\",\"url\":\"https:\\\/\\\/taphoaok.click\\\/\",\"name\":\"\",\"description\":\"\",\"potentialAction\":[{\"@type\":\"SearchAction\",\"target\":{\"@type\":\"EntryPoint\",\"urlTemplate\":\"https:\\\/\\\/taphoaok.click\\\/?s={search_term_string}\"},\"query-input\":{\"@type\":\"PropertyValueSpecification\",\"valueRequired\":true,\"valueName\":\"search_term_string\"}}],\"inLanguage\":\"vi\"}]}<\/script>\n<!-- \/ Yoast SEO plugin. -->","yoast_head_json":{"title":"M\u00ec H\u1ea3o H\u1ea3o -","robots":{"index":"index","follow":"follow","max-snippet":"max-snippet:-1","max-image-preview":"max-image-preview:large","max-video-preview":"max-video-preview:-1"},"canonical":"https:\/\/taphoaok.click\/index.php\/san-pham\/mi-hao-hao\/","og_locale":"vi_VN","og_type":"article","og_title":"M\u00ec H\u1ea3o H\u1ea3o -","og_description":"H\u01b0\u01a1ng v\u1ecb ph\u1ed5 bi\u1ebfn nh\u1ea5t: T\u00f4m chua cay (g\u00f3i 75g), t\u00f4m chanh \u1edbt, m\u00ec x\u00e0o t\u00f4m x\u00e0o chua ng\u1ecdt, s\u01b0\u1eddn heo t\u1ecfi phi, sa t\u1ebf h\u00e0nh t\u00edm, l\u1ea9u kim chi H\u00e0n Qu\u1ed1c, v\u00e0 m\u00ec chay rau n\u1ea5m. D\u00f2ng s\u1ea3n ph\u1ea9m m\u1edbi: M\u00ec H\u1ea3o H\u1ea3o BIG 100g (nhi\u1ec1u h\u01a1n 30% m\u00ec) v\u00e0 m\u00ec ly Handy H\u1ea3o [&hellip;]","og_url":"https:\/\/taphoaok.click\/index.php\/san-pham\/mi-hao-hao\/","article_modified_time":"2026-03-09T13:50:57+00:00","og_image":[{"width":700,"height":545,"url":"https:\/\/taphoaok.click\/wp-content\/uploads\/2026\/03\/3D-CANXI-2025-TCC-768x598-1-e1773058813280.webp","type":"image\/webp"}],"twitter_card":"summary_large_image","twitter_misc":{"\u01af\u1edbc t\u00ednh th\u1eddi gian \u0111\u1ecdc":"2 ph\u00fat"},"schema":{"@context":"https:\/\/schema.org","@graph":[{"@type":"WebPage","@id":"https:\/\/taphoaok.click\/index.php\/san-pham\/mi-hao-hao\/","url":"https:\/\/taphoaok.click\/index.php\/san-pham\/mi-hao-hao\/","name":"M\u00ec H\u1ea3o H\u1ea3o -","isPartOf":{"@id":"https:\/\/taphoaok.click\/#website"},"primaryImageOfPage":{"@id":"https:\/\/taphoaok.click\/index.php\/san-pham\/mi-hao-hao\/#primaryimage"},"image":{"@id":"https:\/\/taphoaok.click\/index.php\/san-pham\/mi-hao-hao\/#primaryimage"},"thumbnailUrl":"https:\/\/taphoaok.click\/wp-content\/uploads\/2026\/03\/3D-CANXI-2025-TCC-768x598-1-e1773058813280.webp","datePublished":"2026-03-07T09:09:02+00:00","dateModified":"2026-03-09T13:50:57+00:00","breadcrumb":{"@id":"https:\/\/taphoaok.click\/index.php\/san-pham\/mi-hao-hao\/#breadcrumb"},"inLanguage":"vi","potentialAction":[{"@type":"ReadAction","target":["https:\/\/taphoaok.click\/index.php\/san-pham\/mi-hao-hao\/"]}]},{"@type":"ImageObject","inLanguage":"vi","@id":"https:\/\/taphoaok.click\/index.php\/san-pham\/mi-hao-hao\/#primaryimage","url":"https:\/\/taphoaok.click\/wp-content\/uploads\/2026\/03\/3D-CANXI-2025-TCC-768x598-1-e1773058813280.webp","contentUrl":"https:\/\/taphoaok.click\/wp-content\/uploads\/2026\/03\/3D-CANXI-2025-TCC-768x598-1-e1773058813280.webp","width":700,"height":545},{"@type":"BreadcrumbList","@id":"https:\/\/taphoaok.click\/index.php\/san-pham\/mi-hao-hao\/#breadcrumb","itemListElement":[{"@type":"ListItem","position":1,"name":"Trang ch\u1ee7","item":"https:\/\/taphoaok.click\/"},{"@type":"ListItem","position":2,"name":"C\u1eeda h\u00e0ng","item":"https:\/\/taphoaok.click\/index.php\/cua-hang\/"},{"@type":"ListItem","position":3,"name":"M\u00ec H\u1ea3o H\u1ea3o"}]},{"@type":"WebSite","@id":"https:\/\/taphoaok.click\/#website","url":"https:\/\/taphoaok.click\/","name":"","description":"","potentialAction":[{"@type":"SearchAction","target":{"@type":"EntryPoint","urlTemplate":"https:\/\/taphoaok.click\/?s={search_term_string}"},"query-input":{"@type":"PropertyValueSpecification","valueRequired":true,"valueName":"search_term_string"}}],"inLanguage":"vi"}]}},"jetpack_sharing_enabled":true,"_links":{"self":[{"href":"https:\/\/taphoaok.click\/index.php\/wp-json\/wp\/v2\/product\/21","targetHints":{"allow":["GET"]}}],"collection":[{"href":"https:\/\/taphoaok.click\/index.php\/wp-json\/wp\/v2\/product"}],"about":[{"href":"https:\/\/taphoaok.click\/index.php\/wp-json\/wp\/v2\/types\/product"}],"replies":[{"embeddable":true,"href":"https:\/\/taphoaok.click\/index.php\/wp-json\/wp\/v2\/comments?post=21"}],"wp:featuredmedia":[{"embeddable":true,"href":"https:\/\/taphoaok.click\/index.php\/wp-json\/wp\/v2\/media\/25"}],"wp:attachment":[{"href":"https:\/\/taphoaok.click\/index.php\/wp-json\/wp\/v2\/media?parent=21"}],"wp:term":[{"taxonomy":"product_brand","embeddable":true,"href":"https:\/\/taphoaok.click\/index.php\/wp-json\/wp\/v2\/product_brand?post=21"},{"taxonomy":"product_cat","embeddable":true,"href":"https:\/\/taphoaok.click\/index.php\/wp-json\/wp\/v2\/product_cat?post=21"},{"taxonomy":"product_tag","embeddable":true,"href":"https:\/\/taphoaok.click\/index.php\/wp-json\/wp\/v2\/product_tag?post=21"}],"curies":[{"name":"wp","href":"https:\/\/api.w.org\/{rel}","templated":true}]}}