{"id":324,"date":"2026-03-12T14:21:47","date_gmt":"2026-03-12T14:21:47","guid":{"rendered":"https:\/\/taphoaok.click\/?post_type=product&#038;p=324"},"modified":"2026-03-12T14:21:47","modified_gmt":"2026-03-12T14:21:47","slug":"hb-gift-chao-chong-dinh-goldsun-24cm-elmich-20cm","status":"publish","type":"product","link":"https:\/\/taphoaok.click\/index.php\/san-pham\/hb-gift-chao-chong-dinh-goldsun-24cm-elmich-20cm\/","title":{"rendered":"[HB Gift] Ch\u1ea3o ch\u1ed1ng d\u00ednh Goldsun 24cm\/ Elmich 20cm"},"content":{"rendered":"<p class=\"QN2lPu\">[HB Gift] Ch\u1ea3o ch\u1ed1ng d\u00ednh Goldsun 24cm\/ Elmich 20cm<\/p>\n<p class=\"QN2lPu\">\n<p class=\"QN2lPu\">\u0110\u1eb7c \u0111i\u1ec3m n\u1ed5i b\u1eadt<\/p>\n<p class=\"QN2lPu\">\u0110\u01b0\u1eddng k\u00ednh ch\u1ea3o 24\/20cm ph\u00f9 h\u1ee3p \u0111\u1ec3 chi\u00ean x\u00e0o cho 4-6 ng\u01b0\u1eddi<\/p>\n<p class=\"QN2lPu\">Ch\u1ed1ng d\u00ednh Whitford (M\u1ef9) ph\u1ee7 v\u00e2n \u0111\u00e1 cao c\u1ea5p<\/p>\n<p class=\"QN2lPu\">Tay c\u1ea7m b\u1ecdc nh\u1ef1a c\u00e1ch nhi\u1ec7t ch\u1ed1ng b\u1ecfng, c\u00f3 s\u1eb5n m\u00f3c treo d\u1ec5 s\u1eed d\u1ee5ng<\/p>\n<p class=\"QN2lPu\">Ch\u1ea5t li\u1ec7u nh\u00f4m b\u1ec1n \u0111\u1eb9p<\/p>\n<p class=\"QN2lPu\">Thi\u1ebft k\u1ebf \u0111\u1eb9p m\u1eaft, ph\u00f9 h\u1ee3p v\u1edbi m\u1ecdi kh\u00f4ng gian b\u1ebfp<\/p>\n<p class=\"QN2lPu\">Ch\u1ea3o ch\u1ed1ng d\u00ednh Goldsun GPA1200-24 \u0111\u01b0\u1ee3c thi\u1ebft k\u1ebf \u0111\u01a1n gi\u1ea3n h\u00e0i h\u00f2a v\u1edbi m\u1ecdi kh\u00f4ng gian b\u1ebfp. Tay c\u1ea7m b\u1ecdc nh\u1ef1a c\u00e1ch nhi\u1ec7t g\u1eafn v\u00e0o th\u00e2n b\u1eb1ng \u0111inh t\u00e1n ch\u1eafc ch\u1eafn, b\u1ea3o v\u1ec7 b\u1ea1n kh\u00f4ng b\u1ecb n\u00f3ng khi di chuy\u1ec3n ch\u1ea3o. Thi\u1ebft k\u1ebf ch\u1ed1ng tr\u01a1n tr\u01b0\u1ee3t d\u01b0\u1edbi \u0111\u00e1y ch\u1ea3o \u0111\u1ea3m b\u1ea3o an to\u00e0n khi s\u1eed d\u1ee5ng.<\/p>\n<p class=\"QN2lPu\">Giao m\u1eabu ng\u1eabu nhi\u00ean<\/p>\n","protected":false},"excerpt":{"rendered":"<p>[HB Gift] Ch\u1ea3o ch\u1ed1ng d\u00ednh Goldsun 24cm\/ Elmich 20cm \u0110\u1eb7c \u0111i\u1ec3m n\u1ed5i b\u1eadt \u0110\u01b0\u1eddng k\u00ednh ch\u1ea3o 24\/20cm ph\u00f9 h\u1ee3p \u0111\u1ec3 chi\u00ean x\u00e0o cho 4-6 ng\u01b0\u1eddi Ch\u1ed1ng d\u00ednh Whitford (M\u1ef9) ph\u1ee7 v\u00e2n \u0111\u00e1 cao c\u1ea5p Tay c\u1ea7m b\u1ecdc nh\u1ef1a c\u00e1ch nhi\u1ec7t ch\u1ed1ng b\u1ecfng, c\u00f3 s\u1eb5n m\u00f3c treo d\u1ec5 s\u1eed d\u1ee5ng Ch\u1ea5t li\u1ec7u nh\u00f4m b\u1ec1n \u0111\u1eb9p Thi\u1ebft [&hellip;]<\/p>\n","protected":false},"featured_media":325,"comment_status":"open","ping_status":"closed","template":"","meta":[],"product_brand":[],"product_cat":[29],"product_tag":[],"class_list":{"0":"post-324","1":"product","2":"type-product","3":"status-publish","4":"has-post-thumbnail","6":"product_cat-do-gia-dung","8":"first","9":"instock","10":"sale","11":"shipping-taxable","12":"purchasable","13":"product-type-simple"},"yoast_head":"<!-- This site is optimized with the Yoast SEO plugin v27.4 - https:\/\/yoast.com\/product\/yoast-seo-wordpress\/ -->\n<title>[HB Gift] Ch\u1ea3o ch\u1ed1ng d\u00ednh Goldsun 24cm\/ Elmich 20cm -<\/title>\n<meta name=\"robots\" content=\"index, follow, max-snippet:-1, max-image-preview:large, max-video-preview:-1\" \/>\n<link rel=\"canonical\" href=\"https:\/\/taphoaok.click\/index.php\/san-pham\/hb-gift-chao-chong-dinh-goldsun-24cm-elmich-20cm\/\" \/>\n<meta property=\"og:locale\" content=\"vi_VN\" \/>\n<meta property=\"og:type\" content=\"article\" \/>\n<meta property=\"og:title\" content=\"[HB Gift] Ch\u1ea3o ch\u1ed1ng d\u00ednh Goldsun 24cm\/ Elmich 20cm -\" \/>\n<meta property=\"og:description\" content=\"[HB Gift] Ch\u1ea3o ch\u1ed1ng d\u00ednh Goldsun 24cm\/ Elmich 20cm \u0110\u1eb7c \u0111i\u1ec3m n\u1ed5i b\u1eadt \u0110\u01b0\u1eddng k\u00ednh ch\u1ea3o 24\/20cm ph\u00f9 h\u1ee3p \u0111\u1ec3 chi\u00ean x\u00e0o cho 4-6 ng\u01b0\u1eddi Ch\u1ed1ng d\u00ednh Whitford (M\u1ef9) ph\u1ee7 v\u00e2n \u0111\u00e1 cao c\u1ea5p Tay c\u1ea7m b\u1ecdc nh\u1ef1a c\u00e1ch nhi\u1ec7t ch\u1ed1ng b\u1ecfng, c\u00f3 s\u1eb5n m\u00f3c treo d\u1ec5 s\u1eed d\u1ee5ng Ch\u1ea5t li\u1ec7u nh\u00f4m b\u1ec1n \u0111\u1eb9p Thi\u1ebft [&hellip;]\" \/>\n<meta property=\"og:url\" content=\"https:\/\/taphoaok.click\/index.php\/san-pham\/hb-gift-chao-chong-dinh-goldsun-24cm-elmich-20cm\/\" \/>\n<meta property=\"og:image\" content=\"https:\/\/taphoaok.click\/wp-content\/uploads\/2026\/03\/vn-11134207-7ra0g-m7g177rjhp4md0.webp\" \/>\n\t<meta property=\"og:image:width\" content=\"1024\" \/>\n\t<meta property=\"og:image:height\" content=\"1024\" \/>\n\t<meta property=\"og:image:type\" content=\"image\/webp\" \/>\n<meta name=\"twitter:card\" content=\"summary_large_image\" \/>\n<meta name=\"twitter:label1\" content=\"\u01af\u1edbc t\u00ednh th\u1eddi gian \u0111\u1ecdc\" \/>\n\t<meta name=\"twitter:data1\" content=\"1 ph\u00fat\" \/>\n<script type=\"application\/ld+json\" class=\"yoast-schema-graph\">{\"@context\":\"https:\\\/\\\/schema.org\",\"@graph\":[{\"@type\":\"WebPage\",\"@id\":\"https:\\\/\\\/taphoaok.click\\\/index.php\\\/san-pham\\\/hb-gift-chao-chong-dinh-goldsun-24cm-elmich-20cm\\\/\",\"url\":\"https:\\\/\\\/taphoaok.click\\\/index.php\\\/san-pham\\\/hb-gift-chao-chong-dinh-goldsun-24cm-elmich-20cm\\\/\",\"name\":\"[HB Gift] Ch\u1ea3o ch\u1ed1ng d\u00ednh Goldsun 24cm\\\/ Elmich 20cm -\",\"isPartOf\":{\"@id\":\"https:\\\/\\\/taphoaok.click\\\/#website\"},\"primaryImageOfPage\":{\"@id\":\"https:\\\/\\\/taphoaok.click\\\/index.php\\\/san-pham\\\/hb-gift-chao-chong-dinh-goldsun-24cm-elmich-20cm\\\/#primaryimage\"},\"image\":{\"@id\":\"https:\\\/\\\/taphoaok.click\\\/index.php\\\/san-pham\\\/hb-gift-chao-chong-dinh-goldsun-24cm-elmich-20cm\\\/#primaryimage\"},\"thumbnailUrl\":\"https:\\\/\\\/taphoaok.click\\\/wp-content\\\/uploads\\\/2026\\\/03\\\/vn-11134207-7ra0g-m7g177rjhp4md0.webp\",\"datePublished\":\"2026-03-12T14:21:47+00:00\",\"breadcrumb\":{\"@id\":\"https:\\\/\\\/taphoaok.click\\\/index.php\\\/san-pham\\\/hb-gift-chao-chong-dinh-goldsun-24cm-elmich-20cm\\\/#breadcrumb\"},\"inLanguage\":\"vi\",\"potentialAction\":[{\"@type\":\"ReadAction\",\"target\":[\"https:\\\/\\\/taphoaok.click\\\/index.php\\\/san-pham\\\/hb-gift-chao-chong-dinh-goldsun-24cm-elmich-20cm\\\/\"]}]},{\"@type\":\"ImageObject\",\"inLanguage\":\"vi\",\"@id\":\"https:\\\/\\\/taphoaok.click\\\/index.php\\\/san-pham\\\/hb-gift-chao-chong-dinh-goldsun-24cm-elmich-20cm\\\/#primaryimage\",\"url\":\"https:\\\/\\\/taphoaok.click\\\/wp-content\\\/uploads\\\/2026\\\/03\\\/vn-11134207-7ra0g-m7g177rjhp4md0.webp\",\"contentUrl\":\"https:\\\/\\\/taphoaok.click\\\/wp-content\\\/uploads\\\/2026\\\/03\\\/vn-11134207-7ra0g-m7g177rjhp4md0.webp\",\"width\":1024,\"height\":1024},{\"@type\":\"BreadcrumbList\",\"@id\":\"https:\\\/\\\/taphoaok.click\\\/index.php\\\/san-pham\\\/hb-gift-chao-chong-dinh-goldsun-24cm-elmich-20cm\\\/#breadcrumb\",\"itemListElement\":[{\"@type\":\"ListItem\",\"position\":1,\"name\":\"Trang ch\u1ee7\",\"item\":\"https:\\\/\\\/taphoaok.click\\\/\"},{\"@type\":\"ListItem\",\"position\":2,\"name\":\"C\u1eeda h\u00e0ng\",\"item\":\"https:\\\/\\\/taphoaok.click\\\/index.php\\\/cua-hang\\\/\"},{\"@type\":\"ListItem\",\"position\":3,\"name\":\"[HB Gift] Ch\u1ea3o ch\u1ed1ng d\u00ednh Goldsun 24cm\\\/ Elmich 20cm\"}]},{\"@type\":\"WebSite\",\"@id\":\"https:\\\/\\\/taphoaok.click\\\/#website\",\"url\":\"https:\\\/\\\/taphoaok.click\\\/\",\"name\":\"\",\"description\":\"\",\"potentialAction\":[{\"@type\":\"SearchAction\",\"target\":{\"@type\":\"EntryPoint\",\"urlTemplate\":\"https:\\\/\\\/taphoaok.click\\\/?s={search_term_string}\"},\"query-input\":{\"@type\":\"PropertyValueSpecification\",\"valueRequired\":true,\"valueName\":\"search_term_string\"}}],\"inLanguage\":\"vi\"}]}<\/script>\n<!-- \/ Yoast SEO plugin. -->","yoast_head_json":{"title":"[HB Gift] Ch\u1ea3o ch\u1ed1ng d\u00ednh Goldsun 24cm\/ Elmich 20cm -","robots":{"index":"index","follow":"follow","max-snippet":"max-snippet:-1","max-image-preview":"max-image-preview:large","max-video-preview":"max-video-preview:-1"},"canonical":"https:\/\/taphoaok.click\/index.php\/san-pham\/hb-gift-chao-chong-dinh-goldsun-24cm-elmich-20cm\/","og_locale":"vi_VN","og_type":"article","og_title":"[HB Gift] Ch\u1ea3o ch\u1ed1ng d\u00ednh Goldsun 24cm\/ Elmich 20cm -","og_description":"[HB Gift] Ch\u1ea3o ch\u1ed1ng d\u00ednh Goldsun 24cm\/ Elmich 20cm \u0110\u1eb7c \u0111i\u1ec3m n\u1ed5i b\u1eadt \u0110\u01b0\u1eddng k\u00ednh ch\u1ea3o 24\/20cm ph\u00f9 h\u1ee3p \u0111\u1ec3 chi\u00ean x\u00e0o cho 4-6 ng\u01b0\u1eddi Ch\u1ed1ng d\u00ednh Whitford (M\u1ef9) ph\u1ee7 v\u00e2n \u0111\u00e1 cao c\u1ea5p Tay c\u1ea7m b\u1ecdc nh\u1ef1a c\u00e1ch nhi\u1ec7t ch\u1ed1ng b\u1ecfng, c\u00f3 s\u1eb5n m\u00f3c treo d\u1ec5 s\u1eed d\u1ee5ng Ch\u1ea5t li\u1ec7u nh\u00f4m b\u1ec1n \u0111\u1eb9p Thi\u1ebft [&hellip;]","og_url":"https:\/\/taphoaok.click\/index.php\/san-pham\/hb-gift-chao-chong-dinh-goldsun-24cm-elmich-20cm\/","og_image":[{"width":1024,"height":1024,"url":"https:\/\/taphoaok.click\/wp-content\/uploads\/2026\/03\/vn-11134207-7ra0g-m7g177rjhp4md0.webp","type":"image\/webp"}],"twitter_card":"summary_large_image","twitter_misc":{"\u01af\u1edbc t\u00ednh th\u1eddi gian \u0111\u1ecdc":"1 ph\u00fat"},"schema":{"@context":"https:\/\/schema.org","@graph":[{"@type":"WebPage","@id":"https:\/\/taphoaok.click\/index.php\/san-pham\/hb-gift-chao-chong-dinh-goldsun-24cm-elmich-20cm\/","url":"https:\/\/taphoaok.click\/index.php\/san-pham\/hb-gift-chao-chong-dinh-goldsun-24cm-elmich-20cm\/","name":"[HB Gift] Ch\u1ea3o ch\u1ed1ng d\u00ednh Goldsun 24cm\/ Elmich 20cm -","isPartOf":{"@id":"https:\/\/taphoaok.click\/#website"},"primaryImageOfPage":{"@id":"https:\/\/taphoaok.click\/index.php\/san-pham\/hb-gift-chao-chong-dinh-goldsun-24cm-elmich-20cm\/#primaryimage"},"image":{"@id":"https:\/\/taphoaok.click\/index.php\/san-pham\/hb-gift-chao-chong-dinh-goldsun-24cm-elmich-20cm\/#primaryimage"},"thumbnailUrl":"https:\/\/taphoaok.click\/wp-content\/uploads\/2026\/03\/vn-11134207-7ra0g-m7g177rjhp4md0.webp","datePublished":"2026-03-12T14:21:47+00:00","breadcrumb":{"@id":"https:\/\/taphoaok.click\/index.php\/san-pham\/hb-gift-chao-chong-dinh-goldsun-24cm-elmich-20cm\/#breadcrumb"},"inLanguage":"vi","potentialAction":[{"@type":"ReadAction","target":["https:\/\/taphoaok.click\/index.php\/san-pham\/hb-gift-chao-chong-dinh-goldsun-24cm-elmich-20cm\/"]}]},{"@type":"ImageObject","inLanguage":"vi","@id":"https:\/\/taphoaok.click\/index.php\/san-pham\/hb-gift-chao-chong-dinh-goldsun-24cm-elmich-20cm\/#primaryimage","url":"https:\/\/taphoaok.click\/wp-content\/uploads\/2026\/03\/vn-11134207-7ra0g-m7g177rjhp4md0.webp","contentUrl":"https:\/\/taphoaok.click\/wp-content\/uploads\/2026\/03\/vn-11134207-7ra0g-m7g177rjhp4md0.webp","width":1024,"height":1024},{"@type":"BreadcrumbList","@id":"https:\/\/taphoaok.click\/index.php\/san-pham\/hb-gift-chao-chong-dinh-goldsun-24cm-elmich-20cm\/#breadcrumb","itemListElement":[{"@type":"ListItem","position":1,"name":"Trang ch\u1ee7","item":"https:\/\/taphoaok.click\/"},{"@type":"ListItem","position":2,"name":"C\u1eeda h\u00e0ng","item":"https:\/\/taphoaok.click\/index.php\/cua-hang\/"},{"@type":"ListItem","position":3,"name":"[HB Gift] Ch\u1ea3o ch\u1ed1ng d\u00ednh Goldsun 24cm\/ Elmich 20cm"}]},{"@type":"WebSite","@id":"https:\/\/taphoaok.click\/#website","url":"https:\/\/taphoaok.click\/","name":"","description":"","potentialAction":[{"@type":"SearchAction","target":{"@type":"EntryPoint","urlTemplate":"https:\/\/taphoaok.click\/?s={search_term_string}"},"query-input":{"@type":"PropertyValueSpecification","valueRequired":true,"valueName":"search_term_string"}}],"inLanguage":"vi"}]}},"jetpack_sharing_enabled":true,"_links":{"self":[{"href":"https:\/\/taphoaok.click\/index.php\/wp-json\/wp\/v2\/product\/324","targetHints":{"allow":["GET"]}}],"collection":[{"href":"https:\/\/taphoaok.click\/index.php\/wp-json\/wp\/v2\/product"}],"about":[{"href":"https:\/\/taphoaok.click\/index.php\/wp-json\/wp\/v2\/types\/product"}],"replies":[{"embeddable":true,"href":"https:\/\/taphoaok.click\/index.php\/wp-json\/wp\/v2\/comments?post=324"}],"wp:featuredmedia":[{"embeddable":true,"href":"https:\/\/taphoaok.click\/index.php\/wp-json\/wp\/v2\/media\/325"}],"wp:attachment":[{"href":"https:\/\/taphoaok.click\/index.php\/wp-json\/wp\/v2\/media?parent=324"}],"wp:term":[{"taxonomy":"product_brand","embeddable":true,"href":"https:\/\/taphoaok.click\/index.php\/wp-json\/wp\/v2\/product_brand?post=324"},{"taxonomy":"product_cat","embeddable":true,"href":"https:\/\/taphoaok.click\/index.php\/wp-json\/wp\/v2\/product_cat?post=324"},{"taxonomy":"product_tag","embeddable":true,"href":"https:\/\/taphoaok.click\/index.php\/wp-json\/wp\/v2\/product_tag?post=324"}],"curies":[{"name":"wp","href":"https:\/\/api.w.org\/{rel}","templated":true}]}}