{"id":342,"date":"2026-03-12T14:39:57","date_gmt":"2026-03-12T14:39:57","guid":{"rendered":"https:\/\/taphoaok.click\/?post_type=product&#038;p=342"},"modified":"2026-03-12T14:39:57","modified_gmt":"2026-03-12T14:39:57","slug":"1-thung-tuong-duong-24-chai-nuoc-khoang-thien-nhien-bo-sung-ga-tu-nguon-hieu-perrier-chai-nhua-500ml","status":"publish","type":"product","link":"https:\/\/taphoaok.click\/index.php\/san-pham\/1-thung-tuong-duong-24-chai-nuoc-khoang-thien-nhien-bo-sung-ga-tu-nguon-hieu-perrier-chai-nhua-500ml\/","title":{"rendered":"1 th\u00f9ng t\u01b0\u01a1ng \u0111\u01b0\u01a1ng 24 chai n\u01b0\u1edbc kho\u00e1ng thi\u00ean nhi\u00ean b\u1ed5 sung ga t\u1eeb ngu\u1ed3n hi\u1ec7u Perrier (chai nh\u1ef1a) 500ml"},"content":{"rendered":"<p class=\"QN2lPu\">*Th\u01b0\u01a1ng hi\u1ec7u Perrier<\/p>\n<p class=\"QN2lPu\">*Xu\u1ea5t x\u1ee9 th\u01b0\u01a1ng hi\u1ec7u: Ph\u00e1p<\/p>\n<p class=\"QN2lPu\">*H\u1ea1n s\u1eed d\u1ee5ng: 18 th\u00e1ng k\u1ec3 t\u1eeb ng\u00e0y s\u1ea3n xu\u1ea5t (Date c\u1eadp nh\u1eadt th\u01b0\u1eddng xuy\u00ean)<\/p>\n<p class=\"QN2lPu\">*H\u01b0\u1edbng d\u1eabn b\u1ea3o qu\u1ea3n: B\u1ea3o qu\u1ea3n n\u01a1i kh\u00f4 r\u00e1o tho\u00e1ng m\u00e1t, tr\u00e1nh \u00e1nh n\u1eafng tr\u1ef1c ti\u1ebfp<\/p>\n<p class=\"QN2lPu\">*H\u01b0\u1edbng d\u1eabn s\u1eed d\u1ee5ng: U\u1ed1ng tr\u1ef1c ti\u1ebfp, ngon h\u01a1n khi u\u1ed1ng l\u1ea1nh<\/p>\n<p class=\"QN2lPu\">*L\u01b0u \u00fd: Tr\u00e1nh va \u0111\u1eadp, rung l\u1eafc m\u1ea1nh, kh\u00f4ng \u0111\u1ec3 g\u1ea7n s\u1ea3n ph\u1ea9m c\u00f3 m\u00f9i m\u1ea1nh Bao b\u00ec s\u1ea3n ph\u1ea9m c\u00f3 th\u1ec3 thay \u0111\u1ed5i theo t\u1eebng \u0111\u1ee3t nh\u1eadp<\/p>\n<p class=\"QN2lPu\">*Xu\u1ea5t x\u1ee9: Ph\u00e1p<\/p>\n<p class=\"QN2lPu\">&#8211; N\u01b0\u1edbc Kho\u00e1ng C\u00f3 Gas Perrier (500ml) v\u1edbi h\u01b0\u01a1ng v\u1ecb th\u01a1m ngon, h\u1ea5p d\u1eabn, kh\u00f4ng ch\u1ec9 gi\u1ea3i t\u1ecfa c\u01a1n kh\u00e1t m\u00e0 c\u00f2n gi\u00fap b\u1ea1n l\u1ea5y l\u1ea1i n\u0103ng l\u01b0\u1ee3ng thi\u1ebfu h\u1ee5t m\u1ed9t c\u00e1ch nhanh ch\u00f3ng.<\/p>\n<p class=\"QN2lPu\">&#8211; N\u01b0\u1edbc kho\u00e1ng c\u00f3 gas Perrier \u0111\u01b0\u1ee3c s\u1ea3n xu\u1ea5t v\u1edbi c\u00e1c nguy\u00ean li\u1ec7u ho\u00e0n to\u00e0n t\u1ef1 nhi\u00ean, kh\u00f4ng ch\u1ee9a ch\u1ea5t b\u1ea3o qu\u1ea3n, ch\u1ea5t \u0111\u1ed9c h\u1ea1i, an to\u00e0n cho s\u1ee9c kh\u1ecfe ng\u01b0\u1eddi s\u1eed d\u1ee5ng.<\/p>\n<p class=\"QN2lPu\">&#8211; Kh\u00f4ng ch\u1ec9 v\u1eady, s\u1ea3n ph\u1ea9m gi\u00fap b\u1ed5 sung n\u0103ng l\u01b0\u1ee3ng v\u00e0 vitamin thi\u1ebft y\u1ebfu cho c\u01a1 th\u1ec3 nh\u01b0: vitamin A, vitamin C gi\u00fap t\u0103ng h\u1ec7 mi\u1ec5n d\u1ecbch, ch\u1ed1ng oxy h\u00f3<\/p>\n<p class=\"QN2lPu\">&#8211; \u0110\u01b0\u1ee3c \u0111\u00f3ng chai t\u1ea1i ngu\u1ed3n v\u1edbi c\u00f4ng ngh\u1ec7 hi\u1ec7n \u0111\u1ea1i, kh\u00f4ng s\u1eed d\u1ee5ng h\u00f3a ch\u1ea5t c\u00f3 h\u1ea1i, \u0111\u1ea3m b\u1ea3o an to\u00e0n cho ng\u01b0\u1eddi s\u1eed d\u1ee5ng. S\u1ea3n ph\u1ea9m \u0111\u01b0\u1ee3c \u0111\u00f3ng chai nh\u1ecf g\u1ecdn, d\u1ec5 c\u1ea7m, ph\u00f9 h\u1ee3p khi t\u1eadp th\u1ec3 thao, hay ra \u0111i ra ngo\u00e0i, h\u1ed9i h\u1ecdp.<\/p>\n","protected":false},"excerpt":{"rendered":"<p>*Th\u01b0\u01a1ng hi\u1ec7u Perrier *Xu\u1ea5t x\u1ee9 th\u01b0\u01a1ng hi\u1ec7u: Ph\u00e1p *H\u1ea1n s\u1eed d\u1ee5ng: 18 th\u00e1ng k\u1ec3 t\u1eeb ng\u00e0y s\u1ea3n xu\u1ea5t (Date c\u1eadp nh\u1eadt th\u01b0\u1eddng xuy\u00ean) *H\u01b0\u1edbng d\u1eabn b\u1ea3o qu\u1ea3n: B\u1ea3o qu\u1ea3n n\u01a1i kh\u00f4 r\u00e1o tho\u00e1ng m\u00e1t, tr\u00e1nh \u00e1nh n\u1eafng tr\u1ef1c ti\u1ebfp *H\u01b0\u1edbng d\u1eabn s\u1eed d\u1ee5ng: U\u1ed1ng tr\u1ef1c ti\u1ebfp, ngon h\u01a1n khi u\u1ed1ng l\u1ea1nh *L\u01b0u \u00fd: Tr\u00e1nh va [&hellip;]<\/p>\n","protected":false},"featured_media":343,"comment_status":"open","ping_status":"closed","template":"","meta":[],"product_brand":[],"product_cat":[20],"product_tag":[],"class_list":{"0":"post-342","1":"product","2":"type-product","3":"status-publish","4":"has-post-thumbnail","6":"product_cat-nuoc-suoi","8":"first","9":"instock","10":"shipping-taxable","11":"purchasable","12":"product-type-simple"},"yoast_head":"<!-- This site is optimized with the Yoast SEO plugin v27.4 - https:\/\/yoast.com\/product\/yoast-seo-wordpress\/ -->\n<title>1 th\u00f9ng t\u01b0\u01a1ng \u0111\u01b0\u01a1ng 24 chai n\u01b0\u1edbc kho\u00e1ng thi\u00ean nhi\u00ean b\u1ed5 sung ga t\u1eeb ngu\u1ed3n hi\u1ec7u Perrier (chai nh\u1ef1a) 500ml -<\/title>\n<meta name=\"robots\" content=\"index, follow, max-snippet:-1, max-image-preview:large, max-video-preview:-1\" \/>\n<link rel=\"canonical\" href=\"https:\/\/taphoaok.click\/index.php\/san-pham\/1-thung-tuong-duong-24-chai-nuoc-khoang-thien-nhien-bo-sung-ga-tu-nguon-hieu-perrier-chai-nhua-500ml\/\" \/>\n<meta property=\"og:locale\" content=\"vi_VN\" \/>\n<meta property=\"og:type\" content=\"article\" \/>\n<meta property=\"og:title\" content=\"1 th\u00f9ng t\u01b0\u01a1ng \u0111\u01b0\u01a1ng 24 chai n\u01b0\u1edbc kho\u00e1ng thi\u00ean nhi\u00ean b\u1ed5 sung ga t\u1eeb ngu\u1ed3n hi\u1ec7u Perrier (chai nh\u1ef1a) 500ml -\" \/>\n<meta property=\"og:description\" content=\"*Th\u01b0\u01a1ng hi\u1ec7u Perrier *Xu\u1ea5t x\u1ee9 th\u01b0\u01a1ng hi\u1ec7u: Ph\u00e1p *H\u1ea1n s\u1eed d\u1ee5ng: 18 th\u00e1ng k\u1ec3 t\u1eeb ng\u00e0y s\u1ea3n xu\u1ea5t (Date c\u1eadp nh\u1eadt th\u01b0\u1eddng xuy\u00ean) *H\u01b0\u1edbng d\u1eabn b\u1ea3o qu\u1ea3n: B\u1ea3o qu\u1ea3n n\u01a1i kh\u00f4 r\u00e1o tho\u00e1ng m\u00e1t, tr\u00e1nh \u00e1nh n\u1eafng tr\u1ef1c ti\u1ebfp *H\u01b0\u1edbng d\u1eabn s\u1eed d\u1ee5ng: U\u1ed1ng tr\u1ef1c ti\u1ebfp, ngon h\u01a1n khi u\u1ed1ng l\u1ea1nh *L\u01b0u \u00fd: Tr\u00e1nh va [&hellip;]\" \/>\n<meta property=\"og:url\" content=\"https:\/\/taphoaok.click\/index.php\/san-pham\/1-thung-tuong-duong-24-chai-nuoc-khoang-thien-nhien-bo-sung-ga-tu-nguon-hieu-perrier-chai-nhua-500ml\/\" \/>\n<meta property=\"og:image\" content=\"https:\/\/taphoaok.click\/wp-content\/uploads\/2026\/03\/vn-11134207-7qukw-lg7sgau1vnfu46@resize_w900_nl.webp\" \/>\n\t<meta property=\"og:image:width\" content=\"600\" \/>\n\t<meta property=\"og:image:height\" content=\"600\" \/>\n\t<meta property=\"og:image:type\" content=\"image\/webp\" \/>\n<meta name=\"twitter:card\" content=\"summary_large_image\" \/>\n<meta name=\"twitter:label1\" content=\"\u01af\u1edbc t\u00ednh th\u1eddi gian \u0111\u1ecdc\" \/>\n\t<meta name=\"twitter:data1\" content=\"2 ph\u00fat\" \/>\n<script type=\"application\/ld+json\" class=\"yoast-schema-graph\">{\"@context\":\"https:\\\/\\\/schema.org\",\"@graph\":[{\"@type\":\"WebPage\",\"@id\":\"https:\\\/\\\/taphoaok.click\\\/index.php\\\/san-pham\\\/1-thung-tuong-duong-24-chai-nuoc-khoang-thien-nhien-bo-sung-ga-tu-nguon-hieu-perrier-chai-nhua-500ml\\\/\",\"url\":\"https:\\\/\\\/taphoaok.click\\\/index.php\\\/san-pham\\\/1-thung-tuong-duong-24-chai-nuoc-khoang-thien-nhien-bo-sung-ga-tu-nguon-hieu-perrier-chai-nhua-500ml\\\/\",\"name\":\"1 th\u00f9ng t\u01b0\u01a1ng \u0111\u01b0\u01a1ng 24 chai n\u01b0\u1edbc kho\u00e1ng thi\u00ean nhi\u00ean b\u1ed5 sung ga t\u1eeb ngu\u1ed3n hi\u1ec7u Perrier (chai nh\u1ef1a) 500ml -\",\"isPartOf\":{\"@id\":\"https:\\\/\\\/taphoaok.click\\\/#website\"},\"primaryImageOfPage\":{\"@id\":\"https:\\\/\\\/taphoaok.click\\\/index.php\\\/san-pham\\\/1-thung-tuong-duong-24-chai-nuoc-khoang-thien-nhien-bo-sung-ga-tu-nguon-hieu-perrier-chai-nhua-500ml\\\/#primaryimage\"},\"image\":{\"@id\":\"https:\\\/\\\/taphoaok.click\\\/index.php\\\/san-pham\\\/1-thung-tuong-duong-24-chai-nuoc-khoang-thien-nhien-bo-sung-ga-tu-nguon-hieu-perrier-chai-nhua-500ml\\\/#primaryimage\"},\"thumbnailUrl\":\"https:\\\/\\\/taphoaok.click\\\/wp-content\\\/uploads\\\/2026\\\/03\\\/vn-11134207-7qukw-lg7sgau1vnfu46@resize_w900_nl.webp\",\"datePublished\":\"2026-03-12T14:39:57+00:00\",\"breadcrumb\":{\"@id\":\"https:\\\/\\\/taphoaok.click\\\/index.php\\\/san-pham\\\/1-thung-tuong-duong-24-chai-nuoc-khoang-thien-nhien-bo-sung-ga-tu-nguon-hieu-perrier-chai-nhua-500ml\\\/#breadcrumb\"},\"inLanguage\":\"vi\",\"potentialAction\":[{\"@type\":\"ReadAction\",\"target\":[\"https:\\\/\\\/taphoaok.click\\\/index.php\\\/san-pham\\\/1-thung-tuong-duong-24-chai-nuoc-khoang-thien-nhien-bo-sung-ga-tu-nguon-hieu-perrier-chai-nhua-500ml\\\/\"]}]},{\"@type\":\"ImageObject\",\"inLanguage\":\"vi\",\"@id\":\"https:\\\/\\\/taphoaok.click\\\/index.php\\\/san-pham\\\/1-thung-tuong-duong-24-chai-nuoc-khoang-thien-nhien-bo-sung-ga-tu-nguon-hieu-perrier-chai-nhua-500ml\\\/#primaryimage\",\"url\":\"https:\\\/\\\/taphoaok.click\\\/wp-content\\\/uploads\\\/2026\\\/03\\\/vn-11134207-7qukw-lg7sgau1vnfu46@resize_w900_nl.webp\",\"contentUrl\":\"https:\\\/\\\/taphoaok.click\\\/wp-content\\\/uploads\\\/2026\\\/03\\\/vn-11134207-7qukw-lg7sgau1vnfu46@resize_w900_nl.webp\",\"width\":600,\"height\":600},{\"@type\":\"BreadcrumbList\",\"@id\":\"https:\\\/\\\/taphoaok.click\\\/index.php\\\/san-pham\\\/1-thung-tuong-duong-24-chai-nuoc-khoang-thien-nhien-bo-sung-ga-tu-nguon-hieu-perrier-chai-nhua-500ml\\\/#breadcrumb\",\"itemListElement\":[{\"@type\":\"ListItem\",\"position\":1,\"name\":\"Trang ch\u1ee7\",\"item\":\"https:\\\/\\\/taphoaok.click\\\/\"},{\"@type\":\"ListItem\",\"position\":2,\"name\":\"C\u1eeda h\u00e0ng\",\"item\":\"https:\\\/\\\/taphoaok.click\\\/index.php\\\/cua-hang\\\/\"},{\"@type\":\"ListItem\",\"position\":3,\"name\":\"1 th\u00f9ng t\u01b0\u01a1ng \u0111\u01b0\u01a1ng 24 chai n\u01b0\u1edbc kho\u00e1ng thi\u00ean nhi\u00ean b\u1ed5 sung ga t\u1eeb ngu\u1ed3n hi\u1ec7u Perrier (chai nh\u1ef1a) 500ml\"}]},{\"@type\":\"WebSite\",\"@id\":\"https:\\\/\\\/taphoaok.click\\\/#website\",\"url\":\"https:\\\/\\\/taphoaok.click\\\/\",\"name\":\"\",\"description\":\"\",\"potentialAction\":[{\"@type\":\"SearchAction\",\"target\":{\"@type\":\"EntryPoint\",\"urlTemplate\":\"https:\\\/\\\/taphoaok.click\\\/?s={search_term_string}\"},\"query-input\":{\"@type\":\"PropertyValueSpecification\",\"valueRequired\":true,\"valueName\":\"search_term_string\"}}],\"inLanguage\":\"vi\"}]}<\/script>\n<!-- \/ Yoast SEO plugin. -->","yoast_head_json":{"title":"1 th\u00f9ng t\u01b0\u01a1ng \u0111\u01b0\u01a1ng 24 chai n\u01b0\u1edbc kho\u00e1ng thi\u00ean nhi\u00ean b\u1ed5 sung ga t\u1eeb ngu\u1ed3n hi\u1ec7u Perrier (chai nh\u1ef1a) 500ml -","robots":{"index":"index","follow":"follow","max-snippet":"max-snippet:-1","max-image-preview":"max-image-preview:large","max-video-preview":"max-video-preview:-1"},"canonical":"https:\/\/taphoaok.click\/index.php\/san-pham\/1-thung-tuong-duong-24-chai-nuoc-khoang-thien-nhien-bo-sung-ga-tu-nguon-hieu-perrier-chai-nhua-500ml\/","og_locale":"vi_VN","og_type":"article","og_title":"1 th\u00f9ng t\u01b0\u01a1ng \u0111\u01b0\u01a1ng 24 chai n\u01b0\u1edbc kho\u00e1ng thi\u00ean nhi\u00ean b\u1ed5 sung ga t\u1eeb ngu\u1ed3n hi\u1ec7u Perrier (chai nh\u1ef1a) 500ml -","og_description":"*Th\u01b0\u01a1ng hi\u1ec7u Perrier *Xu\u1ea5t x\u1ee9 th\u01b0\u01a1ng hi\u1ec7u: Ph\u00e1p *H\u1ea1n s\u1eed d\u1ee5ng: 18 th\u00e1ng k\u1ec3 t\u1eeb ng\u00e0y s\u1ea3n xu\u1ea5t (Date c\u1eadp nh\u1eadt th\u01b0\u1eddng xuy\u00ean) *H\u01b0\u1edbng d\u1eabn b\u1ea3o qu\u1ea3n: B\u1ea3o qu\u1ea3n n\u01a1i kh\u00f4 r\u00e1o tho\u00e1ng m\u00e1t, tr\u00e1nh \u00e1nh n\u1eafng tr\u1ef1c ti\u1ebfp *H\u01b0\u1edbng d\u1eabn s\u1eed d\u1ee5ng: U\u1ed1ng tr\u1ef1c ti\u1ebfp, ngon h\u01a1n khi u\u1ed1ng l\u1ea1nh *L\u01b0u \u00fd: Tr\u00e1nh va [&hellip;]","og_url":"https:\/\/taphoaok.click\/index.php\/san-pham\/1-thung-tuong-duong-24-chai-nuoc-khoang-thien-nhien-bo-sung-ga-tu-nguon-hieu-perrier-chai-nhua-500ml\/","og_image":[{"width":600,"height":600,"url":"https:\/\/taphoaok.click\/wp-content\/uploads\/2026\/03\/vn-11134207-7qukw-lg7sgau1vnfu46@resize_w900_nl.webp","type":"image\/webp"}],"twitter_card":"summary_large_image","twitter_misc":{"\u01af\u1edbc t\u00ednh th\u1eddi gian \u0111\u1ecdc":"2 ph\u00fat"},"schema":{"@context":"https:\/\/schema.org","@graph":[{"@type":"WebPage","@id":"https:\/\/taphoaok.click\/index.php\/san-pham\/1-thung-tuong-duong-24-chai-nuoc-khoang-thien-nhien-bo-sung-ga-tu-nguon-hieu-perrier-chai-nhua-500ml\/","url":"https:\/\/taphoaok.click\/index.php\/san-pham\/1-thung-tuong-duong-24-chai-nuoc-khoang-thien-nhien-bo-sung-ga-tu-nguon-hieu-perrier-chai-nhua-500ml\/","name":"1 th\u00f9ng t\u01b0\u01a1ng \u0111\u01b0\u01a1ng 24 chai n\u01b0\u1edbc kho\u00e1ng thi\u00ean nhi\u00ean b\u1ed5 sung ga t\u1eeb ngu\u1ed3n hi\u1ec7u Perrier (chai nh\u1ef1a) 500ml -","isPartOf":{"@id":"https:\/\/taphoaok.click\/#website"},"primaryImageOfPage":{"@id":"https:\/\/taphoaok.click\/index.php\/san-pham\/1-thung-tuong-duong-24-chai-nuoc-khoang-thien-nhien-bo-sung-ga-tu-nguon-hieu-perrier-chai-nhua-500ml\/#primaryimage"},"image":{"@id":"https:\/\/taphoaok.click\/index.php\/san-pham\/1-thung-tuong-duong-24-chai-nuoc-khoang-thien-nhien-bo-sung-ga-tu-nguon-hieu-perrier-chai-nhua-500ml\/#primaryimage"},"thumbnailUrl":"https:\/\/taphoaok.click\/wp-content\/uploads\/2026\/03\/vn-11134207-7qukw-lg7sgau1vnfu46@resize_w900_nl.webp","datePublished":"2026-03-12T14:39:57+00:00","breadcrumb":{"@id":"https:\/\/taphoaok.click\/index.php\/san-pham\/1-thung-tuong-duong-24-chai-nuoc-khoang-thien-nhien-bo-sung-ga-tu-nguon-hieu-perrier-chai-nhua-500ml\/#breadcrumb"},"inLanguage":"vi","potentialAction":[{"@type":"ReadAction","target":["https:\/\/taphoaok.click\/index.php\/san-pham\/1-thung-tuong-duong-24-chai-nuoc-khoang-thien-nhien-bo-sung-ga-tu-nguon-hieu-perrier-chai-nhua-500ml\/"]}]},{"@type":"ImageObject","inLanguage":"vi","@id":"https:\/\/taphoaok.click\/index.php\/san-pham\/1-thung-tuong-duong-24-chai-nuoc-khoang-thien-nhien-bo-sung-ga-tu-nguon-hieu-perrier-chai-nhua-500ml\/#primaryimage","url":"https:\/\/taphoaok.click\/wp-content\/uploads\/2026\/03\/vn-11134207-7qukw-lg7sgau1vnfu46@resize_w900_nl.webp","contentUrl":"https:\/\/taphoaok.click\/wp-content\/uploads\/2026\/03\/vn-11134207-7qukw-lg7sgau1vnfu46@resize_w900_nl.webp","width":600,"height":600},{"@type":"BreadcrumbList","@id":"https:\/\/taphoaok.click\/index.php\/san-pham\/1-thung-tuong-duong-24-chai-nuoc-khoang-thien-nhien-bo-sung-ga-tu-nguon-hieu-perrier-chai-nhua-500ml\/#breadcrumb","itemListElement":[{"@type":"ListItem","position":1,"name":"Trang ch\u1ee7","item":"https:\/\/taphoaok.click\/"},{"@type":"ListItem","position":2,"name":"C\u1eeda h\u00e0ng","item":"https:\/\/taphoaok.click\/index.php\/cua-hang\/"},{"@type":"ListItem","position":3,"name":"1 th\u00f9ng t\u01b0\u01a1ng \u0111\u01b0\u01a1ng 24 chai n\u01b0\u1edbc kho\u00e1ng thi\u00ean nhi\u00ean b\u1ed5 sung ga t\u1eeb ngu\u1ed3n hi\u1ec7u Perrier (chai nh\u1ef1a) 500ml"}]},{"@type":"WebSite","@id":"https:\/\/taphoaok.click\/#website","url":"https:\/\/taphoaok.click\/","name":"","description":"","potentialAction":[{"@type":"SearchAction","target":{"@type":"EntryPoint","urlTemplate":"https:\/\/taphoaok.click\/?s={search_term_string}"},"query-input":{"@type":"PropertyValueSpecification","valueRequired":true,"valueName":"search_term_string"}}],"inLanguage":"vi"}]}},"jetpack_sharing_enabled":true,"_links":{"self":[{"href":"https:\/\/taphoaok.click\/index.php\/wp-json\/wp\/v2\/product\/342","targetHints":{"allow":["GET"]}}],"collection":[{"href":"https:\/\/taphoaok.click\/index.php\/wp-json\/wp\/v2\/product"}],"about":[{"href":"https:\/\/taphoaok.click\/index.php\/wp-json\/wp\/v2\/types\/product"}],"replies":[{"embeddable":true,"href":"https:\/\/taphoaok.click\/index.php\/wp-json\/wp\/v2\/comments?post=342"}],"wp:featuredmedia":[{"embeddable":true,"href":"https:\/\/taphoaok.click\/index.php\/wp-json\/wp\/v2\/media\/343"}],"wp:attachment":[{"href":"https:\/\/taphoaok.click\/index.php\/wp-json\/wp\/v2\/media?parent=342"}],"wp:term":[{"taxonomy":"product_brand","embeddable":true,"href":"https:\/\/taphoaok.click\/index.php\/wp-json\/wp\/v2\/product_brand?post=342"},{"taxonomy":"product_cat","embeddable":true,"href":"https:\/\/taphoaok.click\/index.php\/wp-json\/wp\/v2\/product_cat?post=342"},{"taxonomy":"product_tag","embeddable":true,"href":"https:\/\/taphoaok.click\/index.php\/wp-json\/wp\/v2\/product_tag?post=342"}],"curies":[{"name":"wp","href":"https:\/\/api.w.org\/{rel}","templated":true}]}}