{"id":346,"date":"2026-03-12T14:41:52","date_gmt":"2026-03-12T14:41:52","guid":{"rendered":"https:\/\/taphoaok.click\/?post_type=product&#038;p=346"},"modified":"2026-03-12T14:41:52","modified_gmt":"2026-03-12T14:41:52","slug":"banh-quy-bo-danisa-hop-thiec-date-moi","status":"publish","type":"product","link":"https:\/\/taphoaok.click\/index.php\/san-pham\/banh-quy-bo-danisa-hop-thiec-date-moi\/","title":{"rendered":"B\u00c1NH QUY B\u01a0 DANISA H\u1ed8P THI\u1ebeC DATE M\u1edaI"},"content":{"rendered":"<p class=\"QN2lPu\">B\u00e1nh quy b\u01a1 Danisa l\u00e0 lo\u1ea1i b\u00e1nh \u0111\u01b0\u1ee3c l\u00e0m t\u1eeb nh\u1eefng nguy\u00ean li\u1ec7u cao c\u1ea5p k\u1ebft h\u1ee3p v\u1edbi c\u00f4ng ngh\u1ec7 hi\u1ec7n \u0111\u1ea1i<\/p>\n<p class=\"QN2lPu\">\u0110\u1eb7c \u0111i\u1ec3m s\u1ea3n ph\u1ea9m:<\/p>\n<p class=\"QN2lPu\">B\u00e1nh c\u00f3 h\u01b0\u01a1ng v\u1ecb d\u1ec5 \u0103n, th\u01a1m ngon, b\u00e9o d\u1ecbu, gi\u00f2n tan r\u1ea5t h\u1ea5p d\u1eabn. B\u00ean c\u1ea1nh \u0111\u00f3, b\u00e1nh c\u0169ng cung c\u1ea5p nhi\u1ec1u n\u0103ng l\u01b0\u1ee3ng, protein v\u00e0 m\u1ed9t s\u1ed1 vitamin n\u00ean r\u1ea5t th\u00edch h\u1ee3p l\u00e0m m\u00f3n \u0103n nh\u1eb9 b\u1ed5 d\u01b0\u1ee1ng cho nh\u1eefng ng\u01b0\u1eddi b\u1eadn r\u1ed9n.<\/p>\n<p class=\"QN2lPu\">B\u00e1nh quy b\u01a1 Danisa \u0111\u1ea3m b\u1ea3o ch\u1ea5t l\u01b0\u1ee3ng an to\u00e0n, kh\u00f4ng c\u00f3 \u0111\u01b0\u1eddng h\u00f3a h\u1ecdc, kh\u00f4ng ch\u1ee9a h\u00f3a ch\u1ea5t \u0111\u1ed9c h\u1ea1i, mang \u0111\u1ebfn s\u1ef1 an t\u00e2m cho b\u1ea1n.<\/p>\n<p class=\"QN2lPu\">S\u1ea3n ph\u1ea9m \u0111\u01b0\u1ee3c \u0111\u00f3ng g\u00f3i trong m\u1ed9t chi\u1ebfc h\u1ed9p thi\u1ebfc ch\u1ea5t l\u01b0\u1ee3ng cao c\u00f9ng l\u1edbp gi\u1ea5y b\u1ecdc gi\u00fap b\u00e1nh kh\u00f4ng b\u1ecb v\u1ee1 v\u00e0 v\u1eabn gi\u1eef \u0111\u01b0\u1ee3c \u0111\u1ed9 gi\u00f2n ngay c\u1ea3 khi \u0111\u00e3 m\u1edf bao b\u00ec.<\/p>\n","protected":false},"excerpt":{"rendered":"<p>B\u00e1nh quy b\u01a1 Danisa l\u00e0 lo\u1ea1i b\u00e1nh \u0111\u01b0\u1ee3c l\u00e0m t\u1eeb nh\u1eefng nguy\u00ean li\u1ec7u cao c\u1ea5p k\u1ebft h\u1ee3p v\u1edbi c\u00f4ng ngh\u1ec7 hi\u1ec7n \u0111\u1ea1i \u0110\u1eb7c \u0111i\u1ec3m s\u1ea3n ph\u1ea9m: B\u00e1nh c\u00f3 h\u01b0\u01a1ng v\u1ecb d\u1ec5 \u0103n, th\u01a1m ngon, b\u00e9o d\u1ecbu, gi\u00f2n tan r\u1ea5t h\u1ea5p d\u1eabn. B\u00ean c\u1ea1nh \u0111\u00f3, b\u00e1nh c\u0169ng cung c\u1ea5p nhi\u1ec1u n\u0103ng l\u01b0\u1ee3ng, protein v\u00e0 m\u1ed9t s\u1ed1 [&hellip;]<\/p>\n","protected":false},"featured_media":347,"comment_status":"open","ping_status":"closed","template":"","meta":[],"product_brand":[],"product_cat":[24],"product_tag":[],"class_list":{"0":"post-346","1":"product","2":"type-product","3":"status-publish","4":"has-post-thumbnail","6":"product_cat-snacks","8":"first","9":"instock","10":"shipping-taxable","11":"purchasable","12":"product-type-simple"},"yoast_head":"<!-- This site is optimized with the Yoast SEO plugin v27.4 - https:\/\/yoast.com\/product\/yoast-seo-wordpress\/ -->\n<title>B\u00c1NH QUY B\u01a0 DANISA H\u1ed8P THI\u1ebeC DATE M\u1edaI -<\/title>\n<meta name=\"robots\" content=\"index, follow, max-snippet:-1, max-image-preview:large, max-video-preview:-1\" \/>\n<link rel=\"canonical\" href=\"https:\/\/taphoaok.click\/index.php\/san-pham\/banh-quy-bo-danisa-hop-thiec-date-moi\/\" \/>\n<meta property=\"og:locale\" content=\"vi_VN\" \/>\n<meta property=\"og:type\" content=\"article\" \/>\n<meta property=\"og:title\" content=\"B\u00c1NH QUY B\u01a0 DANISA H\u1ed8P THI\u1ebeC DATE M\u1edaI -\" \/>\n<meta property=\"og:description\" content=\"B\u00e1nh quy b\u01a1 Danisa l\u00e0 lo\u1ea1i b\u00e1nh \u0111\u01b0\u1ee3c l\u00e0m t\u1eeb nh\u1eefng nguy\u00ean li\u1ec7u cao c\u1ea5p k\u1ebft h\u1ee3p v\u1edbi c\u00f4ng ngh\u1ec7 hi\u1ec7n \u0111\u1ea1i \u0110\u1eb7c \u0111i\u1ec3m s\u1ea3n ph\u1ea9m: B\u00e1nh c\u00f3 h\u01b0\u01a1ng v\u1ecb d\u1ec5 \u0103n, th\u01a1m ngon, b\u00e9o d\u1ecbu, gi\u00f2n tan r\u1ea5t h\u1ea5p d\u1eabn. B\u00ean c\u1ea1nh \u0111\u00f3, b\u00e1nh c\u0169ng cung c\u1ea5p nhi\u1ec1u n\u0103ng l\u01b0\u1ee3ng, protein v\u00e0 m\u1ed9t s\u1ed1 [&hellip;]\" \/>\n<meta property=\"og:url\" content=\"https:\/\/taphoaok.click\/index.php\/san-pham\/banh-quy-bo-danisa-hop-thiec-date-moi\/\" \/>\n<meta property=\"og:image\" content=\"https:\/\/taphoaok.click\/wp-content\/uploads\/2026\/03\/vn-11134207-7ras8-m320wsvgaayued.webp\" \/>\n\t<meta property=\"og:image:width\" content=\"800\" \/>\n\t<meta property=\"og:image:height\" content=\"800\" \/>\n\t<meta property=\"og:image:type\" content=\"image\/webp\" \/>\n<meta name=\"twitter:card\" content=\"summary_large_image\" \/>\n<meta name=\"twitter:label1\" content=\"\u01af\u1edbc t\u00ednh th\u1eddi gian \u0111\u1ecdc\" \/>\n\t<meta name=\"twitter:data1\" content=\"1 ph\u00fat\" \/>\n<script type=\"application\/ld+json\" class=\"yoast-schema-graph\">{\"@context\":\"https:\\\/\\\/schema.org\",\"@graph\":[{\"@type\":\"WebPage\",\"@id\":\"https:\\\/\\\/taphoaok.click\\\/index.php\\\/san-pham\\\/banh-quy-bo-danisa-hop-thiec-date-moi\\\/\",\"url\":\"https:\\\/\\\/taphoaok.click\\\/index.php\\\/san-pham\\\/banh-quy-bo-danisa-hop-thiec-date-moi\\\/\",\"name\":\"B\u00c1NH QUY B\u01a0 DANISA H\u1ed8P THI\u1ebeC DATE M\u1edaI -\",\"isPartOf\":{\"@id\":\"https:\\\/\\\/taphoaok.click\\\/#website\"},\"primaryImageOfPage\":{\"@id\":\"https:\\\/\\\/taphoaok.click\\\/index.php\\\/san-pham\\\/banh-quy-bo-danisa-hop-thiec-date-moi\\\/#primaryimage\"},\"image\":{\"@id\":\"https:\\\/\\\/taphoaok.click\\\/index.php\\\/san-pham\\\/banh-quy-bo-danisa-hop-thiec-date-moi\\\/#primaryimage\"},\"thumbnailUrl\":\"https:\\\/\\\/taphoaok.click\\\/wp-content\\\/uploads\\\/2026\\\/03\\\/vn-11134207-7ras8-m320wsvgaayued.webp\",\"datePublished\":\"2026-03-12T14:41:52+00:00\",\"breadcrumb\":{\"@id\":\"https:\\\/\\\/taphoaok.click\\\/index.php\\\/san-pham\\\/banh-quy-bo-danisa-hop-thiec-date-moi\\\/#breadcrumb\"},\"inLanguage\":\"vi\",\"potentialAction\":[{\"@type\":\"ReadAction\",\"target\":[\"https:\\\/\\\/taphoaok.click\\\/index.php\\\/san-pham\\\/banh-quy-bo-danisa-hop-thiec-date-moi\\\/\"]}]},{\"@type\":\"ImageObject\",\"inLanguage\":\"vi\",\"@id\":\"https:\\\/\\\/taphoaok.click\\\/index.php\\\/san-pham\\\/banh-quy-bo-danisa-hop-thiec-date-moi\\\/#primaryimage\",\"url\":\"https:\\\/\\\/taphoaok.click\\\/wp-content\\\/uploads\\\/2026\\\/03\\\/vn-11134207-7ras8-m320wsvgaayued.webp\",\"contentUrl\":\"https:\\\/\\\/taphoaok.click\\\/wp-content\\\/uploads\\\/2026\\\/03\\\/vn-11134207-7ras8-m320wsvgaayued.webp\",\"width\":800,\"height\":800},{\"@type\":\"BreadcrumbList\",\"@id\":\"https:\\\/\\\/taphoaok.click\\\/index.php\\\/san-pham\\\/banh-quy-bo-danisa-hop-thiec-date-moi\\\/#breadcrumb\",\"itemListElement\":[{\"@type\":\"ListItem\",\"position\":1,\"name\":\"Trang ch\u1ee7\",\"item\":\"https:\\\/\\\/taphoaok.click\\\/\"},{\"@type\":\"ListItem\",\"position\":2,\"name\":\"C\u1eeda h\u00e0ng\",\"item\":\"https:\\\/\\\/taphoaok.click\\\/index.php\\\/cua-hang\\\/\"},{\"@type\":\"ListItem\",\"position\":3,\"name\":\"B\u00c1NH QUY B\u01a0 DANISA H\u1ed8P THI\u1ebeC DATE M\u1edaI\"}]},{\"@type\":\"WebSite\",\"@id\":\"https:\\\/\\\/taphoaok.click\\\/#website\",\"url\":\"https:\\\/\\\/taphoaok.click\\\/\",\"name\":\"\",\"description\":\"\",\"potentialAction\":[{\"@type\":\"SearchAction\",\"target\":{\"@type\":\"EntryPoint\",\"urlTemplate\":\"https:\\\/\\\/taphoaok.click\\\/?s={search_term_string}\"},\"query-input\":{\"@type\":\"PropertyValueSpecification\",\"valueRequired\":true,\"valueName\":\"search_term_string\"}}],\"inLanguage\":\"vi\"}]}<\/script>\n<!-- \/ Yoast SEO plugin. -->","yoast_head_json":{"title":"B\u00c1NH QUY B\u01a0 DANISA H\u1ed8P THI\u1ebeC DATE M\u1edaI -","robots":{"index":"index","follow":"follow","max-snippet":"max-snippet:-1","max-image-preview":"max-image-preview:large","max-video-preview":"max-video-preview:-1"},"canonical":"https:\/\/taphoaok.click\/index.php\/san-pham\/banh-quy-bo-danisa-hop-thiec-date-moi\/","og_locale":"vi_VN","og_type":"article","og_title":"B\u00c1NH QUY B\u01a0 DANISA H\u1ed8P THI\u1ebeC DATE M\u1edaI -","og_description":"B\u00e1nh quy b\u01a1 Danisa l\u00e0 lo\u1ea1i b\u00e1nh \u0111\u01b0\u1ee3c l\u00e0m t\u1eeb nh\u1eefng nguy\u00ean li\u1ec7u cao c\u1ea5p k\u1ebft h\u1ee3p v\u1edbi c\u00f4ng ngh\u1ec7 hi\u1ec7n \u0111\u1ea1i \u0110\u1eb7c \u0111i\u1ec3m s\u1ea3n ph\u1ea9m: B\u00e1nh c\u00f3 h\u01b0\u01a1ng v\u1ecb d\u1ec5 \u0103n, th\u01a1m ngon, b\u00e9o d\u1ecbu, gi\u00f2n tan r\u1ea5t h\u1ea5p d\u1eabn. B\u00ean c\u1ea1nh \u0111\u00f3, b\u00e1nh c\u0169ng cung c\u1ea5p nhi\u1ec1u n\u0103ng l\u01b0\u1ee3ng, protein v\u00e0 m\u1ed9t s\u1ed1 [&hellip;]","og_url":"https:\/\/taphoaok.click\/index.php\/san-pham\/banh-quy-bo-danisa-hop-thiec-date-moi\/","og_image":[{"width":800,"height":800,"url":"https:\/\/taphoaok.click\/wp-content\/uploads\/2026\/03\/vn-11134207-7ras8-m320wsvgaayued.webp","type":"image\/webp"}],"twitter_card":"summary_large_image","twitter_misc":{"\u01af\u1edbc t\u00ednh th\u1eddi gian \u0111\u1ecdc":"1 ph\u00fat"},"schema":{"@context":"https:\/\/schema.org","@graph":[{"@type":"WebPage","@id":"https:\/\/taphoaok.click\/index.php\/san-pham\/banh-quy-bo-danisa-hop-thiec-date-moi\/","url":"https:\/\/taphoaok.click\/index.php\/san-pham\/banh-quy-bo-danisa-hop-thiec-date-moi\/","name":"B\u00c1NH QUY B\u01a0 DANISA H\u1ed8P THI\u1ebeC DATE M\u1edaI -","isPartOf":{"@id":"https:\/\/taphoaok.click\/#website"},"primaryImageOfPage":{"@id":"https:\/\/taphoaok.click\/index.php\/san-pham\/banh-quy-bo-danisa-hop-thiec-date-moi\/#primaryimage"},"image":{"@id":"https:\/\/taphoaok.click\/index.php\/san-pham\/banh-quy-bo-danisa-hop-thiec-date-moi\/#primaryimage"},"thumbnailUrl":"https:\/\/taphoaok.click\/wp-content\/uploads\/2026\/03\/vn-11134207-7ras8-m320wsvgaayued.webp","datePublished":"2026-03-12T14:41:52+00:00","breadcrumb":{"@id":"https:\/\/taphoaok.click\/index.php\/san-pham\/banh-quy-bo-danisa-hop-thiec-date-moi\/#breadcrumb"},"inLanguage":"vi","potentialAction":[{"@type":"ReadAction","target":["https:\/\/taphoaok.click\/index.php\/san-pham\/banh-quy-bo-danisa-hop-thiec-date-moi\/"]}]},{"@type":"ImageObject","inLanguage":"vi","@id":"https:\/\/taphoaok.click\/index.php\/san-pham\/banh-quy-bo-danisa-hop-thiec-date-moi\/#primaryimage","url":"https:\/\/taphoaok.click\/wp-content\/uploads\/2026\/03\/vn-11134207-7ras8-m320wsvgaayued.webp","contentUrl":"https:\/\/taphoaok.click\/wp-content\/uploads\/2026\/03\/vn-11134207-7ras8-m320wsvgaayued.webp","width":800,"height":800},{"@type":"BreadcrumbList","@id":"https:\/\/taphoaok.click\/index.php\/san-pham\/banh-quy-bo-danisa-hop-thiec-date-moi\/#breadcrumb","itemListElement":[{"@type":"ListItem","position":1,"name":"Trang ch\u1ee7","item":"https:\/\/taphoaok.click\/"},{"@type":"ListItem","position":2,"name":"C\u1eeda h\u00e0ng","item":"https:\/\/taphoaok.click\/index.php\/cua-hang\/"},{"@type":"ListItem","position":3,"name":"B\u00c1NH QUY B\u01a0 DANISA H\u1ed8P THI\u1ebeC DATE M\u1edaI"}]},{"@type":"WebSite","@id":"https:\/\/taphoaok.click\/#website","url":"https:\/\/taphoaok.click\/","name":"","description":"","potentialAction":[{"@type":"SearchAction","target":{"@type":"EntryPoint","urlTemplate":"https:\/\/taphoaok.click\/?s={search_term_string}"},"query-input":{"@type":"PropertyValueSpecification","valueRequired":true,"valueName":"search_term_string"}}],"inLanguage":"vi"}]}},"jetpack_sharing_enabled":true,"_links":{"self":[{"href":"https:\/\/taphoaok.click\/index.php\/wp-json\/wp\/v2\/product\/346","targetHints":{"allow":["GET"]}}],"collection":[{"href":"https:\/\/taphoaok.click\/index.php\/wp-json\/wp\/v2\/product"}],"about":[{"href":"https:\/\/taphoaok.click\/index.php\/wp-json\/wp\/v2\/types\/product"}],"replies":[{"embeddable":true,"href":"https:\/\/taphoaok.click\/index.php\/wp-json\/wp\/v2\/comments?post=346"}],"wp:featuredmedia":[{"embeddable":true,"href":"https:\/\/taphoaok.click\/index.php\/wp-json\/wp\/v2\/media\/347"}],"wp:attachment":[{"href":"https:\/\/taphoaok.click\/index.php\/wp-json\/wp\/v2\/media?parent=346"}],"wp:term":[{"taxonomy":"product_brand","embeddable":true,"href":"https:\/\/taphoaok.click\/index.php\/wp-json\/wp\/v2\/product_brand?post=346"},{"taxonomy":"product_cat","embeddable":true,"href":"https:\/\/taphoaok.click\/index.php\/wp-json\/wp\/v2\/product_cat?post=346"},{"taxonomy":"product_tag","embeddable":true,"href":"https:\/\/taphoaok.click\/index.php\/wp-json\/wp\/v2\/product_tag?post=346"}],"curies":[{"name":"wp","href":"https:\/\/api.w.org\/{rel}","templated":true}]}}