{"id":352,"date":"2026-03-12T14:45:58","date_gmt":"2026-03-12T14:45:58","guid":{"rendered":"https:\/\/taphoaok.click\/?post_type=product&#038;p=352"},"modified":"2026-03-12T14:45:58","modified_gmt":"2026-03-12T14:45:58","slug":"mi-ly-kho-ga-cay-han-quoc-samyang-70g","status":"publish","type":"product","link":"https:\/\/taphoaok.click\/index.php\/san-pham\/mi-ly-kho-ga-cay-han-quoc-samyang-70g\/","title":{"rendered":"M\u00ec ly kh\u00f4 g\u00e0 cay H\u00e0n Qu\u1ed1c Samyang 70g"},"content":{"rendered":"<p class=\"QN2lPu\">\ud83d\udd36 M\u00d4 T\u1ea2 S\u1ea2N PH\u1ea8M<\/p>\n<p class=\"QN2lPu\">&#8211; M\u00ec kh\u00f4 g\u00e0 cay H\u00e0n Qu\u1ed1c Samyang \u0111\u01b0\u1ee3c l\u00e0m t\u1eeb ngu\u1ed3n nguy\u00ean li\u1ec7u ch\u1ecdn l\u1ecdc k\u1ef9 l\u01b0\u1ee1ng, cho ra s\u1ea3n ph\u1ea9m ch\u1ea5t l\u01b0\u1ee3ng cao.<\/p>\n<p class=\"QN2lPu\">&#8211; Ch\u1ec9 c\u1ea7n 4 ph\u00fat \u0111\u1ec3 chu\u1ea9n b\u1ecb v\u00e0 ch\u1ebf bi\u1ebfn, b\u1ea1n \u0111\u00e3 c\u00f3 ngay c\u1ed1c m\u00ec th\u01a1m ngon ho\u1eb7c k\u1ebft h\u1ee3p c\u00f9ng c\u00e1c th\u1ef1c ph\u1ea9m kh\u00e1c nh\u01b0 tr\u1ee9ng, th\u1ecbt b\u00f2, g\u00e0, rau&#8230; \u0111\u1ec3 t\u0103ng th\u00eam s\u1ef1 h\u1ea5p d\u1eabn cho m\u00f3n \u0103n c\u0169ng nh\u01b0 b\u1ed5 sung dinh d\u01b0\u1ee1ng cho c\u01a1 th\u1ec3.<\/p>\n<p class=\"QN2lPu\">&#8211; Thi\u1ebft k\u1ebf d\u1ea1ng ly, ph\u00f9 h\u1ee3p v\u1edbi m\u1ed9t kh\u1ea9u ph\u1ea7n \u0103n v\u00e0 gi\u00fap ti\u1ebft ki\u1ec7m th\u1eddi gian n\u1ea5u n\u01b0\u1edbng.<\/p>\n<p class=\"QN2lPu\">\n<p class=\"QN2lPu\">\ud83d\udd36 TH\u00d4NG TIN S\u1ea2N PH\u1ea8M<\/p>\n<p class=\"QN2lPu\">&#8211; Th\u00e0nh ph\u1ea7n:<\/p>\n<p class=\"QN2lPu\">+ S\u1ee3i m\u00ec: B\u1ed9t m\u00ec, tinh b\u1ed9t s\u1eafn bi\u1ebfn t\u00ednh, d\u1ea7u c\u1ecd, mu\u1ed1i, chi\u1ebft xu\u1ea5t h\u00e0nh&#8230;<\/p>\n<p class=\"QN2lPu\">+ G\u00f3i s\u00fap: N\u01b0\u1edbc, s\u1ed1t t\u01b0\u01a1ng, chi\u1ebft xu\u1ea5t g\u00e0, d\u1ea7u \u1edbt, h\u00e0nh, gia v\u1ecb \u1edbt&#8230;<\/p>\n<p class=\"QN2lPu\">&#8211; \u0110\u00f3ng g\u00f3i: 70g\/ly<\/p>\n<p class=\"QN2lPu\">&#8211; B\u1ea3o qu\u1ea3n: N\u01a1i kh\u00f4 r\u00e1o, tho\u00e1ng m\u00e1t v\u00e0 tr\u00e1nh \u00e1nh n\u1eafng m\u1eb7t tr\u1eddi<\/p>\n<p class=\"QN2lPu\">&#8211; H\u1ea1n s\u1eed d\u1ee5ng: 12 th\u00e1ng k\u1ec3 t\u1eeb ng\u00e0y s\u1ea3n xu\u1ea5t in tr\u00ean bao b\u00ec s\u1ea3n ph\u1ea9m<\/p>\n<p class=\"QN2lPu\">\n<p class=\"QN2lPu\">\ud83d\udd36 H\u01af\u1edaNG D\u1eaaN S\u1eec D\u1ee4NG<\/p>\n<p class=\"QN2lPu\">&#8211; X\u00e9 n\u1eafp c\u1ed1c m\u00ec \u0111\u1ebfn m\u1ee9c ch\u1ec9 \u0111\u1ecbnh, l\u1ea5y g\u00f3i s\u1ed1t v\u00e0 gia v\u1ecb ra, \u0111\u1ed5 n\u01b0\u1edbc s\u00f4i t\u1edbi v\u1ea1ch ch\u1ec9 \u0111\u1ecbnh. \u0110\u1ee3i 4 ph\u00fat, \u0111\u1ed5 n\u01b0\u1edbc ra v\u00e0 cho g\u00f3i s\u1ed1t v\u00e0o tr\u1ed9n \u0111\u1ec1u v\u00e0 th\u01b0\u1edfng th\u1ee9c.<\/p>\n","protected":false},"excerpt":{"rendered":"<p>\ud83d\udd36 M\u00d4 T\u1ea2 S\u1ea2N PH\u1ea8M &#8211; M\u00ec kh\u00f4 g\u00e0 cay H\u00e0n Qu\u1ed1c Samyang \u0111\u01b0\u1ee3c l\u00e0m t\u1eeb ngu\u1ed3n nguy\u00ean li\u1ec7u ch\u1ecdn l\u1ecdc k\u1ef9 l\u01b0\u1ee1ng, cho ra s\u1ea3n ph\u1ea9m ch\u1ea5t l\u01b0\u1ee3ng cao. &#8211; Ch\u1ec9 c\u1ea7n 4 ph\u00fat \u0111\u1ec3 chu\u1ea9n b\u1ecb v\u00e0 ch\u1ebf bi\u1ebfn, b\u1ea1n \u0111\u00e3 c\u00f3 ngay c\u1ed1c m\u00ec th\u01a1m ngon ho\u1eb7c k\u1ebft h\u1ee3p c\u00f9ng c\u00e1c th\u1ef1c [&hellip;]<\/p>\n","protected":false},"featured_media":353,"comment_status":"open","ping_status":"closed","template":"","meta":[],"product_brand":[],"product_cat":[21],"product_tag":[],"class_list":{"0":"post-352","1":"product","2":"type-product","3":"status-publish","4":"has-post-thumbnail","6":"product_cat-mi-goi","8":"first","9":"instock","10":"shipping-taxable","11":"purchasable","12":"product-type-simple"},"yoast_head":"<!-- This site is optimized with the Yoast SEO plugin v27.4 - https:\/\/yoast.com\/product\/yoast-seo-wordpress\/ -->\n<title>M\u00ec ly kh\u00f4 g\u00e0 cay H\u00e0n Qu\u1ed1c Samyang 70g -<\/title>\n<meta name=\"robots\" content=\"index, follow, max-snippet:-1, max-image-preview:large, max-video-preview:-1\" \/>\n<link rel=\"canonical\" href=\"https:\/\/taphoaok.click\/index.php\/san-pham\/mi-ly-kho-ga-cay-han-quoc-samyang-70g\/\" \/>\n<meta property=\"og:locale\" content=\"vi_VN\" \/>\n<meta property=\"og:type\" content=\"article\" \/>\n<meta property=\"og:title\" content=\"M\u00ec ly kh\u00f4 g\u00e0 cay H\u00e0n Qu\u1ed1c Samyang 70g -\" \/>\n<meta property=\"og:description\" content=\"\ud83d\udd36 M\u00d4 T\u1ea2 S\u1ea2N PH\u1ea8M &#8211; M\u00ec kh\u00f4 g\u00e0 cay H\u00e0n Qu\u1ed1c Samyang \u0111\u01b0\u1ee3c l\u00e0m t\u1eeb ngu\u1ed3n nguy\u00ean li\u1ec7u ch\u1ecdn l\u1ecdc k\u1ef9 l\u01b0\u1ee1ng, cho ra s\u1ea3n ph\u1ea9m ch\u1ea5t l\u01b0\u1ee3ng cao. &#8211; Ch\u1ec9 c\u1ea7n 4 ph\u00fat \u0111\u1ec3 chu\u1ea9n b\u1ecb v\u00e0 ch\u1ebf bi\u1ebfn, b\u1ea1n \u0111\u00e3 c\u00f3 ngay c\u1ed1c m\u00ec th\u01a1m ngon ho\u1eb7c k\u1ebft h\u1ee3p c\u00f9ng c\u00e1c th\u1ef1c [&hellip;]\" \/>\n<meta property=\"og:url\" content=\"https:\/\/taphoaok.click\/index.php\/san-pham\/mi-ly-kho-ga-cay-han-quoc-samyang-70g\/\" \/>\n<meta property=\"og:image\" content=\"https:\/\/taphoaok.click\/wp-content\/uploads\/2026\/03\/45bc309340a20323c00539cf95d02925.webp\" \/>\n\t<meta property=\"og:image:width\" content=\"800\" \/>\n\t<meta property=\"og:image:height\" content=\"800\" \/>\n\t<meta property=\"og:image:type\" content=\"image\/webp\" \/>\n<meta name=\"twitter:card\" content=\"summary_large_image\" \/>\n<meta name=\"twitter:label1\" content=\"\u01af\u1edbc t\u00ednh th\u1eddi gian \u0111\u1ecdc\" \/>\n\t<meta name=\"twitter:data1\" content=\"2 ph\u00fat\" \/>\n<script type=\"application\/ld+json\" class=\"yoast-schema-graph\">{\"@context\":\"https:\\\/\\\/schema.org\",\"@graph\":[{\"@type\":\"WebPage\",\"@id\":\"https:\\\/\\\/taphoaok.click\\\/index.php\\\/san-pham\\\/mi-ly-kho-ga-cay-han-quoc-samyang-70g\\\/\",\"url\":\"https:\\\/\\\/taphoaok.click\\\/index.php\\\/san-pham\\\/mi-ly-kho-ga-cay-han-quoc-samyang-70g\\\/\",\"name\":\"M\u00ec ly kh\u00f4 g\u00e0 cay H\u00e0n Qu\u1ed1c Samyang 70g -\",\"isPartOf\":{\"@id\":\"https:\\\/\\\/taphoaok.click\\\/#website\"},\"primaryImageOfPage\":{\"@id\":\"https:\\\/\\\/taphoaok.click\\\/index.php\\\/san-pham\\\/mi-ly-kho-ga-cay-han-quoc-samyang-70g\\\/#primaryimage\"},\"image\":{\"@id\":\"https:\\\/\\\/taphoaok.click\\\/index.php\\\/san-pham\\\/mi-ly-kho-ga-cay-han-quoc-samyang-70g\\\/#primaryimage\"},\"thumbnailUrl\":\"https:\\\/\\\/taphoaok.click\\\/wp-content\\\/uploads\\\/2026\\\/03\\\/45bc309340a20323c00539cf95d02925.webp\",\"datePublished\":\"2026-03-12T14:45:58+00:00\",\"breadcrumb\":{\"@id\":\"https:\\\/\\\/taphoaok.click\\\/index.php\\\/san-pham\\\/mi-ly-kho-ga-cay-han-quoc-samyang-70g\\\/#breadcrumb\"},\"inLanguage\":\"vi\",\"potentialAction\":[{\"@type\":\"ReadAction\",\"target\":[\"https:\\\/\\\/taphoaok.click\\\/index.php\\\/san-pham\\\/mi-ly-kho-ga-cay-han-quoc-samyang-70g\\\/\"]}]},{\"@type\":\"ImageObject\",\"inLanguage\":\"vi\",\"@id\":\"https:\\\/\\\/taphoaok.click\\\/index.php\\\/san-pham\\\/mi-ly-kho-ga-cay-han-quoc-samyang-70g\\\/#primaryimage\",\"url\":\"https:\\\/\\\/taphoaok.click\\\/wp-content\\\/uploads\\\/2026\\\/03\\\/45bc309340a20323c00539cf95d02925.webp\",\"contentUrl\":\"https:\\\/\\\/taphoaok.click\\\/wp-content\\\/uploads\\\/2026\\\/03\\\/45bc309340a20323c00539cf95d02925.webp\",\"width\":800,\"height\":800},{\"@type\":\"BreadcrumbList\",\"@id\":\"https:\\\/\\\/taphoaok.click\\\/index.php\\\/san-pham\\\/mi-ly-kho-ga-cay-han-quoc-samyang-70g\\\/#breadcrumb\",\"itemListElement\":[{\"@type\":\"ListItem\",\"position\":1,\"name\":\"Trang ch\u1ee7\",\"item\":\"https:\\\/\\\/taphoaok.click\\\/\"},{\"@type\":\"ListItem\",\"position\":2,\"name\":\"C\u1eeda h\u00e0ng\",\"item\":\"https:\\\/\\\/taphoaok.click\\\/index.php\\\/cua-hang\\\/\"},{\"@type\":\"ListItem\",\"position\":3,\"name\":\"M\u00ec ly kh\u00f4 g\u00e0 cay H\u00e0n Qu\u1ed1c Samyang 70g\"}]},{\"@type\":\"WebSite\",\"@id\":\"https:\\\/\\\/taphoaok.click\\\/#website\",\"url\":\"https:\\\/\\\/taphoaok.click\\\/\",\"name\":\"\",\"description\":\"\",\"potentialAction\":[{\"@type\":\"SearchAction\",\"target\":{\"@type\":\"EntryPoint\",\"urlTemplate\":\"https:\\\/\\\/taphoaok.click\\\/?s={search_term_string}\"},\"query-input\":{\"@type\":\"PropertyValueSpecification\",\"valueRequired\":true,\"valueName\":\"search_term_string\"}}],\"inLanguage\":\"vi\"}]}<\/script>\n<!-- \/ Yoast SEO plugin. -->","yoast_head_json":{"title":"M\u00ec ly kh\u00f4 g\u00e0 cay H\u00e0n Qu\u1ed1c Samyang 70g -","robots":{"index":"index","follow":"follow","max-snippet":"max-snippet:-1","max-image-preview":"max-image-preview:large","max-video-preview":"max-video-preview:-1"},"canonical":"https:\/\/taphoaok.click\/index.php\/san-pham\/mi-ly-kho-ga-cay-han-quoc-samyang-70g\/","og_locale":"vi_VN","og_type":"article","og_title":"M\u00ec ly kh\u00f4 g\u00e0 cay H\u00e0n Qu\u1ed1c Samyang 70g -","og_description":"\ud83d\udd36 M\u00d4 T\u1ea2 S\u1ea2N PH\u1ea8M &#8211; M\u00ec kh\u00f4 g\u00e0 cay H\u00e0n Qu\u1ed1c Samyang \u0111\u01b0\u1ee3c l\u00e0m t\u1eeb ngu\u1ed3n nguy\u00ean li\u1ec7u ch\u1ecdn l\u1ecdc k\u1ef9 l\u01b0\u1ee1ng, cho ra s\u1ea3n ph\u1ea9m ch\u1ea5t l\u01b0\u1ee3ng cao. &#8211; Ch\u1ec9 c\u1ea7n 4 ph\u00fat \u0111\u1ec3 chu\u1ea9n b\u1ecb v\u00e0 ch\u1ebf bi\u1ebfn, b\u1ea1n \u0111\u00e3 c\u00f3 ngay c\u1ed1c m\u00ec th\u01a1m ngon ho\u1eb7c k\u1ebft h\u1ee3p c\u00f9ng c\u00e1c th\u1ef1c [&hellip;]","og_url":"https:\/\/taphoaok.click\/index.php\/san-pham\/mi-ly-kho-ga-cay-han-quoc-samyang-70g\/","og_image":[{"width":800,"height":800,"url":"https:\/\/taphoaok.click\/wp-content\/uploads\/2026\/03\/45bc309340a20323c00539cf95d02925.webp","type":"image\/webp"}],"twitter_card":"summary_large_image","twitter_misc":{"\u01af\u1edbc t\u00ednh th\u1eddi gian \u0111\u1ecdc":"2 ph\u00fat"},"schema":{"@context":"https:\/\/schema.org","@graph":[{"@type":"WebPage","@id":"https:\/\/taphoaok.click\/index.php\/san-pham\/mi-ly-kho-ga-cay-han-quoc-samyang-70g\/","url":"https:\/\/taphoaok.click\/index.php\/san-pham\/mi-ly-kho-ga-cay-han-quoc-samyang-70g\/","name":"M\u00ec ly kh\u00f4 g\u00e0 cay H\u00e0n Qu\u1ed1c Samyang 70g -","isPartOf":{"@id":"https:\/\/taphoaok.click\/#website"},"primaryImageOfPage":{"@id":"https:\/\/taphoaok.click\/index.php\/san-pham\/mi-ly-kho-ga-cay-han-quoc-samyang-70g\/#primaryimage"},"image":{"@id":"https:\/\/taphoaok.click\/index.php\/san-pham\/mi-ly-kho-ga-cay-han-quoc-samyang-70g\/#primaryimage"},"thumbnailUrl":"https:\/\/taphoaok.click\/wp-content\/uploads\/2026\/03\/45bc309340a20323c00539cf95d02925.webp","datePublished":"2026-03-12T14:45:58+00:00","breadcrumb":{"@id":"https:\/\/taphoaok.click\/index.php\/san-pham\/mi-ly-kho-ga-cay-han-quoc-samyang-70g\/#breadcrumb"},"inLanguage":"vi","potentialAction":[{"@type":"ReadAction","target":["https:\/\/taphoaok.click\/index.php\/san-pham\/mi-ly-kho-ga-cay-han-quoc-samyang-70g\/"]}]},{"@type":"ImageObject","inLanguage":"vi","@id":"https:\/\/taphoaok.click\/index.php\/san-pham\/mi-ly-kho-ga-cay-han-quoc-samyang-70g\/#primaryimage","url":"https:\/\/taphoaok.click\/wp-content\/uploads\/2026\/03\/45bc309340a20323c00539cf95d02925.webp","contentUrl":"https:\/\/taphoaok.click\/wp-content\/uploads\/2026\/03\/45bc309340a20323c00539cf95d02925.webp","width":800,"height":800},{"@type":"BreadcrumbList","@id":"https:\/\/taphoaok.click\/index.php\/san-pham\/mi-ly-kho-ga-cay-han-quoc-samyang-70g\/#breadcrumb","itemListElement":[{"@type":"ListItem","position":1,"name":"Trang ch\u1ee7","item":"https:\/\/taphoaok.click\/"},{"@type":"ListItem","position":2,"name":"C\u1eeda h\u00e0ng","item":"https:\/\/taphoaok.click\/index.php\/cua-hang\/"},{"@type":"ListItem","position":3,"name":"M\u00ec ly kh\u00f4 g\u00e0 cay H\u00e0n Qu\u1ed1c Samyang 70g"}]},{"@type":"WebSite","@id":"https:\/\/taphoaok.click\/#website","url":"https:\/\/taphoaok.click\/","name":"","description":"","potentialAction":[{"@type":"SearchAction","target":{"@type":"EntryPoint","urlTemplate":"https:\/\/taphoaok.click\/?s={search_term_string}"},"query-input":{"@type":"PropertyValueSpecification","valueRequired":true,"valueName":"search_term_string"}}],"inLanguage":"vi"}]}},"jetpack_sharing_enabled":true,"_links":{"self":[{"href":"https:\/\/taphoaok.click\/index.php\/wp-json\/wp\/v2\/product\/352","targetHints":{"allow":["GET"]}}],"collection":[{"href":"https:\/\/taphoaok.click\/index.php\/wp-json\/wp\/v2\/product"}],"about":[{"href":"https:\/\/taphoaok.click\/index.php\/wp-json\/wp\/v2\/types\/product"}],"replies":[{"embeddable":true,"href":"https:\/\/taphoaok.click\/index.php\/wp-json\/wp\/v2\/comments?post=352"}],"wp:featuredmedia":[{"embeddable":true,"href":"https:\/\/taphoaok.click\/index.php\/wp-json\/wp\/v2\/media\/353"}],"wp:attachment":[{"href":"https:\/\/taphoaok.click\/index.php\/wp-json\/wp\/v2\/media?parent=352"}],"wp:term":[{"taxonomy":"product_brand","embeddable":true,"href":"https:\/\/taphoaok.click\/index.php\/wp-json\/wp\/v2\/product_brand?post=352"},{"taxonomy":"product_cat","embeddable":true,"href":"https:\/\/taphoaok.click\/index.php\/wp-json\/wp\/v2\/product_cat?post=352"},{"taxonomy":"product_tag","embeddable":true,"href":"https:\/\/taphoaok.click\/index.php\/wp-json\/wp\/v2\/product_tag?post=352"}],"curies":[{"name":"wp","href":"https:\/\/api.w.org\/{rel}","templated":true}]}}