{"id":359,"date":"2026-03-12T14:51:00","date_gmt":"2026-03-12T14:51:00","guid":{"rendered":"https:\/\/taphoaok.click\/?post_type=product&#038;p=359"},"modified":"2026-03-12T14:51:00","modified_gmt":"2026-03-12T14:51:00","slug":"sua-tam-goi-cetaphil-diu-lanh-cho-be-400ml-baby-gentle-wash-shampoo","status":"publish","type":"product","link":"https:\/\/taphoaok.click\/index.php\/san-pham\/sua-tam-goi-cetaphil-diu-lanh-cho-be-400ml-baby-gentle-wash-shampoo\/","title":{"rendered":"S\u1eefa T\u1eafm G\u1ed9i Cetaphil D\u1ecbu L\u00e0nh Cho B\u00e9 400ml Baby Gentle Wash &#038; Shampoo"},"content":{"rendered":"<p><strong>S\u1eefa T\u1eafm G\u1ed9i D\u1ecbu L\u00e0nh Cho B\u00e9\u00a0Cetaphil Baby Gentle Wash &amp; Shampoo<\/strong> l\u00e0 s\u1ea3n ph\u1ea9m <a href=\"https:\/\/hasaki.vn\/danh-muc\/sua-tam-xa-bong-tam-c26.html\" target=\"_blank\" rel=\"noopener\">s\u1eefa t\u1eafm<\/a> k\u1ebft h\u1ee3p d\u1ea7u g\u1ed9i 2 trong 1 d\u00e0nh cho b\u00e9 thu\u1ed9c\u00a0th\u01b0\u01a1ng hi\u1ec7u d\u01b0\u1ee3c m\u1ef9 ph\u1ea9m <a href=\"https:\/\/hasaki.vn\/thuong-hieu\/cetaphil.html\" target=\"_blank\" rel=\"noopener\">Cetaphil<\/a>. C\u00f4ng th\u1ee9c\u00a0v\u1edbi c\u00e1c th\u00e0nh ph\u1ea7n t\u1eeb thi\u00ean nhi\u00ean gi\u00fap ch\u0103m s\u00f3c v\u00e0 l\u00e0m s\u1ea1ch l\u00e0n da m\u1ecfng manh c\u1ee7a tr\u1ebb s\u01a1 sinh, \u0111\u1ed3ng th\u1eddi b\u1ea3o v\u1ec7 v\u00e0 cung c\u1ea5p \u0111\u1ed9 \u1ea9m cho s\u1ef1 ph\u00e1t tri\u1ec3n kh\u1ecfe m\u1ea1nh c\u1ee7a da b\u00e9.<\/p>\n<p><strong>S\u1eefa T\u1eafm G\u1ed9i D\u1ecbu L\u00e0nh Cho B\u00e9\u00a0Cetaphil Baby Gentle Wash &amp; Shampoo <\/strong>ch\u00ednh h\u00e3ng\u00a0hi\u1ec7n \u0111\u00e3 c\u00f3 m\u1eb7t t\u1ea1i <a href=\"https:\/\/hasaki.vn\/\" target=\"_blank\" rel=\"noopener\">Hasaki<\/a> v\u1edbi 2 dung t\u00edch:<\/p>\n<ul>\n<li><strong>400ml (chai v\u00f2i nh\u1ea5n)<\/strong><\/li>\n<\/ul>\n","protected":false},"excerpt":{"rendered":"<p>S\u1eefa T\u1eafm G\u1ed9i D\u1ecbu L\u00e0nh Cho B\u00e9\u00a0Cetaphil Baby Gentle Wash &amp; Shampoo l\u00e0 s\u1ea3n ph\u1ea9m s\u1eefa t\u1eafm k\u1ebft h\u1ee3p d\u1ea7u g\u1ed9i 2 trong 1 d\u00e0nh cho b\u00e9 thu\u1ed9c\u00a0th\u01b0\u01a1ng hi\u1ec7u d\u01b0\u1ee3c m\u1ef9 ph\u1ea9m Cetaphil. C\u00f4ng th\u1ee9c\u00a0v\u1edbi c\u00e1c th\u00e0nh ph\u1ea7n t\u1eeb thi\u00ean nhi\u00ean gi\u00fap ch\u0103m s\u00f3c v\u00e0 l\u00e0m s\u1ea1ch l\u00e0n da m\u1ecfng manh c\u1ee7a tr\u1ebb s\u01a1 sinh, [&hellip;]<\/p>\n","protected":false},"featured_media":360,"comment_status":"open","ping_status":"closed","template":"","meta":[],"product_brand":[],"product_cat":[22],"product_tag":[],"class_list":{"0":"post-359","1":"product","2":"type-product","3":"status-publish","4":"has-post-thumbnail","6":"product_cat-dau-goi","8":"first","9":"instock","10":"shipping-taxable","11":"purchasable","12":"product-type-simple"},"yoast_head":"<!-- This site is optimized with the Yoast SEO plugin v27.4 - https:\/\/yoast.com\/product\/yoast-seo-wordpress\/ -->\n<title>S\u1eefa T\u1eafm G\u1ed9i Cetaphil D\u1ecbu L\u00e0nh Cho B\u00e9 400ml Baby Gentle Wash &amp; Shampoo -<\/title>\n<meta name=\"robots\" content=\"index, follow, max-snippet:-1, max-image-preview:large, max-video-preview:-1\" \/>\n<link rel=\"canonical\" href=\"https:\/\/taphoaok.click\/index.php\/san-pham\/sua-tam-goi-cetaphil-diu-lanh-cho-be-400ml-baby-gentle-wash-shampoo\/\" \/>\n<meta property=\"og:locale\" content=\"vi_VN\" \/>\n<meta property=\"og:type\" content=\"article\" \/>\n<meta property=\"og:title\" content=\"S\u1eefa T\u1eafm G\u1ed9i Cetaphil D\u1ecbu L\u00e0nh Cho B\u00e9 400ml Baby Gentle Wash &amp; Shampoo -\" \/>\n<meta property=\"og:description\" content=\"S\u1eefa T\u1eafm G\u1ed9i D\u1ecbu L\u00e0nh Cho B\u00e9\u00a0Cetaphil Baby Gentle Wash &amp; Shampoo l\u00e0 s\u1ea3n ph\u1ea9m s\u1eefa t\u1eafm k\u1ebft h\u1ee3p d\u1ea7u g\u1ed9i 2 trong 1 d\u00e0nh cho b\u00e9 thu\u1ed9c\u00a0th\u01b0\u01a1ng hi\u1ec7u d\u01b0\u1ee3c m\u1ef9 ph\u1ea9m Cetaphil. C\u00f4ng th\u1ee9c\u00a0v\u1edbi c\u00e1c th\u00e0nh ph\u1ea7n t\u1eeb thi\u00ean nhi\u00ean gi\u00fap ch\u0103m s\u00f3c v\u00e0 l\u00e0m s\u1ea1ch l\u00e0n da m\u1ecfng manh c\u1ee7a tr\u1ebb s\u01a1 sinh, [&hellip;]\" \/>\n<meta property=\"og:url\" content=\"https:\/\/taphoaok.click\/index.php\/san-pham\/sua-tam-goi-cetaphil-diu-lanh-cho-be-400ml-baby-gentle-wash-shampoo\/\" \/>\n<meta property=\"og:image\" content=\"https:\/\/taphoaok.click\/wp-content\/uploads\/2026\/03\/shopping.jpeg\" \/>\n\t<meta property=\"og:image:width\" content=\"412\" \/>\n\t<meta property=\"og:image:height\" content=\"548\" \/>\n\t<meta property=\"og:image:type\" content=\"image\/jpeg\" \/>\n<meta name=\"twitter:card\" content=\"summary_large_image\" \/>\n<meta name=\"twitter:label1\" content=\"\u01af\u1edbc t\u00ednh th\u1eddi gian \u0111\u1ecdc\" \/>\n\t<meta name=\"twitter:data1\" content=\"1 ph\u00fat\" \/>\n<script type=\"application\/ld+json\" class=\"yoast-schema-graph\">{\"@context\":\"https:\\\/\\\/schema.org\",\"@graph\":[{\"@type\":\"WebPage\",\"@id\":\"https:\\\/\\\/taphoaok.click\\\/index.php\\\/san-pham\\\/sua-tam-goi-cetaphil-diu-lanh-cho-be-400ml-baby-gentle-wash-shampoo\\\/\",\"url\":\"https:\\\/\\\/taphoaok.click\\\/index.php\\\/san-pham\\\/sua-tam-goi-cetaphil-diu-lanh-cho-be-400ml-baby-gentle-wash-shampoo\\\/\",\"name\":\"S\u1eefa T\u1eafm G\u1ed9i Cetaphil D\u1ecbu L\u00e0nh Cho B\u00e9 400ml Baby Gentle Wash & Shampoo -\",\"isPartOf\":{\"@id\":\"https:\\\/\\\/taphoaok.click\\\/#website\"},\"primaryImageOfPage\":{\"@id\":\"https:\\\/\\\/taphoaok.click\\\/index.php\\\/san-pham\\\/sua-tam-goi-cetaphil-diu-lanh-cho-be-400ml-baby-gentle-wash-shampoo\\\/#primaryimage\"},\"image\":{\"@id\":\"https:\\\/\\\/taphoaok.click\\\/index.php\\\/san-pham\\\/sua-tam-goi-cetaphil-diu-lanh-cho-be-400ml-baby-gentle-wash-shampoo\\\/#primaryimage\"},\"thumbnailUrl\":\"https:\\\/\\\/taphoaok.click\\\/wp-content\\\/uploads\\\/2026\\\/03\\\/shopping.jpeg\",\"datePublished\":\"2026-03-12T14:51:00+00:00\",\"breadcrumb\":{\"@id\":\"https:\\\/\\\/taphoaok.click\\\/index.php\\\/san-pham\\\/sua-tam-goi-cetaphil-diu-lanh-cho-be-400ml-baby-gentle-wash-shampoo\\\/#breadcrumb\"},\"inLanguage\":\"vi\",\"potentialAction\":[{\"@type\":\"ReadAction\",\"target\":[\"https:\\\/\\\/taphoaok.click\\\/index.php\\\/san-pham\\\/sua-tam-goi-cetaphil-diu-lanh-cho-be-400ml-baby-gentle-wash-shampoo\\\/\"]}]},{\"@type\":\"ImageObject\",\"inLanguage\":\"vi\",\"@id\":\"https:\\\/\\\/taphoaok.click\\\/index.php\\\/san-pham\\\/sua-tam-goi-cetaphil-diu-lanh-cho-be-400ml-baby-gentle-wash-shampoo\\\/#primaryimage\",\"url\":\"https:\\\/\\\/taphoaok.click\\\/wp-content\\\/uploads\\\/2026\\\/03\\\/shopping.jpeg\",\"contentUrl\":\"https:\\\/\\\/taphoaok.click\\\/wp-content\\\/uploads\\\/2026\\\/03\\\/shopping.jpeg\",\"width\":412,\"height\":548},{\"@type\":\"BreadcrumbList\",\"@id\":\"https:\\\/\\\/taphoaok.click\\\/index.php\\\/san-pham\\\/sua-tam-goi-cetaphil-diu-lanh-cho-be-400ml-baby-gentle-wash-shampoo\\\/#breadcrumb\",\"itemListElement\":[{\"@type\":\"ListItem\",\"position\":1,\"name\":\"Trang ch\u1ee7\",\"item\":\"https:\\\/\\\/taphoaok.click\\\/\"},{\"@type\":\"ListItem\",\"position\":2,\"name\":\"C\u1eeda h\u00e0ng\",\"item\":\"https:\\\/\\\/taphoaok.click\\\/index.php\\\/cua-hang\\\/\"},{\"@type\":\"ListItem\",\"position\":3,\"name\":\"S\u1eefa T\u1eafm G\u1ed9i Cetaphil D\u1ecbu L\u00e0nh Cho B\u00e9 400ml Baby Gentle Wash &#038; Shampoo\"}]},{\"@type\":\"WebSite\",\"@id\":\"https:\\\/\\\/taphoaok.click\\\/#website\",\"url\":\"https:\\\/\\\/taphoaok.click\\\/\",\"name\":\"\",\"description\":\"\",\"potentialAction\":[{\"@type\":\"SearchAction\",\"target\":{\"@type\":\"EntryPoint\",\"urlTemplate\":\"https:\\\/\\\/taphoaok.click\\\/?s={search_term_string}\"},\"query-input\":{\"@type\":\"PropertyValueSpecification\",\"valueRequired\":true,\"valueName\":\"search_term_string\"}}],\"inLanguage\":\"vi\"}]}<\/script>\n<!-- \/ Yoast SEO plugin. -->","yoast_head_json":{"title":"S\u1eefa T\u1eafm G\u1ed9i Cetaphil D\u1ecbu L\u00e0nh Cho B\u00e9 400ml Baby Gentle Wash & Shampoo -","robots":{"index":"index","follow":"follow","max-snippet":"max-snippet:-1","max-image-preview":"max-image-preview:large","max-video-preview":"max-video-preview:-1"},"canonical":"https:\/\/taphoaok.click\/index.php\/san-pham\/sua-tam-goi-cetaphil-diu-lanh-cho-be-400ml-baby-gentle-wash-shampoo\/","og_locale":"vi_VN","og_type":"article","og_title":"S\u1eefa T\u1eafm G\u1ed9i Cetaphil D\u1ecbu L\u00e0nh Cho B\u00e9 400ml Baby Gentle Wash & Shampoo -","og_description":"S\u1eefa T\u1eafm G\u1ed9i D\u1ecbu L\u00e0nh Cho B\u00e9\u00a0Cetaphil Baby Gentle Wash &amp; Shampoo l\u00e0 s\u1ea3n ph\u1ea9m s\u1eefa t\u1eafm k\u1ebft h\u1ee3p d\u1ea7u g\u1ed9i 2 trong 1 d\u00e0nh cho b\u00e9 thu\u1ed9c\u00a0th\u01b0\u01a1ng hi\u1ec7u d\u01b0\u1ee3c m\u1ef9 ph\u1ea9m Cetaphil. C\u00f4ng th\u1ee9c\u00a0v\u1edbi c\u00e1c th\u00e0nh ph\u1ea7n t\u1eeb thi\u00ean nhi\u00ean gi\u00fap ch\u0103m s\u00f3c v\u00e0 l\u00e0m s\u1ea1ch l\u00e0n da m\u1ecfng manh c\u1ee7a tr\u1ebb s\u01a1 sinh, [&hellip;]","og_url":"https:\/\/taphoaok.click\/index.php\/san-pham\/sua-tam-goi-cetaphil-diu-lanh-cho-be-400ml-baby-gentle-wash-shampoo\/","og_image":[{"width":412,"height":548,"url":"https:\/\/taphoaok.click\/wp-content\/uploads\/2026\/03\/shopping.jpeg","type":"image\/jpeg"}],"twitter_card":"summary_large_image","twitter_misc":{"\u01af\u1edbc t\u00ednh th\u1eddi gian \u0111\u1ecdc":"1 ph\u00fat"},"schema":{"@context":"https:\/\/schema.org","@graph":[{"@type":"WebPage","@id":"https:\/\/taphoaok.click\/index.php\/san-pham\/sua-tam-goi-cetaphil-diu-lanh-cho-be-400ml-baby-gentle-wash-shampoo\/","url":"https:\/\/taphoaok.click\/index.php\/san-pham\/sua-tam-goi-cetaphil-diu-lanh-cho-be-400ml-baby-gentle-wash-shampoo\/","name":"S\u1eefa T\u1eafm G\u1ed9i Cetaphil D\u1ecbu L\u00e0nh Cho B\u00e9 400ml Baby Gentle Wash & Shampoo -","isPartOf":{"@id":"https:\/\/taphoaok.click\/#website"},"primaryImageOfPage":{"@id":"https:\/\/taphoaok.click\/index.php\/san-pham\/sua-tam-goi-cetaphil-diu-lanh-cho-be-400ml-baby-gentle-wash-shampoo\/#primaryimage"},"image":{"@id":"https:\/\/taphoaok.click\/index.php\/san-pham\/sua-tam-goi-cetaphil-diu-lanh-cho-be-400ml-baby-gentle-wash-shampoo\/#primaryimage"},"thumbnailUrl":"https:\/\/taphoaok.click\/wp-content\/uploads\/2026\/03\/shopping.jpeg","datePublished":"2026-03-12T14:51:00+00:00","breadcrumb":{"@id":"https:\/\/taphoaok.click\/index.php\/san-pham\/sua-tam-goi-cetaphil-diu-lanh-cho-be-400ml-baby-gentle-wash-shampoo\/#breadcrumb"},"inLanguage":"vi","potentialAction":[{"@type":"ReadAction","target":["https:\/\/taphoaok.click\/index.php\/san-pham\/sua-tam-goi-cetaphil-diu-lanh-cho-be-400ml-baby-gentle-wash-shampoo\/"]}]},{"@type":"ImageObject","inLanguage":"vi","@id":"https:\/\/taphoaok.click\/index.php\/san-pham\/sua-tam-goi-cetaphil-diu-lanh-cho-be-400ml-baby-gentle-wash-shampoo\/#primaryimage","url":"https:\/\/taphoaok.click\/wp-content\/uploads\/2026\/03\/shopping.jpeg","contentUrl":"https:\/\/taphoaok.click\/wp-content\/uploads\/2026\/03\/shopping.jpeg","width":412,"height":548},{"@type":"BreadcrumbList","@id":"https:\/\/taphoaok.click\/index.php\/san-pham\/sua-tam-goi-cetaphil-diu-lanh-cho-be-400ml-baby-gentle-wash-shampoo\/#breadcrumb","itemListElement":[{"@type":"ListItem","position":1,"name":"Trang ch\u1ee7","item":"https:\/\/taphoaok.click\/"},{"@type":"ListItem","position":2,"name":"C\u1eeda h\u00e0ng","item":"https:\/\/taphoaok.click\/index.php\/cua-hang\/"},{"@type":"ListItem","position":3,"name":"S\u1eefa T\u1eafm G\u1ed9i Cetaphil D\u1ecbu L\u00e0nh Cho B\u00e9 400ml Baby Gentle Wash &#038; Shampoo"}]},{"@type":"WebSite","@id":"https:\/\/taphoaok.click\/#website","url":"https:\/\/taphoaok.click\/","name":"","description":"","potentialAction":[{"@type":"SearchAction","target":{"@type":"EntryPoint","urlTemplate":"https:\/\/taphoaok.click\/?s={search_term_string}"},"query-input":{"@type":"PropertyValueSpecification","valueRequired":true,"valueName":"search_term_string"}}],"inLanguage":"vi"}]}},"jetpack_sharing_enabled":true,"_links":{"self":[{"href":"https:\/\/taphoaok.click\/index.php\/wp-json\/wp\/v2\/product\/359","targetHints":{"allow":["GET"]}}],"collection":[{"href":"https:\/\/taphoaok.click\/index.php\/wp-json\/wp\/v2\/product"}],"about":[{"href":"https:\/\/taphoaok.click\/index.php\/wp-json\/wp\/v2\/types\/product"}],"replies":[{"embeddable":true,"href":"https:\/\/taphoaok.click\/index.php\/wp-json\/wp\/v2\/comments?post=359"}],"wp:featuredmedia":[{"embeddable":true,"href":"https:\/\/taphoaok.click\/index.php\/wp-json\/wp\/v2\/media\/360"}],"wp:attachment":[{"href":"https:\/\/taphoaok.click\/index.php\/wp-json\/wp\/v2\/media?parent=359"}],"wp:term":[{"taxonomy":"product_brand","embeddable":true,"href":"https:\/\/taphoaok.click\/index.php\/wp-json\/wp\/v2\/product_brand?post=359"},{"taxonomy":"product_cat","embeddable":true,"href":"https:\/\/taphoaok.click\/index.php\/wp-json\/wp\/v2\/product_cat?post=359"},{"taxonomy":"product_tag","embeddable":true,"href":"https:\/\/taphoaok.click\/index.php\/wp-json\/wp\/v2\/product_tag?post=359"}],"curies":[{"name":"wp","href":"https:\/\/api.w.org\/{rel}","templated":true}]}}