{"id":361,"date":"2026-03-12T14:52:34","date_gmt":"2026-03-12T14:52:34","guid":{"rendered":"https:\/\/taphoaok.click\/?post_type=product&#038;p=361"},"modified":"2026-03-12T14:52:34","modified_gmt":"2026-03-12T14:52:34","slug":"dau-goi-huong-nuoc-hoa-romano-classic-650gr","status":"publish","type":"product","link":"https:\/\/taphoaok.click\/index.php\/san-pham\/dau-goi-huong-nuoc-hoa-romano-classic-650gr\/","title":{"rendered":"D\u1ea7u G\u1ed9i H\u01b0\u01a1ng N\u01b0\u1edbc Hoa Romano Classic 650gr"},"content":{"rendered":"<p class=\"QN2lPu\">C\u00f4ng th\u1ee9c \u0111\u1eb7c bi\u1ec7t v\u1edbi Nutrium 10 l\u00e0 s\u1ef1 k\u1ebft h\u1ee3p t\u1eeb c\u00e1c d\u01b0\u1ee1ng ch\u1ea5t, vitamin v\u00e0 kho\u00e1ng ch\u1ea5t gi\u00fap nu\u00f4i d\u01b0\u1ee1ng s\u00e2u, ph\u1ee5c h\u1ed3i c\u00e1c d\u01b0\u1ee1ng ch\u1ea5t c\u1ea7n thi\u1ebft cho da \u0111\u1ea7u, lo\u1ea1i s\u1ea1ch g\u00e0u v\u00e0 ng\u0103n g\u00e0u quay tr\u1edf l\u1ea1i.<\/p>\n<p class=\"QN2lPu\">Tinh ch\u1ea5t b\u1ea1c h\u00e0 mang \u0111\u1ebfn h\u01b0\u01a1ng th\u01a1m t\u01b0\u01a1i m\u00e1t, c\u1ea3m gi\u00e1c m\u00e1t l\u1ea1nh, s\u1ea3ng kho\u00e1i b\u1ea5t t\u1eadn.<\/p>\n<p class=\"QN2lPu\">H\u01b0\u1edbng d\u1eabn s\u1eed d\u1ee5ng :<\/p>\n<p class=\"QN2lPu\">L\u00e0m \u01b0\u1edbt t\u00f3c v\u00e0 l\u1ea5y m\u1ed9t l\u01b0\u1ee3ng d\u1ea7u g\u1ed9i s\u1ea1ch g\u00e0u b\u1ea1c h\u00e0 Clear Nutrium 10 v\u1eeba \u0111\u1ee7 xoa \u0111\u1ec1u l\u00ean t\u00f3c t\u1ea1o b\u1ecdt v\u00e0 massage nh\u1eb9 nh\u00e0ng 1-2 ph\u00fat . Sau \u0111\u00f3 , x\u1ea3 l\u1ea1i b\u1eb1ng n\u01b0\u1edbc s\u1ea1ch .<\/p>\n<p class=\"QN2lPu\">#daugoimuottoc #daugoitrigau #daugoiclear #daugoiclearbacha #daugoinguagau #daugoitringua #clear<\/p>\n","protected":false},"excerpt":{"rendered":"<p>C\u00f4ng th\u1ee9c \u0111\u1eb7c bi\u1ec7t v\u1edbi Nutrium 10 l\u00e0 s\u1ef1 k\u1ebft h\u1ee3p t\u1eeb c\u00e1c d\u01b0\u1ee1ng ch\u1ea5t, vitamin v\u00e0 kho\u00e1ng ch\u1ea5t gi\u00fap nu\u00f4i d\u01b0\u1ee1ng s\u00e2u, ph\u1ee5c h\u1ed3i c\u00e1c d\u01b0\u1ee1ng ch\u1ea5t c\u1ea7n thi\u1ebft cho da \u0111\u1ea7u, lo\u1ea1i s\u1ea1ch g\u00e0u v\u00e0 ng\u0103n g\u00e0u quay tr\u1edf l\u1ea1i. Tinh ch\u1ea5t b\u1ea1c h\u00e0 mang \u0111\u1ebfn h\u01b0\u01a1ng th\u01a1m t\u01b0\u01a1i m\u00e1t, c\u1ea3m gi\u00e1c m\u00e1t [&hellip;]<\/p>\n","protected":false},"featured_media":362,"comment_status":"open","ping_status":"closed","template":"","meta":[],"product_brand":[],"product_cat":[22],"product_tag":[],"class_list":{"0":"post-361","1":"product","2":"type-product","3":"status-publish","4":"has-post-thumbnail","6":"product_cat-dau-goi","8":"first","9":"instock","10":"shipping-taxable","11":"purchasable","12":"product-type-simple"},"yoast_head":"<!-- This site is optimized with the Yoast SEO plugin v27.4 - https:\/\/yoast.com\/product\/yoast-seo-wordpress\/ -->\n<title>D\u1ea7u G\u1ed9i H\u01b0\u01a1ng N\u01b0\u1edbc Hoa Romano Classic 650gr -<\/title>\n<meta name=\"robots\" content=\"index, follow, max-snippet:-1, max-image-preview:large, max-video-preview:-1\" \/>\n<link rel=\"canonical\" href=\"https:\/\/taphoaok.click\/index.php\/san-pham\/dau-goi-huong-nuoc-hoa-romano-classic-650gr\/\" \/>\n<meta property=\"og:locale\" content=\"vi_VN\" \/>\n<meta property=\"og:type\" content=\"article\" \/>\n<meta property=\"og:title\" content=\"D\u1ea7u G\u1ed9i H\u01b0\u01a1ng N\u01b0\u1edbc Hoa Romano Classic 650gr -\" \/>\n<meta property=\"og:description\" content=\"C\u00f4ng th\u1ee9c \u0111\u1eb7c bi\u1ec7t v\u1edbi Nutrium 10 l\u00e0 s\u1ef1 k\u1ebft h\u1ee3p t\u1eeb c\u00e1c d\u01b0\u1ee1ng ch\u1ea5t, vitamin v\u00e0 kho\u00e1ng ch\u1ea5t gi\u00fap nu\u00f4i d\u01b0\u1ee1ng s\u00e2u, ph\u1ee5c h\u1ed3i c\u00e1c d\u01b0\u1ee1ng ch\u1ea5t c\u1ea7n thi\u1ebft cho da \u0111\u1ea7u, lo\u1ea1i s\u1ea1ch g\u00e0u v\u00e0 ng\u0103n g\u00e0u quay tr\u1edf l\u1ea1i. Tinh ch\u1ea5t b\u1ea1c h\u00e0 mang \u0111\u1ebfn h\u01b0\u01a1ng th\u01a1m t\u01b0\u01a1i m\u00e1t, c\u1ea3m gi\u00e1c m\u00e1t [&hellip;]\" \/>\n<meta property=\"og:url\" content=\"https:\/\/taphoaok.click\/index.php\/san-pham\/dau-goi-huong-nuoc-hoa-romano-classic-650gr\/\" \/>\n<meta property=\"og:image\" content=\"https:\/\/taphoaok.click\/wp-content\/uploads\/2026\/03\/vn-11134207-7ra0g-m9sx913mgtj6cf@resize_w900_nl.webp\" \/>\n\t<meta property=\"og:image:width\" content=\"800\" \/>\n\t<meta property=\"og:image:height\" content=\"800\" \/>\n\t<meta property=\"og:image:type\" content=\"image\/webp\" \/>\n<meta name=\"twitter:card\" content=\"summary_large_image\" \/>\n<meta name=\"twitter:label1\" content=\"\u01af\u1edbc t\u00ednh th\u1eddi gian \u0111\u1ecdc\" \/>\n\t<meta name=\"twitter:data1\" content=\"1 ph\u00fat\" \/>\n<script type=\"application\/ld+json\" class=\"yoast-schema-graph\">{\"@context\":\"https:\\\/\\\/schema.org\",\"@graph\":[{\"@type\":\"WebPage\",\"@id\":\"https:\\\/\\\/taphoaok.click\\\/index.php\\\/san-pham\\\/dau-goi-huong-nuoc-hoa-romano-classic-650gr\\\/\",\"url\":\"https:\\\/\\\/taphoaok.click\\\/index.php\\\/san-pham\\\/dau-goi-huong-nuoc-hoa-romano-classic-650gr\\\/\",\"name\":\"D\u1ea7u G\u1ed9i H\u01b0\u01a1ng N\u01b0\u1edbc Hoa Romano Classic 650gr -\",\"isPartOf\":{\"@id\":\"https:\\\/\\\/taphoaok.click\\\/#website\"},\"primaryImageOfPage\":{\"@id\":\"https:\\\/\\\/taphoaok.click\\\/index.php\\\/san-pham\\\/dau-goi-huong-nuoc-hoa-romano-classic-650gr\\\/#primaryimage\"},\"image\":{\"@id\":\"https:\\\/\\\/taphoaok.click\\\/index.php\\\/san-pham\\\/dau-goi-huong-nuoc-hoa-romano-classic-650gr\\\/#primaryimage\"},\"thumbnailUrl\":\"https:\\\/\\\/taphoaok.click\\\/wp-content\\\/uploads\\\/2026\\\/03\\\/vn-11134207-7ra0g-m9sx913mgtj6cf@resize_w900_nl.webp\",\"datePublished\":\"2026-03-12T14:52:34+00:00\",\"breadcrumb\":{\"@id\":\"https:\\\/\\\/taphoaok.click\\\/index.php\\\/san-pham\\\/dau-goi-huong-nuoc-hoa-romano-classic-650gr\\\/#breadcrumb\"},\"inLanguage\":\"vi\",\"potentialAction\":[{\"@type\":\"ReadAction\",\"target\":[\"https:\\\/\\\/taphoaok.click\\\/index.php\\\/san-pham\\\/dau-goi-huong-nuoc-hoa-romano-classic-650gr\\\/\"]}]},{\"@type\":\"ImageObject\",\"inLanguage\":\"vi\",\"@id\":\"https:\\\/\\\/taphoaok.click\\\/index.php\\\/san-pham\\\/dau-goi-huong-nuoc-hoa-romano-classic-650gr\\\/#primaryimage\",\"url\":\"https:\\\/\\\/taphoaok.click\\\/wp-content\\\/uploads\\\/2026\\\/03\\\/vn-11134207-7ra0g-m9sx913mgtj6cf@resize_w900_nl.webp\",\"contentUrl\":\"https:\\\/\\\/taphoaok.click\\\/wp-content\\\/uploads\\\/2026\\\/03\\\/vn-11134207-7ra0g-m9sx913mgtj6cf@resize_w900_nl.webp\",\"width\":800,\"height\":800},{\"@type\":\"BreadcrumbList\",\"@id\":\"https:\\\/\\\/taphoaok.click\\\/index.php\\\/san-pham\\\/dau-goi-huong-nuoc-hoa-romano-classic-650gr\\\/#breadcrumb\",\"itemListElement\":[{\"@type\":\"ListItem\",\"position\":1,\"name\":\"Trang ch\u1ee7\",\"item\":\"https:\\\/\\\/taphoaok.click\\\/\"},{\"@type\":\"ListItem\",\"position\":2,\"name\":\"C\u1eeda h\u00e0ng\",\"item\":\"https:\\\/\\\/taphoaok.click\\\/index.php\\\/cua-hang\\\/\"},{\"@type\":\"ListItem\",\"position\":3,\"name\":\"D\u1ea7u G\u1ed9i H\u01b0\u01a1ng N\u01b0\u1edbc Hoa Romano Classic 650gr\"}]},{\"@type\":\"WebSite\",\"@id\":\"https:\\\/\\\/taphoaok.click\\\/#website\",\"url\":\"https:\\\/\\\/taphoaok.click\\\/\",\"name\":\"\",\"description\":\"\",\"potentialAction\":[{\"@type\":\"SearchAction\",\"target\":{\"@type\":\"EntryPoint\",\"urlTemplate\":\"https:\\\/\\\/taphoaok.click\\\/?s={search_term_string}\"},\"query-input\":{\"@type\":\"PropertyValueSpecification\",\"valueRequired\":true,\"valueName\":\"search_term_string\"}}],\"inLanguage\":\"vi\"}]}<\/script>\n<!-- \/ Yoast SEO plugin. -->","yoast_head_json":{"title":"D\u1ea7u G\u1ed9i H\u01b0\u01a1ng N\u01b0\u1edbc Hoa Romano Classic 650gr -","robots":{"index":"index","follow":"follow","max-snippet":"max-snippet:-1","max-image-preview":"max-image-preview:large","max-video-preview":"max-video-preview:-1"},"canonical":"https:\/\/taphoaok.click\/index.php\/san-pham\/dau-goi-huong-nuoc-hoa-romano-classic-650gr\/","og_locale":"vi_VN","og_type":"article","og_title":"D\u1ea7u G\u1ed9i H\u01b0\u01a1ng N\u01b0\u1edbc Hoa Romano Classic 650gr -","og_description":"C\u00f4ng th\u1ee9c \u0111\u1eb7c bi\u1ec7t v\u1edbi Nutrium 10 l\u00e0 s\u1ef1 k\u1ebft h\u1ee3p t\u1eeb c\u00e1c d\u01b0\u1ee1ng ch\u1ea5t, vitamin v\u00e0 kho\u00e1ng ch\u1ea5t gi\u00fap nu\u00f4i d\u01b0\u1ee1ng s\u00e2u, ph\u1ee5c h\u1ed3i c\u00e1c d\u01b0\u1ee1ng ch\u1ea5t c\u1ea7n thi\u1ebft cho da \u0111\u1ea7u, lo\u1ea1i s\u1ea1ch g\u00e0u v\u00e0 ng\u0103n g\u00e0u quay tr\u1edf l\u1ea1i. Tinh ch\u1ea5t b\u1ea1c h\u00e0 mang \u0111\u1ebfn h\u01b0\u01a1ng th\u01a1m t\u01b0\u01a1i m\u00e1t, c\u1ea3m gi\u00e1c m\u00e1t [&hellip;]","og_url":"https:\/\/taphoaok.click\/index.php\/san-pham\/dau-goi-huong-nuoc-hoa-romano-classic-650gr\/","og_image":[{"width":800,"height":800,"url":"https:\/\/taphoaok.click\/wp-content\/uploads\/2026\/03\/vn-11134207-7ra0g-m9sx913mgtj6cf@resize_w900_nl.webp","type":"image\/webp"}],"twitter_card":"summary_large_image","twitter_misc":{"\u01af\u1edbc t\u00ednh th\u1eddi gian \u0111\u1ecdc":"1 ph\u00fat"},"schema":{"@context":"https:\/\/schema.org","@graph":[{"@type":"WebPage","@id":"https:\/\/taphoaok.click\/index.php\/san-pham\/dau-goi-huong-nuoc-hoa-romano-classic-650gr\/","url":"https:\/\/taphoaok.click\/index.php\/san-pham\/dau-goi-huong-nuoc-hoa-romano-classic-650gr\/","name":"D\u1ea7u G\u1ed9i H\u01b0\u01a1ng N\u01b0\u1edbc Hoa Romano Classic 650gr -","isPartOf":{"@id":"https:\/\/taphoaok.click\/#website"},"primaryImageOfPage":{"@id":"https:\/\/taphoaok.click\/index.php\/san-pham\/dau-goi-huong-nuoc-hoa-romano-classic-650gr\/#primaryimage"},"image":{"@id":"https:\/\/taphoaok.click\/index.php\/san-pham\/dau-goi-huong-nuoc-hoa-romano-classic-650gr\/#primaryimage"},"thumbnailUrl":"https:\/\/taphoaok.click\/wp-content\/uploads\/2026\/03\/vn-11134207-7ra0g-m9sx913mgtj6cf@resize_w900_nl.webp","datePublished":"2026-03-12T14:52:34+00:00","breadcrumb":{"@id":"https:\/\/taphoaok.click\/index.php\/san-pham\/dau-goi-huong-nuoc-hoa-romano-classic-650gr\/#breadcrumb"},"inLanguage":"vi","potentialAction":[{"@type":"ReadAction","target":["https:\/\/taphoaok.click\/index.php\/san-pham\/dau-goi-huong-nuoc-hoa-romano-classic-650gr\/"]}]},{"@type":"ImageObject","inLanguage":"vi","@id":"https:\/\/taphoaok.click\/index.php\/san-pham\/dau-goi-huong-nuoc-hoa-romano-classic-650gr\/#primaryimage","url":"https:\/\/taphoaok.click\/wp-content\/uploads\/2026\/03\/vn-11134207-7ra0g-m9sx913mgtj6cf@resize_w900_nl.webp","contentUrl":"https:\/\/taphoaok.click\/wp-content\/uploads\/2026\/03\/vn-11134207-7ra0g-m9sx913mgtj6cf@resize_w900_nl.webp","width":800,"height":800},{"@type":"BreadcrumbList","@id":"https:\/\/taphoaok.click\/index.php\/san-pham\/dau-goi-huong-nuoc-hoa-romano-classic-650gr\/#breadcrumb","itemListElement":[{"@type":"ListItem","position":1,"name":"Trang ch\u1ee7","item":"https:\/\/taphoaok.click\/"},{"@type":"ListItem","position":2,"name":"C\u1eeda h\u00e0ng","item":"https:\/\/taphoaok.click\/index.php\/cua-hang\/"},{"@type":"ListItem","position":3,"name":"D\u1ea7u G\u1ed9i H\u01b0\u01a1ng N\u01b0\u1edbc Hoa Romano Classic 650gr"}]},{"@type":"WebSite","@id":"https:\/\/taphoaok.click\/#website","url":"https:\/\/taphoaok.click\/","name":"","description":"","potentialAction":[{"@type":"SearchAction","target":{"@type":"EntryPoint","urlTemplate":"https:\/\/taphoaok.click\/?s={search_term_string}"},"query-input":{"@type":"PropertyValueSpecification","valueRequired":true,"valueName":"search_term_string"}}],"inLanguage":"vi"}]}},"jetpack_sharing_enabled":true,"_links":{"self":[{"href":"https:\/\/taphoaok.click\/index.php\/wp-json\/wp\/v2\/product\/361","targetHints":{"allow":["GET"]}}],"collection":[{"href":"https:\/\/taphoaok.click\/index.php\/wp-json\/wp\/v2\/product"}],"about":[{"href":"https:\/\/taphoaok.click\/index.php\/wp-json\/wp\/v2\/types\/product"}],"replies":[{"embeddable":true,"href":"https:\/\/taphoaok.click\/index.php\/wp-json\/wp\/v2\/comments?post=361"}],"wp:featuredmedia":[{"embeddable":true,"href":"https:\/\/taphoaok.click\/index.php\/wp-json\/wp\/v2\/media\/362"}],"wp:attachment":[{"href":"https:\/\/taphoaok.click\/index.php\/wp-json\/wp\/v2\/media?parent=361"}],"wp:term":[{"taxonomy":"product_brand","embeddable":true,"href":"https:\/\/taphoaok.click\/index.php\/wp-json\/wp\/v2\/product_brand?post=361"},{"taxonomy":"product_cat","embeddable":true,"href":"https:\/\/taphoaok.click\/index.php\/wp-json\/wp\/v2\/product_cat?post=361"},{"taxonomy":"product_tag","embeddable":true,"href":"https:\/\/taphoaok.click\/index.php\/wp-json\/wp\/v2\/product_tag?post=361"}],"curies":[{"name":"wp","href":"https:\/\/api.w.org\/{rel}","templated":true}]}}