{"id":65,"date":"2026-03-09T12:30:07","date_gmt":"2026-03-09T12:30:07","guid":{"rendered":"https:\/\/taphoaok.click\/?post_type=product&#038;p=65"},"modified":"2026-03-09T14:06:02","modified_gmt":"2026-03-09T14:06:02","slug":"mi-omachi-suon-ham-ngu-qua-ly-70g","status":"publish","type":"product","link":"https:\/\/taphoaok.click\/index.php\/san-pham\/mi-omachi-suon-ham-ngu-qua-ly-70g\/","title":{"rendered":"M\u00ec Omachi S\u01b0\u1eddn H\u1ea7m Ng\u0169 Qu\u1ea3 Ly 70G"},"content":{"rendered":"<p class=\"QN2lPu\">T\u00ean sa\u0309n ph\u00e2\u0309m: M\u00ec Omachi S\u01b0\u1eddn H\u1ea7m Ng\u0169 Qu\u1ea3 Ly 70G<\/p>\n<p class=\"QN2lPu\">Kh\u1ed1i l\u01b0\u1ee3ng t\u1ecbnh \/ Th\u1ec3 t\u00edch th\u1ef1c \/ K\u00edch th\u01b0\u1edbc: 70G<\/p>\n<p class=\"QN2lPu\">Xu\u1ea5t x\u1ee9: Vi\u1ec7t Nam<\/p>\n<p class=\"QN2lPu\">Th\u00e0nh ph\u1ea7n:<\/p>\n<p class=\"QN2lPu\">&#8211; V\u1eaeT M\u00cc &#8211; B\u1ed9t m\u00ec, d\u1ea7u th\u1ef1c v\u1eadt, tinh b\u1ed9t khoai m\u00ec, tinh b\u1ed9t khoai t\u00e2y 20 g\/kg, mu\u1ed1i I-\u1ed1t, n\u01b0\u1edbc m\u1eafm, ch\u1ea5t t\u1ea1o x\u1ed1p (451i, 452i, 500i, 500ii), ch\u1ea5t l\u00e0m d\u1ea7y (412), ch\u1ea5t \u0111i\u1ec1u v\u1ecb (621, 635), chi\u1ebft xu\u1ea5t n\u1ea5m men, b\u1ed9t l\u00f2ng \u0111\u1ecf tr\u1ee9ng 835 mg\/kg, chi\u1ebft xu\u1ea5t tr\u00e1i d\u00e0nh d\u00e0nh, b\u1ed9t c\u00e0 ri, ch\u1ea5t ch\u1ed1ng oxy ho\u00e1 (320, 321), ch\u1ea5t \u0111i\u1ec1u ch\u1ec9nh \u0111\u1ed9 axit (330).<\/p>\n<p class=\"QN2lPu\">&#8211; S\u00daP &#8211; D\u1ea7u th\u1ef1c v\u1eadt, gia v\u1ecb h\u1ed7n h\u1ee3p, \u0111\u01b0\u1eddng, ch\u1ea5t \u0111i\u1ec1u v\u1ecb (621, 635, disodium succinate), h\u00e0nh t\u00e2y 31,4 g\/kg, mu\u1ed1i I-\u1ed1t, h\u00e0nh t\u00edm 20,3 g\/kg, \u0111\u1ea1m \u0111\u1eadu n\u00e0nh, c\u00e0 r\u1ed1t s\u1ea5y 11,8 g\/kg, c\u1ee7 c\u1ea3i tr\u1eafng 8,4 g\/kg, m\u1ee1 heo 8,3 g\/kg, protein s\u1ea5y, b\u1eafp h\u1ea1t s\u1ea5y, c\u00e0 chua 6,3 g\/kg, b\u1ed9t th\u1ecbt g\u00e0, th\u1ecbt heo 1,6 g\/kg, c\u00e0 chua c\u00f4 \u0111\u1eb7c, h\u01b0\u01a1ng t\u1ef1 nhi\u00ean v\u00e0 t\u1ed5ng h\u1ee3p, chi\u1ebft xu\u1ea5t n\u1ea5m men, b\u1ed9t t\u00f4m, n\u01b0\u1edbc c\u1ed1t x\u01b0\u01a1ng th\u1ecbt (n\u01b0\u1edbc, x\u01b0\u01a1ng \u1ed1ng, th\u1ecbt heo, mu\u1ed1i I-\u1ed1t, ch\u1ea5t b\u1ea3o qu\u1ea3n (211)) 307 mg\/kg, m\u00e0u th\u1ef1c ph\u1ea9m (160c), ch\u1ea5t b\u1ea3o qu\u1ea3n (211), ch\u1ea5t ch\u1ed1ng oxy ho\u00e1 (320, 321).<\/p>\n<p class=\"QN2lPu\">H\u01b0\u1edbng d\u1eabn s\u1eed d\u1ee5ng: M\u1edf n\u1eafp h\u1ed9p. Cho g\u00f3i n\u00eam, g\u00f3i rau v\u00e0 g\u00f3i x\u1ed1t v\u00e0o h\u1ed9p. \u0110\u1ed5 n\u01b0\u1edbc s\u00f4i \u0111\u1ebfn v\u1ea1ch c\u1ee7a h\u1ed9p, \u0111\u1eady n\u1eafp l\u1ea1i v\u00e0 ch\u1edd 3 ph\u00fat. M\u1edf n\u1eafp ra, tr\u1ed9n \u0111\u1ec1u l\u00e0 d\u00f9ng \u0111\u01b0\u1ee3c ngay.<\/p>\n<p class=\"QN2lPu\">H\u01b0\u1edbng d\u1eabn b\u1ea3o qu\u1ea3n: N\u01a1i kh\u00f4 r\u00e1o, tho\u00e1ng m\u00e1t, tr\u00e1nh \u00e1nh n\u1eafng tr\u1ef1c ti\u1ebfp. Kh\u00f4ng \u0111\u1ec3 g\u1ea7n h\u00f3a ch\u1ea5t ho\u1eb7c s\u1ea3n ph\u1ea9m c\u00f3 m\u00f9i m\u1ea1n<\/p>\n","protected":false},"excerpt":{"rendered":"<p>T\u00ean sa\u0309n ph\u00e2\u0309m: M\u00ec Omachi S\u01b0\u1eddn H\u1ea7m Ng\u0169 Qu\u1ea3 Ly 70G Kh\u1ed1i l\u01b0\u1ee3ng t\u1ecbnh \/ Th\u1ec3 t\u00edch th\u1ef1c \/ K\u00edch th\u01b0\u1edbc: 70G Xu\u1ea5t x\u1ee9: Vi\u1ec7t Nam Th\u00e0nh ph\u1ea7n: &#8211; V\u1eaeT M\u00cc &#8211; B\u1ed9t m\u00ec, d\u1ea7u th\u1ef1c v\u1eadt, tinh b\u1ed9t khoai m\u00ec, tinh b\u1ed9t khoai t\u00e2y 20 g\/kg, mu\u1ed1i I-\u1ed1t, n\u01b0\u1edbc m\u1eafm, ch\u1ea5t t\u1ea1o x\u1ed1p (451i, [&hellip;]<\/p>\n","protected":false},"featured_media":68,"comment_status":"open","ping_status":"closed","template":"","meta":[],"product_brand":[],"product_cat":[21],"product_tag":[],"class_list":{"0":"post-65","1":"product","2":"type-product","3":"status-publish","4":"has-post-thumbnail","6":"product_cat-mi-goi","8":"first","9":"instock","10":"shipping-taxable","11":"purchasable","12":"product-type-simple"},"yoast_head":"<!-- This site is optimized with the Yoast SEO plugin v27.4 - https:\/\/yoast.com\/product\/yoast-seo-wordpress\/ -->\n<title>M\u00ec Omachi S\u01b0\u1eddn H\u1ea7m Ng\u0169 Qu\u1ea3 Ly 70G -<\/title>\n<meta name=\"robots\" content=\"index, follow, max-snippet:-1, max-image-preview:large, max-video-preview:-1\" \/>\n<link rel=\"canonical\" href=\"https:\/\/taphoaok.click\/index.php\/san-pham\/mi-omachi-suon-ham-ngu-qua-ly-70g\/\" \/>\n<meta property=\"og:locale\" content=\"vi_VN\" \/>\n<meta property=\"og:type\" content=\"article\" \/>\n<meta property=\"og:title\" content=\"M\u00ec Omachi S\u01b0\u1eddn H\u1ea7m Ng\u0169 Qu\u1ea3 Ly 70G -\" \/>\n<meta property=\"og:description\" content=\"T\u00ean sa\u0309n ph\u00e2\u0309m: M\u00ec Omachi S\u01b0\u1eddn H\u1ea7m Ng\u0169 Qu\u1ea3 Ly 70G Kh\u1ed1i l\u01b0\u1ee3ng t\u1ecbnh \/ Th\u1ec3 t\u00edch th\u1ef1c \/ K\u00edch th\u01b0\u1edbc: 70G Xu\u1ea5t x\u1ee9: Vi\u1ec7t Nam Th\u00e0nh ph\u1ea7n: &#8211; V\u1eaeT M\u00cc &#8211; B\u1ed9t m\u00ec, d\u1ea7u th\u1ef1c v\u1eadt, tinh b\u1ed9t khoai m\u00ec, tinh b\u1ed9t khoai t\u00e2y 20 g\/kg, mu\u1ed1i I-\u1ed1t, n\u01b0\u1edbc m\u1eafm, ch\u1ea5t t\u1ea1o x\u1ed1p (451i, [&hellip;]\" \/>\n<meta property=\"og:url\" content=\"https:\/\/taphoaok.click\/index.php\/san-pham\/mi-omachi-suon-ham-ngu-qua-ly-70g\/\" \/>\n<meta property=\"article:modified_time\" content=\"2026-03-09T14:06:02+00:00\" \/>\n<meta property=\"og:image\" content=\"https:\/\/taphoaok.click\/wp-content\/uploads\/2026\/03\/vn-11134207-820l4-men4b0gclpfl9e-1.webp\" \/>\n\t<meta property=\"og:image:width\" content=\"600\" \/>\n\t<meta property=\"og:image:height\" content=\"600\" \/>\n\t<meta property=\"og:image:type\" content=\"image\/webp\" \/>\n<meta name=\"twitter:card\" content=\"summary_large_image\" \/>\n<meta name=\"twitter:label1\" content=\"\u01af\u1edbc t\u00ednh th\u1eddi gian \u0111\u1ecdc\" \/>\n\t<meta name=\"twitter:data1\" content=\"2 ph\u00fat\" \/>\n<script type=\"application\/ld+json\" class=\"yoast-schema-graph\">{\"@context\":\"https:\\\/\\\/schema.org\",\"@graph\":[{\"@type\":\"WebPage\",\"@id\":\"https:\\\/\\\/taphoaok.click\\\/index.php\\\/san-pham\\\/mi-omachi-suon-ham-ngu-qua-ly-70g\\\/\",\"url\":\"https:\\\/\\\/taphoaok.click\\\/index.php\\\/san-pham\\\/mi-omachi-suon-ham-ngu-qua-ly-70g\\\/\",\"name\":\"M\u00ec Omachi S\u01b0\u1eddn H\u1ea7m Ng\u0169 Qu\u1ea3 Ly 70G -\",\"isPartOf\":{\"@id\":\"https:\\\/\\\/taphoaok.click\\\/#website\"},\"primaryImageOfPage\":{\"@id\":\"https:\\\/\\\/taphoaok.click\\\/index.php\\\/san-pham\\\/mi-omachi-suon-ham-ngu-qua-ly-70g\\\/#primaryimage\"},\"image\":{\"@id\":\"https:\\\/\\\/taphoaok.click\\\/index.php\\\/san-pham\\\/mi-omachi-suon-ham-ngu-qua-ly-70g\\\/#primaryimage\"},\"thumbnailUrl\":\"https:\\\/\\\/taphoaok.click\\\/wp-content\\\/uploads\\\/2026\\\/03\\\/vn-11134207-820l4-men4b0gclpfl9e-1.webp\",\"datePublished\":\"2026-03-09T12:30:07+00:00\",\"dateModified\":\"2026-03-09T14:06:02+00:00\",\"breadcrumb\":{\"@id\":\"https:\\\/\\\/taphoaok.click\\\/index.php\\\/san-pham\\\/mi-omachi-suon-ham-ngu-qua-ly-70g\\\/#breadcrumb\"},\"inLanguage\":\"vi\",\"potentialAction\":[{\"@type\":\"ReadAction\",\"target\":[\"https:\\\/\\\/taphoaok.click\\\/index.php\\\/san-pham\\\/mi-omachi-suon-ham-ngu-qua-ly-70g\\\/\"]}]},{\"@type\":\"ImageObject\",\"inLanguage\":\"vi\",\"@id\":\"https:\\\/\\\/taphoaok.click\\\/index.php\\\/san-pham\\\/mi-omachi-suon-ham-ngu-qua-ly-70g\\\/#primaryimage\",\"url\":\"https:\\\/\\\/taphoaok.click\\\/wp-content\\\/uploads\\\/2026\\\/03\\\/vn-11134207-820l4-men4b0gclpfl9e-1.webp\",\"contentUrl\":\"https:\\\/\\\/taphoaok.click\\\/wp-content\\\/uploads\\\/2026\\\/03\\\/vn-11134207-820l4-men4b0gclpfl9e-1.webp\",\"width\":600,\"height\":600},{\"@type\":\"BreadcrumbList\",\"@id\":\"https:\\\/\\\/taphoaok.click\\\/index.php\\\/san-pham\\\/mi-omachi-suon-ham-ngu-qua-ly-70g\\\/#breadcrumb\",\"itemListElement\":[{\"@type\":\"ListItem\",\"position\":1,\"name\":\"Trang ch\u1ee7\",\"item\":\"https:\\\/\\\/taphoaok.click\\\/\"},{\"@type\":\"ListItem\",\"position\":2,\"name\":\"C\u1eeda h\u00e0ng\",\"item\":\"https:\\\/\\\/taphoaok.click\\\/index.php\\\/cua-hang\\\/\"},{\"@type\":\"ListItem\",\"position\":3,\"name\":\"M\u00ec Omachi S\u01b0\u1eddn H\u1ea7m Ng\u0169 Qu\u1ea3 Ly 70G\"}]},{\"@type\":\"WebSite\",\"@id\":\"https:\\\/\\\/taphoaok.click\\\/#website\",\"url\":\"https:\\\/\\\/taphoaok.click\\\/\",\"name\":\"\",\"description\":\"\",\"potentialAction\":[{\"@type\":\"SearchAction\",\"target\":{\"@type\":\"EntryPoint\",\"urlTemplate\":\"https:\\\/\\\/taphoaok.click\\\/?s={search_term_string}\"},\"query-input\":{\"@type\":\"PropertyValueSpecification\",\"valueRequired\":true,\"valueName\":\"search_term_string\"}}],\"inLanguage\":\"vi\"}]}<\/script>\n<!-- \/ Yoast SEO plugin. -->","yoast_head_json":{"title":"M\u00ec Omachi S\u01b0\u1eddn H\u1ea7m Ng\u0169 Qu\u1ea3 Ly 70G -","robots":{"index":"index","follow":"follow","max-snippet":"max-snippet:-1","max-image-preview":"max-image-preview:large","max-video-preview":"max-video-preview:-1"},"canonical":"https:\/\/taphoaok.click\/index.php\/san-pham\/mi-omachi-suon-ham-ngu-qua-ly-70g\/","og_locale":"vi_VN","og_type":"article","og_title":"M\u00ec Omachi S\u01b0\u1eddn H\u1ea7m Ng\u0169 Qu\u1ea3 Ly 70G -","og_description":"T\u00ean sa\u0309n ph\u00e2\u0309m: M\u00ec Omachi S\u01b0\u1eddn H\u1ea7m Ng\u0169 Qu\u1ea3 Ly 70G Kh\u1ed1i l\u01b0\u1ee3ng t\u1ecbnh \/ Th\u1ec3 t\u00edch th\u1ef1c \/ K\u00edch th\u01b0\u1edbc: 70G Xu\u1ea5t x\u1ee9: Vi\u1ec7t Nam Th\u00e0nh ph\u1ea7n: &#8211; V\u1eaeT M\u00cc &#8211; B\u1ed9t m\u00ec, d\u1ea7u th\u1ef1c v\u1eadt, tinh b\u1ed9t khoai m\u00ec, tinh b\u1ed9t khoai t\u00e2y 20 g\/kg, mu\u1ed1i I-\u1ed1t, n\u01b0\u1edbc m\u1eafm, ch\u1ea5t t\u1ea1o x\u1ed1p (451i, [&hellip;]","og_url":"https:\/\/taphoaok.click\/index.php\/san-pham\/mi-omachi-suon-ham-ngu-qua-ly-70g\/","article_modified_time":"2026-03-09T14:06:02+00:00","og_image":[{"width":600,"height":600,"url":"https:\/\/taphoaok.click\/wp-content\/uploads\/2026\/03\/vn-11134207-820l4-men4b0gclpfl9e-1.webp","type":"image\/webp"}],"twitter_card":"summary_large_image","twitter_misc":{"\u01af\u1edbc t\u00ednh th\u1eddi gian \u0111\u1ecdc":"2 ph\u00fat"},"schema":{"@context":"https:\/\/schema.org","@graph":[{"@type":"WebPage","@id":"https:\/\/taphoaok.click\/index.php\/san-pham\/mi-omachi-suon-ham-ngu-qua-ly-70g\/","url":"https:\/\/taphoaok.click\/index.php\/san-pham\/mi-omachi-suon-ham-ngu-qua-ly-70g\/","name":"M\u00ec Omachi S\u01b0\u1eddn H\u1ea7m Ng\u0169 Qu\u1ea3 Ly 70G -","isPartOf":{"@id":"https:\/\/taphoaok.click\/#website"},"primaryImageOfPage":{"@id":"https:\/\/taphoaok.click\/index.php\/san-pham\/mi-omachi-suon-ham-ngu-qua-ly-70g\/#primaryimage"},"image":{"@id":"https:\/\/taphoaok.click\/index.php\/san-pham\/mi-omachi-suon-ham-ngu-qua-ly-70g\/#primaryimage"},"thumbnailUrl":"https:\/\/taphoaok.click\/wp-content\/uploads\/2026\/03\/vn-11134207-820l4-men4b0gclpfl9e-1.webp","datePublished":"2026-03-09T12:30:07+00:00","dateModified":"2026-03-09T14:06:02+00:00","breadcrumb":{"@id":"https:\/\/taphoaok.click\/index.php\/san-pham\/mi-omachi-suon-ham-ngu-qua-ly-70g\/#breadcrumb"},"inLanguage":"vi","potentialAction":[{"@type":"ReadAction","target":["https:\/\/taphoaok.click\/index.php\/san-pham\/mi-omachi-suon-ham-ngu-qua-ly-70g\/"]}]},{"@type":"ImageObject","inLanguage":"vi","@id":"https:\/\/taphoaok.click\/index.php\/san-pham\/mi-omachi-suon-ham-ngu-qua-ly-70g\/#primaryimage","url":"https:\/\/taphoaok.click\/wp-content\/uploads\/2026\/03\/vn-11134207-820l4-men4b0gclpfl9e-1.webp","contentUrl":"https:\/\/taphoaok.click\/wp-content\/uploads\/2026\/03\/vn-11134207-820l4-men4b0gclpfl9e-1.webp","width":600,"height":600},{"@type":"BreadcrumbList","@id":"https:\/\/taphoaok.click\/index.php\/san-pham\/mi-omachi-suon-ham-ngu-qua-ly-70g\/#breadcrumb","itemListElement":[{"@type":"ListItem","position":1,"name":"Trang ch\u1ee7","item":"https:\/\/taphoaok.click\/"},{"@type":"ListItem","position":2,"name":"C\u1eeda h\u00e0ng","item":"https:\/\/taphoaok.click\/index.php\/cua-hang\/"},{"@type":"ListItem","position":3,"name":"M\u00ec Omachi S\u01b0\u1eddn H\u1ea7m Ng\u0169 Qu\u1ea3 Ly 70G"}]},{"@type":"WebSite","@id":"https:\/\/taphoaok.click\/#website","url":"https:\/\/taphoaok.click\/","name":"","description":"","potentialAction":[{"@type":"SearchAction","target":{"@type":"EntryPoint","urlTemplate":"https:\/\/taphoaok.click\/?s={search_term_string}"},"query-input":{"@type":"PropertyValueSpecification","valueRequired":true,"valueName":"search_term_string"}}],"inLanguage":"vi"}]}},"jetpack_sharing_enabled":true,"_links":{"self":[{"href":"https:\/\/taphoaok.click\/index.php\/wp-json\/wp\/v2\/product\/65","targetHints":{"allow":["GET"]}}],"collection":[{"href":"https:\/\/taphoaok.click\/index.php\/wp-json\/wp\/v2\/product"}],"about":[{"href":"https:\/\/taphoaok.click\/index.php\/wp-json\/wp\/v2\/types\/product"}],"replies":[{"embeddable":true,"href":"https:\/\/taphoaok.click\/index.php\/wp-json\/wp\/v2\/comments?post=65"}],"wp:featuredmedia":[{"embeddable":true,"href":"https:\/\/taphoaok.click\/index.php\/wp-json\/wp\/v2\/media\/68"}],"wp:attachment":[{"href":"https:\/\/taphoaok.click\/index.php\/wp-json\/wp\/v2\/media?parent=65"}],"wp:term":[{"taxonomy":"product_brand","embeddable":true,"href":"https:\/\/taphoaok.click\/index.php\/wp-json\/wp\/v2\/product_brand?post=65"},{"taxonomy":"product_cat","embeddable":true,"href":"https:\/\/taphoaok.click\/index.php\/wp-json\/wp\/v2\/product_cat?post=65"},{"taxonomy":"product_tag","embeddable":true,"href":"https:\/\/taphoaok.click\/index.php\/wp-json\/wp\/v2\/product_tag?post=65"}],"curies":[{"name":"wp","href":"https:\/\/api.w.org\/{rel}","templated":true}]}}