{"id":93,"date":"2026-03-09T13:30:23","date_gmt":"2026-03-09T13:30:23","guid":{"rendered":"https:\/\/taphoaok.click\/?post_type=product&#038;p=93"},"modified":"2026-03-09T14:01:53","modified_gmt":"2026-03-09T14:01:53","slug":"ly-lau-cam-tay-omachi-vi-lau-ngheu-nam-rong-bien-tomyum-hai-san-tron-pho-mai","status":"publish","type":"product","link":"https:\/\/taphoaok.click\/index.php\/san-pham\/ly-lau-cam-tay-omachi-vi-lau-ngheu-nam-rong-bien-tomyum-hai-san-tron-pho-mai\/","title":{"rendered":"Ly L\u1ea9u C\u1ea7m Tay Omachi V\u1ecb L\u1ea9u Ngh\u00eau N\u1ea5m Rong Bi\u1ec3n\/ Tomyum H\u1ea3i S\u1ea3n \/ Tr\u1ed9n Ph\u00f4 Mai"},"content":{"rendered":"<p><img fetchpriority=\"high\" decoding=\"async\" class=\"x15mokao x1ga7v0g x16uus16 xbiv7yw x85a59c x193iq5w x4fas0m x19kjcj4\" src=\"https:\/\/scontent.fsgn15-1.fna.fbcdn.net\/v\/t39.30808-6\/487763837_967234418956032_2958803508598885011_n.jpg?_nc_cat=102&amp;ccb=1-7&amp;_nc_sid=13d280&amp;_nc_ohc=YmRhFUdtgUAQ7kNvwGIEyha&amp;_nc_oc=AdkgSc4mEuPPfm9DA0UR5nZgQIeS1ZeEa5tRWi80rG_RxNKDyiaK3ZDew3SUKlNBRwRrm2tMuEDxnKwXkYc1GkLH&amp;_nc_zt=23&amp;_nc_ht=scontent.fsgn15-1.fna&amp;_nc_gid=A-9FEOP-1rvkHzUslPfTkw&amp;_nc_ss=8&amp;oh=00_Afw21xHg4Y12eJFT-SOLKlsIDlpXV6WpCYQvhm3RdLs3Sw&amp;oe=69B48F8A\" alt=\"Kh\u00f4ng c\u00f3 m\u00f4 t\u1ea3 \u1ea3nh.\" width=\"517\" height=\"433\" data-visualcompletion=\"media-vc-image\" \/><\/p>\n<p>L\u1ea9u C\u1ea7m Tay Omachi v\u1edbi n\u01b0\u1edbc l\u1ea9u &#8220;Rich &amp; Real&#8221;, \u0111a t\u1ea7ng v\u1ecb g\u1ea7n s\u00e1t v\u1edbi m\u00f3n l\u1ea9u th\u1eadt, c\u00f9ng nhi\u1ec1u lo\u1ea1i topping dai gi\u00f2n s\u1ea7n s\u1eadt, s\u1ebd mang \u0111\u1ebfn tr\u1ea3i nghi\u1ec7m &#8220;l\u1ea9u&#8221; v\u00f4 c\u00f9ng ch\u00e2n th\u1eadt cho ng\u01b0\u1eddi th\u01b0\u1edfng th\u1ee9c. Ngo\u00e0i ra, bao b\u00ec tr\u1ebb trung, tinh t\u1ebf &amp; cao c\u1ea5p ch\u1eafc ch\u1eafn s\u1ebd t\u1ea1o n\u00ean c\u01a1n s\u1ed1t xu h\u01b0\u1edbng \u0111\u1ed1i v\u1edbi ng\u01b0\u1eddi ti\u00eau d\u00f9ng tr\u1ebb trong th\u1eddi gian t\u1edbi.<\/p>\n","protected":false},"excerpt":{"rendered":"<p>&nbsp;<\/p>\n<p>&nbsp;<\/p>\n<p>&nbsp;<\/p>\n<p>&nbsp;<\/p>\n<p>&nbsp;<\/p>\n","protected":false},"featured_media":94,"comment_status":"open","ping_status":"closed","template":"","meta":[],"product_brand":[],"product_cat":[21],"product_tag":[],"class_list":{"0":"post-93","1":"product","2":"type-product","3":"status-publish","4":"has-post-thumbnail","6":"product_cat-mi-goi","8":"first","9":"instock","10":"sale","11":"shipping-taxable","12":"purchasable","13":"product-type-simple"},"yoast_head":"<!-- This site is optimized with the Yoast SEO plugin v27.4 - https:\/\/yoast.com\/product\/yoast-seo-wordpress\/ -->\n<title>Ly L\u1ea9u C\u1ea7m Tay Omachi V\u1ecb L\u1ea9u Ngh\u00eau N\u1ea5m Rong Bi\u1ec3n\/ Tomyum H\u1ea3i S\u1ea3n \/ Tr\u1ed9n Ph\u00f4 Mai -<\/title>\n<meta name=\"robots\" content=\"index, follow, max-snippet:-1, max-image-preview:large, max-video-preview:-1\" \/>\n<link rel=\"canonical\" href=\"https:\/\/taphoaok.click\/index.php\/san-pham\/ly-lau-cam-tay-omachi-vi-lau-ngheu-nam-rong-bien-tomyum-hai-san-tron-pho-mai\/\" \/>\n<meta property=\"og:locale\" content=\"vi_VN\" \/>\n<meta property=\"og:type\" content=\"article\" \/>\n<meta property=\"og:title\" content=\"Ly L\u1ea9u C\u1ea7m Tay Omachi V\u1ecb L\u1ea9u Ngh\u00eau N\u1ea5m Rong Bi\u1ec3n\/ Tomyum H\u1ea3i S\u1ea3n \/ Tr\u1ed9n Ph\u00f4 Mai -\" \/>\n<meta property=\"og:description\" content=\"&nbsp;  &nbsp;  &nbsp;  &nbsp;  &nbsp;\" \/>\n<meta property=\"og:url\" content=\"https:\/\/taphoaok.click\/index.php\/san-pham\/ly-lau-cam-tay-omachi-vi-lau-ngheu-nam-rong-bien-tomyum-hai-san-tron-pho-mai\/\" \/>\n<meta property=\"article:modified_time\" content=\"2026-03-09T14:01:53+00:00\" \/>\n<meta property=\"og:image\" content=\"https:\/\/taphoaok.click\/wp-content\/uploads\/2026\/03\/vn-11134207-7ras8-m2y30n38kkj43a@resize_w900_nl.webp\" \/>\n\t<meta property=\"og:image:width\" content=\"900\" \/>\n\t<meta property=\"og:image:height\" content=\"900\" \/>\n\t<meta property=\"og:image:type\" content=\"image\/webp\" \/>\n<meta name=\"twitter:card\" content=\"summary_large_image\" \/>\n<meta name=\"twitter:label1\" content=\"\u01af\u1edbc t\u00ednh th\u1eddi gian \u0111\u1ecdc\" \/>\n\t<meta name=\"twitter:data1\" content=\"1 ph\u00fat\" \/>\n<script type=\"application\/ld+json\" class=\"yoast-schema-graph\">{\"@context\":\"https:\\\/\\\/schema.org\",\"@graph\":[{\"@type\":\"WebPage\",\"@id\":\"https:\\\/\\\/taphoaok.click\\\/index.php\\\/san-pham\\\/ly-lau-cam-tay-omachi-vi-lau-ngheu-nam-rong-bien-tomyum-hai-san-tron-pho-mai\\\/\",\"url\":\"https:\\\/\\\/taphoaok.click\\\/index.php\\\/san-pham\\\/ly-lau-cam-tay-omachi-vi-lau-ngheu-nam-rong-bien-tomyum-hai-san-tron-pho-mai\\\/\",\"name\":\"Ly L\u1ea9u C\u1ea7m Tay Omachi V\u1ecb L\u1ea9u Ngh\u00eau N\u1ea5m Rong Bi\u1ec3n\\\/ Tomyum H\u1ea3i S\u1ea3n \\\/ Tr\u1ed9n Ph\u00f4 Mai -\",\"isPartOf\":{\"@id\":\"https:\\\/\\\/taphoaok.click\\\/#website\"},\"primaryImageOfPage\":{\"@id\":\"https:\\\/\\\/taphoaok.click\\\/index.php\\\/san-pham\\\/ly-lau-cam-tay-omachi-vi-lau-ngheu-nam-rong-bien-tomyum-hai-san-tron-pho-mai\\\/#primaryimage\"},\"image\":{\"@id\":\"https:\\\/\\\/taphoaok.click\\\/index.php\\\/san-pham\\\/ly-lau-cam-tay-omachi-vi-lau-ngheu-nam-rong-bien-tomyum-hai-san-tron-pho-mai\\\/#primaryimage\"},\"thumbnailUrl\":\"https:\\\/\\\/taphoaok.click\\\/wp-content\\\/uploads\\\/2026\\\/03\\\/vn-11134207-7ras8-m2y30n38kkj43a@resize_w900_nl.webp\",\"datePublished\":\"2026-03-09T13:30:23+00:00\",\"dateModified\":\"2026-03-09T14:01:53+00:00\",\"breadcrumb\":{\"@id\":\"https:\\\/\\\/taphoaok.click\\\/index.php\\\/san-pham\\\/ly-lau-cam-tay-omachi-vi-lau-ngheu-nam-rong-bien-tomyum-hai-san-tron-pho-mai\\\/#breadcrumb\"},\"inLanguage\":\"vi\",\"potentialAction\":[{\"@type\":\"ReadAction\",\"target\":[\"https:\\\/\\\/taphoaok.click\\\/index.php\\\/san-pham\\\/ly-lau-cam-tay-omachi-vi-lau-ngheu-nam-rong-bien-tomyum-hai-san-tron-pho-mai\\\/\"]}]},{\"@type\":\"ImageObject\",\"inLanguage\":\"vi\",\"@id\":\"https:\\\/\\\/taphoaok.click\\\/index.php\\\/san-pham\\\/ly-lau-cam-tay-omachi-vi-lau-ngheu-nam-rong-bien-tomyum-hai-san-tron-pho-mai\\\/#primaryimage\",\"url\":\"https:\\\/\\\/taphoaok.click\\\/wp-content\\\/uploads\\\/2026\\\/03\\\/vn-11134207-7ras8-m2y30n38kkj43a@resize_w900_nl.webp\",\"contentUrl\":\"https:\\\/\\\/taphoaok.click\\\/wp-content\\\/uploads\\\/2026\\\/03\\\/vn-11134207-7ras8-m2y30n38kkj43a@resize_w900_nl.webp\",\"width\":900,\"height\":900},{\"@type\":\"BreadcrumbList\",\"@id\":\"https:\\\/\\\/taphoaok.click\\\/index.php\\\/san-pham\\\/ly-lau-cam-tay-omachi-vi-lau-ngheu-nam-rong-bien-tomyum-hai-san-tron-pho-mai\\\/#breadcrumb\",\"itemListElement\":[{\"@type\":\"ListItem\",\"position\":1,\"name\":\"Trang ch\u1ee7\",\"item\":\"https:\\\/\\\/taphoaok.click\\\/\"},{\"@type\":\"ListItem\",\"position\":2,\"name\":\"C\u1eeda h\u00e0ng\",\"item\":\"https:\\\/\\\/taphoaok.click\\\/index.php\\\/cua-hang\\\/\"},{\"@type\":\"ListItem\",\"position\":3,\"name\":\"Ly L\u1ea9u C\u1ea7m Tay Omachi V\u1ecb L\u1ea9u Ngh\u00eau N\u1ea5m Rong Bi\u1ec3n\\\/ Tomyum H\u1ea3i S\u1ea3n \\\/ Tr\u1ed9n Ph\u00f4 Mai\"}]},{\"@type\":\"WebSite\",\"@id\":\"https:\\\/\\\/taphoaok.click\\\/#website\",\"url\":\"https:\\\/\\\/taphoaok.click\\\/\",\"name\":\"\",\"description\":\"\",\"potentialAction\":[{\"@type\":\"SearchAction\",\"target\":{\"@type\":\"EntryPoint\",\"urlTemplate\":\"https:\\\/\\\/taphoaok.click\\\/?s={search_term_string}\"},\"query-input\":{\"@type\":\"PropertyValueSpecification\",\"valueRequired\":true,\"valueName\":\"search_term_string\"}}],\"inLanguage\":\"vi\"}]}<\/script>\n<!-- \/ Yoast SEO plugin. -->","yoast_head_json":{"title":"Ly L\u1ea9u C\u1ea7m Tay Omachi V\u1ecb L\u1ea9u Ngh\u00eau N\u1ea5m Rong Bi\u1ec3n\/ Tomyum H\u1ea3i S\u1ea3n \/ Tr\u1ed9n Ph\u00f4 Mai -","robots":{"index":"index","follow":"follow","max-snippet":"max-snippet:-1","max-image-preview":"max-image-preview:large","max-video-preview":"max-video-preview:-1"},"canonical":"https:\/\/taphoaok.click\/index.php\/san-pham\/ly-lau-cam-tay-omachi-vi-lau-ngheu-nam-rong-bien-tomyum-hai-san-tron-pho-mai\/","og_locale":"vi_VN","og_type":"article","og_title":"Ly L\u1ea9u C\u1ea7m Tay Omachi V\u1ecb L\u1ea9u Ngh\u00eau N\u1ea5m Rong Bi\u1ec3n\/ Tomyum H\u1ea3i S\u1ea3n \/ Tr\u1ed9n Ph\u00f4 Mai -","og_description":"&nbsp;  &nbsp;  &nbsp;  &nbsp;  &nbsp;","og_url":"https:\/\/taphoaok.click\/index.php\/san-pham\/ly-lau-cam-tay-omachi-vi-lau-ngheu-nam-rong-bien-tomyum-hai-san-tron-pho-mai\/","article_modified_time":"2026-03-09T14:01:53+00:00","og_image":[{"width":900,"height":900,"url":"https:\/\/taphoaok.click\/wp-content\/uploads\/2026\/03\/vn-11134207-7ras8-m2y30n38kkj43a@resize_w900_nl.webp","type":"image\/webp"}],"twitter_card":"summary_large_image","twitter_misc":{"\u01af\u1edbc t\u00ednh th\u1eddi gian \u0111\u1ecdc":"1 ph\u00fat"},"schema":{"@context":"https:\/\/schema.org","@graph":[{"@type":"WebPage","@id":"https:\/\/taphoaok.click\/index.php\/san-pham\/ly-lau-cam-tay-omachi-vi-lau-ngheu-nam-rong-bien-tomyum-hai-san-tron-pho-mai\/","url":"https:\/\/taphoaok.click\/index.php\/san-pham\/ly-lau-cam-tay-omachi-vi-lau-ngheu-nam-rong-bien-tomyum-hai-san-tron-pho-mai\/","name":"Ly L\u1ea9u C\u1ea7m Tay Omachi V\u1ecb L\u1ea9u Ngh\u00eau N\u1ea5m Rong Bi\u1ec3n\/ Tomyum H\u1ea3i S\u1ea3n \/ Tr\u1ed9n Ph\u00f4 Mai -","isPartOf":{"@id":"https:\/\/taphoaok.click\/#website"},"primaryImageOfPage":{"@id":"https:\/\/taphoaok.click\/index.php\/san-pham\/ly-lau-cam-tay-omachi-vi-lau-ngheu-nam-rong-bien-tomyum-hai-san-tron-pho-mai\/#primaryimage"},"image":{"@id":"https:\/\/taphoaok.click\/index.php\/san-pham\/ly-lau-cam-tay-omachi-vi-lau-ngheu-nam-rong-bien-tomyum-hai-san-tron-pho-mai\/#primaryimage"},"thumbnailUrl":"https:\/\/taphoaok.click\/wp-content\/uploads\/2026\/03\/vn-11134207-7ras8-m2y30n38kkj43a@resize_w900_nl.webp","datePublished":"2026-03-09T13:30:23+00:00","dateModified":"2026-03-09T14:01:53+00:00","breadcrumb":{"@id":"https:\/\/taphoaok.click\/index.php\/san-pham\/ly-lau-cam-tay-omachi-vi-lau-ngheu-nam-rong-bien-tomyum-hai-san-tron-pho-mai\/#breadcrumb"},"inLanguage":"vi","potentialAction":[{"@type":"ReadAction","target":["https:\/\/taphoaok.click\/index.php\/san-pham\/ly-lau-cam-tay-omachi-vi-lau-ngheu-nam-rong-bien-tomyum-hai-san-tron-pho-mai\/"]}]},{"@type":"ImageObject","inLanguage":"vi","@id":"https:\/\/taphoaok.click\/index.php\/san-pham\/ly-lau-cam-tay-omachi-vi-lau-ngheu-nam-rong-bien-tomyum-hai-san-tron-pho-mai\/#primaryimage","url":"https:\/\/taphoaok.click\/wp-content\/uploads\/2026\/03\/vn-11134207-7ras8-m2y30n38kkj43a@resize_w900_nl.webp","contentUrl":"https:\/\/taphoaok.click\/wp-content\/uploads\/2026\/03\/vn-11134207-7ras8-m2y30n38kkj43a@resize_w900_nl.webp","width":900,"height":900},{"@type":"BreadcrumbList","@id":"https:\/\/taphoaok.click\/index.php\/san-pham\/ly-lau-cam-tay-omachi-vi-lau-ngheu-nam-rong-bien-tomyum-hai-san-tron-pho-mai\/#breadcrumb","itemListElement":[{"@type":"ListItem","position":1,"name":"Trang ch\u1ee7","item":"https:\/\/taphoaok.click\/"},{"@type":"ListItem","position":2,"name":"C\u1eeda h\u00e0ng","item":"https:\/\/taphoaok.click\/index.php\/cua-hang\/"},{"@type":"ListItem","position":3,"name":"Ly L\u1ea9u C\u1ea7m Tay Omachi V\u1ecb L\u1ea9u Ngh\u00eau N\u1ea5m Rong Bi\u1ec3n\/ Tomyum H\u1ea3i S\u1ea3n \/ Tr\u1ed9n Ph\u00f4 Mai"}]},{"@type":"WebSite","@id":"https:\/\/taphoaok.click\/#website","url":"https:\/\/taphoaok.click\/","name":"","description":"","potentialAction":[{"@type":"SearchAction","target":{"@type":"EntryPoint","urlTemplate":"https:\/\/taphoaok.click\/?s={search_term_string}"},"query-input":{"@type":"PropertyValueSpecification","valueRequired":true,"valueName":"search_term_string"}}],"inLanguage":"vi"}]}},"jetpack_sharing_enabled":true,"_links":{"self":[{"href":"https:\/\/taphoaok.click\/index.php\/wp-json\/wp\/v2\/product\/93","targetHints":{"allow":["GET"]}}],"collection":[{"href":"https:\/\/taphoaok.click\/index.php\/wp-json\/wp\/v2\/product"}],"about":[{"href":"https:\/\/taphoaok.click\/index.php\/wp-json\/wp\/v2\/types\/product"}],"replies":[{"embeddable":true,"href":"https:\/\/taphoaok.click\/index.php\/wp-json\/wp\/v2\/comments?post=93"}],"wp:featuredmedia":[{"embeddable":true,"href":"https:\/\/taphoaok.click\/index.php\/wp-json\/wp\/v2\/media\/94"}],"wp:attachment":[{"href":"https:\/\/taphoaok.click\/index.php\/wp-json\/wp\/v2\/media?parent=93"}],"wp:term":[{"taxonomy":"product_brand","embeddable":true,"href":"https:\/\/taphoaok.click\/index.php\/wp-json\/wp\/v2\/product_brand?post=93"},{"taxonomy":"product_cat","embeddable":true,"href":"https:\/\/taphoaok.click\/index.php\/wp-json\/wp\/v2\/product_cat?post=93"},{"taxonomy":"product_tag","embeddable":true,"href":"https:\/\/taphoaok.click\/index.php\/wp-json\/wp\/v2\/product_tag?post=93"}],"curies":[{"name":"wp","href":"https:\/\/api.w.org\/{rel}","templated":true}]}}